{"id":28632,"date":"2023-01-24T14:15:06","date_gmt":"2023-01-24T12:15:06","guid":{"rendered":"https:\/\/belong.ee\/belong-datenschutzhinweis\/"},"modified":"2026-01-07T17:21:27","modified_gmt":"2026-01-07T15:21:27","slug":"belong-datenschutzhinweis","status":"publish","type":"page","link":"https:\/\/belong.ee\/de\/belong-datenschutzhinweis\/","title":{"rendered":"Belong Datenschutzhinweis"},"content":{"rendered":"<p>[et_pb_section fb_built=&#8220;1&#8243; _builder_version=&#8220;4.16&#8243; global_colors_info=&#8220;{}&#8220;][et_pb_row _builder_version=&#8220;4.16&#8243; background_size=&#8220;initial&#8220; background_position=&#8220;top_left&#8220; background_repeat=&#8220;repeat&#8220; global_colors_info=&#8220;{}&#8220;][et_pb_column type=&#8220;4_4&#8243; _builder_version=&#8220;4.16&#8243; custom_padding=&#8220;|||&#8220; global_colors_info=&#8220;{}&#8220; custom_padding__hover=&#8220;|||&#8220;][et_pb_text _builder_version=&#8220;4.27.4&#8243; _module_preset=&#8220;b5629d61-8761-48a4-843a-08bad35c28b0&#8243; locked=&#8220;off&#8220; global_colors_info=&#8220;{}&#8220;]<\/p>\n<h1 style=\"text-align: center;\">Hinweis zum Datenschutz<\/h1>\n<p>[\/et_pb_text][et_pb_text _builder_version=&#8220;4.27.4&#8243; background_size=&#8220;initial&#8220; background_position=&#8220;top_left&#8220; background_repeat=&#8220;repeat&#8220; hover_enabled=&#8220;0&#8243; global_colors_info=&#8220;{}&#8220; sticky_enabled=&#8220;0&#8243;]<\/p>\n<p><!-- divi:paragraph -->Wenn Sie die Dienste von Belong (auch als wir und uns bezeichnet) nutzen, vertrauen Sie uns Ihre pers\u00f6nlichen Daten an. Wir nehmen den Schutz Ihrer pers\u00f6nlichen Daten ernst und werden sie nur in dem Umfang von Ihnen erheben, der f\u00fcr die Nutzung unserer Dienste erforderlich ist. Wir verarbeiten personenbezogene Daten in \u00dcbereinstimmung mit der EU-Datenschutzgrundverordnung (GDPR, EU 2016\/679), den Anweisungen der estnischen Datenschutzaufsichtsbeh\u00f6rde und den Gesetzen der Republik Estland. Belong verarbeitet keine besonderen Kategorien personenbezogener Daten, wie sie in der GDPR definiert sind.   <\/p>\n<p><!-- \/divi:paragraph --><\/p>\n<p><!-- divi:paragraph -->In dieser Datenschutzerkl\u00e4rung erkl\u00e4ren wir, warum und wie wir personenbezogene Daten sammeln und verarbeiten.<\/p>\n<p><!-- \/divi:paragraph --><\/p>\n<p><!-- divi:paragraph --><strong>Datenkontrolleur<\/strong><\/p>\n<p><!-- \/divi:paragraph --><\/p>\n<p><!-- divi:paragraph -->Belong O\u00dc<br \/>Reg. Nr.: 17031513 <br \/><!-- divi:paragraph -->E-Mail: info@belong-events.com<\/p>\n<p><!-- \/divi:paragraph --><\/p>\n<p><!-- \/divi:paragraph --><\/p>\n<p><!-- \/divi:paragraph --><\/p>\n<p><!-- divi:heading --><\/p>\n<h2 class=\"wp-block-heading\">Welche pers\u00f6nlichen Daten sammeln wir?<\/h2>\n<p><!-- \/divi:heading --><\/p>\n<p><!-- divi:paragraph -->Wir sammeln personenbezogene Daten, um Ihnen unsere Dienste auf die folgenden zwei Arten zur Verf\u00fcgung zu stellen:<\/p>\n<p><!-- \/divi:paragraph --><\/p>\n<p><!-- divi:paragraph --><strong>1 Daten, die Sie uns selbst zur Verf\u00fcgung stellen<\/strong><\/p>\n<p><!-- \/divi:paragraph --><\/p>\n<p><!-- divi:paragraph -->Wenn Sie den Belong Service nutzen, stellen Sie uns verschiedene Arten von pers\u00f6nlichen Daten zur Verf\u00fcgung: z.B. Ihre E-Mail-Adresse, Ihre Telefonnummer, Ihren Kontaktnamen, Ihren Firmennamen, Ihre Rechnungsdaten usw.<\/p>\n<p><!-- \/divi:paragraph --><\/p>\n<p><!-- divi:paragraph --><strong>2 Daten, die wir von Ihnen aufgrund Ihrer Nutzung unserer Dienste erhalten<\/strong><\/p>\n<p><!-- \/divi:paragraph --><\/p>\n<p><!-- divi:paragraph -->Dar\u00fcber hinaus sammeln wir Informationen dar\u00fcber, welche unserer Dienste Sie nutzen und wie Sie sie nutzen. Wenn Sie beispielsweise unsere Website besuchen, zeichnen wir Informationen dar\u00fcber auf. Wir erfassen die folgenden Informationen \u00fcber Ihre Nutzung unserer Dienste: <\/p>\n<p><!-- \/divi:paragraph --><\/p>\n<p><!-- divi:list --><\/p>\n<ul class=\"wp-block-list\">\n<ul class=\"wp-block-list\"><!-- divi:list-item --><\/ul>\n<\/ul>\n<ul>\n<li>Besuchsadresse der Website, IP-Adresse, Uhrzeit, Browserinformationen usw.<\/li>\n<li><!-- \/divi:list-item -->Eingeloggte Benutzeraktivit\u00e4ten auf der Plattform<!-- divi:list-item --><\/li>\n<\/ul>\n<p><!-- \/divi:list-item --><\/p>\n<p><!-- \/divi:list --><\/p>\n<p><!-- divi:heading --><\/p>\n<h2 class=\"wp-block-heading\">Warum sammeln und verarbeiten wir personenbezogene Daten?<\/h2>\n<p><!-- \/divi:heading --><\/p>\n<p><!-- divi:paragraph -->Die Verarbeitung Ihrer pers\u00f6nlichen Daten ist f\u00fcr die Nutzung unserer Dienste erforderlich, da es ohne Ihre pers\u00f6nlichen Daten nicht m\u00f6glich ist, Ihnen den von Ihnen angeforderten Dienst zur Verf\u00fcgung zu stellen und die mit dem Dienst verbundenen Verpflichtungen zu erf\u00fcllen. Wir verwenden die gesammelten Daten, um unsere Dienste bereitzustellen, zu verwalten, zu verbessern und neue Dienste zu entwickeln. <\/p>\n<p><!-- \/divi:paragraph --><\/p>\n<p><!-- divi:paragraph -->Wir sammeln und verarbeiten personenbezogene Daten f\u00fcr die folgenden Zwecke und auf den folgenden Rechtsgrundlagen:<\/p>\n<ul>\n<li>Um eine Dienstleistung f\u00fcr Belong zu erbringen, um eine vertragliche Verpflichtung mit Ihnen zu erf\u00fcllen;<\/li>\n<li>Um Ihnen den Newsletter von Belong zuzusenden, bitten wir Sie um Ihre Zustimmung, die Sie jederzeit \u00fcber den Link &#8222;Aus dem Newsletter entfernen&#8220; am Ende des Newsletters widerrufen k\u00f6nnen.<\/li>\n<\/ul>\n<p><!-- \/divi:paragraph --><\/p>\n<p><!-- divi:list --><\/p>\n<ul>\n<ul><!-- divi:list-item --><\/ul>\n<\/ul>\n<p><!-- \/divi:list-item --><\/p>\n<p><!-- divi:list-item --><\/p>\n<p><!-- \/divi:list-item --><\/p>\n<p><!-- \/divi:list --><\/p>\n<p><!-- divi:paragraph -->Wir werden Ihre pers\u00f6nlichen Daten nicht f\u00fcr andere Zwecke als die in dieser Datenschutzerkl\u00e4rung dargelegten verwenden.<\/p>\n<p><!-- \/divi:paragraph --><\/p>\n<p><!-- divi:heading --><\/p>\n<h2>An wen werden die Daten \u00fcbermittelt?<\/h2>\n<p><!-- \/divi:heading --><\/p>\n<p><!-- divi:paragraph -->Wir behandeln die von uns verarbeiteten personenbezogenen Daten vertraulich und geben sie nur in dem Umfang an andere Personen oder Unternehmen (oder Empf\u00e4nger) weiter, der f\u00fcr die Erbringung der Dienstleistung erforderlich ist.<\/p>\n<p><!-- \/divi:paragraph --><\/p>\n<p><!-- divi:paragraph -->Wir geben keine pers\u00f6nlichen Daten an Unternehmen, Organisationen und Einzelpersonen au\u00dferhalb unseres Unternehmens weiter, au\u00dfer unter den folgenden Umst\u00e4nden:<\/p>\n<p><!-- \/divi:paragraph --><\/p>\n<p><!-- divi:list --><\/p>\n<ul>\n<ul><!-- divi:list-item --><\/ul>\n<li>Wenn wir f\u00fcr die Erbringung bestimmter Dienstleistungen externe Dienstleister in Anspruch nehmen, wie z.B. Anbieter von Unterk\u00fcnften, Anbieter von Kundenverwaltungssoftware, Marketing-Dienstleister und IT-Support-Dienstleister, k\u00f6nnen diese externen Dienstleister bei der Erbringung dieser Dienstleistungen Zugang zu Ihren personenbezogenen Daten haben und\/oder diese verarbeiten. Wir verlangen von diesen externen Dienstleistern, dass sie Sicherheitsma\u00dfnahmen einf\u00fchren und aufrechterhalten, um die Integrit\u00e4t und Sicherheit Ihrer pers\u00f6nlichen Daten zu gew\u00e4hrleisten. <!-- \/divi:list-item --><!-- divi:list-item --><\/li>\n<li>Ohne die Zustimmung der betroffenen Person k\u00f6nnen personenbezogene Daten an eine Beh\u00f6rde oder eine Person \u00fcbermittelt werden, die gem\u00e4\u00df den Datenschutzgesetzen einen direkten Rechtsanspruch darauf hat.<\/li>\n<li>Im Falle einer Fusion oder \u00dcbernahme, an der Belong beteiligt ist, k\u00f6nnen personenbezogene Daten an Dritte \u00fcbertragen werden, die mit der Fusion oder \u00dcbernahme in Verbindung stehen.<!-- divi:list-item --><!-- \/divi:list-item --><\/li>\n<\/ul>\n<p><!-- \/divi:list-item --><\/p>\n<p><!-- \/divi:list --><\/p>\n<p><!-- divi:heading --><\/p>\n<h2 class=\"wp-block-heading\">\u00dcbertragungen von personenbezogenen Daten au\u00dferhalb der Europ\u00e4ischen Union und des EWR<\/h2>\n<p><!-- \/divi:heading --><\/p>\n<p><!-- divi:paragraph -->Wir verarbeiten Kundendaten innerhalb der Europ\u00e4ischen Union\/des Europ\u00e4ischen Wirtschaftsraums.<br \/>Wenn Belong personenbezogene Daten au\u00dferhalb der Europ\u00e4ischen Union\/des Europ\u00e4ischen Wirtschaftsraums verarbeiten muss, werden wir dies nur tun, wenn es daf\u00fcr eine rechtliche Grundlage gibt, z.B. um einer gesetzlichen Verpflichtung nachzukommen oder mit der Zustimmung des Kunden. Au\u00dferdem werden wir angemessene Sicherheitsvorkehrungen treffen: <\/p>\n<p><!-- \/divi:paragraph --><\/p>\n<p><!-- divi:list --><\/p>\n<ul class=\"wp-block-list\">\n<ul class=\"wp-block-list\"><!-- divi:list-item --><\/ul>\n<\/ul>\n<ul>\n<li>es gibt einen Standard-Datenschutzvertrag,<\/li>\n<li>der Empf\u00e4nger \u00fcber anerkannte Verfahrensregeln, Zertifikate usw. verf\u00fcgt;<\/li>\n<li><!-- \/divi:list-item -->in dem Land, in dem sich der Empf\u00e4nger befindet, ein angemessenes Datenschutzniveau gem\u00e4\u00df der Entscheidung der Europ\u00e4ischen Kommission besteht;<\/li>\n<li><!-- \/divi:list-item -->der Empf\u00e4nger ist gem\u00e4\u00df dem US-EU-Datenschutzabkommen zertifiziert.<!-- divi:list-item --><!-- divi:list-item --><!-- \/divi:list-item --><!-- divi:list-item --><\/li>\n<\/ul>\n<p><!-- \/divi:list-item --><\/p>\n<p><!-- \/divi:list --><\/p>\n<p><!-- divi:heading --><\/p>\n<h2 class=\"wp-block-heading\">Datensicherheit<\/h2>\n<p><!-- \/divi:heading --><\/p>\n<p><!-- divi:paragraph -->Wir setzen angemessene organisatorische und technische Ma\u00dfnahmen ein, um Ihre Daten vor unbefugtem Zugriff, Ver\u00e4nderung, Weitergabe oder Verletzung zu sch\u00fctzen.<\/p>\n<p><!-- \/divi:paragraph --><\/p>\n<p><!-- divi:paragraph -->Zur Gew\u00e4hrleistung der Datensicherheit:<\/p>\n<p><!-- \/divi:paragraph --><\/p>\n<p><!-- divi:list {\"ordered\":true} --><\/p>\n<ol>\n<ol><!-- divi:list-item --><\/ol>\n<\/ol>\n<ul>\n<li>Wir behandeln alle pers\u00f6nlichen Daten vertraulich. Unsere Mitarbeiter haben eine Vertraulichkeitserkl\u00e4rung unterzeichnet und sind entsprechend geschult worden. <\/li>\n<li>Wir verschl\u00fcsseln die Dienste nach M\u00f6glichkeit mit SSL oder anderen Methoden mit einem \u00e4hnlichen Sicherheitsniveau.<\/li>\n<li>Wir beschr\u00e4nken den Zugriff auf personenbezogene Daten, indem wir nur denjenigen Mitarbeitern und Auftragnehmern Zugang gew\u00e4hren, die die Informationen zur Verarbeitung ben\u00f6tigen, die strengen vertraglichen Vertraulichkeitsverpflichtungen unterliegen und die sanktioniert oder gek\u00fcndigt werden k\u00f6nnen, wenn sie diesen Verpflichtungen nicht nachkommen.<\/li>\n<li>Wir bewahren personenbezogene Daten in digitaler Form und nicht auf Papier auf, um eine schnellere und sicherere Zugriffskontrolle zu gew\u00e4hrleisten.<\/li>\n<li>Der Speicher f\u00fcr personenbezogene Daten ist durch die notwendigen IT-technischen und organisatorischen Sicherheitsvorkehrungen gesch\u00fctzt. Es gibt Informationssicherheitsstandards und entsprechende Vertr\u00e4ge mit Dienstleistern. <!-- \/divi:list-item --><!-- divi:list-item --><\/li>\n<\/ul>\n<p><!-- \/divi:list-item --><\/p>\n<p><!-- \/divi:list --><\/p>\n<p><!-- divi:heading --><\/p>\n<h2 class=\"wp-block-heading\">Welche Rechte haben Sie und wie k\u00f6nnen Sie Ihre Rechte wahrnehmen?  <\/h2>\n<p><!-- \/divi:heading --><\/p>\n<p><!-- divi:paragraph -->In \u00dcbereinstimmung mit der Allgemeinen Datenschutzverordnung haben Sie das Recht auf:<\/p>\n<ul>\n<li>Zugang zu Ihren pers\u00f6nlichen Daten, d.h. Sie k\u00f6nnen uns fragen, welche Daten wir \u00fcber Sie verarbeiten und einen Auszug dieser Daten erhalten;<\/li>\n<li>verbessern Sie Ihre Daten;<\/li>\n<li>die L\u00f6schung Ihrer Daten zu verlangen. Wenn wir Ihre Daten verarbeiten, um einer gesetzlichen Verpflichtung nachzukommen, k\u00f6nnen wir sie nicht vor Ablauf der gesetzlichen Frist l\u00f6schen; <\/li>\n<li>die Einschr\u00e4nkung der Verarbeitung Ihrer pers\u00f6nlichen Daten zu verlangen;<\/li>\n<li>die \u00dcbermittlung Ihrer personenbezogenen Daten an einen anderen f\u00fcr die Verarbeitung Verantwortlichen zu verlangen, sofern dies technisch m\u00f6glich ist;<\/li>\n<li>die Zustimmung zur Verarbeitung personenbezogener Daten jederzeit widerrufen. Um Ihre Zustimmung zu widerrufen, verwenden Sie entweder den <em>Abmeldelink<\/em> oder schreiben Sie uns an die in der Rubrik Kontakt angegebene E-Mail-Adresse. <\/li>\n<\/ul>\n<p><!-- \/divi:paragraph --><\/p>\n<p><!-- divi:list --><\/p>\n<ul class=\"wp-block-list\">\n<ul class=\"wp-block-list\"><!-- divi:list-item --><\/ul>\n<\/ul>\n<p><!-- \/divi:list-item --><\/p>\n<p><!-- divi:list-item --><\/p>\n<p><!-- \/divi:list-item --><\/p>\n<p><!-- divi:list-item --><\/p>\n<p><!-- \/divi:list-item --><\/p>\n<p><!-- divi:list-item --><\/p>\n<p><!-- \/divi:list-item --><\/p>\n<p><!-- divi:list-item --><\/p>\n<p><!-- \/divi:list-item --><\/p>\n<p><!-- divi:list-item --><\/p>\n<p><!-- \/divi:list-item --><\/p>\n<p><!-- \/divi:list --><\/p>\n<p><!-- divi:paragraph -->Wir erstellen keine Profile von Ihnen auf der Grundlage personenbezogener Daten und treffen keine automatisierten Entscheidungen.<\/p>\n<p><!-- \/divi:paragraph --><\/p>\n<p><!-- divi:paragraph -->Wir sind gesetzlich verpflichtet, daf\u00fcr zu sorgen, dass personenbezogene Daten nur die Personen erreichen, \u00fcber die sie erhoben werden. Wir m\u00fcssen Sie eindeutig identifizieren k\u00f6nnen. Um Ihre Rechte auszu\u00fcben und Ihre Anfrage einzureichen, kontaktieren Sie uns bitte wie im Abschnitt (&#8222;Kontakt&#8220;) beschrieben.  <\/p>\n<p><!-- \/divi:paragraph --><\/p>\n<p><!-- divi:paragraph -->Bitte beachten Sie, dass Sie die L\u00f6schung Ihrer personenbezogenen Daten, die Einschr\u00e4nkung der Verarbeitung usw. nur dann verlangen k\u00f6nnen, wenn wir Ihre Daten nicht zur Erf\u00fcllung einer gesetzlichen vertraglichen Verpflichtung verarbeiten.<\/p>\n<p><!-- \/divi:paragraph --><\/p>\n<p><!-- divi:paragraph -->Wenn Sie die Einschr\u00e4nkung, Aussetzung oder L\u00f6schung der Verarbeitung Ihrer personenbezogenen Daten verlangen, kann dies zu einer teilweisen oder vollst\u00e4ndigen Aussetzung der Dienstleistungen f\u00fchren, die wir f\u00fcr Sie erbringen.<\/p>\n<p><!-- \/divi:paragraph --><\/p>\n<p><!-- divi:paragraph -->Im Falle einer Beschwerde haben Sie das Recht, eine Beschwerde bei der zust\u00e4ndigen Datenschutzbeh\u00f6rde einzureichen.<\/p>\n<p><!-- \/divi:paragraph --><\/p>\n<p><!-- divi:heading --><\/p>\n<h2 class=\"wp-block-heading\"><strong>Wie lange bewahren wir Ihre pers\u00f6nlichen Daten auf?<\/strong><\/h2>\n<p><!-- \/divi:heading --><\/p>\n<p><!-- divi:paragraph -->Ihre pers\u00f6nlichen Daten werden so lange aufbewahrt, wie es notwendig ist, um Ihnen die von Ihnen angeforderten Dienstleistungen zu erbringen. Wenn die personenbezogenen Daten 5 aufeinanderfolgende Jahre lang nicht verwendet wurden, l\u00f6schen wir Ihre personenbezogenen Daten oder anonymisieren sie, es sei denn, es gelten gesetzliche Aufbewahrungspflichten. <\/p>\n<p><!-- \/divi:paragraph --><\/p>\n<p><!-- divi:paragraph -->Die in anonymisierter Form erfassten Daten werden auf unbestimmte Zeit aufbewahrt.<\/p>\n<p><!-- \/divi:paragraph --><\/p>\n<p><!-- divi:heading --><\/p>\n<h2 class=\"wp-block-heading\"><strong>Cookies<\/strong><\/h2>\n<p><!-- \/divi:heading --><\/p>\n<p><!-- divi:paragraph -->Die folgenden Cookies werden auf unserer Website verwendet:<\/p>\n<p><!-- \/divi:paragraph --><\/p>\n<p><!-- divi:table {\"hasFixedLayout\":false} --><\/p>\n<figure class=\"wp-block-table\">\n<table>\n<tbody>\n<tr>\n<td>Cookie<\/td>\n<td>Domain<\/td>\n<td>Beschreibung<\/td>\n<td>Dauer<\/td>\n<td>Typ<\/td>\n<\/tr>\n<tr>\n<td><\/td>\n<td>bigin.zoho.eu<\/td>\n<td>Keine Beschreibung<\/td>\n<td>Sitzung<\/td>\n<td>Andere<\/td>\n<\/tr>\n<tr>\n<td>_ga_*<\/td>\n<td>.belong-events.com<\/td>\n<td>Google Analytics setzt dieses Cookie, um Seitenaufrufe zu speichern und zu z\u00e4hlen.<\/td>\n<td>1 Jahr 1 Monat 4 Tage<\/td>\n<td>Analytics<\/td>\n<\/tr>\n<tr>\n<td>_ga<\/td>\n<td>.belong-events.com<\/td>\n<td>Google Analytics setzt dieses Cookie, um Besucher-, Sitzungs- und Kampagnendaten zu berechnen und die Nutzung der Website f\u00fcr den Analysebericht der Website zu verfolgen. Das Cookie speichert Informationen anonym und weist eine zuf\u00e4llig generierte Nummer zu, um eindeutige Besucher zu erkennen. <\/td>\n<td>1 Jahr 1 Monat 4 Tage<\/td>\n<td>Analytik<\/td>\n<\/tr>\n<tr>\n<td>crmcsr<\/td>\n<td>bigin.zoho.eu<\/td>\n<td>Keine Beschreibung verf\u00fcgbar.<\/td>\n<td>Sitzung<\/td>\n<td>Andere<\/td>\n<\/tr>\n<tr>\n<td>8ca67a8fd9<\/td>\n<td>bigin.zoho.eu<\/td>\n<td>Keine Beschreibung<\/td>\n<td>Sitzung<\/td>\n<td>Andere<\/td>\n<\/tr>\n<tr>\n<td>40c0b66dfe<\/td>\n<td>bigin.zoho.eu<\/td>\n<td>Keine Beschreibung<\/td>\n<td>Sitzung<\/td>\n<td>Andere<\/td>\n<\/tr>\n<tr>\n<td>_zcsr_tmp<\/td>\n<td>bigin.zoho.eu<\/td>\n<td>Zoho setzt dieses Cookie f\u00fcr die Anmeldefunktion auf der Website.<\/td>\n<td>Sitzung<\/td>\n<td>Funktional<\/td>\n<\/tr>\n<\/tbody>\n<\/table>\n<\/figure>\n<p><!-- \/divi:table --><\/p>\n<p><!-- divi:heading --><\/p>\n<h2 class=\"wp-block-heading\"><strong>\u00c4nderungen des Datenschutzhinweises<\/strong><\/h2>\n<p><!-- \/divi:heading --><\/p>\n<p><!-- divi:paragraph -->Indem Sie die Dienste von Belong nutzen, haben Sie diese Bedingungen und Konditionen gelesen. Unsere Datenschutzbestimmungen k\u00f6nnen sich von Zeit zu Zeit \u00e4ndern. Der auf dieser Seite ver\u00f6ffentlichte Datenschutzhinweis ist immer die aktuellste Version.  <\/p>\n<p><!-- \/divi:paragraph --><\/p>\n<p><!-- divi:heading --><\/p>\n<h2 class=\"wp-block-heading\"><strong>Kontaktieren Sie uns<\/strong><\/h2>\n<p><!-- \/divi:heading --><\/p>\n<p><!-- divi:paragraph -->Wenn Sie Fragen zu unserer Verarbeitung personenbezogener Daten haben, die nicht in dieser Datenschutzerkl\u00e4rung aufgef\u00fchrt sind, kontaktieren Sie uns bitte:<\/p>\n<p><!-- \/divi:paragraph --><\/p>\n<p><!-- divi:paragraph --><a href=\"mailto:info@belong-events.com\">info@belong-events.com<\/a><\/p>\n<p><!-- \/divi:paragraph --><\/p>\n<p><!-- divi:paragraph -->Letzte \u00c4nderung: 4 Dec 2025 <\/p>\n<p><!-- \/divi:paragraph --><\/p>\n<p><!-- divi:paragraph --><\/p>\n<p><!-- \/divi:paragraph --><\/p>\n<p>[\/et_pb_text][\/et_pb_column][\/et_pb_row][\/et_pb_section]<\/p>\n","protected":false},"excerpt":{"rendered":"<p>Hinweis zum DatenschutzWenn Sie die Dienste von Belong (auch als wir und uns bezeichnet) nutzen, vertrauen Sie uns Ihre pers\u00f6nlichen Daten an. Wir nehmen den Schutz Ihrer pers\u00f6nlichen Daten ernst und werden sie nur in dem Umfang von Ihnen erheben, der f\u00fcr die Nutzung unserer Dienste erforderlich ist. Wir verarbeiten personenbezogene Daten in \u00dcbereinstimmung mit [&hellip;]<\/p>\n","protected":false},"author":4,"featured_media":28633,"parent":0,"menu_order":0,"comment_status":"closed","ping_status":"closed","template":"","meta":{"_et_pb_use_builder":"on","_et_pb_old_content":"","_et_gb_content_width":"","footnotes":""},"class_list":["post-28632","page","type-page","status-publish","has-post-thumbnail","hentry"],"_links":{"self":[{"href":"https:\/\/belong.ee\/de\/wp-json\/wp\/v2\/pages\/28632","targetHints":{"allow":["GET"]}}],"collection":[{"href":"https:\/\/belong.ee\/de\/wp-json\/wp\/v2\/pages"}],"about":[{"href":"https:\/\/belong.ee\/de\/wp-json\/wp\/v2\/types\/page"}],"author":[{"embeddable":true,"href":"https:\/\/belong.ee\/de\/wp-json\/wp\/v2\/users\/4"}],"replies":[{"embeddable":true,"href":"https:\/\/belong.ee\/de\/wp-json\/wp\/v2\/comments?post=28632"}],"version-history":[{"count":2,"href":"https:\/\/belong.ee\/de\/wp-json\/wp\/v2\/pages\/28632\/revisions"}],"predecessor-version":[{"id":28635,"href":"https:\/\/belong.ee\/de\/wp-json\/wp\/v2\/pages\/28632\/revisions\/28635"}],"wp:featuredmedia":[{"embeddable":true,"href":"https:\/\/belong.ee\/de\/wp-json\/wp\/v2\/media\/28633"}],"wp:attachment":[{"href":"https:\/\/belong.ee\/de\/wp-json\/wp\/v2\/media?parent=28632"}],"curies":[{"name":"wp","href":"https:\/\/api.w.org\/{rel}","templated":true}]}}