{"id":28636,"date":"2025-01-13T16:43:10","date_gmt":"2025-01-13T14:43:10","guid":{"rendered":"https:\/\/belong.ee\/belong-kkk\/"},"modified":"2026-01-07T17:21:28","modified_gmt":"2026-01-07T15:21:28","slug":"belong-kkk","status":"publish","type":"page","link":"https:\/\/belong.ee\/de\/belong-kkk\/","title":{"rendered":"Belong KKK"},"content":{"rendered":"<p>[et_pb_section fb_built=&#8220;1&#8243; admin_label=&#8220;Section&#8220; _builder_version=&#8220;4.27.4&#8243; background_color=&#8220;#f7f7f7&#8243; custom_margin=&#8220;||||false|false&#8220; custom_padding=&#8220;5%||||false|false&#8220; custom_padding_tablet=&#8220;0px||0px|&#8220; transparent_background=&#8220;off&#8220; make_fullwidth=&#8220;off&#8220; use_custom_width=&#8220;off&#8220; width_unit=&#8220;on&#8220; global_colors_info=&#8220;{}&#8220;][et_pb_row _builder_version=&#8220;4.27.4&#8243; _module_preset=&#8220;default&#8220; global_colors_info=&#8220;{}&#8220;][et_pb_column type=&#8220;4_4&#8243; _builder_version=&#8220;4.16&#8243; _module_preset=&#8220;default&#8220; global_colors_info=&#8220;{}&#8220;][et_pb_text _builder_version=&#8220;4.27.4&#8243; _module_preset=&#8220;b5629d61-8761-48a4-843a-08bad35c28b0&#8243; locked=&#8220;off&#8220; global_colors_info=&#8220;{}&#8220;]<\/p>\n<h1 style=\"text-align: center;\">H\u00e4ufig gestellte Fragen<\/h1>\n<p>[\/et_pb_text][\/et_pb_column][\/et_pb_row][et_pb_row column_structure=&#8220;1_4,3_4&#8243; padding_mobile=&#8220;on&#8220; column_padding_mobile=&#8220;on&#8220; custom_padding_last_edited=&#8220;on|tablet&#8220; admin_label=&#8220;Reihe&#8220; _builder_version=&#8220;4.16&#8243; background_size=&#8220;initial&#8220; background_position=&#8220;top_left&#8220; background_repeat=&#8220;repeat&#8220; custom_padding=&#8220;40px||0px|||&#8220; custom_padding_tablet=&#8220;90px||0px|&#8220; custom_padding_phone=&#8220;&#8220; make_fullwidth=&#8220;off&#8220; use_custom_width=&#8220;off&#8220; width_unit=&#8220;on&#8220; global_colors_info=&#8220;{}&#8220;][et_pb_column type=&#8220;1_4&#8243; _builder_version=&#8220;4.16&#8243; custom_padding=&#8220;|||&#8220; global_colors_info=&#8220;{}&#8220; custom_padding__hover=&#8220;|||&#8220;][et_pb_divider color=&#8220;#222222&#8243; divider_weight=&#8220;8&#8243; admin_label=&#8220;Divider&#8220; _builder_version=&#8220;4.16&#8243; height=&#8220;0px&#8220; hide_on_mobile=&#8220;off&#8220; global_colors_info=&#8220;{}&#8220;][\/et_pb_divider][et_pb_text admin_label=&#8220;Text&#8220; _builder_version=&#8220;4.27.4&#8243; text_font=&#8220;Open Sans|on|||&#8220; text_text_color=&#8220;#222222&#8243; text_font_size=&#8220;36px&#8220; text_line_height=&#8220;1.2em&#8220; background_size=&#8220;initial&#8220; background_position=&#8220;top_left&#8220; background_repeat=&#8220;repeat&#8220; custom_margin=&#8220;-10px||0px|&#8220; custom_padding=&#8220;0px||0px|&#8220; text_font_size_tablet=&#8220;32px&#8220; text_font_size_phone=&#8220;&#8220; text_font_size_last_edited=&#8220;on|tablet&#8220; use_border_color=&#8220;off&#8220; border_color=&#8220;#ffffff&#8220; border_style=&#8220;solid&#8220; global_colors_info=&#8220;{}&#8220;]<\/p>\n<p>Allgemein<\/p>\n<p>[\/et_pb_text][\/et_pb_column][et_pb_column type=&#8220;3_4&#8243; _builder_version=&#8220;4.16&#8243; custom_padding=&#8220;|||&#8220; global_colors_info=&#8220;{}&#8220; custom_padding__hover=&#8220;|||&#8220;][et_pb_divider color=&#8220;#222222&#8243; divider_weight=&#8220;4&#8243; admin_label=&#8220;Divider&#8220; _builder_version=&#8220;4.16&#8243; height=&#8220;0px&#8220; hide_on_mobile=&#8220;off&#8220; global_colors_info=&#8220;{}&#8220;][\/et_pb_divider][et_pb_toggle title=&#8220;Was ist der Zweck von Belong?&#8220; admin_label=&#8220;Toggle&#8220; _builder_version=&#8220;4.27.4&#8243; body_font=&#8220;Open Sans||||&#8220; body_line_height=&#8220;1.6em&#8220; hover_enabled=&#8220;0&#8243; use_border_color=&#8220;on&#8220; border_color=&#8220;#f7f7f7&#8243; border_style=&#8220;solid&#8220; global_colors_info=&#8220;{}&#8220; sticky_enabled=&#8220;0&#8243;]<\/p>\n<p>Die Vision von Belong f\u00fcr die Zukunft ist es, eine Plattform zu werden, die verschiedene Bereiche des geistigen Wohlbefindens und der Selbstentfaltung unterst\u00fctzt. Zus\u00e4tzlich zu unserem derzeitigen Schwerpunkt m\u00f6chten wir unseren Service erweitern und neue Bereiche wie Therapien und Coaching auf die Plattform bringen. <\/p>\n<p>Unser Ziel ist es, Ihnen ein professionelles und vertrauensw\u00fcrdiges Umfeld zu bieten, in dem Sie die Methode und den Spezialisten finden k\u00f6nnen, die am besten zu Ihren Bed\u00fcrfnissen passen, sei es f\u00fcr Aufstellungen, Therapien oder andere Praktiken.<\/p>\n<p>[\/et_pb_toggle][et_pb_divider color=&#8220;#222222&#8243; divider_weight=&#8220;4&#8243; admin_label=&#8220;Divider&#8220; _builder_version=&#8220;4.16&#8243; height=&#8220;0px&#8220; hide_on_mobile=&#8220;off&#8220; global_colors_info=&#8220;{}&#8220;][\/et_pb_divider][et_pb_toggle title=&#8220;Wie wird der Berufsverband von der Zusammenarbeit mit Belong profitieren?&#8220; admin_label=&#8220;Toggle&#8220; _builder_version=&#8220;4.27.4&#8243; body_font=&#8220;Open Sans||||&#8220; body_line_height=&#8220;1.6em&#8220; custom_padding=&#8220;30px|0px|2px|0px&#8220; hover_enabled=&#8220;0&#8243; use_border_color=&#8220;on&#8220; border_color=&#8220;#f7f7f7&#8243; border_style=&#8220;solid&#8220; global_colors_info=&#8220;{}&#8220; sticky_enabled=&#8220;0&#8243;]<\/p>\n<p><span style=\"font-weight: 400;\">Die Zusammenarbeit basiert auf einer strategischen Partnerschaft und gegenseitiger konstruktiver Unterst\u00fctzung. Unser Ziel ist es nicht, zu konkurrieren, sondern auf ein gemeinsames Ziel hinzuarbeiten &#8211; die Entwicklung und Unterst\u00fctzung des Sektors. <\/span><\/p>\n<p><b>Der Beitrag und der Wert von Belong f\u00fcr Berufsverb\u00e4nde:<\/b><\/p>\n<p><b>1. die Sichtbarkeit und Professionalit\u00e4t der Organisation zu erh\u00f6hen:<\/b><\/p>\n<p><span style=\"font-weight: 400;\">Die Repr\u00e4sentation unter den Belong-Organisationen sowie auf den Mitgliederseiten der Organisation tr\u00e4gt dazu bei, den Bekanntheitsgrad der Organisation zu erh\u00f6hen.<\/span><\/p>\n<p><b>2. An die Bed\u00fcrfnisse des Berufsverbands angepasste Funktionalit\u00e4t:<\/b><span> Wir werden die Funktionalit\u00e4t der Plattform auf der Grundlage der Empfehlungen und Bed\u00fcrfnisse der Berufsverb\u00e4nde entwickeln und verbessern.<\/span><\/p>\n<p><b>3. die Vereinfachung des Arbeitsablaufs:<\/b><b><br \/><\/b><span style=\"font-weight: 400;\">Organisationen k\u00f6nnen ihre Arbeitsabl\u00e4ufe vereinfachen, indem sie die vorhandenen Funktionen auf unseren Seiten nutzen. Zum Beispiel bei der Mitgliederverwaltung.<\/span><\/p>\n<p>[\/et_pb_toggle][et_pb_divider color=&#8220;#222222&#8243; divider_weight=&#8220;4&#8243; admin_label=&#8220;Divider&#8220; _builder_version=&#8220;4.16&#8243; height=&#8220;0px&#8220; hide_on_mobile=&#8220;off&#8220; global_colors_info=&#8220;{}&#8220;][\/et_pb_divider][et_pb_toggle title=&#8220;Wie sind die Bereiche getrennt?&#8220; admin_label=&#8220;Toggle&#8220; _builder_version=&#8220;4.27.4&#8243; body_font=&#8220;Open Sans||||&#8220; body_line_height=&#8220;1.6em&#8220; custom_padding=&#8220;30px|0px|2px|0px&#8220; hover_enabled=&#8220;0&#8243; use_border_color=&#8220;on&#8220; border_color=&#8220;#f7f7f7&#8243; border_style=&#8220;solid&#8220; global_colors_info=&#8220;{}&#8220; sticky_enabled=&#8220;0&#8243;]<\/p>\n<p><span style=\"font-weight: 400;\">Belong ist ein fester Bestandteil der Belong Plattform <\/span><b>Bereiche getrennt und unabh\u00e4ngig halten<\/b><span style=\"font-weight: 400;\">. <\/span> <\/p>\n<ol>\n<li> <b> Sektoraler Fokus:<\/b><span style=\"font-weight: 400;\"> Ein fachlicher Fokus ist sowohl f\u00fcr Kunden als auch f\u00fcr Anbieter wichtig, da Anbieter nach Kunden in ihrem eigenen Bereich suchen und Kunden wissen, welche Anbieter sie brauchen. Au\u00dferdem verschafft ein spezifischer Fokus einen klaren \u00dcberblick \u00fcber das Geschehen in diesem Bereich.<\/span><\/li>\n<li><b>  Verst\u00e4rkung der Wirkung auf allen Ebenen:<\/b><\/li>\n<\/ol>\n<ul>\n<li style=\"font-weight: 400;\" aria-level=\"2\"><b>Berufsverb\u00e4nde:<\/b><span style=\"font-weight: 400;\"> Sie k\u00f6nnen sich auf die Ziele und Initiativen ihres eigenen Sektors konzentrieren, ohne mit anderen Themen konkurrieren zu m\u00fcssen.<\/span><\/li>\n<li style=\"font-weight: 400;\" aria-level=\"2\"><b>Macher:<\/b><span style=\"font-weight: 400;\"> Sie erhalten eine gr\u00f6\u00dfere Sichtbarkeit bei ihrem Zielpublikum in ihrem Bereich und st\u00e4rken so ihre berufliche Position.<\/span><\/li>\n<li style=\"font-weight: 400;\" aria-level=\"2\"><b>Kunden:<\/b><span style=\"font-weight: 400;\"> Die Kunden erhalten einen bequemen \u00dcberblick \u00fcber ihre M\u00f6glichkeiten, den von ihnen ben\u00f6tigten Service zu erhalten.<\/span><\/li>\n<\/ul>\n<ol start=\"3\">\n<li> <b> Das Ziel ist eine Hebelwirkung, keine Verw\u00e4sserung:<\/b><span style=\"font-weight: 400;\"> Unser Ziel ist es, die Pr\u00e4senz und den Einfluss jedes Sektors zu st\u00e4rken, indem wir sie in ihrem eigenen Recht und ihrem vollen Potenzial erstrahlen lassen.<\/span><\/li>\n<\/ol>\n<p><span style=\"font-weight: 400;\">Belong will keine allgemeine Plattform sein, auf der Themen gemischt werden, sondern. <\/span><b>ein fokussiertes Werkzeug<\/b><span style=\"font-weight: 400;\">das f\u00fcr jeden der Bereiche, die wir unterst\u00fctzen, einen Mehrwert und langfristigen Nutzen schafft.<\/span><\/p>\n<p><span style=\"font-weight: 400;\">Dom\u00e4nen werden durch den Dom\u00e4nennamen getrennt, zum Beispiel:<\/span><\/p>\n<ul>\n<li style=\"font-weight: 400;\" aria-level=\"1\"><b>Konstellationen<\/b><span style=\"font-weight: 400;\">.belong-events.com<\/span><\/li>\n<li style=\"font-weight: 400;\" aria-level=\"1\"><b>Therapie<\/b><span style=\"font-weight: 400;\">.belong-events.com<\/span><\/li>\n<li style=\"font-weight: 400;\" aria-level=\"1\"><b>Coaching<\/b><span style=\"font-weight: 400;\">.belong-events.com<\/span><\/li>\n<li style=\"font-weight: 400;\" aria-level=\"1\"><span style=\"font-weight: 400;\">usw.<\/span><\/li>\n<\/ul>\n<p>[\/et_pb_toggle][et_pb_divider color=&#8220;#222222&#8243; divider_weight=&#8220;4&#8243; admin_label=&#8220;Divider&#8220; _builder_version=&#8220;4.16&#8243; height=&#8220;0px&#8220; hide_on_mobile=&#8220;off&#8220; global_colors_info=&#8220;{}&#8220;][\/et_pb_divider][et_pb_toggle title=&#8220;Wie kann Belong helfen, die Sichtbarkeit zu erh\u00f6hen?&#8220; admin_label=&#8220;Toggle&#8220; _builder_version=&#8220;4.27.4&#8243; body_font=&#8220;Open Sans||||&#8220; body_line_height=&#8220;1.6em&#8220; body_ul_line_height=&#8220;1.5em&#8220; custom_padding=&#8220;30px|0px|2px|0px&#8220; hover_enabled=&#8220;0&#8243; use_border_color=&#8220;on&#8220; border_color=&#8220;#f7f7f7&#8243; border_style=&#8220;solid&#8220; global_colors_info=&#8220;{}&#8220; sticky_enabled=&#8220;0&#8243;]<\/p>\n<p><span style=\"font-weight: 400;\">Belong wurde speziell entwickelt, um Fachleuten, Veranstaltungen und Dienstleistungen zu helfen, sich abzuheben und ein gr\u00f6\u00dferes Publikum zu erreichen. Unsere Strategie konzentriert sich auf die Erh\u00f6hung der Sichtbarkeit durch die folgenden Schl\u00fcsselfaktoren: <\/span><\/p>\n<p><b>1. die Sichtbarkeit bei der Suche<\/b><\/p>\n<p><span style=\"font-weight: 400;\">Die Profile, Veranstaltungen und Dienste, die Sie auf der Plattform einstellen, sind f\u00fcr Suchmaschinen optimiert. Das bedeutet, dass Google und andere Suchmaschinen Ihre Inhalte schneller finden und sie h\u00f6her einstufen. <\/span><\/p>\n<p><span style=\"font-weight: 400;\">Der erstellte Inhalt (Texte, Bildmaterial) ist suchmaschinenfreundlich.<\/span><\/p>\n<p><b>2. sektoraler Schwerpunkt<\/b><\/p>\n<p><span style=\"font-weight: 400;\">Ein spezifischerer (d.h. branchenspezifischer) Fokus erm\u00f6glicht eine bessere Kundenansprache im Vergleich zu generischen Veranstaltungsplattformen. Kunden suchen gezielt nach Schl\u00fcsselw\u00f6rtern in einem bestimmten Bereich. <\/span><\/p>\n<p><b>3. die Professionalit\u00e4t<\/b><\/p>\n<p><span style=\"font-weight: 400;\">Beim Aufbau der Plattform haben wir uns vor allem auf die Professionalit\u00e4t konzentriert, die f\u00fcr alle beteiligten Parteien wichtig ist. Dies tr\u00e4gt dazu bei, eine gr\u00f6\u00dfere Glaubw\u00fcrdigkeit sowohl bei den Betreibern als auch bei den Kunden zu schaffen und ist daher attraktiver. <\/span><\/p>\n<p><b>4. Gemeinsame Arbeit schafft Synergieeffekte<\/b><\/p>\n<p><span style=\"font-weight: 400;\">Jeder Akteur und jede Veranstaltung, die auf der Plattform ver\u00f6ffentlicht wird, bringt der gesamten Branche und gleichzeitig dem Akteur und der Veranstaltung Aufmerksamkeit und Vorteile. Die Erfahrung zeigt, dass Kollegen auf Ihre Veranstaltungen aufmerksam werden und sie ihren Kunden empfehlen oder manchmal selbst daran teilnehmen. <\/span><\/p>\n<p><b>5. Verwandte Daten<\/b><\/p>\n<p><span style=\"font-weight: 400;\">Da die Plattform von Belong Akteure, Veranstaltungen, Dienstleistungen und Orte eng miteinander verkn\u00fcpft, f\u00fchrt sie den Kunden st\u00e4ndig zu neuen &#8222;Funden&#8220; vor Ort.<\/span><\/p>\n<p><b>6. der Zeit-Raum-Scanner<\/b><\/p>\n<p><span style=\"font-weight: 400;\">Einzigartig bei Belong <\/span><i><span style=\"font-weight: 400;\">Zeit-Raum-Scanner<\/span><\/i><span style=\"font-weight: 400;\"> hilft Nutzern, Veranstaltungen und Services nach Ort und bevorzugter Zeit zu finden. Diese Funktion erleichtert nicht nur die Suche auf der Plattform, sondern erh\u00f6ht auch die Sichtbarkeit Ihrer Veranstaltungen und Dienstleistungen auf regionaler Ebene.<\/span><\/p>\n<p><b>7. die M\u00f6glichkeit zum sozialen Austausch<\/b><\/p>\n<p><b>Einfaches Teilen:<\/b><span style=\"font-weight: 400;\"> Alle Veranstaltungen und Profile sind f\u00fcr die einfache Weitergabe in sozialen Medien und anderen Kan\u00e4len optimiert, was wiederum Ihre Reichweite erh\u00f6ht. Wir verbessern st\u00e4ndig die Integration mit sozialen Medien, um die Sichtbarkeit zu erh\u00f6hen.<\/span><\/p>\n<p>[\/et_pb_toggle][et_pb_divider color=&#8220;#222222&#8243; divider_weight=&#8220;4&#8243; admin_label=&#8220;Divider&#8220; _builder_version=&#8220;4.16&#8243; height=&#8220;0px&#8220; hide_on_mobile=&#8220;off&#8220; global_colors_info=&#8220;{}&#8220;][\/et_pb_divider][\/et_pb_column][\/et_pb_row][et_pb_row column_structure=&#8220;1_4,3_4&#8243; padding_mobile=&#8220;on&#8220; column_padding_mobile=&#8220;on&#8220; custom_padding_last_edited=&#8220;on|tablet&#8220; admin_label=&#8220;Reihe&#8220; _builder_version=&#8220;4.16&#8243; background_size=&#8220;initial&#8220; background_position=&#8220;top_left&#8220; background_repeat=&#8220;repeat&#8220; custom_padding=&#8220;128px||0px|&#8220; custom_padding_tablet=&#8220;90px||0px|&#8220; custom_padding_phone=&#8220;&#8220; make_fullwidth=&#8220;off&#8220; use_custom_width=&#8220;off&#8220; width_unit=&#8220;on&#8220; global_colors_info=&#8220;{}&#8220;][et_pb_column type=&#8220;1_4&#8243; _builder_version=&#8220;4.16&#8243; custom_padding=&#8220;|||&#8220; global_colors_info=&#8220;{}&#8220; custom_padding__hover=&#8220;|||&#8220;][et_pb_divider color=&#8220;#222222&#8243; divider_weight=&#8220;8&#8243; admin_label=&#8220;Divider&#8220; _builder_version=&#8220;4.27.4&#8243; height=&#8220;0px&#8220; hide_on_mobile=&#8220;off&#8220; global_colors_info=&#8220;{}&#8220;][\/et_pb_divider][et_pb_text admin_label=&#8220;Text&#8220; _builder_version=&#8220;4.27.4&#8243; text_font=&#8220;Open Sans|on|||&#8220; text_text_color=&#8220;#222222&#8243; text_font_size=&#8220;36px&#8220; text_line_height=&#8220;1.2em&#8220; background_size=&#8220;initial&#8220; background_position=&#8220;top_left&#8220; background_repeat=&#8220;repeat&#8220; custom_margin=&#8220;-10px||0px|&#8220; custom_padding=&#8220;0px||0px|&#8220; text_font_size_tablet=&#8220;32px&#8220; text_font_size_phone=&#8220;&#8220; text_font_size_last_edited=&#8220;on|tablet&#8220; use_border_color=&#8220;off&#8220; border_color=&#8220;#ffffff&#8220; border_style=&#8220;solid&#8220; global_colors_info=&#8220;{}&#8220;]<\/p>\n<p>Konto<\/p>\n<p>[\/et_pb_text][\/et_pb_column][et_pb_column type=&#8220;3_4&#8243; _builder_version=&#8220;4.16&#8243; custom_padding=&#8220;|||&#8220; global_colors_info=&#8220;{}&#8220; custom_padding__hover=&#8220;|||&#8220;][et_pb_divider color=&#8220;#222222&#8243; divider_weight=&#8220;4&#8243; admin_label=&#8220;Divider&#8220; _builder_version=&#8220;4.16&#8243; height=&#8220;0px&#8220; hide_on_mobile=&#8220;off&#8220; global_colors_info=&#8220;{}&#8220;][\/et_pb_divider][et_pb_toggle title=&#8220;Was ist in Belong kostenlos und was ist kostenpflichtig?&#8220; admin_label=&#8220;Toggle&#8220; _builder_version=&#8220;4.27.4&#8243; title_level=&#8220;h3&#8243; title_font=&#8220;&#8211;et_global_heading_font|700|||||||&#8220; body_font=&#8220;Open Sans||||&#8220; body_line_height=&#8220;1.6em&#8220; hover_enabled=&#8220;0&#8243; use_border_color=&#8220;on&#8220; border_color=&#8220;#f7f7f7&#8243; border_style=&#8220;solid&#8220; global_colors_info=&#8220;{}&#8220; sticky_enabled=&#8220;0&#8243;]<\/p>\n<p><strong>Kostenlose Funktionen:<\/strong><\/p>\n<p><b>1. das Browsen und Suchen von Informationen auf der Plattform:<\/b><\/p>\n<p><span style=\"font-weight: 400;\">Das Browsen und die Suche nach Informationen \u00fcber Veranstaltungen, Dienstleistungen, Fachleute usw. auf der Plattform ist f\u00fcr jeden kostenlos.<\/span><\/p>\n<p><b>2. Erstellen Sie ein Benutzerprofil:<\/b><\/p>\n<p><span style=\"font-weight: 400;\">Jeder Benutzer kann sein eigenes pers\u00f6nliches oder berufliches Profil erstellen, um seine Sichtbarkeit zu erh\u00f6hen und sich potenziellen Kunden oder Partnern vorzustellen.<\/span><\/p>\n<p><b>3. dienste hinzuf\u00fcgen:<\/b><\/p>\n<p><span style=\"font-weight: 400;\">Jeder Fachmann kann sein eigenes Portfolio an Dienstleistungen erstellen und ver\u00f6ffentlichen.<\/span><\/p>\n<p><b>Kostenpflichtige Funktionen:<\/b><\/p>\n<p><b>Ereignisse erstellen und ver\u00f6ffentlichen:<\/b><\/p>\n<p><span style=\"font-weight: 400;\">Gewerbetreibende, die ihre Veranstaltungen und Dienstleistungen auf der Plattform pr\u00e4sentieren m\u00f6chten, zahlen eine monatliche oder j\u00e4hrliche Geb\u00fchr. Dies beinhaltet zus\u00e4tzliche Funktionen wie SEO-Optimierung und erh\u00f6hte Sichtbarkeit. F\u00fcr Berufsverb\u00e4nde gelten gesonderte Vereinbarungen f\u00fcr die Ver\u00f6ffentlichung von Veranstaltungen.  <\/span><\/p>\n<p><b>Zusammenfassung<\/b><\/p>\n<p><span style=\"font-weight: 400;\">Alle oben genannten kostenlosen Funktionen bleiben auf Dauer kostenlos. Im Laufe der Zeit werden sowohl kostenlose als auch kostenpflichtige Funktionen hinzugef\u00fcgt. Unser Hauptaugenmerk liegt jedoch darauf, nicht-kostenpflichtige Funktionen hinzuzuf\u00fcgen.  <\/span><\/p>\n<p>[\/et_pb_toggle][et_pb_divider color=&#8220;#222222&#8243; divider_weight=&#8220;4&#8243; admin_label=&#8220;Divider&#8220; _builder_version=&#8220;4.16&#8243; height=&#8220;0px&#8220; hide_on_mobile=&#8220;off&#8220; global_colors_info=&#8220;{}&#8220;][\/et_pb_divider][et_pb_toggle title=&#8220;Kann ich mich jederzeit abmelden?&#8220; admin_label=&#8220;Toggle&#8220; _builder_version=&#8220;4.27.4&#8243; body_font=&#8220;Open Sans||||&#8220; body_line_height=&#8220;1.6em&#8220; custom_padding=&#8220;30px|0px|2px|0px&#8220; use_border_color=&#8220;on&#8220; border_color=&#8220;#f7f7f7&#8243; border_style=&#8220;solid&#8220; global_colors_info=&#8220;{}&#8220;]<\/p>\n<p>Die Daten jedes Nutzers sind seine eigenen, und der Nutzer hat jederzeit das Recht, den kostenpflichtigen Dienst abzubestellen oder sein Konto vollst\u00e4ndig zu l\u00f6schen.<\/p>\n<p>[\/et_pb_toggle][et_pb_divider color=&#8220;#222222&#8243; divider_weight=&#8220;4&#8243; admin_label=&#8220;Divider&#8220; _builder_version=&#8220;4.16&#8243; height=&#8220;6px&#8220; hide_on_mobile=&#8220;off&#8220; global_colors_info=&#8220;{}&#8220;][\/et_pb_divider][\/et_pb_column][\/et_pb_row][et_pb_row admin_label=&#8220;Reihe&#8220; _builder_version=&#8220;4.16&#8243; background_size=&#8220;initial&#8220; background_position=&#8220;top_left&#8220; background_repeat=&#8220;repeat&#8220; global_colors_info=&#8220;{}&#8220;][et_pb_column type=&#8220;4_4&#8243; _builder_version=&#8220;4.16&#8243; custom_padding=&#8220;|||&#8220; global_colors_info=&#8220;{}&#8220; custom_padding__hover=&#8220;|||&#8220;][\/et_pb_column][\/et_pb_row][\/et_pb_section][et_pb_section fb_built=&#8220;1&#8243; module_id=&#8220;Kontakt&#8220; _builder_version=&#8220;4.27.0&#8243; _module_preset=&#8220;default&#8220; background_color=&#8220;#464444&#8243; custom_padding=&#8220;4px||2px|||&#8220; global_module=&#8220;740&#8243; saved_tabs=&#8220;all&#8220; global_colors_info=&#8220;{}&#8220;][et_pb_row column_structure=&#8220;1_3,1_3,1_3&#8243; _builder_version=&#8220;4.27.0&#8243; _module_preset=&#8220;default&#8220; global_colors_info=&#8220;{}&#8220;][et_pb_column type=&#8220;1_3&#8243; _builder_version=&#8220;4.27.0&#8243; _module_preset=&#8220;default&#8220; global_colors_info=&#8220;{}&#8220;][et_pb_image src=&#8220;https:\/\/belong.ee\/wp-content\/uploads\/2024\/08\/Belong-circle-no-text-100.png&#8220; title_text=&#8220;Belong&#8220; align=&#8220;center&#8220; src_tablet=&#8220;&#8220; src_phone=&#8220;&#8220; src_last_edited=&#8220;on|desktop&#8220; _builder_version=&#8220;4.27.0&#8243; _module_preset=&#8220;default&#8220; custom_margin=&#8220;||||false|false&#8220; global_colors_info=&#8220;{}&#8220;][\/et_pb_image][\/et_pb_column][et_pb_column type=&#8220;1_3&#8243; _builder_version=&#8220;4.27.0&#8243; _module_preset=&#8220;default&#8220; global_colors_info=&#8220;{}&#8220;][et_pb_text _builder_version=&#8220;4.27.0&#8243; _module_preset=&#8220;default&#8220; header_3_line_height=&#8220;2em&#8220; custom_padding=&#8220;0px|20px|0px|20px|true|true&#8220; global_colors_info=&#8220;{}&#8220;]<\/p>\n<p><a href=\"mailto:info@belong-events.com\">info@belong-events.com<\/a><\/p>\n<p>Tel: +372 <span>56 933 900<\/span><\/p>\n<p>Belong O\u00dc, Reg.-Nr. 17031513<\/p>\n<p>[\/et_pb_text][\/et_pb_column][et_pb_column type=&#8220;1_3&#8243; _builder_version=&#8220;4.27.0&#8243; _module_preset=&#8220;default&#8220; global_colors_info=&#8220;{}&#8220;][et_pb_social_media_follow _builder_version=&#8220;4.27.0&#8243; _module_preset=&#8220;default&#8220; text_orientation=&#8220;center&#8220; custom_margin=&#8220;5%||||false|false&#8220; global_colors_info=&#8220;{}&#8220;][et_pb_social_media_follow_network social_network=&#8220;facebook&#8220; url=&#8220;https:\/\/www.facebook.com\/BelongPlatform&#8220; _builder_version=&#8220;4.27.0&#8243; _module_preset=&#8220;default&#8220; background_color=&#8220;#464444&#8243; background_enable_color=&#8220;on&#8220; global_colors_info=&#8220;{}&#8220; follow_button=&#8220;off&#8220; url_new_window=&#8220;on&#8220;]facebook[\/et_pb_social_media_follow_network][\/et_pb_social_media_follow][\/et_pb_column][\/et_pb_row][\/et_pb_section]<\/p>\n","protected":false},"excerpt":{"rendered":"<p>H\u00e4ufig gestellte FragenAllgemeinDie Vision von Belong f\u00fcr die Zukunft ist es, eine Plattform zu werden, die verschiedene Bereiche des geistigen Wohlbefindens und der Selbstentfaltung unterst\u00fctzt. Zus\u00e4tzlich zu unserem derzeitigen Schwerpunkt m\u00f6chten wir unseren Service erweitern und neue Bereiche wie Therapien und Coaching auf die Plattform bringen. Unser Ziel ist es, Ihnen ein professionelles und vertrauensw\u00fcrdiges [&hellip;]<\/p>\n","protected":false},"author":4,"featured_media":28637,"parent":0,"menu_order":0,"comment_status":"closed","ping_status":"closed","template":"","meta":{"_et_pb_use_builder":"on","_et_pb_old_content":"","_et_gb_content_width":"","footnotes":""},"class_list":["post-28636","page","type-page","status-publish","has-post-thumbnail","hentry"],"_links":{"self":[{"href":"https:\/\/belong.ee\/de\/wp-json\/wp\/v2\/pages\/28636","targetHints":{"allow":["GET"]}}],"collection":[{"href":"https:\/\/belong.ee\/de\/wp-json\/wp\/v2\/pages"}],"about":[{"href":"https:\/\/belong.ee\/de\/wp-json\/wp\/v2\/types\/page"}],"author":[{"embeddable":true,"href":"https:\/\/belong.ee\/de\/wp-json\/wp\/v2\/users\/4"}],"replies":[{"embeddable":true,"href":"https:\/\/belong.ee\/de\/wp-json\/wp\/v2\/comments?post=28636"}],"version-history":[{"count":2,"href":"https:\/\/belong.ee\/de\/wp-json\/wp\/v2\/pages\/28636\/revisions"}],"predecessor-version":[{"id":28639,"href":"https:\/\/belong.ee\/de\/wp-json\/wp\/v2\/pages\/28636\/revisions\/28639"}],"wp:featuredmedia":[{"embeddable":true,"href":"https:\/\/belong.ee\/de\/wp-json\/wp\/v2\/media\/28637"}],"wp:attachment":[{"href":"https:\/\/belong.ee\/de\/wp-json\/wp\/v2\/media?parent=28636"}],"curies":[{"name":"wp","href":"https:\/\/api.w.org\/{rel}","templated":true}]}}