{"id":28647,"date":"2024-08-13T12:36:29","date_gmt":"2024-08-13T10:36:29","guid":{"rendered":"https:\/\/belong.ee\/mission\/"},"modified":"2026-01-07T17:21:36","modified_gmt":"2026-01-07T15:21:36","slug":"mission","status":"publish","type":"page","link":"https:\/\/belong.ee\/de\/mission\/","title":{"rendered":"Mission"},"content":{"rendered":"<p>[et_pb_section fb_built=&#8220;1&#8243; _builder_version=&#8220;4.27.0&#8243; _module_preset=&#8220;default&#8220; global_colors_info=&#8220;{}&#8220;][et_pb_row _builder_version=&#8220;4.27.0&#8243; _module_preset=&#8220;default&#8220; global_colors_info=&#8220;{}&#8220;][et_pb_column type=&#8220;4_4&#8243; _builder_version=&#8220;4.27.0&#8243; _module_preset=&#8220;default&#8220; global_colors_info=&#8220;{}&#8220;][et_pb_text _builder_version=&#8220;4.27.0&#8243; _module_preset=&#8220;b5629d61-8761-48a4-843a-08bad35c28b0&#8243; header_font_size=&#8220;40px&#8220; locked=&#8220;off&#8220; global_colors_info=&#8220;{}&#8220;]<\/p>\n<h1 style=\"text-align: center;\">Mission<\/h1>\n<p>[\/et_pb_text][et_pb_text _builder_version=&#8220;4.27.0&#8243; _module_preset=&#8220;b5629d61-8761-48a4-843a-08bad35c28b0&#8243; header_font_size=&#8220;40px&#8220; hover_enabled=&#8220;0&#8243; locked=&#8220;off&#8220; global_colors_info=&#8220;{}&#8220; sticky_enabled=&#8220;0&#8243; text_orientation=&#8220;center&#8220;]<\/p>\n<h2>F\u00fcr das Wohl der Integrit\u00e4t des Lebens<\/h2>\n<h2>F\u00fcr die Ganzheit allen Lebens<\/h2>\n<h2><\/h2>\n<p>[\/et_pb_text][et_pb_text _builder_version=&#8220;4.27.0&#8243; _module_preset=&#8220;a71a5122-3537-4d1b-aa15-649fe0057a23&#8243; text_font=&#8220;Work Sans||||||||&#8220; text_font_size=&#8220;16px&#8220; text_line_height=&#8220;1.9em&#8220; hover_enabled=&#8220;0&#8243; text_font_size_tablet=&#8220;22px&#8220; text_font_size_phone=&#8220;16px&#8220; text_font_size_last_edited=&#8220;on|phone&#8220; locked=&#8220;off&#8220; global_colors_info=&#8220;{}&#8220; theme_builder_area=&#8220;post_content&#8220; sticky_enabled=&#8220;0&#8243;]<\/p>\n<p style=\"text-align: left;\">Unsere Mission ist es, zu Werten beizutragen, die die Integrit\u00e4t des Lebens unterst\u00fctzen.<\/p>\n<p>F\u00fcr uns bedeutet dies Integrit\u00e4t in drei Kontexten: pers\u00f6nlich, gesellschaftlich\/sozial und im \u00d6kosystem.<\/p>\n<p>&nbsp;<\/p>\n<ul>\n<li data-list=\"bullet\">Auf einer pers\u00f6nlichen Ebene bewegen wir uns auf die Ganzheit zu, indem wir unsere Schmerzpunkte heilen und mehr in Kontakt mit uns selbst sind.<\/li>\n<li data-list=\"bullet\">Der gesellschaftliche\/soziale Aspekt heilt durch pers\u00f6nliche Heilung und auch durch die Ver\u00e4nderung gesellschaftlicher \u00dcberzeugungen.<\/li>\n<li data-list=\"bullet\">Die Integrit\u00e4t eines \u00d6kosystems ergibt sich daraus, wie wir uns selbst als Teil dieses Systems wahrnehmen.<\/li>\n<\/ul>\n<p>[\/et_pb_text][\/et_pb_column][\/et_pb_row][\/et_pb_section][et_pb_section fb_built=&#8220;1&#8243; _builder_version=&#8220;4.27.0&#8243; _module_preset=&#8220;default&#8220; background_color=&#8220;#464444&#8243; custom_padding=&#8220;4px||2px|||&#8220; global_module=&#8220;740&#8243; global_colors_info=&#8220;{}&#8220;][et_pb_row column_structure=&#8220;1_3,1_3,1_3&#8243; make_equal=&#8220;on&#8220; _builder_version=&#8220;4.27.0&#8243; _module_preset=&#8220;default&#8220; custom_margin=&#8220;||||false|false&#8220; global_colors_info=&#8220;{}&#8220;][et_pb_column type=&#8220;1_3&#8243; _builder_version=&#8220;4.27.0&#8243; _module_preset=&#8220;default&#8220; global_colors_info=&#8220;{}&#8220;][et_pb_image src=&#8220;https:\/\/belong.ee\/wp-content\/uploads\/2024\/08\/Belong-circle-no-text-100.png&#8220; title_text=&#8220;Belong&#8220; _builder_version=&#8220;4.27.0&#8243; _module_preset=&#8220;default&#8220; custom_margin=&#8220;||||false|false&#8220; global_colors_info=&#8220;{}&#8220;][\/et_pb_image][\/et_pb_column][et_pb_column type=&#8220;1_3&#8243; _builder_version=&#8220;4.27.0&#8243; _module_preset=&#8220;default&#8220; global_colors_info=&#8220;{}&#8220;][et_pb_text _builder_version=&#8220;4.27.0&#8243; _module_preset=&#8220;default&#8220; text_font=&#8220;Poppins||||||||&#8220; text_text_color=&#8220;#F8F8F8&#8243; link_text_color=&#8220;#FFFFFF&#8220; background_enable_color=&#8220;off&#8220; text_orientation=&#8220;center&#8220; module_alignment=&#8220;center&#8220; custom_margin=&#8220;5%||||false|false&#8220; border_color_top=&#8220;#204C42&#8243; border_style_top=&#8220;inset&#8220; global_colors_info=&#8220;{}&#8220;]<\/p>\n<p>Kontakt: <b><a href=\"mailto:info@belong-events.com\">info@belong-events.com<\/a><\/b><\/p>\n<p>Belong O\u00dc, Reg.-Nr. 17031513<\/p>\n<p>[\/et_pb_text][\/et_pb_column][et_pb_column type=&#8220;1_3&#8243; _builder_version=&#8220;4.27.0&#8243; _module_preset=&#8220;default&#8220; global_colors_info=&#8220;{}&#8220;][et_pb_social_media_follow _builder_version=&#8220;4.27.0&#8243; _module_preset=&#8220;default&#8220; text_orientation=&#8220;center&#8220; custom_margin=&#8220;5%||||false|false&#8220; global_colors_info=&#8220;{}&#8220;][et_pb_social_media_follow_network social_network=&#8220;linkedin&#8220; _builder_version=&#8220;4.27.0&#8243; _module_preset=&#8220;default&#8220; background_color=&#8220;#464444&#8243; background_enable_color=&#8220;on&#8220; global_colors_info=&#8220;{}&#8220; follow_button=&#8220;off&#8220; url_new_window=&#8220;on&#8220;]linkedin[\/et_pb_social_media_follow_network][et_pb_social_media_follow_network social_network=&#8220;facebook&#8220; _builder_version=&#8220;4.27.0&#8243; _module_preset=&#8220;default&#8220; background_color=&#8220;#464444&#8243; background_enable_color=&#8220;on&#8220; global_colors_info=&#8220;{}&#8220; follow_button=&#8220;off&#8220; url_new_window=&#8220;on&#8220;]facebook[\/et_pb_social_media_follow_network][et_pb_social_media_follow_network social_network=&#8220;instagram&#8220; _builder_version=&#8220;4.27.0&#8243; _module_preset=&#8220;default&#8220; background_color=&#8220;#464444&#8243; background_enable_color=&#8220;on&#8220; global_colors_info=&#8220;{}&#8220; follow_button=&#8220;off&#8220; url_new_window=&#8220;on&#8220;]instagram[\/et_pb_social_media_follow_network][\/et_pb_social_media_follow][\/et_pb_column][\/et_pb_row][\/et_pb_section]<\/p>\n","protected":false},"excerpt":{"rendered":"<p>MissionF\u00fcr das Wohl der Integrit\u00e4t des Lebens F\u00fcr die Ganzheit allen Lebens Unsere Mission ist es, zu Werten beizutragen, die die Integrit\u00e4t des Lebens unterst\u00fctzen. F\u00fcr uns bedeutet dies Integrit\u00e4t in drei Kontexten: pers\u00f6nlich, gesellschaftlich\/sozial und im \u00d6kosystem. &nbsp; Auf einer pers\u00f6nlichen Ebene bewegen wir uns auf die Ganzheit zu, indem wir unsere Schmerzpunkte heilen [&hellip;]<\/p>\n","protected":false},"author":4,"featured_media":0,"parent":0,"menu_order":0,"comment_status":"closed","ping_status":"closed","template":"","meta":{"_et_pb_use_builder":"on","_et_pb_old_content":"","_et_gb_content_width":"","footnotes":""},"class_list":["post-28647","page","type-page","status-publish","hentry"],"_links":{"self":[{"href":"https:\/\/belong.ee\/de\/wp-json\/wp\/v2\/pages\/28647","targetHints":{"allow":["GET"]}}],"collection":[{"href":"https:\/\/belong.ee\/de\/wp-json\/wp\/v2\/pages"}],"about":[{"href":"https:\/\/belong.ee\/de\/wp-json\/wp\/v2\/types\/page"}],"author":[{"embeddable":true,"href":"https:\/\/belong.ee\/de\/wp-json\/wp\/v2\/users\/4"}],"replies":[{"embeddable":true,"href":"https:\/\/belong.ee\/de\/wp-json\/wp\/v2\/comments?post=28647"}],"version-history":[{"count":2,"href":"https:\/\/belong.ee\/de\/wp-json\/wp\/v2\/pages\/28647\/revisions"}],"predecessor-version":[{"id":28649,"href":"https:\/\/belong.ee\/de\/wp-json\/wp\/v2\/pages\/28647\/revisions\/28649"}],"wp:attachment":[{"href":"https:\/\/belong.ee\/de\/wp-json\/wp\/v2\/media?parent=28647"}],"curies":[{"name":"wp","href":"https:\/\/api.w.org\/{rel}","templated":true}]}}