{"id":28650,"date":"2023-07-26T12:35:21","date_gmt":"2023-07-26T10:35:21","guid":{"rendered":"https:\/\/belong.ee\/belong-nutzungsbedingungen\/"},"modified":"2026-01-07T17:21:44","modified_gmt":"2026-01-07T15:21:44","slug":"belong-nutzungsbedingungen","status":"publish","type":"page","link":"https:\/\/belong.ee\/de\/belong-nutzungsbedingungen\/","title":{"rendered":"Belong-Nutzungsbedingungen"},"content":{"rendered":"<p>[et_pb_section fb_built=&#8220;1&#8243; admin_label=&#8220;section&#8220; _builder_version=&#8220;4.16&#8243; global_colors_info=&#8220;{}&#8220;][et_pb_row admin_label=&#8220;Zeile&#8220; _builder_version=&#8220;4.16&#8243; background_size=&#8220;initial&#8220; background_position=&#8220;top_left&#8220; background_repeat=&#8220;repeat&#8220; global_colors_info=&#8220;{}&#8220;][et_pb_column type=&#8220;4_4&#8243; _builder_version=&#8220;4.16&#8243; custom_padding=&#8220;|||&#8220; global_colors_info=&#8220;{}&#8220; custom_padding__hover=&#8220;|||&#8220;][et_pb_text _builder_version=&#8220;4.27.0&#8243; _module_preset=&#8220;b5629d61-8761-48a4-843a-08bad35c28b0&#8243; locked=&#8220;off&#8220; global_colors_info=&#8220;{}&#8220; theme_builder_area=&#8220;post_content&#8220;]<\/p>\n<h1 style=\"text-align: center;\">Bedingungen f\u00fcr die Nutzung<\/h1>\n<p>[\/et_pb_text][et_pb_text admin_label=&#8220;Text&#8220; _builder_version=&#8220;4.27.4&#8243; background_size=&#8220;initial&#8220; background_position=&#8220;top_left&#8220; background_repeat=&#8220;repeat&#8220; hover_enabled=&#8220;0&#8243; global_colors_info=&#8220;{}&#8220; sticky_enabled=&#8220;0&#8243;]<\/p>\n<h2>Definitionen<\/h2>\n<p>Die in diesem Vertrag verwendeten Begriffe in Gro\u00dfbuchstaben haben die folgenden Bedeutungen:<\/p>\n<p>&#8222;Vertrag&#8220; bezeichnet diese Allgemeinen Gesch\u00e4ftsbedingungen, die Bedingungen des Abonnementformulars und alle anderen Bedingungen in Bezug auf den Service, denen der Kunde auf Veranlassung des Anbieters zustimmen kann.<br \/>&#8222;Service Provider&#8220; &#8211; Belong O\u00dc, mit Sitz in Tallinn, Estland, mit dem Registrierungscode 17031513.<br \/>&#8222;Kunde&#8220; bezeichnet jede nat\u00fcrliche oder juristische Person, der der Service zur Verf\u00fcgung gestellt wird.<br \/>&#8222;Endnutzer&#8220; bezeichnet jede nat\u00fcrliche Person, der der Kunde die Erlaubnis oder den Zugang zur Nutzung des Dienstes gew\u00e4hrt.<br \/>&#8222;Partei&#8220; &#8211; ein allgemeiner Begriff, der sich sowohl auf den Kunden als auch auf den Lieferanten bezieht.<br \/>&#8222;Service&#8220; bezeichnet einen Software-as-a-Service (SaaS) Online-Service, der \u00fcber diese Website und den Kundensupport zug\u00e4nglich ist.<br \/>&#8222;Abonnementformular&#8220; &#8211; ein online verf\u00fcgbares Formular, \u00fcber das der Kunde den Service abonnieren kann.<br \/>&#8222;Registrierungsdaten&#8220; sind die vom Kunden bei der Anmeldung zum Dienst bereitgestellten Informationen, einschlie\u00dflich des vollst\u00e4ndigen Namens oder der Gesch\u00e4ftsbezeichnung des Kunden, der Registrierungs-\/Firmen-\/Gesellschafts-\/Gesch\u00e4fts- oder pers\u00f6nlichen Identifikationsnummer (oder einer gleichwertigen Nummer), der st\u00e4ndigen Anschrift, der Adresse, der E-Mail-Adresse, der Telefonnummer und \u00e4hnlicher Informationen, die der Anbieter in angemessener Weise vom Kunden anfordern kann.<br \/>&#8222;Benutzerkonto&#8220; bezeichnet ein Konto, das vom Anbieter gehostet oder verwaltet wird und dem Kunden \u00fcber den Dienst angeboten wird, um dem Kunden die Nutzung des Dienstes zu erm\u00f6glichen.<br \/>&#8222;Software&#8220; bezeichnet die im Service enthaltenen Softwareanwendungen, die die auf dieser Website beschriebenen Funktionen aufweisen, einschlie\u00dflich der \u00c4nderungen und Ersetzungen, die der Anbieter nach eigenem Ermessen von Zeit zu Zeit vornehmen kann.<br \/>&#8222;Geistiges Eigentum&#8220; bezeichnet alle bestehenden und zuk\u00fcnftigen Marken, Dienstleistungsmarken, Domainnamen und Handelsnamen, alle Rechte im Zusammenhang mit Erfindungen, Designs, Datenbanken und gesch\u00fctzten Informationen (einschlie\u00dflich, aber nicht beschr\u00e4nkt auf Gesch\u00e4ftsinformationen und Know-how), Urheberrechte, Pers\u00f6nlichkeitsrechte und alle anderen Verm\u00f6genswerte und Vorteile, die gemeinhin als geistiges Eigentum betrachtet werden, unabh\u00e4ngig davon, ob sie registriert sind oder nicht.<\/p>\n<\/p>\n<\/p>\n<\/p>\n<\/p>\n<h2 class=\"wp-block-heading\">1 Vertrag und Lizenz<\/h2>\n<\/p>\n<p>1.1 Dieser Vertrag tritt zwischen den Parteien ab dem Zeitpunkt in Kraft, an dem der Kunde entweder den Dienst abonniert, ein Benutzerkonto erh\u00e4lt oder mit der Nutzung des Dienstes beginnt, je nachdem, was zuerst eintritt. Der Vertrag wird auf unbestimmte Zeit geschlossen und beide Parteien haben das Recht, den Vertrag zu den hier festgelegten Bedingungen zu k\u00fcndigen. <\/p>\n<\/p>\n<p>1.2 Vorbehaltlich der Registrierungsdaten des Kunden und der hierin festgelegten Bedingungen gew\u00e4hrt der Anbieter dem Kunden eine eingeschr\u00e4nkte, nicht \u00fcbertragbare, nicht ausschlie\u00dfliche Lizenz zur Nutzung dieser Software, und der Kunde erkl\u00e4rt sich damit einverstanden, dem Kunden diese zu gew\u00e4hren.<\/p>\n<\/p>\n<p>1.3 Die Software darf nur f\u00fcr die Zwecke, f\u00fcr die sie bestimmt ist, und f\u00fcr den Zeitraum, f\u00fcr den der Vertrag zwischen den Parteien in Kraft ist, genutzt werden. Der Kunde erkl\u00e4rt sich damit einverstanden, dass er nicht das Recht hat, auf die Software mit Quellcode oder gecracktem Code zuzugreifen. <\/p>\n<\/p>\n<\/p>\n<h2 class=\"wp-block-heading\">2 Service<\/h2>\n<\/p>\n<p>2.1 Der Anbieter unternimmt wirtschaftlich angemessene Anstrengungen, um den Betrieb des Dienstes f\u00fcr den Kunden w\u00e4hrend der gesamten Vertragslaufzeit sicherzustellen.<\/p>\n<\/p>\n<p>2.2 Sie erkennen an, dass (i) der Dienst nicht auf Ihre individuellen Anforderungen zugeschnitten ist; (ii) der Dienst von Zeit zu Zeit technische oder andere Probleme haben kann und nicht unbedingt ohne Unterbrechung oder Fehler funktioniert; (iii) der Dienst nicht ausfallsicher ist und nicht f\u00fcr die Verwendung bei gef\u00e4hrlichen Aktivit\u00e4ten ausgelegt ist, wie z.B. bei Aktivit\u00e4ten mit &#8222;gro\u00dfen Gefahren&#8220;, Verkehrskontroll- oder Lebenserhaltungssystemen, dem Umgang mit gef\u00e4hrlichen Materialien oder anderen Aktivit\u00e4ten, bei denen ein Ausfall des Dienstes zu Tod, Verletzungen oder Umweltsch\u00e4den f\u00fchren k\u00f6nnte.   <\/p>\n<\/p>\n<p>2.3 Der Anbieter ist bestrebt, einen ausgezeichneten Benutzersupport zu bieten und wird sich bem\u00fchen, die meisten Supportanfragen innerhalb weniger Stunden zu beantworten. Der Anbieter garantiert jedoch keine bestimmte Zeitspanne, innerhalb derer der Support geleistet wird. <\/p>\n<\/p>\n<p>2.4 Der Kunde w\u00e4hlt und nutzt den Dienst auf eigenes Risiko, und der Kunde und der Endbenutzer sind f\u00fcr die Exposition, das Herunterladen, Hochladen, die \u00dcbertragung und den Besitz von Informationen, Programmen oder anderen Gegenst\u00e4nden, auf die \u00fcber den Dienst zugegriffen wird, verantwortlich.<\/p>\n<\/p>\n<p>2.5 Der Anbieter ist nicht verpflichtet, Teile des Dienstes zu erg\u00e4nzen, zu \u00e4ndern oder zu ersetzen oder neue Versionen zu entwickeln oder herauszugeben.<\/p>\n<\/p>\n<\/p>\n<h2 class=\"wp-block-heading\">3 Bezahlung<\/h2>\n<\/p>\n<p>3.1 Mit dem Abonnement des Dienstes erkl\u00e4rt sich der Kunde mit den Geb\u00fchren, Preisen und Abrechnungszeitr\u00e4umen einverstanden, die (i) zum Zeitpunkt des Abonnements auf der Website beschrieben sind (ii) und von Zeit zu Zeit in \u00dcbereinstimmung mit den Bedingungen des Vertrags aktualisiert werden.  <\/p>\n<\/p>\n<p>3.2 Sofern zum Zeitpunkt des Beitritts nicht anders vereinbart, betr\u00e4gt der Abrechnungszeitraum des Kunden 30 Tage und beginnt an dem Tag, der unmittelbar auf das Ende des kostenlosen Testzeitraums folgt.<\/p>\n<\/p>\n<p>3.3 Der Anbieter kann den Dienst gegen zus\u00e4tzliche Geb\u00fchren aufr\u00fcsten oder anderweitig \u00e4ndern und kann mit einer Frist von 30 Tagen die f\u00fcr den Dienst des Kunden geltenden Geb\u00fchren, Preise und Abrechnungszeitr\u00e4ume \u00e4ndern. Sollte der Kunde mit solchen \u00c4nderungen nicht einverstanden sein, beh\u00e4lt er das Recht, den betreffenden Dienst zu k\u00fcndigen. <\/p>\n<\/p>\n<p>3.4 Die Zahlung f\u00fcr den Dienst erfolgt im Voraus f\u00fcr jeden Abrechnungszeitraum im Nachhinein und auf der Grundlage einer vom Anbieter vorgelegten Rechnung. Der Kunde erkl\u00e4rt sich damit einverstanden, dass ein Zahlungsverzug zur Aussetzung des Dienstes oder zur Beendigung des Vertrags f\u00fchren kann. <\/p>\n<\/p>\n<p>3.5 Alle Geb\u00fchren und Preise verstehen sich ohne Mehrwertsteuer, Umsatzsteuer und andere Steuern. Der Kunde ist allein f\u00fcr alle Steuern und sonstigen Abgaben verantwortlich, die f\u00fcr den Kauf oder die Nutzung des Dienstes anfallen k\u00f6nnen. <\/p>\n<\/p>\n<\/p>\n<h2 class=\"wp-block-heading\">4 Verpflichtungen des Kunden<\/h2>\n<\/p>\n<p>4.1 Der Kunde muss eine (nat\u00fcrliche oder juristische) Person oder eine rechtsf\u00e4hige Einrichtung sein.<\/p>\n<\/p>\n<p>4.2 Alle vom Kunden angegebenen Registrierungsdaten m\u00fcssen wahrheitsgem\u00e4\u00df, genau und aktuell sein, und der Kunde verpflichtet sich, veraltete oder falsche Registrierungsdaten unverz\u00fcglich zu korrigieren. Der Anbieter ist berechtigt, aber nicht verpflichtet, die Registrierungsdaten des Kunden zu \u00fcberpr\u00fcfen und kann sich auf diese Daten verlassen, ohne sie zu \u00fcberpr\u00fcfen. <\/p>\n<\/p>\n<p>4.3 Der Kunde muss bei der Nutzung des Dienstes alle f\u00fcr ihn geltenden Gesetze, Vorschriften und Verordnungen einhalten.<\/p>\n<\/p>\n<p>4.4 Der Kunde sichert dem Anbieter zu seinem eigenen Vorteil zu, dass er die Rechte an allen Informationen (einschlie\u00dflich Texten, Bildern, audiovisuellem Material und anderen Inhalten) besitzt, die der Kunde \u00fcber den Dienst hochl\u00e4dt, \u00fcbertr\u00e4gt oder speichert.<\/p>\n<\/p>\n<p>4.5 Der Kunde garantiert, dass er und seine Endbenutzer den Dienst nicht zur \u00dcbermittlung unerw\u00fcnschter Informationen oder zum Hochladen, \u00dcbertragen, Senden, Ausf\u00fchren oder Speichern von b\u00f6sartigem Code, Malware oder illegalem Material nutzen werden.<\/p>\n<\/p>\n<p>4.6 Jegliches Kundenmaterial, das gegen eine der Bestimmungen dieser Vereinbarung verst\u00f6\u00dft, kann vom Anbieter nach eigenem Ermessen ohne Vorwarnung oder Benachrichtigung entfernt, deaktiviert und\/oder zerst\u00f6rt werden.<\/p>\n<\/p>\n<p>4.7 Jede Person, die den Dienst im Namen des Kunden abonniert oder den Kunden anderweitig beim Abschluss des Vertrags vertritt, garantiert dem Anbieter pers\u00f6nlich, dass sie befugt ist, den Kunden zu vertreten und dass der mit dem Kunden geschlossene Vertrag verbindlich ist.<\/p>\n<\/p>\n<\/p>\n<h2 class=\"wp-block-heading\">5 Benutzerkonto<\/h2>\n<\/p>\n<p>5.1 Der Kunde ist allein und in vollem Umfang f\u00fcr die mit seinem Benutzerkonto durchgef\u00fchrten Aktivit\u00e4ten verantwortlich und muss den Dienstanbieter unverz\u00fcglich \u00fcber jede Verletzung der Sicherheit oder unbefugte Nutzung seines Benutzerkontos informieren.<\/p>\n<\/p>\n<p>5.2 Die Parteien vereinbaren, dass der Kunde in Bezug auf seinen Benutzernamen und sein Passwort verantwortlich ist f\u00fcr (i) die Wahrung der Vertraulichkeit seines Benutzernamens und seines Passworts, (ii) alle Aktivit\u00e4ten, die von Personen durchgef\u00fchrt werden, denen der Kunde Zugang gew\u00e4hrt oder die seinen Benutzernamen und sein Passwort anderweitig verwenden, und (iii) alle Folgen der Verwendung oder des Missbrauchs seines Benutzernamens und seines Passworts.   <\/p>\n<\/p>\n<p>5.3 Der Dienstanbieter haftet nicht f\u00fcr Verluste, Sch\u00e4den oder andere Folgen, die durch die Nutzung des Benutzernamens und des Passworts des Kunden durch eine unbefugte Person entstehen.<\/p>\n<\/p>\n<\/p>\n<h2 class=\"wp-block-heading\">6 Verzicht auf die Garantie<\/h2>\n<\/p>\n<p>6.1 Alle Bedingungen, Zusicherungen und Garantien, die nicht ausdr\u00fccklich in diesem Vertrag aufgef\u00fchrt sind (einschlie\u00dflich, aber nicht beschr\u00e4nkt auf stillschweigende Garantien der Marktg\u00e4ngigkeit, der Eignung f\u00fcr einen bestimmten Zweck, der Nichtverletzung von Rechten Dritter und Bedingungen, die sich aus der Handelspraxis oder dem Handelsbrauch ergeben k\u00f6nnen), k\u00f6nnen vom Lieferanten in vollem Umfang ausgeschlossen werden.<\/p>\n<\/p>\n<p>6.2 Der Provider \u00fcbernimmt keine Garantie daf\u00fcr, dass (i) der Dienst den Bed\u00fcrfnissen oder Erwartungen des Kunden und des Endnutzers entspricht, (ii) der Zugriff auf den Dienst und dessen Nutzung ununterbrochen, zeitgerecht, sicher oder fehlerfrei erfolgt, (iii) jegliche M\u00e4ngel des Dienstes behoben werden, (iv) der Dienst oder jegliche Zugriffsmittel auf den Dienst frei von Malware oder anderen sch\u00e4dlichen Komponenten sind; (v) in Bezug auf Software, Inhalte, Materialien, Informationen, Umgebungen oder andere Ressourcen oder Dienste Dritter, die der Kunde oder Endnutzer erwirbt, nutzt, auf die er zugreift oder denen er begegnet.     <\/p>\n<\/p>\n<p>6.3 Jede Partei erkennt an, dass die andere Partei die Vereinbarung im Vertrauen auf die vorstehenden Haftungsausschl\u00fcsse geschlossen hat und dass die vorstehenden Haftungsausschl\u00fcsse die prim\u00e4re Grundlage f\u00fcr die Beilegung von Streitigkeiten zwischen den Parteien sind.<\/p>\n<\/p>\n<\/p>\n<h2 class=\"wp-block-heading\">7 Begrenzung der Haftung<\/h2>\n<\/p>\n<p>7.1 Der Anbieter haftet gegen\u00fcber dem Kunden, einem Endnutzer oder einer Person, die \u00fcber den Kunden oder einen Endnutzer Anspr\u00fcche erhebt, nicht f\u00fcr Verluste, Sch\u00e4den, Kosten oder sonstige Folgen, die sich ergeben aus (i) der Nutzung oder der Unm\u00f6glichkeit der Nutzung des Dienstes, (ii) den Funktionen des Dienstes, (iii) der Notwendigkeit, f\u00fcr den Dienst oder f\u00fcr den Dienst erhaltene Ersatzprodukte oder -dienstleistungen oder sonstige Produkte, Dienstleistungen oder sonstige Vorteile zu erhalten, die \u00fcber den Dienst erhalten, erworben, erworben oder anderweitig genutzt werden, (iv) jede Nachricht oder andere Kommunikation von oder \u00fcber den Dienst oder jede Transaktion, die \u00fcber den Dienst get\u00e4tigt wird, (v) jeder unbefugte Zugriff auf oder jede Ver\u00e4nderung von \u00dcbertragungen oder Daten des Kunden und seiner Endbenutzer, (vi) jede Aussage oder jedes Verhalten einer Person, die Zugang zum Dienst hat, (vii) jeder andere Umstand im Zusammenhang mit dem Dienst;<br \/>unabh\u00e4ngig davon, ob ein solcher Verlust oder Schaden direkt oder indirekt erlitten wird oder direkt oder als Folge eines Verhaltens entsteht, und ob er vertraglich, au\u00dfervertraglich oder anderweitig entsteht;<br \/>mit der Ma\u00dfgabe, dass keine Bestimmung dieser Klausel Anspr\u00fcche f\u00fcr unmittelbare Verm\u00f6genssch\u00e4den ausschlie\u00dft, die der Kunde infolge einer vors\u00e4tzlichen oder grob fahrl\u00e4ssigen Vertragsverletzung durch den Anbieter erleidet, und dass die Haftung des Anbieters, ob aus dem Vertrag oder anderweitig, in keinem Fall einen Betrag \u00fcbersteigt, der dem Betrag entspricht, den der Kunde in den letzten zw\u00f6lf Monaten, beginnend mit dem Monat unmittelbar vor der Vertragsverletzung, an den Anbieter gezahlt hat.       <\/p>\n<\/p>\n<p>7.2 Jede Beschwerde, die der Kunde im Zusammenhang mit diesem Vertrag hat, muss innerhalb eines Jahres nach dem Datum, an dem die Beschwerde entstanden ist, bei den zust\u00e4ndigen Beh\u00f6rden eingereicht werden, andernfalls ist sie dauerhaft verj\u00e4hrt.<\/p>\n<\/p>\n<\/p>\n<h2 class=\"wp-block-heading\">8 Datenschutz<\/h2>\n<\/p>\n<p>8.1 Der Kunde erkl\u00e4rt sich damit einverstanden, dass der Dienstanbieter Informationen \u00fcber den Kunden und die Endnutzer sammelt (i) wenn der Kunde dem Vertrag beitritt (in das Abonnementformular eingegebene Informationen); (ii) wenn sie die Website des Dienstanbieters besuchen (Sitzungsinformationen, Browserverlauf auf der Website des Dienstanbieters, IP-Adresse, bestimmte Software- und Hardware-Attribute) oder \u00fcber den Dienst Formulare ausf\u00fcllen (im Verlauf des Dienstes \u00fcbermittelte Informationen); (iii) wenn sie auf den Dienst zugreifen oder ihn nutzen (Ort, Art und Weise, Zweck und Dauer des Zugriffs); und (iv) oder dem Dienstanbieter auf andere Weise wissentlich Informationen zur Verf\u00fcgung stellen (von den betroffenen Personen offengelegte Informationen). W\u00e4hrend eines Besuchs auf der Website des Providers k\u00f6nnen &#8222;Cookies&#8220; auf dem Ger\u00e4t des Besuchers gespeichert werden.     <\/p>\n<\/p>\n<p>8.2 Der Kunde erkl\u00e4rt sich damit einverstanden und sichert dem Anbieter zu, dass die Endnutzer (i) der Verarbeitung ihrer personenbezogenen Daten (vorbehaltlich des anwendbaren Datenschutzrechts) durch den Anbieter zum Zwecke der Erf\u00fcllung seiner Verpflichtungen aus dem Vertrag und gegebenenfalls der Durchsetzung seiner vertraglichen Rechte zustimmen; (ii) dass ihre personenbezogenen Daten sowohl innerhalb als auch au\u00dferhalb des Unternehmens verarbeitet werden k\u00f6nnen; (iii) dass der Anbieter ihre personenbezogenen Daten nicht an Dritte weitergibt, es sei denn, dies verst\u00f6\u00dft gegen das Gesetz oder die Erf\u00fcllung dieses Vertrags.   <\/p>\n<\/p>\n<p>8.3 Der Dienstanbieter stellt dem Kunden sicher, dass wirtschaftlich angemessene Ma\u00dfnahmen ergriffen werden, um die sichere Verarbeitung personenbezogener Daten zu gew\u00e4hrleisten.<\/p>\n<\/p>\n<p>8.4 Der Dienstanbieter ist nicht verpflichtet, die Kundenkonten zu \u00fcberwachen oder auf sie zuzugreifen, kann dies jedoch tun, wenn ein angemessener Grund daf\u00fcr vorliegt (um den Kunden zu unterst\u00fctzen oder um beispielsweise illegale oder sch\u00e4dliche Aktivit\u00e4ten zu verhindern).<\/p>\n<\/p>\n<p>8.5 Wenn ein Endnutzer den Dienst abonniert, wird er f\u00fcr den Newsletter des Dienstanbieters angemeldet, und der Dienstanbieter kann seine personenbezogenen Daten verwenden, um ihm Informationen \u00fcber Produkte, Dienstleistungen, Werbeaktionen und Veranstaltungen zu senden, die nach Ansicht des Dienstanbieters f\u00fcr ihn von Interesse sein k\u00f6nnten. Ein solches Abonnement kann auf Wunsch des Benutzers storniert werden. <\/p>\n<\/p>\n<\/p>\n<h2 class=\"wp-block-heading\">9 Geistiges Eigentum und Eigentumsrechte<\/h2>\n<\/p>\n<p>9.1 Der Kunde erkennt an, dass der Anbieter Eigent\u00fcmer des gesamten geistigen Eigentums in Bezug auf den Dienst ist. Der Kunde erwirbt keinerlei Rechte, Befugnisse oder Interessen an dem vorgenannten geistigen Eigentum oder dem Dienst im Allgemeinen, mit Ausnahme des in diesem Vertrag ausdr\u00fccklich festgelegten eingeschr\u00e4nkten Nutzungsrechts. Alle anderen Rechte, die hier nicht ausdr\u00fccklich vorgesehen sind, gelten als nichtig.  <\/p>\n<\/p>\n<p>9.2 Der Anbieter respektiert das geistige Eigentum anderer und kann aus angemessenen Gr\u00fcnden und nach eigenem Ermessen die Nutzung eines Benutzerkontos, das die Rechte anderer verletzt, sperren oder beenden.<\/p>\n<\/p>\n<\/p>\n<h2 class=\"wp-block-heading\">10 \u00c4nderung, Aussetzung und Beendigung des Vertrages<\/h2>\n<\/p>\n<p>10.1 Der Anbieter kann den Service oder einen Teil des Vertrags jederzeit nach eigenem Ermessen \u00e4ndern und ist verpflichtet, den Kunden \u00fcber solche \u00c4nderungen zu informieren, wenn dieser sich mit seinem Benutzerkonto anmeldet. Sollte der Kunde mit diesen \u00c4nderungen nicht einverstanden sein, hat er das Recht, die Nutzung des Dienstes auszusetzen. Andernfalls werden diese \u00c4nderungen f\u00fcr den Kunden durch die vorgenannte Mitteilung wirksam.  <\/p>\n<\/p>\n<p>10.2 Der Anbieter hat das Recht, den Service ganz oder teilweise mit einer Frist von 30 Tagen zu k\u00fcndigen.<\/p>\n<\/p>\n<p>10.3 Der Dienstanbieter hat das Recht, die Erbringung der in diesem Vertrag beschriebenen Dienstleistung sofort ganz oder teilweise auszusetzen, wenn ein Gerichtsbeschluss, eine Entscheidung einer Beh\u00f6rde oder einer zust\u00e4ndigen Regulierungsbeh\u00f6rde eine vor\u00fcbergehende oder dauerhafte Aussetzung der hier beschriebenen Verpflichtungen erfordert.<\/p>\n<\/p>\n<p>10.4 Jede Partei kann den Vertrag jederzeit mit einer Frist von 30 Tagen gegen\u00fcber der anderen Partei k\u00fcndigen.<\/p>\n<\/p>\n<p>10.5 Wenn der Vertrag aufgrund eines wesentlichen Versto\u00dfes durch die andere Partei gek\u00fcndigt wurde, ist keine K\u00fcndigung erforderlich (d.h. der Vertrag wird sofort aufgel\u00f6st).<\/p>\n<\/p>\n<p>10.6 Ein wesentlicher Versto\u00df gegen den Vertrag liegt (unter anderem) vor, wenn: (i) eine Partei gegen eine ihrer Verpflichtungen aus diesem Vertrag verst\u00f6\u00dft und diesen Versto\u00df nicht innerhalb von zwei Wochen nach einer entsprechenden Mitteilung der anderen Partei, in der der Versto\u00df beschrieben und Abhilfe gefordert wird, behebt oder beseitigt; (ii) eine Partei eine ihrer Verpflichtungen aus diesem Vertrag fortw\u00e4hrend verletzt und dieser Versto\u00df nicht behoben werden kann; (iii) ein Versto\u00df einer Partei die andere Partei ganz oder zu einem wesentlichen Teil des Nutzens, auf den die Partei aus diesem Vertrag Anspruch hatte, beraubt.   <\/p>\n<\/p>\n<p>10.7 Jede K\u00fcndigung des Vertrags l\u00e4sst die Rechte und Rechtsmittel der Parteien, die im Zusammenhang mit der K\u00fcndigung entstanden sind, unber\u00fchrt.<\/p>\n<\/p>\n<p>10.8 Der Kunde erkennt an und erkl\u00e4rt sich damit einverstanden, dass bei einer Beendigung der Vereinbarung (i) alle dem Kunden im Rahmen dieser Vereinbarung gew\u00e4hrten Rechte erl\u00f6schen; (ii) der Kunde alle im Rahmen der Vereinbarung genehmigten Aktivit\u00e4ten einstellt; (iii) der Kunde unverz\u00fcglich alle im Rahmen dieser Vereinbarung geschuldeten Betr\u00e4ge an den Provider zahlt; (iv) der Kunde keine R\u00fcckerstattung oder keinen Ersatz f\u00fcr ungenutzte Zeit w\u00e4hrend des Abrechnungszeitraums, keine Lizenz- oder Abonnementgeb\u00fchren, keine mit seinem Konto verbundenen Inhalte oder Daten oder sonstige Geb\u00fchren erh\u00e4lt.    <\/p>\n<\/p>\n<\/p>\n<h2 class=\"wp-block-heading\">11 Unbestreitbare Kr\u00e4fte<\/h2>\n<\/p>\n<p>11.1 Keine der Parteien haftet f\u00fcr eine Verletzung ihrer Verpflichtungen unter Umst\u00e4nden, die sich ihrer Kontrolle entziehen, einschlie\u00dflich und ohne Einschr\u00e4nkung h\u00f6herer Gewalt, staatlicher Ma\u00dfnahmen, Krieg, Aufruhr, terroristischer Anschl\u00e4ge, Streiks, des Ausfalls eines Internet Service Providers oder anderer Umst\u00e4nde, die als h\u00f6here Gewalt gelten. Keine dieser Ursachen entbindet die Partei jedoch von ihrer Zahlungsverpflichtung. <\/p>\n<\/p>\n<p>12 Anwendbares Recht und Streitbeilegung<br \/>12.1 Streitigkeiten und Meinungsverschiedenheiten, die sich aus der Erf\u00fcllung des Vertrages ergeben, werden auf dem Verhandlungswege beigelegt.<\/p>\n<\/p>\n<p>12.2 Wenn die Verhandlungen scheitern, wird der Streitfall vom Gericht der Republik Estland entschieden.<\/p>\n<\/p>\n<p>12.3 Mit der Zustimmung zu diesem Vertrag erkl\u00e4rt sich der Kunde auch mit der Datenschutzerkl\u00e4rung des Anbieters einverstanden, die als integraler Bestandteil der Nutzungsbedingungen gilt.<\/p>\n<\/p>\n<\/p>\n<h2 class=\"wp-block-heading\">Kontaktieren Sie uns<\/h2>\n<\/p>\n<p>Wenn Sie Bedenken oder Fragen zu den Nutzungsbedingungen haben, kontaktieren Sie uns bitte:<\/p>\n<\/p>\n<p>info@belong-events.com<br \/>Belong O\u00dc<br \/>Reg. Nr. 17031513 <\/p>\n<\/p>\n<p>Letzte \u00c4nderung: 19. Juli 2024 <\/p>\n<\/p>\n<\/p>\n<p>[\/et_pb_text][\/et_pb_column][\/et_pb_row][\/et_pb_section]<\/p>\n","protected":false},"excerpt":{"rendered":"<p>Bedingungen f\u00fcr die NutzungDefinitionen Die in diesem Vertrag verwendeten Begriffe in Gro\u00dfbuchstaben haben die folgenden Bedeutungen: &#8222;Vertrag&#8220; bezeichnet diese Allgemeinen Gesch\u00e4ftsbedingungen, die Bedingungen des Abonnementformulars und alle anderen Bedingungen in Bezug auf den Service, denen der Kunde auf Veranlassung des Anbieters zustimmen kann.&#8220;Service Provider&#8220; &#8211; Belong O\u00dc, mit Sitz in Tallinn, Estland, mit dem Registrierungscode [&hellip;]<\/p>\n","protected":false},"author":4,"featured_media":28633,"parent":0,"menu_order":0,"comment_status":"closed","ping_status":"closed","template":"","meta":{"_et_pb_use_builder":"on","_et_pb_old_content":"","_et_gb_content_width":"","footnotes":""},"class_list":["post-28650","page","type-page","status-publish","has-post-thumbnail","hentry"],"_links":{"self":[{"href":"https:\/\/belong.ee\/de\/wp-json\/wp\/v2\/pages\/28650","targetHints":{"allow":["GET"]}}],"collection":[{"href":"https:\/\/belong.ee\/de\/wp-json\/wp\/v2\/pages"}],"about":[{"href":"https:\/\/belong.ee\/de\/wp-json\/wp\/v2\/types\/page"}],"author":[{"embeddable":true,"href":"https:\/\/belong.ee\/de\/wp-json\/wp\/v2\/users\/4"}],"replies":[{"embeddable":true,"href":"https:\/\/belong.ee\/de\/wp-json\/wp\/v2\/comments?post=28650"}],"version-history":[{"count":2,"href":"https:\/\/belong.ee\/de\/wp-json\/wp\/v2\/pages\/28650\/revisions"}],"predecessor-version":[{"id":28652,"href":"https:\/\/belong.ee\/de\/wp-json\/wp\/v2\/pages\/28650\/revisions\/28652"}],"wp:featuredmedia":[{"embeddable":true,"href":"https:\/\/belong.ee\/de\/wp-json\/wp\/v2\/media\/28633"}],"wp:attachment":[{"href":"https:\/\/belong.ee\/de\/wp-json\/wp\/v2\/media?parent=28650"}],"curies":[{"name":"wp","href":"https:\/\/api.w.org\/{rel}","templated":true}]}}