{"id":28687,"date":"2024-08-13T12:18:18","date_gmt":"2024-08-13T10:18:18","guid":{"rendered":"https:\/\/belong.ee\/unsere-geschichte\/"},"modified":"2026-01-07T17:40:54","modified_gmt":"2026-01-07T15:40:54","slug":"unsere-geschichte","status":"publish","type":"page","link":"https:\/\/belong.ee\/de\/unsere-geschichte\/","title":{"rendered":"Unsere Geschichte"},"content":{"rendered":"<p>[et_pb_section fb_built=&#8220;1&#8243; _builder_version=&#8220;4.27.0&#8243; _module_preset=&#8220;default&#8220; global_colors_info=&#8220;{}&#8220;][et_pb_row _builder_version=&#8220;4.27.0&#8243; _module_preset=&#8220;default&#8220; global_colors_info=&#8220;{}&#8220;][et_pb_column type=&#8220;4_4&#8243; _builder_version=&#8220;4.27.0&#8243; _module_preset=&#8220;default&#8220; global_colors_info=&#8220;{}&#8220;][et_pb_text _builder_version=&#8220;4.27.0&#8243; _module_preset=&#8220;b5629d61-8761-48a4-843a-08bad35c28b0&#8243; locked=&#8220;off&#8220; global_colors_info=&#8220;{}&#8220;]<\/p>\n<h1 style=\"text-align: center;\">Mission<\/h1>\n<p>[\/et_pb_text][et_pb_text _builder_version=&#8220;4.27.0&#8243; _module_preset=&#8220;b5629d61-8761-48a4-843a-08bad35c28b0&#8243; text_orientation=&#8220;center&#8220; locked=&#8220;off&#8220; global_colors_info=&#8220;{}&#8220;]<\/p>\n<h2>F\u00fcr das Wohl der Integrit\u00e4t des Lebens<\/h2>\n<h2><\/h2>\n<p>[\/et_pb_text][et_pb_text _builder_version=&#8220;4.27.0&#8243; _module_preset=&#8220;a71a5122-3537-4d1b-aa15-649fe0057a23&#8243; text_font_size_tablet=&#8220;&#8220; text_font_size_phone=&#8220;&#8220; text_font_size_last_edited=&#8220;on|desktop&#8220; locked=&#8220;off&#8220; global_colors_info=&#8220;{}&#8220;]<\/p>\n<p style=\"text-align: left;\">Unser Ziel ist es, zu Werten beizutragen, die die Integrit\u00e4t des Lebens unterst\u00fctzen.<\/p>\n<p>F\u00fcr uns bedeutet das Integrit\u00e4t in drei Kontexten: pers\u00f6nlich, gesellschaftlich\/sozial und im \u00d6kosystem.<\/p>\n<p>&nbsp;<\/p>\n<ul>\n<li data-list=\"bullet\">Auf pers\u00f6nlicher Ebene bewegen wir uns auf die Ganzheit zu, indem wir unsere Schmerzpunkte heilen und mehr in Kontakt mit uns selbst kommen.<\/li>\n<li data-list=\"bullet\">Der gesellschaftliche\/soziale Aspekt heilt durch pers\u00f6nliche Heilung und durch die Ver\u00e4nderung gesellschaftlicher \u00dcberzeugungen.<\/li>\n<li data-list=\"bullet\">Die Integrit\u00e4t eines \u00d6kosystems h\u00e4ngt davon ab, wie wir uns selbst als Teil dieses Systems wahrnehmen.<\/li>\n<\/ul>\n<p>[\/et_pb_text][\/et_pb_column][\/et_pb_row][et_pb_row _builder_version=&#8220;4.21.0&#8243; _module_preset=&#8220;default&#8220; global_colors_info=&#8220;{}&#8220;][et_pb_column type=&#8220;4_4&#8243; _builder_version=&#8220;4.21.0&#8243; _module_preset=&#8220;default&#8220; global_colors_info=&#8220;{}&#8220;][et_pb_text _builder_version=&#8220;4.27.0&#8243; _module_preset=&#8220;b5629d61-8761-48a4-843a-08bad35c28b0&#8243; locked=&#8220;off&#8220; global_colors_info=&#8220;{}&#8220;]<\/p>\n<h1 style=\"text-align: center;\">Unsere Geschichte<\/h1>\n<p>[\/et_pb_text][et_pb_text _builder_version=&#8220;4.27.0&#8243; _module_preset=&#8220;a71a5122-3537-4d1b-aa15-649fe0057a23&#8243; text_line_height=&#8220;1.9em&#8220; locked=&#8220;off&#8220; global_colors_info=&#8220;{}&#8220;]<\/p>\n<p>Wir sahen, dass in einem Bereich die Herausforderung darin besteht, dass die Kunden die Macher finden und die Macher die Kunden finden. Mit unserer Erfahrung im Webdesign und im Management von Veranstaltungsplattformen sahen wir einen bereichsspezifischen Zeit-Raum-Viewer f\u00fcr Veranstaltungen als L\u00f6sung an. Wir erkannten, dass es sich dabei um eine universelle L\u00f6sung handelt, unabh\u00e4ngig von Branche, Geografie oder Sprache.  <\/p>\n<p>Mit diesem Ziel vor Augen m\u00f6chte Belong Events <strong>eine sektorspezifische geografische Karte von Veranstaltungen anbieten<\/strong>, die Aktivit\u00e4ten f\u00fcr Kunden, Lernende und Berufst\u00e4tige gleicherma\u00dfen widerspiegeln. Dar\u00fcber hinaus wollen wir einen Beitrag zu den Werten leisten, die die Ganzheit des Lebens unterst\u00fctzen, damit das Leben auf diesem Planeten f\u00fcr uns alle angenehm ist. <\/p>\n<p>Wir haben ein gemeinsames gesellschaftliches Interesse an der Schaffung und Entwicklung kleinerer und gr\u00f6\u00dferer Gemeinschaftsgruppen. Wir arbeiten mit Menschen zusammen, die die Gemeinschaftsplattform als Chance f\u00fcr neue L\u00f6sungen und besseres Handeln sehen. <\/p>\n<p>[\/et_pb_text][\/et_pb_column][\/et_pb_row][et_pb_row column_structure=&#8220;1_2,1_2&#8243; use_custom_gutter=&#8220;on&#8220; gutter_width=&#8220;2&#8243; _builder_version=&#8220;4.27.2&#8243; _module_preset=&#8220;default&#8220; global_colors_info=&#8220;{}&#8220;][et_pb_column type=&#8220;1_2&#8243; _builder_version=&#8220;4.22.2&#8243; _module_preset=&#8220;default&#8220; global_colors_info=&#8220;{}&#8220;][et_pb_image src=&#8220;https:\/\/belong.ee\/wp-content\/uploads\/2024\/08\/Profile-Ragnar-Kurm.jpg&#8220; title_text=&#8220;Ragnar Kurm&#8220; _builder_version=&#8220;4.27.0&#8243; _module_preset=&#8220;default&#8220; global_colors_info=&#8220;{}&#8220;][\/et_pb_image][et_pb_text _builder_version=&#8220;4.27.0&#8243; _module_preset=&#8220;default&#8220; header_2_text_color=&#8220;#000000&#8243; header_2_font_size=&#8220;26px&#8220; custom_padding=&#8220;|||5%|false|false&#8220; global_colors_info=&#8220;{}&#8220;]<\/p>\n<h2>Ragnar Kurm<\/h2>\n<p>[\/et_pb_text][et_pb_text _builder_version=&#8220;4.27.0&#8243; _module_preset=&#8220;default&#8220; text_text_color=&#8220;#000000&#8243; custom_margin=&#8220;||0px||false|false&#8220; custom_padding=&#8220;|||5%|false|false&#8220; global_colors_info=&#8220;{%22gcid-4721c02e-63da-4985-9f86-80b98bb29c52%22:%91%93}&#8220;]<\/p>\n<p>Ich habe eine Kombination aus Begeisterung f\u00fcr die Organisation von Veranstaltungen, einem breiten IT-Hintergrund und dem Wunsch, lebensverbessernde Werte besser zug\u00e4nglich zu machen. Das war die Inspiration und der entscheidende Ansto\u00df, die Plattform Belong Events ins Leben zu rufen. <\/p>\n<p>[\/et_pb_text][\/et_pb_column][et_pb_column type=&#8220;1_2&#8243; _builder_version=&#8220;4.16&#8243; _module_preset=&#8220;default&#8220; global_colors_info=&#8220;{}&#8220;][et_pb_image src=&#8220;https:\/\/belong.ee\/wp-content\/uploads\/2024\/08\/Profile-Merle-Randlepp.jpg&#8220; title_text=&#8220;Merle Randlepp&#8220; _builder_version=&#8220;4.27.0&#8243; _module_preset=&#8220;default&#8220; global_colors_info=&#8220;{}&#8220;][\/et_pb_image][et_pb_text _builder_version=&#8220;4.27.0&#8243; _module_preset=&#8220;default&#8220; header_2_text_color=&#8220;#000000&#8243; header_2_font_size=&#8220;26px&#8220; custom_padding=&#8220;|||5%|false|false&#8220; global_colors_info=&#8220;{}&#8220;]<\/p>\n<h2>Merle Randlepp<\/h2>\n<p>[\/et_pb_text][et_pb_text _builder_version=&#8220;4.27.0&#8243; _module_preset=&#8220;default&#8220; text_text_color=&#8220;#000000&#8243; custom_margin=&#8220;||0px||false|false&#8220; custom_padding=&#8220;|||5%|false|false&#8220; global_colors_info=&#8220;{%22gcid-4721c02e-63da-4985-9f86-80b98bb29c52%22:%91%93}&#8220;]<\/p>\n<p>Ich habe mein Leben lang im Technologiesektor gearbeitet und war schon immer von der Beziehung zwischen Mensch und Maschine fasziniert, sowohl in der Gegenwart als auch in der Zukunft.<\/p>\n<p>Ich m\u00f6chte, dass die Technologie den Menschen auf bestm\u00f6gliche Weise dient und uns hilft, eine ges\u00fcndere und st\u00e4rkere Gesellschaft zu werden, \u00fcberall auf der Welt.<\/p>\n<p>[\/et_pb_text][\/et_pb_column][\/et_pb_row][\/et_pb_section][et_pb_section fb_built=&#8220;1&#8243; admin_label=&#8220;Section&#8220; module_id=&#8220;Kontakt&#8220; _builder_version=&#8220;4.27.4&#8243; _module_preset=&#8220;default&#8220; background_color=&#8220;#464444&#8243; custom_padding=&#8220;4px||2px|||&#8220; hover_enabled=&#8220;0&#8243; global_module=&#8220;740&#8243; saved_tabs=&#8220;all&#8220; global_colors_info=&#8220;{}&#8220; sticky_enabled=&#8220;0&#8243;][et_pb_row column_structure=&#8220;1_4,1_4,1_2&#8243; admin_label=&#8220;Reihe&#8220; _builder_version=&#8220;4.27.4&#8243; _module_preset=&#8220;default&#8220; width=&#8220;auto&#8220; width_tablet=&#8220;&#8220; width_phone=&#8220;&#8220; width_last_edited=&#8220;on|desktop&#8220; hover_enabled=&#8220;0&#8243; global_colors_info=&#8220;{}&#8220; sticky_enabled=&#8220;0&#8243; custom_margin=&#8220;||||false|true&#8220; custom_padding=&#8220;||||false|true&#8220;][et_pb_column type=&#8220;1_4&#8243; _builder_version=&#8220;4.27.4&#8243; _module_preset=&#8220;default&#8220; global_colors_info=&#8220;{}&#8220;][et_pb_image src=&#8220;https:\/\/belong.ee\/wp-content\/uploads\/2024\/08\/Belong-circle-no-text-100.png&#8220; title_text=&#8220;Belong&#8220; align=&#8220;center&#8220; src_tablet=&#8220;https:\/\/belong.ee\/wp-content\/uploads\/2024\/08\/Belong-circle-no-text-100.png&#8220; src_phone=&#8220;https:\/\/belong.ee\/wp-content\/uploads\/2024\/08\/Belong-circle-no-text-100.png&#8220; src_last_edited=&#8220;on|tablet&#8220; _builder_version=&#8220;4.27.4&#8243; _module_preset=&#8220;default&#8220; custom_margin=&#8220;||||false|false&#8220; global_colors_info=&#8220;{}&#8220;][\/et_pb_image][\/et_pb_column][et_pb_column type=&#8220;1_4&#8243; _builder_version=&#8220;4.27.0&#8243; _module_preset=&#8220;default&#8220; global_colors_info=&#8220;{}&#8220;][et_pb_text _builder_version=&#8220;4.27.4&#8243; _module_preset=&#8220;default&#8220; text_text_color=&#8220;gcid-primary-color&#8220; text_font_size=&#8220;15px&#8220; header_3_line_height=&#8220;2em&#8220; text_orientation=&#8220;center&#8220; custom_padding=&#8220;0px|20px|0px|20px|true|true&#8220; text_font_size_tablet=&#8220;&#8220; text_font_size_phone=&#8220;&#8220; text_font_size_last_edited=&#8220;on|desktop&#8220; global_colors_info=&#8220;{%22gcid-primary-color%22:%91%22header_2_text_color%22,%22text_text_color%22%93}&#8220;]<\/p>\n<p><a href=\"mailto:info@belong-events.com\">info@belong-events.com<\/a><\/p>\n<p>+372 <span>56 933 900<br \/><\/span>Belong O\u00dc<\/p>\n<p>[\/et_pb_text][\/et_pb_column][et_pb_column type=&#8220;1_2&#8243; admin_label=&#8220;S\u00e4ule&#8220; _builder_version=&#8220;4.27.0&#8243; _module_preset=&#8220;default&#8220; global_colors_info=&#8220;{}&#8220;][et_pb_text _builder_version=&#8220;4.27.4&#8243; _module_preset=&#8220;default&#8220; text_text_color=&#8220;gcid-primary-color&#8220; text_font_size=&#8220;16px&#8220; header_3_line_height=&#8220;2em&#8220; custom_padding=&#8220;0px|20px|0px|20px|true|true&#8220; text_font_size_tablet=&#8220;18px&#8220; global_colors_info=&#8220;{%22gcid-primary-color%22:%91%22header_2_text_color%22,%22text_text_color%22%93}&#8220;]<\/p>\n<p>UNSERE MISSION<br \/>Wir unterst\u00fctzen die Bereiche psychische Gesundheit und Selbstentwicklung und bringen Fachleute und ihre Kunden in einer inspirierenden Gemeinschaft zusammen.<\/p>\n<p>[\/et_pb_text][\/et_pb_column][\/et_pb_row][\/et_pb_section]<\/p>\n","protected":false},"excerpt":{"rendered":"<p>MissionF\u00fcr das Wohl der Integrit\u00e4t des Lebens Unser Ziel ist es, zu Werten beizutragen, die die Integrit\u00e4t des Lebens unterst\u00fctzen. F\u00fcr uns bedeutet das Integrit\u00e4t in drei Kontexten: pers\u00f6nlich, gesellschaftlich\/sozial und im \u00d6kosystem. &nbsp; Auf pers\u00f6nlicher Ebene bewegen wir uns auf die Ganzheit zu, indem wir unsere Schmerzpunkte heilen und mehr in Kontakt mit uns [&hellip;]<\/p>\n","protected":false},"author":4,"featured_media":0,"parent":0,"menu_order":0,"comment_status":"closed","ping_status":"closed","template":"","meta":{"_et_pb_use_builder":"on","_et_pb_old_content":"","_et_gb_content_width":"","footnotes":""},"class_list":["post-28687","page","type-page","status-publish","hentry"],"_links":{"self":[{"href":"https:\/\/belong.ee\/de\/wp-json\/wp\/v2\/pages\/28687","targetHints":{"allow":["GET"]}}],"collection":[{"href":"https:\/\/belong.ee\/de\/wp-json\/wp\/v2\/pages"}],"about":[{"href":"https:\/\/belong.ee\/de\/wp-json\/wp\/v2\/types\/page"}],"author":[{"embeddable":true,"href":"https:\/\/belong.ee\/de\/wp-json\/wp\/v2\/users\/4"}],"replies":[{"embeddable":true,"href":"https:\/\/belong.ee\/de\/wp-json\/wp\/v2\/comments?post=28687"}],"version-history":[{"count":2,"href":"https:\/\/belong.ee\/de\/wp-json\/wp\/v2\/pages\/28687\/revisions"}],"predecessor-version":[{"id":28689,"href":"https:\/\/belong.ee\/de\/wp-json\/wp\/v2\/pages\/28687\/revisions\/28689"}],"wp:attachment":[{"href":"https:\/\/belong.ee\/de\/wp-json\/wp\/v2\/media?parent=28687"}],"curies":[{"name":"wp","href":"https:\/\/api.w.org\/{rel}","templated":true}]}}