{"id":28690,"date":"2025-01-07T18:03:58","date_gmt":"2025-01-07T16:03:58","guid":{"rendered":"https:\/\/belong.ee\/was-ist-an-belong-anders\/"},"modified":"2026-01-07T17:41:04","modified_gmt":"2026-01-07T15:41:04","slug":"was-ist-an-belong-anders","status":"publish","type":"page","link":"https:\/\/belong.ee\/de\/was-ist-an-belong-anders\/","title":{"rendered":"Was ist an Belong anders?"},"content":{"rendered":"<p>[et_pb_section fb_built=&#8220;1&#8243; admin_label=&#8220;Header&#8220; _builder_version=&#8220;4.16&#8243; _module_preset=&#8220;default&#8220; locked=&#8220;off&#8220; global_colors_info=&#8220;{}&#8220;][et_pb_row _builder_version=&#8220;4.27.4&#8243; _module_preset=&#8220;default&#8220; global_colors_info=&#8220;{}&#8220;][et_pb_column type=&#8220;4_4&#8243; _builder_version=&#8220;4.16&#8243; _module_preset=&#8220;default&#8220; global_colors_info=&#8220;{}&#8220;][et_pb_text _builder_version=&#8220;4.27.2&#8243; _module_preset=&#8220;b5629d61-8761-48a4-843a-08bad35c28b0&#8243; header_3_font=&#8220;&#8211;et_global_heading_font||||||||&#8220; header_3_line_height=&#8220;2em&#8220; custom_padding=&#8220;0px|20px|0px|20px|true|true&#8220; locked=&#8220;off&#8220; global_colors_info=&#8220;{}&#8220;]<\/p>\n<h1 style=\"text-align: center;\">Was ist an Belong anders?<\/h1>\n<p>[\/et_pb_text][et_pb_text _builder_version=&#8220;4.27.4&#8243; _module_preset=&#8220;a71a5122-3537-4d1b-aa15-649fe0057a23&#8243; header_3_font=&#8220;&#8211;et_global_heading_font||||||||&#8220; header_3_line_height=&#8220;2em&#8220; global_module=&#8220;1541&#8243; saved_tabs=&#8220;all&#8220; locked=&#8220;off&#8220; global_colors_info=&#8220;{}&#8220;]<\/p>\n<p><span style=\"font-weight: 400;\">Belongi platvorm erineb teistest s\u00fcndmuseid n\u00e4itavatest platvormidest mitmes olulises aspektis nagu\u00a0<\/span><\/p>\n<ul>\n<li style=\"font-weight: 400;\" aria-level=\"1\"><span style=\"font-weight: 400;\">valdkondlik spetsialiseerumine\u00a0<\/span><\/li>\n<li style=\"font-weight: 400;\" aria-level=\"1\"><span style=\"font-weight: 400;\">innovaatiline \u201caeg-ruumi\u201d l\u00e4henemine<\/span><\/li>\n<li style=\"font-weight: 400;\" aria-level=\"1\"><span style=\"font-weight: 400;\">integreeritud \u00f6kos\u00fcsteem<\/span><\/li>\n<li style=\"font-weight: 400;\" aria-level=\"1\"><span style=\"font-weight: 400;\">kogukonna loomine ja professionaalide toetamine<\/span><\/li>\n<li style=\"font-weight: 400;\" aria-level=\"1\"><span style=\"font-weight: 400;\">elu terviklikkust toetav missioon ja v\u00e4\u00e4rtused<\/span><\/li>\n<li style=\"font-weight: 400;\" aria-level=\"1\"><span style=\"font-weight: 400;\">kohalik ja globaalne tasakaal<\/span><\/li>\n<\/ul>\n<p><span style=\"font-weight: 400;\">K\u00f5ik need omadused teevad Belongi platvormist s\u00fcgavalt fokusseeritud t\u00f6\u00f6riista vaimse heaolu valdkonnas.\u00a0<\/span><\/p>\n<p>Teised s\u00fcndmusteplatvormid v\u00f5tavad \u00fcldisema l\u00e4henemise, \u00fchendades mitmesugused valdkonnad \u00fchtsesse vaatesse, kus need sageli segunevad, mist\u00f5ttu on keeruline keskenduda konkreetsele teemale v\u00f5i valdkonnale.<\/p>\n<p>[\/et_pb_text][et_pb_text _builder_version=&#8220;4.27.4&#8243; _module_preset=&#8220;a71a5122-3537-4d1b-aa15-649fe0057a23&#8243; locked=&#8220;off&#8220; global_colors_info=&#8220;{}&#8220;]<\/p>\n<h3>1. sektorale Spezialisierung<\/h3>\n<ul>\n<li style=\"font-weight: 400;\" aria-level=\"1\"><b>Belong Events:<\/b><span style=\"font-weight: 400;\"> Konzentriert sich auf verschiedene Bereiche des psychischen Wohlbefindens und der Selbstentwicklung und bietet einen tiefen und gezielten Einblick in diese Bereiche. Die Plattform ist ideal f\u00fcr Organisatoren und Teilnehmer von Veranstaltungen zur Selbstentwicklung und psychischen Gesundheit.<\/span><\/li>\n<li style=\"font-weight: 400;\" aria-level=\"1\"><b>Andere Veranstaltungsplattformen <\/b>(z.B. <a href=\"https:\/\/www.eventbrite.com\/\" target=\"_blank\" rel=\"noopener\">Eventbrite<\/a>, <a href=\"https:\/\/www.meetup.com\/\" target=\"_blank\" rel=\"noopener\">Meetup<\/a>)<b>:<\/b><span style=\"font-weight: 400;\"> Plattformen mit allgemeinem Fokus, die eine breite Palette von Kategorien wie Business-Events, Technologie, Musik und Freizeit abdecken. Oft fehlt es an der Tiefe und Spezialisierung von Nischenbereichen.<\/span><\/li>\n<\/ul>\n<p>[\/et_pb_text][\/et_pb_column][\/et_pb_row][et_pb_row _builder_version=&#8220;4.27.4&#8243; _module_preset=&#8220;default&#8220; global_colors_info=&#8220;{}&#8220;][et_pb_column type=&#8220;4_4&#8243; _builder_version=&#8220;4.27.4&#8243; _module_preset=&#8220;default&#8220; global_colors_info=&#8220;{}&#8220;][et_pb_text _builder_version=&#8220;4.27.4&#8243; _module_preset=&#8220;f117a852-9ed3-4e7e-bbbb-0293ae077f1c&#8220; text_font=&#8220;&#8211;et_global_body_font|500|||||||&#8220; text_line_height=&#8220;1.9em&#8220; header_2_font_size=&#8220;26px&#8220; locked=&#8220;off&#8220; global_colors_info=&#8220;{%22gcid-primary-color%22:%91%22header_2_text_color%22%93}&#8220;]<\/p>\n<h3 style=\"text-align: center;\">Wir sind eine Unterst\u00fctzungsplattform f\u00fcr alle Sektoren<\/h3>\n<p>[\/et_pb_text][\/et_pb_column][\/et_pb_row][et_pb_row column_structure=&#8220;1_4,1_4,1_4,1_4&#8243; use_custom_gutter=&#8220;on&#8220; gutter_width=&#8220;2&#8243; _builder_version=&#8220;4.27.4&#8243; _module_preset=&#8220;default&#8220; module_alignment=&#8220;center&#8220; global_module=&#8220;1525&#8243; global_colors_info=&#8220;{}&#8220;][et_pb_column type=&#8220;1_4&#8243; _builder_version=&#8220;4.27.4&#8243; _module_preset=&#8220;default&#8220; global_colors_info=&#8220;{}&#8220;][et_pb_image src=&#8220;https:\/\/belong.ee\/wp-content\/uploads\/2024\/08\/konstellatsiooni-valdkond-avatud.jpg&#8220; title_text=&#8220;Konstellation des offenen Feldes&#8220; align=&#8220;center&#8220; _builder_version=&#8220;4.27.4&#8243; _module_preset=&#8220;default&#8220; global_colors_info=&#8220;{}&#8220;][\/et_pb_image][et_pb_text _builder_version=&#8220;4.27.0&#8243; _module_preset=&#8220;default&#8220; header_3_font=&#8220;&#8211;et_global_heading_font|700|||||||&#8220; header_3_text_align=&#8220;center&#8220; global_colors_info=&#8220;{}&#8220;]<\/p>\n<h3>Konstellation<\/h3>\n<p>[\/et_pb_text][\/et_pb_column][et_pb_column type=&#8220;1_4&#8243; _builder_version=&#8220;4.16&#8243; _module_preset=&#8220;default&#8220; global_colors_info=&#8220;{}&#8220;][et_pb_image src=&#8220;https:\/\/belong.ee\/wp-content\/uploads\/2024\/08\/psuhholoogia-valdkond.jpg&#8220; title_text=&#8220;Bereich der Psychologie&#8220; align=&#8220;center&#8220; _builder_version=&#8220;4.27.4&#8243; _module_preset=&#8220;default&#8220; global_colors_info=&#8220;{}&#8220;][\/et_pb_image][et_pb_text _builder_version=&#8220;4.27.4&#8243; _module_preset=&#8220;default&#8220; header_3_font=&#8220;&#8211;et_global_heading_font|700|||||||&#8220; header_3_text_align=&#8220;center&#8220; global_colors_info=&#8220;{}&#8220;]<\/p>\n<h3>Therapie<\/h3>\n<p>[\/et_pb_text][\/et_pb_column][et_pb_column type=&#8220;1_4&#8243; _builder_version=&#8220;4.16&#8243; _module_preset=&#8220;default&#8220; global_colors_info=&#8220;{}&#8220;][et_pb_image src=&#8220;https:\/\/belong.ee\/wp-content\/uploads\/2024\/08\/teraapia-valdkond-tulekul.jpg&#8220; title_text=&#8220;das aufstrebende Feld der Therapie&#8220; align=&#8220;center&#8220; _builder_version=&#8220;4.27.4&#8243; _module_preset=&#8220;default&#8220; global_colors_info=&#8220;{}&#8220;][\/et_pb_image][et_pb_text _builder_version=&#8220;4.27.4&#8243; _module_preset=&#8220;default&#8220; header_3_font=&#8220;&#8211;et_global_heading_font|700|||||||&#8220; header_3_text_align=&#8220;center&#8220; global_colors_info=&#8220;{}&#8220;]<\/p>\n<h3>Psychologie<\/h3>\n<p>[\/et_pb_text][\/et_pb_column][et_pb_column type=&#8220;1_4&#8243; _builder_version=&#8220;4.16&#8243; _module_preset=&#8220;default&#8220; global_colors_info=&#8220;{}&#8220;][et_pb_image src=&#8220;https:\/\/belong.ee\/wp-content\/uploads\/2024\/08\/coaching-valdkond-tulekul.jpg&#8220; title_text=&#8220;Coaching-Bereich in K\u00fcrze&#8220; align=&#8220;center&#8220; _builder_version=&#8220;4.27.4&#8243; _module_preset=&#8220;default&#8220; global_colors_info=&#8220;{}&#8220;][\/et_pb_image][et_pb_text _builder_version=&#8220;4.27.0&#8243; _module_preset=&#8220;default&#8220; header_3_font=&#8220;&#8211;et_global_heading_font|700|||||||&#8220; header_3_text_align=&#8220;center&#8220; global_colors_info=&#8220;{}&#8220;]<\/p>\n<h3>Coaching<\/h3>\n<p>[\/et_pb_text][\/et_pb_column][\/et_pb_row][et_pb_row _builder_version=&#8220;4.27.0&#8243; _module_preset=&#8220;default&#8220; global_colors_info=&#8220;{}&#8220;][et_pb_column type=&#8220;4_4&#8243; _builder_version=&#8220;4.16&#8243; _module_preset=&#8220;default&#8220; global_colors_info=&#8220;{}&#8220;][et_pb_text _builder_version=&#8220;4.27.4&#8243; _module_preset=&#8220;a71a5122-3537-4d1b-aa15-649fe0057a23&#8243; locked=&#8220;off&#8220; global_colors_info=&#8220;{}&#8220;]<\/p>\n<p><span style=\"color: #333333; font-family: var(--et_global_heading_font),serif; font-size: 22px; font-weight: 600;\">2. innovative &#8222;Zeit-Raum&#8220;-Funktion<\/span><\/p>\n<ul>\n<li style=\"font-weight: 400;\" aria-level=\"1\"><b>Belong Events:<\/b><span style=\"font-weight: 400;\"> Die Plattform verf\u00fcgt \u00fcber eine einzigartige &#8222;Zeit-Raum-Scrollbar&#8220;, mit der der Nutzer gleichzeitig einen Zeitraum und eine geografische Region festlegen kann. Dieses intuitive Tool macht die Suche visuell und einfach und bietet eine genaue \u00dcbersicht \u00fcber die Ereignisse, die den Bed\u00fcrfnissen des Nutzers entsprechen.<\/span><\/li>\n<li style=\"font-weight: 400;\" aria-level=\"1\"><b>Andere Plattformen:<\/b><span style=\"font-weight: 400;\"> Es sind zwar Datums- und Ortsfilter verf\u00fcgbar, aber es gibt keine grafische und intuitive Suchl\u00f6sung wie Belong Events.<\/span><\/li>\n<\/ul>\n<h3>3. integriertes \u00d6kosystem<\/h3>\n<ul>\n<li style=\"font-weight: 400;\" aria-level=\"1\"><b>Belong Events:<\/b><span style=\"font-weight: 400;\"> Die Plattform schafft Verbindungen zwischen Veranstaltungen, Dienstleistungen, Akteuren und Orten. Zum Beispiel kannst du von der Veranstaltungsseite aus direkt das Profil des Veranstalters, seine anderen Veranstaltungen und die von ihm angebotenen Dienstleistungen einsehen. Dieser Ansatz vereinfacht das Nutzererlebnis und schafft einen ganzheitlichen Blick auf den Sektor.<\/span><\/li>\n<li style=\"font-weight: 400;\" aria-level=\"1\"><b>Andere Plattformen:<\/b><span style=\"font-weight: 400;\"> Konzentrieren sich auf die Anzeige von Veranstaltungen, verkn\u00fcpfen aber oft nicht systematisch verschiedene Daten wie den Hintergrund des Veranstalters oder Informationen zu anderen Angeboten.<\/span><\/li>\n<\/ul>\n<h3>4. Gemeinschaft aufbauen und Fachkr\u00e4fte unterst\u00fctzen<\/h3>\n<ul>\n<li style=\"font-weight: 400;\" aria-level=\"1\"><b>Belong Events:<\/b><span style=\"font-weight: 400;\"> Wir arbeiten aktiv mit Branchenverb\u00e4nden zusammen, um Fachkr\u00e4fte zu unterst\u00fctzen, indem wir ihnen Werkzeuge zur Verf\u00fcgung stellen, mit denen sie die Sichtbarkeit und Reichweite ihrer Praxis erh\u00f6hen k\u00f6nnen. Die Plattform hilft dabei, Kunden, Partner und Ausbildungsm\u00f6glichkeiten zu finden. <\/span> <\/li>\n<li style=\"font-weight: 400;\" aria-level=\"1\"><b>Andere Plattformen:<\/b><span style=\"font-weight: 400;\"> Plattformen wie Meetup f\u00f6rdern zwar den Aufbau von Gemeinschaften, aber es fehlt ihnen der Fokus auf die Unterst\u00fctzung von Fachkr\u00e4ften und die Ber\u00fccksichtigung branchenspezifischer Bed\u00fcrfnisse.<\/span><span><\/span><\/li>\n<\/ul>\n<p>[\/et_pb_text][\/et_pb_column][\/et_pb_row][et_pb_row column_structure=&#8220;1_2,1_2&#8243; _builder_version=&#8220;4.27.4&#8243; _module_preset=&#8220;default&#8220; background_color=&#8220;#d7eec5&#8243; custom_margin=&#8220;||||false|false&#8220; custom_padding=&#8220;|15px||15px|false|true&#8220; border_radii=&#8220;off|||10px|10px&#8220; global_colors_info=&#8220;{}&#8220;][et_pb_column type=&#8220;1_2&#8243; _builder_version=&#8220;4.27.4&#8243; _module_preset=&#8220;default&#8220; background_color=&#8220;RGBA(255,255,255,0)&#8220; custom_padding=&#8220;20px|20px|20px|20px|true|true&#8220; border_radii=&#8220;on|10px|10px|10px|10px&#8220; border_width_all=&#8220;1px&#8220; border_color_all=&#8220;gcid-secondary-color&#8220; global_colors_info=&#8220;{%22gcid-secondary-color%22:%91%22background_color%22,%22border_color_all%22%93}&#8220;][et_pb_text _builder_version=&#8220;4.27.4&#8243; _module_preset=&#8220;a71a5122-3537-4d1b-aa15-649fe0057a23&#8243; text_line_height=&#8220;1.9em&#8220; text_orientation=&#8220;center&#8220; locked=&#8220;off&#8220; global_colors_info=&#8220;{}&#8220;]<\/p>\n<p>Wir arbeiten eng mit sektoralen Berufsverb\u00e4nden zusammen. Im Bereich der Aufstellungen sind unsere Partner <\/p>\n<p><strong>Estnischer Berufsverband der Aufsteller (EPKA)<\/strong><\/p>\n<p>[\/et_pb_text][\/et_pb_column][et_pb_column type=&#8220;1_2&#8243; _builder_version=&#8220;4.27.4&#8243; _module_preset=&#8220;default&#8220; background_color=&#8220;RGBA(255,255,255,0)&#8220; custom_padding=&#8220;20px|20px|20px|20px|true|true&#8220; border_radii=&#8220;on|10px|10px|10px|10px&#8220; border_width_all=&#8220;1px&#8220; border_color_all=&#8220;gcid-secondary-color&#8220; global_colors_info=&#8220;{%22gcid-secondary-color%22:%91%22border_color_all%22%93}&#8220;][et_pb_image src=&#8220;https:\/\/belong.ee\/wp-content\/uploads\/2023\/08\/epka-logo.png&#8220; alt=&#8220;EPKA-Logo&#8220; title_text=&#8220;EPKA-Logo&#8220; url=&#8220;https:\/\/epkaest.com\/&#8220; url_new_window=&#8220;on&#8220; _builder_version=&#8220;4.27.0&#8243; _module_preset=&#8220;default&#8220; background_color=&#8220;#FFFFFF&#8220; global_colors_info=&#8220;{}&#8220;][\/et_pb_image][\/et_pb_column][\/et_pb_row][et_pb_row _builder_version=&#8220;4.27.4&#8243; _module_preset=&#8220;default&#8220; global_colors_info=&#8220;{}&#8220;][et_pb_column type=&#8220;4_4&#8243; _builder_version=&#8220;4.27.4&#8243; _module_preset=&#8220;default&#8220; global_colors_info=&#8220;{}&#8220;][et_pb_text _builder_version=&#8220;4.27.4&#8243; _module_preset=&#8220;a71a5122-3537-4d1b-aa15-649fe0057a23&#8243; locked=&#8220;off&#8220; global_colors_info=&#8220;{}&#8220;]<\/p>\n<h3>5. eine Mission und Werte, die die Integrit\u00e4t des Lebens unterst\u00fctzen<\/h3>\n<ul>\n<li style=\"font-weight: 400;\" aria-level=\"1\"><b>Belong Events:<\/b><span style=\"font-weight: 400;\"> Die Plattform wurde entwickelt, um die Ganzheitlichkeit des Lebens zu unterst\u00fctzen und eine Gemeinschaft des psychischen Wohlbefindens zu f\u00f6rdern. Das Ziel ist es, spezifische sektorale Herausforderungen wie mangelnde Sichtbarkeit und Zusammenarbeit anzugehen.<\/span><\/li>\n<li style=\"font-weight: 400;\" aria-level=\"1\"><b>Andere Plattformen:<\/b><span style=\"font-weight: 400;\"> Konzentrieren sich in der Regel darauf, die Organisation von Veranstaltungen zu erleichtern und ein breites Spektrum von Nutzern zu bedienen, ohne einen klar definierten sektoralen Auftrag zu haben.<\/span><\/li>\n<\/ul>\n<h3>6. Lokales und globales Gleichgewicht<\/h3>\n<ul>\n<li style=\"font-weight: 400;\" aria-level=\"1\"><b>Belong Events:<\/b><span style=\"font-weight: 400;\"> Unterst\u00fctzt sowohl lokale Veranstaltungen als auch global vernetzte Gemeinschaften. Die regionale und thematische Tiefe erm\u00f6glicht eine bessere Anpassung an die Besonderheiten der einzelnen Regionen und Sektoren.<\/span><\/li>\n<li style=\"font-weight: 400;\" aria-level=\"1\"><b>Andere Plattformen:<\/b><span> Bieten eine breite globale Verf\u00fcgbarkeit, gehen aber oft nur oberfl\u00e4chlich auf lokale und spezifische Bed\u00fcrfnisse ein.<\/span><\/li>\n<\/ul>\n<p>[\/et_pb_text][\/et_pb_column][\/et_pb_row][et_pb_row module_id=&#8220;pohialused&#8220; _builder_version=&#8220;4.27.2&#8243; _module_preset=&#8220;default&#8220; global_colors_info=&#8220;{}&#8220;][et_pb_column type=&#8220;4_4&#8243; _builder_version=&#8220;4.27.2&#8243; _module_preset=&#8220;default&#8220; global_colors_info=&#8220;{}&#8220;][dsm_button button_one_text=&#8220;Plattform Belong \u00f6ffnen&#8220; button_one_url=&#8220;https:\/\/constellations.belong-events.com\/et&#8220; button_one_url_new_window=&#8220;on&#8220; button_alignment=&#8220;center&#8220; _builder_version=&#8220;4.27.4&#8243; _module_preset=&#8220;default&#8220; custom_button_one=&#8220;on&#8220; button_one_text_size=&#8220;16px&#8220; button_one_border_width=&#8220;1px&#8220; button_one_letter_spacing=&#8220;0px&#8220; button_one_font=&#8220;&#8211;et_global_body_font||||||||&#8220; button_one_custom_margin=&#8220;||||false|false&#8220; button_one_custom_padding=&#8220;10px|28px|10px|28px|true|true&#8220; global_colors_info=&#8220;{}&#8220;][\/dsm_button][\/et_pb_column][\/et_pb_row][\/et_pb_section][et_pb_section fb_built=&#8220;1&#8243; module_id=&#8220;Kontakt&#8220; _builder_version=&#8220;4.27.0&#8243; _module_preset=&#8220;default&#8220; background_color=&#8220;#464444&#8243; custom_padding=&#8220;4px||2px|||&#8220; global_module=&#8220;740&#8243; saved_tabs=&#8220;all&#8220; global_colors_info=&#8220;{}&#8220;][et_pb_row column_structure=&#8220;1_3,1_3,1_3&#8243; _builder_version=&#8220;4.27.0&#8243; _module_preset=&#8220;default&#8220; global_colors_info=&#8220;{}&#8220;][et_pb_column type=&#8220;1_3&#8243; _builder_version=&#8220;4.27.0&#8243; _module_preset=&#8220;default&#8220; global_colors_info=&#8220;{}&#8220;][et_pb_image src=&#8220;https:\/\/belong.ee\/wp-content\/uploads\/2024\/08\/Belong-circle-no-text-100.png&#8220; title_text=&#8220;Belong&#8220; align=&#8220;center&#8220; src_tablet=&#8220;&#8220; src_phone=&#8220;&#8220; src_last_edited=&#8220;on|desktop&#8220; _builder_version=&#8220;4.27.0&#8243; _module_preset=&#8220;default&#8220; custom_margin=&#8220;||||false|false&#8220; global_colors_info=&#8220;{}&#8220;][\/et_pb_image][\/et_pb_column][et_pb_column type=&#8220;1_3&#8243; _builder_version=&#8220;4.27.0&#8243; _module_preset=&#8220;default&#8220; global_colors_info=&#8220;{}&#8220;][et_pb_text _builder_version=&#8220;4.27.0&#8243; _module_preset=&#8220;default&#8220; header_3_line_height=&#8220;2em&#8220; custom_padding=&#8220;0px|20px|0px|20px|true|true&#8220; global_colors_info=&#8220;{}&#8220;]<\/p>\n<p><a href=\"mailto:info@belong-events.com\">info@belong-events.com<\/a><\/p>\n<p>Tel: +372 <span>56 933 900<\/span><\/p>\n<p>Belong O\u00dc, Reg.-Nr. 17031513<\/p>\n<p>[\/et_pb_text][\/et_pb_column][et_pb_column type=&#8220;1_3&#8243; _builder_version=&#8220;4.27.0&#8243; _module_preset=&#8220;default&#8220; global_colors_info=&#8220;{}&#8220;][et_pb_social_media_follow _builder_version=&#8220;4.27.0&#8243; _module_preset=&#8220;default&#8220; text_orientation=&#8220;center&#8220; custom_margin=&#8220;5%||||false|false&#8220; global_colors_info=&#8220;{}&#8220;][et_pb_social_media_follow_network social_network=&#8220;facebook&#8220; url=&#8220;https:\/\/www.facebook.com\/BelongPlatform&#8220; _builder_version=&#8220;4.27.0&#8243; _module_preset=&#8220;default&#8220; background_color=&#8220;#464444&#8243; background_enable_color=&#8220;on&#8220; global_colors_info=&#8220;{}&#8220; follow_button=&#8220;off&#8220; url_new_window=&#8220;on&#8220;]facebook[\/et_pb_social_media_follow_network][\/et_pb_social_media_follow][\/et_pb_column][\/et_pb_row][\/et_pb_section]<\/p>\n","protected":false},"excerpt":{"rendered":"<p>Was ist an Belong anders?Belongi platvorm erineb teistest s\u00fcndmuseid n\u00e4itavatest platvormidest mitmes olulises aspektis nagu\u00a0 valdkondlik spetsialiseerumine\u00a0 innovaatiline \u201caeg-ruumi\u201d l\u00e4henemine integreeritud \u00f6kos\u00fcsteem kogukonna loomine ja professionaalide toetamine elu terviklikkust toetav missioon ja v\u00e4\u00e4rtused kohalik ja globaalne tasakaal K\u00f5ik need omadused teevad Belongi platvormist s\u00fcgavalt fokusseeritud t\u00f6\u00f6riista vaimse heaolu valdkonnas.\u00a0 Teised s\u00fcndmusteplatvormid v\u00f5tavad \u00fcldisema l\u00e4henemise, \u00fchendades [&hellip;]<\/p>\n","protected":false},"author":4,"featured_media":28633,"parent":0,"menu_order":0,"comment_status":"closed","ping_status":"closed","template":"","meta":{"_et_pb_use_builder":"on","_et_pb_old_content":"","_et_gb_content_width":"","footnotes":""},"class_list":["post-28690","page","type-page","status-publish","has-post-thumbnail","hentry"],"_links":{"self":[{"href":"https:\/\/belong.ee\/de\/wp-json\/wp\/v2\/pages\/28690","targetHints":{"allow":["GET"]}}],"collection":[{"href":"https:\/\/belong.ee\/de\/wp-json\/wp\/v2\/pages"}],"about":[{"href":"https:\/\/belong.ee\/de\/wp-json\/wp\/v2\/types\/page"}],"author":[{"embeddable":true,"href":"https:\/\/belong.ee\/de\/wp-json\/wp\/v2\/users\/4"}],"replies":[{"embeddable":true,"href":"https:\/\/belong.ee\/de\/wp-json\/wp\/v2\/comments?post=28690"}],"version-history":[{"count":4,"href":"https:\/\/belong.ee\/de\/wp-json\/wp\/v2\/pages\/28690\/revisions"}],"predecessor-version":[{"id":28701,"href":"https:\/\/belong.ee\/de\/wp-json\/wp\/v2\/pages\/28690\/revisions\/28701"}],"wp:featuredmedia":[{"embeddable":true,"href":"https:\/\/belong.ee\/de\/wp-json\/wp\/v2\/media\/28633"}],"wp:attachment":[{"href":"https:\/\/belong.ee\/de\/wp-json\/wp\/v2\/media?parent=28690"}],"curies":[{"name":"wp","href":"https:\/\/api.w.org\/{rel}","templated":true}]}}