{"id":28791,"date":"2025-12-04T09:58:09","date_gmt":"2025-12-04T07:58:09","guid":{"rendered":"https:\/\/belong.ee\/belong-mit-dem-belong-code-of-ethics\/"},"modified":"2026-01-07T17:43:24","modified_gmt":"2026-01-07T15:43:24","slug":"belong-mit-dem-belong-code-of-ethics","status":"publish","type":"page","link":"https:\/\/belong.ee\/de\/belong-mit-dem-belong-code-of-ethics\/","title":{"rendered":"Belong mit dem Belong Code of Ethics"},"content":{"rendered":"<p>[et_pb_section fb_built=&#8220;1&#8243; _builder_version=&#8220;4.27.4&#8243; _module_preset=&#8220;default&#8220; global_colors_info=&#8220;{}&#8220;][et_pb_row _builder_version=&#8220;4.27.4&#8243; _module_preset=&#8220;default&#8220; global_colors_info=&#8220;{}&#8220;][et_pb_column type=&#8220;4_4&#8243; _builder_version=&#8220;4.27.4&#8243; _module_preset=&#8220;default&#8220; global_colors_info=&#8220;{}&#8220;][et_pb_text _builder_version=&#8220;4.27.4&#8243; _module_preset=&#8220;b5629d61-8761-48a4-843a-08bad35c28b0&#8243; locked=&#8220;off&#8220; global_colors_info=&#8220;{}&#8220;]<\/p>\n<h1 style=\"text-align: center;\">Ehrenkodex<\/h1>\n<p>[\/et_pb_text][et_pb_text _builder_version=&#8220;4.27.4&#8243; _module_preset=&#8220;a71a5122-3537-4d1b-aa15-649fe0057a23&#8243; custom_padding=&#8220;0px|20px|0px|20px|true|true&#8220; hover_enabled=&#8220;0&#8243; locked=&#8220;off&#8220; global_colors_info=&#8220;{}&#8220; sticky_enabled=&#8220;0&#8243;]<\/p>\n<h2>Zweck und Umfang<\/h2>\n<p>Der Belong-Ethikkodex legt Grunds\u00e4tze und Verhaltensstandards fest, die ein sicheres, respektvolles und professionelles Umfeld f\u00fcr alle Nutzer der Belong-Plattform &#8211; Dienstleister, Kunden, Partner und das Belong-Team &#8211; gew\u00e4hrleisten. Der Kodex gilt f\u00fcr alle Belong-Umgebungen sowie f\u00fcr Veranstaltungen, die unter der Marke Belong organisiert oder von Belong vermarktet werden. <\/p>\n<h2>1. belong-Werte<\/h2>\n<p>Die folgenden Werte und Grunds\u00e4tze leiten unser Handeln:<\/p>\n<p><strong>Leben f\u00fcr Integrit\u00e4t<\/strong> &#8211; wir unterst\u00fctzen Integrit\u00e4t in Menschen, Beziehungen und Gemeinschaften; wir sehen Menschen als Teil eines integrierten \u00d6kosystems.<\/p>\n<p><strong>Menschenw\u00fcrde und Gleichheit<\/strong> &#8211; jeder Mensch verdient Respekt, faire Behandlung und Sicherheit.<\/p>\n<p><strong>Inklusion und Gemeinschaft<\/strong> &#8211; wir schaffen eine Plattform, auf der Unterschiede gesch\u00e4tzt werden und Zusammenarbeit die Norm ist.<\/p>\n<p><strong>Professionalit\u00e4t und Verantwortlichkeit<\/strong> &#8211; wir handeln innerhalb der Grenzen unserer Kompetenz, mit Integrit\u00e4t, Transparenz und Sorgfalt.<\/p>\n<p><strong>Datenschutz<\/strong> &#8211; Wir respektieren die Privatsph\u00e4re und behandeln Daten mit Sorgfalt und Zielstrebigkeit.<\/p>\n<h2>2. Definitionen<\/h2>\n<p><strong>Dienstanbieter<\/strong> &#8211; eine Person oder Organisation, die Dienste und\/oder Veranstaltungen auf der Belong-Plattform anbietet.<\/p>\n<p><strong>Kunde<\/strong> &#8211; eine Person, die sich f\u00fcr eine Veranstaltung interessiert, sie konsumiert oder sich daf\u00fcr anmeldet.<\/p>\n<p><strong>Veranstaltung<\/strong> &#8211; eine \u00f6ffentliche oder private Aktivit\u00e4t (Workshop, Schulung, Vortrag usw.), die auf der Belong-Plattform ver\u00f6ffentlicht wird.<\/p>\n<p><strong>Sensible Informationen<\/strong> &#8211; personenbezogene Daten, einschlie\u00dflich besonderer Kategorien personenbezogener Daten (k\u00f6rperliche oder geistige Gesundheit, Rasse oder ethnische Herkunft usw. Sensible Informationen f\u00fcr Datenschutzzwecke).<\/p>\n<h2>3. allgemeine Grunds\u00e4tze<\/h2>\n<p><strong>Menschenrechte, Autonomie und Gleichbehandlung.<\/strong>  Niemand wird aufgrund seiner Ethnie, Sprache, Nationalit\u00e4t, seines Geschlechts, seiner Geschlechtsidentit\u00e4t, seiner sexuellen Orientierung, seines Alters, seiner Behinderung, seiner Religion, seiner Weltanschauung, seines wirtschaftlichen Status oder eines anderen Merkmals diskriminiert.<\/p>\n<p><strong>Sicherheit und Schadensverh\u00fctung.<\/strong>  Wir schaffen einen psychologisch und physisch sicheren Raum; die Interventionen sind angemessen, die Teilnehmenden werden nicht unter Druck gesetzt oder manipuliert.<\/p>\n<p><strong>Fokus auf Professionalit\u00e4t.  <\/strong>Belong unterst\u00fctzt professionelle Qualit\u00e4tsstandards und f\u00f6rdert die Zusammenarbeit mit Berufsverb\u00e4nden.<\/p>\n<p><strong>Faires Marketing und Transparenz.<\/strong>  Inhalt und Versprechen sind konsistent; wir vermeiden \u00dcbertreibungen, versteckte Einflussnahme und irref\u00fchrende Behauptungen.<\/p>\n<p><strong>Vermeidung von Interessenkonflikten.<\/strong>  Wir vermeiden Situationen, die die Unparteilichkeit untergraben k\u00f6nnten.<\/p>\n<h2>4. standards f\u00fcr dienstleister<\/h2>\n<p>Belong erwartet von den Dienstleistern, dass sie sich an den Berufsethikkodex des Unternehmens halten. Wenn der Berufsethikkodex strenger ist, wird der strengere Standard befolgt. <\/p>\n<h3>Kompetenz und Rollenklarheit<\/h3>\n<ul>\n<li aria-level=\"1\">Beschreibe wahrheitsgem\u00e4\u00df deine Qualifikationen, Ausbildung und Erfahrung.<\/li>\n<li aria-level=\"1\">Keine Dienstleistungen anbieten, ohne \u00fcber die entsprechende Kompetenz zu verf\u00fcgen; mit anderen Fachkr\u00e4ften zusammenarbeiten und den Kunden weiterverweisen, wenn das Problem des Kunden dies erfordert.<\/li>\n<\/ul>\n<h3>Vertraulichkeit und Datenschutz<\/h3>\n<ul>\n<li aria-level=\"1\">Nur die notwendigen Daten zu sammeln und zu verarbeiten; Daten sicher zu speichern und eine angemessene Aufbewahrungsfrist festzulegen.<\/li>\n<li aria-level=\"1\">Gew\u00e4hrleistung der Anonymit\u00e4t der Kunden und keine Verwendung der Geschichten oder Bilder der Teilnehmer f\u00fcr Marketingzwecke ohne Zustimmung der Kunden.<\/li>\n<li aria-level=\"1\">Falls erforderlich, Kl\u00e4rung von F\u00e4llen, in denen die Vertraulichkeit rechtlichen Grenzen unterliegt (z. B. Bedrohung von Leben\/Gesundheit, gesetzliche Verpflichtung).<\/li>\n<li aria-level=\"1\">Die pers\u00f6nlichen und organisatorischen Seiten, die auf der Plattform ver\u00f6ffentlicht werden, sollen Transparenz und Wiederverwendbarkeit unterst\u00fctzen; sie m\u00fcssen unter Beachtung der Wahrhaftigkeit, des Respekts und des Gesetzes erstellt und ge\u00e4ndert werden. Im Falle eines Missbrauchs kann Belong den Zugang beschr\u00e4nken. <\/li>\n<li aria-level=\"1\">Ausf\u00fchrlichere Informationen zum Datenschutz findest du in der <a href=\"https:\/\/belong.ee\/de\/belong-datenschutzhinweis\/\">Belong-Datenschutzerkl\u00e4rung.<\/a><\/li>\n<\/ul>\n<h3>Sicherheit und Haftung<\/h3>\n<ul>\n<li aria-level=\"1\">Risikobewertung (z. B. psychische Krise, Traumaausl\u00f6ser, Sicherheit im Raum).<\/li>\n<li aria-level=\"1\">Bereitstellung von Folgeinformationen (einschlie\u00dflich Krisenhotlines).<\/li>\n<li aria-level=\"1\">Bei der Arbeit mit Minderj\u00e4hrigen sind die Zustimmung der Eltern\/Erziehungsberechtigten und die Grunds\u00e4tze des Kinderschutzes erforderlich.<\/li>\n<\/ul>\n<h2>5. Rechte und Pflichten der Kunden<\/h2>\n<ul>\n<li aria-level=\"1\">Das Recht auf einen sicheren, respektvollen und nicht-diskriminierenden Raum.<\/li>\n<li aria-level=\"1\">Das Recht auf klare Informationen und eine bewusste Entscheidung; das Recht, von einem Dienst oder einer Veranstaltung zur\u00fcckzutreten.<\/li>\n<li aria-level=\"1\">Verpflichtung, die vereinbarte Vertraulichkeit zu wahren, respektvoll zu kommunizieren und die Regeln des Anbieters zu befolgen.<\/li>\n<\/ul>\n<h2>6. Gemeinschaftsregeln und Moderation<\/h2>\n<p>Folgendes ist verboten<\/p>\n<ul>\n<li>Aufstachelung zum Hass, Hassreden, Erniedrigung, Drohungen, psychische Bel\u00e4stigung;<\/li>\n<li>\u00f6ffentliche &#8222;L\u00f6sung&#8220; von pers\u00f6nlichen Konflikten;<\/li>\n<li>die absichtliche Verbreitung von falschen Informationen;<\/li>\n<li>die Weitergabe vertraulicher Informationen einer anderen Person ohne klare Grundlage;<\/li>\n<li>Betrug, verdeckter Verkauf, aufdringliche Anwerbung;<\/li>\n<li>Pornografie und sexuelle Bel\u00e4stigung;<\/li>\n<li>illegale Aktivit\u00e4ten.<\/li>\n<\/ul>\n<p>Belong hat das Recht, Inhalte zu entfernen, ein Nutzerkonto zu sperren oder zu k\u00fcndigen, die Anzeige einer Veranstaltung auszusetzen und Partner\/Beh\u00f6rden zu benachrichtigen, wenn der Verdacht auf einen Versto\u00df besteht.<\/p>\n<h2>7. Umgang mit Beschwerden und Verst\u00f6\u00dfen<\/h2>\n<p><strong>Von wem erhalten wir Beschwerden?<\/strong>  Von allen Plattformnutzern, Partnern und der \u00d6ffentlichkeit.<\/p>\n<p><strong>Wie kann ich eine Beschwerde einreichen?<\/strong>  \u00dcber das Webformular oder per E-Mail; wenn m\u00f6glich, f\u00fcge Screenshots, Korrespondenz usw. als Referenzen bei.<\/p>\n<p><strong>Wie gehen wir mit einer Beschwerde um?<\/strong>  Erste Best\u00e4tigung und Risikobewertung; Einholung von Informationen und Anh\u00f6rung der Partei; Entscheidung und Ma\u00dfnahmen (z. B. Verwarnung, Entfernung von Inhalten, vor\u00fcbergehende Sperrung des Kontos, Beendigung der Zusammenarbeit, L\u00f6schung des Kontos). Bei schwerwiegenden Verst\u00f6\u00dfen oder Drohungen schalten wir Partnerorganisationen oder zust\u00e4ndige Beh\u00f6rden ein. <\/p>\n<h2>8. ethische Lizenz<\/h2>\n<p>Als Nutzer der Belong-Plattform kann ich das best\u00e4tigen:<\/p>\n<ul>\n<li aria-level=\"1\">Ich habe den Belong-Ethikkodex gelesen und verstanden;<\/li>\n<li aria-level=\"1\">Ich befolge den Kodex bei meinen Aktivit\u00e4ten;<\/li>\n<li aria-level=\"1\">Ich verstehe, dass Belong im Falle eines Versto\u00dfes Moderations- und Vertragsma\u00dfnahmen ergreifen kann.<\/li>\n<\/ul>\n<p><em><\/em><\/p>\n<p><em>Letzte \u00c4nderung: 4. Dezember 2025<\/em><br \/><em>Kontakt f\u00fcr Ethik: info@belong-events.com<\/em><\/p>\n<p>[\/et_pb_text][\/et_pb_column][\/et_pb_row][\/et_pb_section]<\/p>\n","protected":false},"excerpt":{"rendered":"<p>EhrenkodexZweck und Umfang Der Belong-Ethikkodex legt Grunds\u00e4tze und Verhaltensstandards fest, die ein sicheres, respektvolles und professionelles Umfeld f\u00fcr alle Nutzer der Belong-Plattform &#8211; Dienstleister, Kunden, Partner und das Belong-Team &#8211; gew\u00e4hrleisten. Der Kodex gilt f\u00fcr alle Belong-Umgebungen sowie f\u00fcr Veranstaltungen, die unter der Marke Belong organisiert oder von Belong vermarktet werden. 1. belong-Werte Die folgenden [&hellip;]<\/p>\n","protected":false},"author":4,"featured_media":28633,"parent":0,"menu_order":0,"comment_status":"closed","ping_status":"closed","template":"","meta":{"_et_pb_use_builder":"on","_et_pb_old_content":"","_et_gb_content_width":"","footnotes":""},"class_list":["post-28791","page","type-page","status-publish","has-post-thumbnail","hentry"],"_links":{"self":[{"href":"https:\/\/belong.ee\/de\/wp-json\/wp\/v2\/pages\/28791","targetHints":{"allow":["GET"]}}],"collection":[{"href":"https:\/\/belong.ee\/de\/wp-json\/wp\/v2\/pages"}],"about":[{"href":"https:\/\/belong.ee\/de\/wp-json\/wp\/v2\/types\/page"}],"author":[{"embeddable":true,"href":"https:\/\/belong.ee\/de\/wp-json\/wp\/v2\/users\/4"}],"replies":[{"embeddable":true,"href":"https:\/\/belong.ee\/de\/wp-json\/wp\/v2\/comments?post=28791"}],"version-history":[{"count":1,"href":"https:\/\/belong.ee\/de\/wp-json\/wp\/v2\/pages\/28791\/revisions"}],"predecessor-version":[{"id":28798,"href":"https:\/\/belong.ee\/de\/wp-json\/wp\/v2\/pages\/28791\/revisions\/28798"}],"wp:featuredmedia":[{"embeddable":true,"href":"https:\/\/belong.ee\/de\/wp-json\/wp\/v2\/media\/28633"}],"wp:attachment":[{"href":"https:\/\/belong.ee\/de\/wp-json\/wp\/v2\/media?parent=28791"}],"curies":[{"name":"wp","href":"https:\/\/api.w.org\/{rel}","templated":true}]}}