{"id":1473,"date":"2025-01-07T18:03:58","date_gmt":"2025-01-07T16:03:58","guid":{"rendered":"https:\/\/belong-events.com\/home-page\/how-is-belong-different\/"},"modified":"2025-12-11T18:28:34","modified_gmt":"2025-12-11T16:28:34","slug":"how-is-belong-different","status":"publish","type":"page","link":"https:\/\/belong.ee\/en\/how-is-belong-different\/","title":{"rendered":"How is Belong different?"},"content":{"rendered":"<p>[et_pb_section fb_built=&#8221;1&#8243; admin_label=&#8221;Header&#8221; _builder_version=&#8221;4.16&#8243; _module_preset=&#8221;default&#8221; locked=&#8221;off&#8221; global_colors_info=&#8221;{}&#8221;][et_pb_row _builder_version=&#8221;4.27.4&#8243; _module_preset=&#8221;default&#8221; global_colors_info=&#8221;{}&#8221;][et_pb_column type=&#8221;4_4&#8243; _builder_version=&#8221;4.16&#8243; _module_preset=&#8221;default&#8221; global_colors_info=&#8221;{}&#8221;][et_pb_text _builder_version=&#8221;4.27.2&#8243; _module_preset=&#8221;b5629d61-8761-48a4-843a-08bad35c28b0&#8243; header_3_font=&#8221;&#8211;et_global_heading_font||||||||&#8221; header_3_line_height=&#8221;2em&#8221; custom_padding=&#8221;0px|20px|0px|20px|true|true&#8221; locked=&#8221;off&#8221; global_colors_info=&#8221;{}&#8221;]<\/p>\n<h1 style=\"text-align: center;\">How is Belong different?<\/h1>\n<p>[\/et_pb_text][et_pb_text _builder_version=&#8221;4.27.4&#8243; _module_preset=&#8221;a71a5122-3537-4d1b-aa15-649fe0057a23&#8243; header_3_font=&#8221;&#8211;et_global_heading_font||||||||&#8221; header_3_line_height=&#8221;2em&#8221; global_module=&#8221;1541&#8243; saved_tabs=&#8221;all&#8221; locked=&#8221;off&#8221; global_colors_info=&#8221;{}&#8221;]<\/p>\n<p><span style=\"font-weight: 400;\">Belongi platvorm erineb teistest s\u00fcndmuseid n\u00e4itavatest platvormidest mitmes olulises aspektis nagu\u00a0<\/span><\/p>\n<ul>\n<li style=\"font-weight: 400;\" aria-level=\"1\"><span style=\"font-weight: 400;\">valdkondlik spetsialiseerumine\u00a0<\/span><\/li>\n<li style=\"font-weight: 400;\" aria-level=\"1\"><span style=\"font-weight: 400;\">innovaatiline \u201caeg-ruumi\u201d l\u00e4henemine<\/span><\/li>\n<li style=\"font-weight: 400;\" aria-level=\"1\"><span style=\"font-weight: 400;\">integreeritud \u00f6kos\u00fcsteem<\/span><\/li>\n<li style=\"font-weight: 400;\" aria-level=\"1\"><span style=\"font-weight: 400;\">kogukonna loomine ja professionaalide toetamine<\/span><\/li>\n<li style=\"font-weight: 400;\" aria-level=\"1\"><span style=\"font-weight: 400;\">elu terviklikkust toetav missioon ja v\u00e4\u00e4rtused<\/span><\/li>\n<li style=\"font-weight: 400;\" aria-level=\"1\"><span style=\"font-weight: 400;\">kohalik ja globaalne tasakaal<\/span><\/li>\n<\/ul>\n<p><span style=\"font-weight: 400;\">K\u00f5ik need omadused teevad Belongi platvormist s\u00fcgavalt fokusseeritud t\u00f6\u00f6riista vaimse heaolu valdkonnas.\u00a0<\/span><\/p>\n<p>Teised s\u00fcndmusteplatvormid v\u00f5tavad \u00fcldisema l\u00e4henemise, \u00fchendades mitmesugused valdkonnad \u00fchtsesse vaatesse, kus need sageli segunevad, mist\u00f5ttu on keeruline keskenduda konkreetsele teemale v\u00f5i valdkonnale.<\/p>\n<p>[\/et_pb_text][et_pb_text _builder_version=&#8221;4.27.4&#8243; _module_preset=&#8221;a71a5122-3537-4d1b-aa15-649fe0057a23&#8243; locked=&#8221;off&#8221; global_colors_info=&#8221;{}&#8221;]<\/p>\n<h3>1. Sectoral specialisation<\/h3>\n<ul>\n<li style=\"font-weight: 400;\" aria-level=\"1\"><b>Belong Events:<\/b><span style=\"font-weight: 400;\">  Focuses on different areas of mental wellbeing and self-development, providing a deep and focused overview. The platform is ideal for organisers and participants of self-development and mental health events. <\/span><\/li>\n<li style=\"font-weight: 400;\" aria-level=\"1\"><b>Other event platforms <\/b>(e.g. <a href=\"https:\/\/www.eventbrite.com\/\" target=\"_blank\" rel=\"noopener\">Eventbrite<\/a>, <a href=\"https:\/\/www.meetup.com\/\" target=\"_blank\" rel=\"noopener\">Meetup<\/a>)<b>:<\/b><span style=\"font-weight: 400;\">  Platforms with a general focus, covering a wide range of categories such as business events, technology, music and leisure. There is often a lack of depth and specialisation in niche areas. <\/span><\/li>\n<\/ul>\n<p>[\/et_pb_text][\/et_pb_column][\/et_pb_row][et_pb_row _builder_version=&#8221;4.27.4&#8243; _module_preset=&#8221;default&#8221; global_colors_info=&#8221;{}&#8221;][et_pb_column type=&#8221;4_4&#8243; _builder_version=&#8221;4.27.4&#8243; _module_preset=&#8221;default&#8221; global_colors_info=&#8221;{}&#8221;][et_pb_text _builder_version=&#8221;4.27.4&#8243; _module_preset=&#8221;f117a852-9ed3-4e7e-bbbb-0293ae077f1c&#8221; text_font=&#8221;&#8211;et_global_body_font|500|||||||&#8221; text_line_height=&#8221;1.9em&#8221; header_2_font_size=&#8221;26px&#8221; locked=&#8221;off&#8221; global_colors_info=&#8221;{%22gcid-primary-color%22:%91%22header_2_text_color%22%93}&#8221;]<\/p>\n<h3 style=\"text-align: center;\">We are a support platform for every sector<\/h3>\n<p>[\/et_pb_text][\/et_pb_column][\/et_pb_row][et_pb_row column_structure=&#8221;1_4,1_4,1_4,1_4&#8243; use_custom_gutter=&#8221;on&#8221; gutter_width=&#8221;2&#8243; _builder_version=&#8221;4.27.4&#8243; _module_preset=&#8221;default&#8221; module_alignment=&#8221;center&#8221; global_module=&#8221;1525&#8243; global_colors_info=&#8221;{}&#8221;][et_pb_column type=&#8221;1_4&#8243; _builder_version=&#8221;4.27.4&#8243; _module_preset=&#8221;default&#8221; global_colors_info=&#8221;{}&#8221;][et_pb_image src=&#8221;https:\/\/belong.ee\/wp-content\/uploads\/2024\/08\/konstellatsiooni-valdkond-avatud.jpg&#8221; title_text=&#8221;constellation of open field&#8221; align=&#8221;center&#8221; _builder_version=&#8221;4.27.4&#8243; _module_preset=&#8221;default&#8221; global_colors_info=&#8221;{}&#8221;][\/et_pb_image][et_pb_text _builder_version=&#8221;4.27.0&#8243; _module_preset=&#8221;default&#8221; header_3_font=&#8221;&#8211;et_global_heading_font|700|||||||&#8221; header_3_text_align=&#8221;center&#8221; global_colors_info=&#8221;{}&#8221;]<\/p>\n<h3>Constellation<\/h3>\n<p>[\/et_pb_text][\/et_pb_column][et_pb_column type=&#8221;1_4&#8243; _builder_version=&#8221;4.16&#8243; _module_preset=&#8221;default&#8221; global_colors_info=&#8221;{}&#8221;][et_pb_image src=&#8221;https:\/\/belong.ee\/wp-content\/uploads\/2024\/08\/psuhholoogia-valdkond.jpg&#8221; title_text=&#8221;field of psychology&#8221; align=&#8221;center&#8221; _builder_version=&#8221;4.27.4&#8243; _module_preset=&#8221;default&#8221; global_colors_info=&#8221;{}&#8221;][\/et_pb_image][et_pb_text _builder_version=&#8221;4.27.4&#8243; _module_preset=&#8221;default&#8221; header_3_font=&#8221;&#8211;et_global_heading_font|700|||||||&#8221; header_3_text_align=&#8221;center&#8221; global_colors_info=&#8221;{}&#8221;]<\/p>\n<h3>Therapy<\/h3>\n<p>[\/et_pb_text][\/et_pb_column][et_pb_column type=&#8221;1_4&#8243; _builder_version=&#8221;4.16&#8243; _module_preset=&#8221;default&#8221; global_colors_info=&#8221;{}&#8221;][et_pb_image src=&#8221;https:\/\/belong.ee\/wp-content\/uploads\/2024\/08\/teraapia-valdkond-tulekul.jpg&#8221; title_text=&#8221;the upcoming field of therapy&#8221; align=&#8221;center&#8221; _builder_version=&#8221;4.27.4&#8243; _module_preset=&#8221;default&#8221; global_colors_info=&#8221;{}&#8221;][\/et_pb_image][et_pb_text _builder_version=&#8221;4.27.4&#8243; _module_preset=&#8221;default&#8221; header_3_font=&#8221;&#8211;et_global_heading_font|700|||||||&#8221; header_3_text_align=&#8221;center&#8221; global_colors_info=&#8221;{}&#8221;]<\/p>\n<h3>Psychology<\/h3>\n<p>[\/et_pb_text][\/et_pb_column][et_pb_column type=&#8221;1_4&#8243; _builder_version=&#8221;4.16&#8243; _module_preset=&#8221;default&#8221; global_colors_info=&#8221;{}&#8221;][et_pb_image src=&#8221;https:\/\/belong.ee\/wp-content\/uploads\/2024\/08\/coaching-valdkond-tulekul.jpg&#8221; title_text=&#8221;coaching area coming soon&#8221; align=&#8221;center&#8221; _builder_version=&#8221;4.27.4&#8243; _module_preset=&#8221;default&#8221; global_colors_info=&#8221;{}&#8221;][\/et_pb_image][et_pb_text _builder_version=&#8221;4.27.0&#8243; _module_preset=&#8221;default&#8221; header_3_font=&#8221;&#8211;et_global_heading_font|700|||||||&#8221; header_3_text_align=&#8221;center&#8221; global_colors_info=&#8221;{}&#8221;]<\/p>\n<h3>Coaching<\/h3>\n<p>[\/et_pb_text][\/et_pb_column][\/et_pb_row][et_pb_row _builder_version=&#8221;4.27.0&#8243; _module_preset=&#8221;default&#8221; global_colors_info=&#8221;{}&#8221;][et_pb_column type=&#8221;4_4&#8243; _builder_version=&#8221;4.16&#8243; _module_preset=&#8221;default&#8221; global_colors_info=&#8221;{}&#8221;][et_pb_text _builder_version=&#8221;4.27.4&#8243; _module_preset=&#8221;a71a5122-3537-4d1b-aa15-649fe0057a23&#8243; locked=&#8221;off&#8221; global_colors_info=&#8221;{}&#8221;]<\/p>\n<p><span style=\"color: #333333; font-family: var(--et_global_heading_font),serif; font-size: 22px; font-weight: 600;\">2. Innovative &#8220;time-space&#8221; feature<\/span><\/p>\n<ul>\n<li style=\"font-weight: 400;\" aria-level=\"1\"><b>Belong Events:<\/b><span style=\"font-weight: 400;\">  The platform has a unique &#8220;time-space browser&#8221;, which allows the user to set the time period and the geographical area simultaneously. This intuitive tool makes searching visual and easy to use, providing an accurate view of events that match the user&#8217;s needs. <\/span><\/li>\n<li style=\"font-weight: 400;\" aria-level=\"1\"><b>Other platforms:<\/b><span style=\"font-weight: 400;\"> While date and location filters are available, there is no graphical and intuitive search solution like Belong Events.<\/span><\/li>\n<\/ul>\n<h3>3. Integrated ecosystem<\/h3>\n<ul>\n<li style=\"font-weight: 400;\" aria-level=\"1\"><b>Belong Events:<\/b><span style=\"font-weight: 400;\">  The platform creates links between events, services, actors and locations. For example, from the event page, you can directly view the organiser&#8217;s profile, their other events and the services they offer. This approach simplifies the user experience and creates a holistic view of the area.  <\/span><\/li>\n<li style=\"font-weight: 400;\" aria-level=\"1\"><b>Other platforms:<\/b><span style=\"font-weight: 400;\"> Focus on displaying events, but often do not systematically link different data such as organiser background or information related to other offers.<\/span><\/li>\n<\/ul>\n<h3>4. Building community and supporting professionals<\/h3>\n<ul>\n<li style=\"font-weight: 400;\" aria-level=\"1\"><b>Belong Events:<\/b><span style=\"font-weight: 400;\">  We actively work with professional associations in the field to support professionals by providing tools to expand the visibility and reach of their practice. The platform helps to find clients, partners and training opportunities.   <\/span><\/li>\n<li style=\"font-weight: 400;\" aria-level=\"1\"><b>Other platforms:<\/b><span style=\"font-weight: 400;\"> While platforms such as Meetup encourage community building, they lack a focus on supporting professionals and addressing sector-specific needs.<\/span><span><\/span><\/li>\n<\/ul>\n<p>[\/et_pb_text][\/et_pb_column][\/et_pb_row][et_pb_row column_structure=&#8221;1_2,1_2&#8243; _builder_version=&#8221;4.27.4&#8243; _module_preset=&#8221;default&#8221; background_color=&#8221;#d7eec5&#8243; custom_margin=&#8221;||||false|false&#8221; custom_padding=&#8221;|15px||15px|false|true&#8221; border_radii=&#8221;off|||10px|10px&#8221; global_colors_info=&#8221;{}&#8221;][et_pb_column type=&#8221;1_2&#8243; _builder_version=&#8221;4.27.4&#8243; _module_preset=&#8221;default&#8221; background_color=&#8221;RGBA(255,255,255,0)&#8221; custom_padding=&#8221;20px|20px|20px|20px|true|true&#8221; border_radii=&#8221;on|10px|10px|10px|10px&#8221; border_width_all=&#8221;1px&#8221; border_color_all=&#8221;gcid-secondary-color&#8221; global_colors_info=&#8221;{%22gcid-secondary-color%22:%91%22background_color%22,%22border_color_all%22%93}&#8221;][et_pb_text _builder_version=&#8221;4.27.4&#8243; _module_preset=&#8221;a71a5122-3537-4d1b-aa15-649fe0057a23&#8243; text_line_height=&#8221;1.9em&#8221; text_orientation=&#8221;center&#8221; locked=&#8221;off&#8221; global_colors_info=&#8221;{}&#8221;]<\/p>\n<p>We work closely with sectoral professional associations. In the field of constellations, our partners are <\/p>\n<p><strong>Estonian Professional Constellators Association (EPKA)<\/strong><\/p>\n<p>[\/et_pb_text][\/et_pb_column][et_pb_column type=&#8221;1_2&#8243; _builder_version=&#8221;4.27.4&#8243; _module_preset=&#8221;default&#8221; background_color=&#8221;RGBA(255,255,255,0)&#8221; custom_padding=&#8221;20px|20px|20px|20px|true|true&#8221; border_radii=&#8221;on|10px|10px|10px|10px&#8221; border_width_all=&#8221;1px&#8221; border_color_all=&#8221;gcid-secondary-color&#8221; global_colors_info=&#8221;{%22gcid-secondary-color%22:%91%22border_color_all%22%93}&#8221;][et_pb_image src=&#8221;https:\/\/belong.ee\/wp-content\/uploads\/2023\/08\/epka-logo.png&#8221; alt=&#8221;EPKA logo&#8221; title_text=&#8221;EPKA logo&#8221; url=&#8221;https:\/\/epkaest.com\/&#8221; url_new_window=&#8221;on&#8221; _builder_version=&#8221;4.27.0&#8243; _module_preset=&#8221;default&#8221; background_color=&#8221;#FFFFFF&#8221; global_colors_info=&#8221;{}&#8221;][\/et_pb_image][\/et_pb_column][\/et_pb_row][et_pb_row _builder_version=&#8221;4.27.4&#8243; _module_preset=&#8221;default&#8221; global_colors_info=&#8221;{}&#8221;][et_pb_column type=&#8221;4_4&#8243; _builder_version=&#8221;4.27.4&#8243; _module_preset=&#8221;default&#8221; global_colors_info=&#8221;{}&#8221;][et_pb_text _builder_version=&#8221;4.27.4&#8243; _module_preset=&#8221;a71a5122-3537-4d1b-aa15-649fe0057a23&#8243; locked=&#8221;off&#8221; global_colors_info=&#8221;{}&#8221;]<\/p>\n<h3>5. Mission and values that support the integrity of life<\/h3>\n<ul>\n<li style=\"font-weight: 400;\" aria-level=\"1\"><b>Belong Events:<\/b><span style=\"font-weight: 400;\">  The platform is designed to support the integrity of life and promote a community of mental well-being. The aim is to address specific sectoral challenges such as lack of visibility and collaboration. <\/span><\/li>\n<li style=\"font-weight: 400;\" aria-level=\"1\"><b>Other platforms:<\/b><span style=\"font-weight: 400;\"> Generally focus on facilitating the organisation of events and serving a wide range of users, without a clearly defined sectoral mission.<\/span><\/li>\n<\/ul>\n<h3>6. Local and global balance<\/h3>\n<ul>\n<li style=\"font-weight: 400;\" aria-level=\"1\"><b>Belong Events:<\/b><span style=\"font-weight: 400;\">  Supports both local events and globally connected communities. Regional and thematic depth allows for better adaptation to the specificities of each region and sector. <\/span><\/li>\n<li style=\"font-weight: 400;\" aria-level=\"1\"><b>Other platforms:<\/b><span> Offer wide global availability, but often remain superficial in addressing local and specific needs.<\/span><\/li>\n<\/ul>\n<p>[\/et_pb_text][\/et_pb_column][\/et_pb_row][et_pb_row module_id=&#8221;pohialused&#8221; _builder_version=&#8221;4.27.2&#8243; _module_preset=&#8221;default&#8221; global_colors_info=&#8221;{}&#8221;][et_pb_column type=&#8221;4_4&#8243; _builder_version=&#8221;4.27.2&#8243; _module_preset=&#8221;default&#8221; global_colors_info=&#8221;{}&#8221;][dsm_button button_one_text=&#8221;Open Belong platform&#8221; button_one_url=&#8221;https:\/\/constellations.belong-events.com\/et&#8221; button_one_url_new_window=&#8221;on&#8221; button_alignment=&#8221;center&#8221; _builder_version=&#8221;4.27.4&#8243; _module_preset=&#8221;default&#8221; custom_button_one=&#8221;on&#8221; button_one_text_size=&#8221;16px&#8221; button_one_border_width=&#8221;1px&#8221; button_one_letter_spacing=&#8221;0px&#8221; button_one_font=&#8221;&#8211;et_global_body_font||||||||&#8221; button_one_custom_margin=&#8221;||||false|false&#8221; button_one_custom_padding=&#8221;10px|28px|10px|28px|true|true&#8221; global_colors_info=&#8221;{}&#8221;][\/dsm_button][\/et_pb_column][\/et_pb_row][\/et_pb_section][et_pb_section fb_built=&#8221;1&#8243; module_id=&#8221;contact&#8221; _builder_version=&#8221;4.27.0&#8243; _module_preset=&#8221;default&#8221; background_color=&#8221;#464444&#8243; custom_padding=&#8221;4px||2px|||&#8221; global_module=&#8221;740&#8243; saved_tabs=&#8221;all&#8221; global_colors_info=&#8221;{}&#8221;][et_pb_row column_structure=&#8221;1_3,1_3,1_3&#8243; _builder_version=&#8221;4.27.0&#8243; _module_preset=&#8221;default&#8221; global_colors_info=&#8221;{}&#8221;][et_pb_column type=&#8221;1_3&#8243; _builder_version=&#8221;4.27.0&#8243; _module_preset=&#8221;default&#8221; global_colors_info=&#8221;{}&#8221;][et_pb_image src=&#8221;https:\/\/belong.ee\/wp-content\/uploads\/2024\/08\/Belong-circle-no-text-100.png&#8221; title_text=&#8221;Belong-circle-no-text-100&#8243; align=&#8221;center&#8221; src_tablet=&#8221;&#8221; src_phone=&#8221;&#8221; src_last_edited=&#8221;on|desktop&#8221; _builder_version=&#8221;4.27.0&#8243; _module_preset=&#8221;default&#8221; custom_margin=&#8221;||||false|false&#8221; global_colors_info=&#8221;{}&#8221;][\/et_pb_image][\/et_pb_column][et_pb_column type=&#8221;1_3&#8243; _builder_version=&#8221;4.27.0&#8243; _module_preset=&#8221;default&#8221; global_colors_info=&#8221;{}&#8221;][et_pb_text _builder_version=&#8221;4.27.0&#8243; _module_preset=&#8221;default&#8221; header_3_line_height=&#8221;2em&#8221; custom_padding=&#8221;0px|20px|0px|20px|true|true&#8221; global_colors_info=&#8221;{}&#8221;]<\/p>\n<p><a href=\"mailto:info@belong-events.com\">info@belong-events.com<\/a><\/p>\n<p>Phone: +372 <span>56 933 900<\/span><\/p>\n<p>Belong O\u00dc, reg. no. 17031513<\/p>\n<p>[\/et_pb_text][\/et_pb_column][et_pb_column type=&#8221;1_3&#8243; _builder_version=&#8221;4.27.0&#8243; _module_preset=&#8221;default&#8221; global_colors_info=&#8221;{}&#8221;][et_pb_social_media_follow _builder_version=&#8221;4.27.0&#8243; _module_preset=&#8221;default&#8221; text_orientation=&#8221;center&#8221; custom_margin=&#8221;5%||||false|false&#8221; global_colors_info=&#8221;{}&#8221;][et_pb_social_media_follow_network social_network=&#8221;facebook&#8221; url=&#8221;https:\/\/www.facebook.com\/BelongPlatform&#8221; _builder_version=&#8221;4.27.0&#8243; _module_preset=&#8221;default&#8221; background_color=&#8221;#464444&#8243; background_enable_color=&#8221;on&#8221; global_colors_info=&#8221;{}&#8221; follow_button=&#8221;off&#8221; url_new_window=&#8221;on&#8221;]facebook[\/et_pb_social_media_follow_network][\/et_pb_social_media_follow][\/et_pb_column][\/et_pb_row][\/et_pb_section]<\/p>\n","protected":false},"excerpt":{"rendered":"<p>How is Belong different?Belongi platvorm erineb teistest s\u00fcndmuseid n\u00e4itavatest platvormidest mitmes olulises aspektis nagu\u00a0 valdkondlik spetsialiseerumine\u00a0 innovaatiline \u201caeg-ruumi\u201d l\u00e4henemine integreeritud \u00f6kos\u00fcsteem kogukonna loomine ja professionaalide toetamine elu terviklikkust toetav missioon ja v\u00e4\u00e4rtused kohalik ja globaalne tasakaal K\u00f5ik need omadused teevad Belongi platvormist s\u00fcgavalt fokusseeritud t\u00f6\u00f6riista vaimse heaolu valdkonnas.\u00a0 Teised s\u00fcndmusteplatvormid v\u00f5tavad \u00fcldisema l\u00e4henemise, \u00fchendades mitmesugused [&hellip;]<\/p>\n","protected":false},"author":4,"featured_media":1207,"parent":0,"menu_order":0,"comment_status":"closed","ping_status":"closed","template":"","meta":{"_et_pb_use_builder":"on","_et_pb_old_content":"","_et_gb_content_width":"","footnotes":""},"class_list":["post-1473","page","type-page","status-publish","has-post-thumbnail","hentry"],"_links":{"self":[{"href":"https:\/\/belong.ee\/en\/wp-json\/wp\/v2\/pages\/1473","targetHints":{"allow":["GET"]}}],"collection":[{"href":"https:\/\/belong.ee\/en\/wp-json\/wp\/v2\/pages"}],"about":[{"href":"https:\/\/belong.ee\/en\/wp-json\/wp\/v2\/types\/page"}],"author":[{"embeddable":true,"href":"https:\/\/belong.ee\/en\/wp-json\/wp\/v2\/users\/4"}],"replies":[{"embeddable":true,"href":"https:\/\/belong.ee\/en\/wp-json\/wp\/v2\/comments?post=1473"}],"version-history":[{"count":24,"href":"https:\/\/belong.ee\/en\/wp-json\/wp\/v2\/pages\/1473\/revisions"}],"predecessor-version":[{"id":28214,"href":"https:\/\/belong.ee\/en\/wp-json\/wp\/v2\/pages\/1473\/revisions\/28214"}],"wp:featuredmedia":[{"embeddable":true,"href":"https:\/\/belong.ee\/en\/wp-json\/wp\/v2\/media\/1207"}],"wp:attachment":[{"href":"https:\/\/belong.ee\/en\/wp-json\/wp\/v2\/media?parent=1473"}],"curies":[{"name":"wp","href":"https:\/\/api.w.org\/{rel}","templated":true}]}}