{"id":27278,"date":"2024-08-13T12:18:18","date_gmt":"2024-08-13T10:18:18","guid":{"rendered":"https:\/\/belong-events.com\/nuestra-historia\/"},"modified":"2025-12-16T10:17:51","modified_gmt":"2025-12-16T08:17:51","slug":"nuestra-historia","status":"publish","type":"page","link":"https:\/\/belong.ee\/es\/nuestra-historia\/","title":{"rendered":"Nuestra historia"},"content":{"rendered":"<p>[et_pb_section fb_built=\u00bb1&#8243; _builder_version=\u00bb4.27.0&#8243; _module_preset=\u00bbdefault\u00bb global_colors_info=\u00bb{}\u00bb][et_pb_row _builder_version=\u00bb4.27.0&#8243; _module_preset=\u00bbdefault\u00bb global_colors_info=\u00bb{}\u00bb][et_pb_column type=\u00bb4_4&#8243; _builder_version=\u00bb4.27.0&#8243; _module_preset=\u00bbdefault\u00bb global_colors_info=\u00bb{}\u00bb][et_pb_text _builder_version=\u00bb4.27.0&#8243; _module_preset=\u00bbb5629d61-8761-48a4-843a-08bad35c28b0&#8243; locked=\u00bboff\u00bb global_colors_info=\u00bb{}\u00bb]<\/p>\n<h1 style=\"text-align: center;\">Misi\u00f3n<\/h1>\n<p>[\/et_pb_text][et_pb_text _builder_version=\u00bb4.27.0&#8243; _module_preset=\u00bbb5629d61-8761-48a4-843a-08bad35c28b0&#8243; text_orientation=\u00bbcenter\u00bb locked=\u00bboff\u00bb global_colors_info=\u00bb{}\u00bb]<\/p>\n<h2>Por el bien de la integridad de la vida<\/h2>\n<h2><\/h2>\n<p>[\/et_pb_text][et_pb_text _builder_version=\u00bb4.27.0&#8243; _module_preset=\u00bba71a5122-3537-4d1b-aa15-649fe0057a23&#8243; text_font_size_tablet=\u00bb\u00bb text_font_size_phone=\u00bb\u00bb text_font_size_last_edited=\u00bbon|desktop\u00bb locked=\u00bboff\u00bb global_colors_info=\u00bb{}\u00bb]<\/p>\n<p style=\"text-align: left;\">Nuestra misi\u00f3n es contribuir a los valores que apoyan la integridad de la vida.<\/p>\n<p>Para nosotros, esto significa integridad en tres contextos: personal, social y ecosist\u00e9mico.<\/p>\n<p>&nbsp;<\/p>\n<ul>\n<li data-list=\"bullet\">A nivel personal, avanzamos hacia la plenitud sanando nuestros puntos de dolor y estando m\u00e1s en contacto con nosotros mismos.<\/li>\n<li data-list=\"bullet\">El aspecto social se cura a trav\u00e9s de la curaci\u00f3n personal y tambi\u00e9n cambiando las creencias sociales.<\/li>\n<li data-list=\"bullet\">La integridad de un ecosistema proviene de c\u00f3mo nos percibimos como parte de \u00e9l.<\/li>\n<\/ul>\n<p>[\/et_pb_text][\/et_pb_column][\/et_pb_row][et_pb_row _builder_version=\u00bb4.21.0&#8243; _module_preset=\u00bbdefault\u00bb global_colors_info=\u00bb{}\u00bb][et_pb_column type=\u00bb4_4&#8243; _builder_version=\u00bb4.21.0&#8243; _module_preset=\u00bbdefault\u00bb global_colors_info=\u00bb{}\u00bb][et_pb_text _builder_version=\u00bb4.27.0&#8243; _module_preset=\u00bbb5629d61-8761-48a4-843a-08bad35c28b0&#8243; locked=\u00bboff\u00bb global_colors_info=\u00bb{}\u00bb]<\/p>\n<h1 style=\"text-align: center;\">Nuestra historia<\/h1>\n<p>[\/et_pb_text][et_pb_text _builder_version=\u00bb4.27.0&#8243; _module_preset=\u00bba71a5122-3537-4d1b-aa15-649fe0057a23&#8243; text_line_height=\u00bb1.9em\u00bb locked=\u00bboff\u00bb global_colors_info=\u00bb{}\u00bb]<\/p>\n<p>Vimos que en un \u00e1mbito, el reto es que los clientes encuentren a los realizadores y que los realizadores encuentren a los clientes. Con experiencia previa en dise\u00f1o web y gesti\u00f3n de plataformas de eventos, vimos como soluci\u00f3n un visor espacio-temporal de eventos espec\u00edfico para cada dominio. Nos dimos cuenta de que se trataba de una soluci\u00f3n universal, independientemente del dominio, la geograf\u00eda o el idioma.  <\/p>\n<p>Con esto en mente, Belong Events pretende <strong>ofrecer un mapa geogr\u00e1fico de eventos espec\u00edfico para cada sector<\/strong>, que refleje actividades para clientes, estudiantes y profesionales por igual. Adem\u00e1s, queremos contribuir a los valores que sustentan la integridad de la vida, para que la vida en este planeta sea agradable para todos nosotros. <\/p>\n<p>Tenemos un inter\u00e9s social com\u00fan en crear y desarrollar grupos comunitarios m\u00e1s peque\u00f1os y m\u00e1s grandes. Trabajamos con personas que ven la plataforma comunitaria como una oportunidad para nuevas soluciones y mejores acciones. <\/p>\n<p>[\/et_pb_text][\/et_pb_column][\/et_pb_row][et_pb_row column_structure=\u00bb1_2,1_2&#8243; use_custom_gutter=\u00bbon\u00bb gutter_width=\u00bb2&#8243; _builder_version=\u00bb4.27.2&#8243; _module_preset=\u00bbdefault\u00bb global_colors_info=\u00bb{}\u00bb][et_pb_column type=\u00bb1_2&#8243; _builder_version=\u00bb4.22.2&#8243; _module_preset=\u00bbdefault\u00bb global_colors_info=\u00bb{}\u00bb][et_pb_image src=\u00bbhttps:\/\/belong.ee\/wp-content\/uploads\/2024\/08\/Profile-Ragnar-Kurm.jpg\u00bb title_text=\u00bbRagnar Kurm\u00bb _builder_version=\u00bb4.27.0&#8243; _module_preset=\u00bbdefault\u00bb global_colors_info=\u00bb{}\u00bb][\/et_pb_image][et_pb_text _builder_version=\u00bb4.27.0&#8243; _module_preset=\u00bbdefault\u00bb header_2_text_color=\u00bb#000000&#8243; header_2_font_size=\u00bb26px\u00bb custom_padding=\u00bb|||5%|false|false\u00bb global_colors_info=\u00bb{}\u00bb]<\/p>\n<h2>Ragnar Kurm<\/h2>\n<p>[\/et_pb_text][et_pb_text _builder_version=\u00bb4.27.0&#8243; _module_preset=\u00bbdefault\u00bb text_text_color=\u00bb#000000&#8243; custom_margin=\u00bb||0px||false|false\u00bb custom_padding=\u00bb|||5%|false|false\u00bb global_colors_info=\u00bb{%22gcid-4721c02e-63da-4985-9f86-80b98bb29c52%22:%91%93}\u00bb]<\/p>\n<p>Tengo una combinaci\u00f3n de entusiasmo por la organizaci\u00f3n de eventos, una amplia formaci\u00f3n en TI y el deseo de hacer m\u00e1s accesibles los valores que mejoran la vida. \u00c9sta fue la inspiraci\u00f3n y el impulso clave para lanzar la plataforma Belong Events. <\/p>\n<p>[\/et_pb_text][\/et_pb_column][et_pb_column type=\u00bb1_2&#8243; _builder_version=\u00bb4.16&#8243; _module_preset=\u00bbdefault\u00bb global_colors_info=\u00bb{}\u00bb][et_pb_image src=\u00bbhttps:\/\/belong.ee\/wp-content\/uploads\/2024\/08\/Profile-Merle-Randlepp.jpg\u00bb title_text=\u00bbMerle Randlepp\u00bb _builder_version=\u00bb4.27.0&#8243; _module_preset=\u00bbdefault\u00bb global_colors_info=\u00bb{}\u00bb][\/et_pb_image][et_pb_text _builder_version=\u00bb4.27.0&#8243; _module_preset=\u00bbdefault\u00bb header_2_text_color=\u00bb#000000&#8243; header_2_font_size=\u00bb26px\u00bb custom_padding=\u00bb|||5%|false|false\u00bb global_colors_info=\u00bb{}\u00bb]<\/p>\n<h2>Merle Randlepp<\/h2>\n<p>[\/et_pb_text][et_pb_text _builder_version=\u00bb4.27.0&#8243; _module_preset=\u00bbdefault\u00bb text_text_color=\u00bb#000000&#8243; custom_margin=\u00bb||0px||false|false\u00bb custom_padding=\u00bb|||5%|false|false\u00bb global_colors_info=\u00bb{%22gcid-4721c02e-63da-4985-9f86-80b98bb29c52%22:%91%93}\u00bb]<\/p>\n<p>He pasado mi vida trabajando en el sector tecnol\u00f3gico y siempre me ha fascinado la relaci\u00f3n entre el hombre y la m\u00e1quina, tanto en el presente como en el futuro.<\/p>\n<p>Quiero que la tecnolog\u00eda sirva a las personas de la mejor manera posible y nos ayude a convertirnos en una sociedad m\u00e1s sana y fuerte, en todo el planeta.<\/p>\n<p>[\/et_pb_text][\/et_pb_column][\/et_pb_row][\/et_pb_section][et_pb_section fb_built=\u00bb1&#8243; admin_label=\u00bbSection\u00bb module_id=\u00bbponte en contacto con\u00bb _builder_version=\u00bb4.27.4&#8243; _module_preset=\u00bbdefault\u00bb background_color=\u00bb#464444&#8243; custom_padding=\u00bb4px||2px|||\u00bb hover_enabled=\u00bb0&#8243; global_module=\u00bb740&#8243; saved_tabs=\u00bball\u00bb global_colors_info=\u00bb{}\u00bb sticky_enabled=\u00bb0&#8243;][et_pb_row column_structure=\u00bb1_4,1_4,1_2&#8243; admin_label=\u00bbFila\u00bb _builder_version=\u00bb4.27.4&#8243; _module_preset=\u00bbdefault\u00bb width=\u00bbauto\u00bb width_tablet=\u00bb\u00bb width_phone=\u00bb\u00bb width_last_edited=\u00bbon|desktop\u00bb hover_enabled=\u00bb0&#8243; global_colors_info=\u00bb{}\u00bb sticky_enabled=\u00bb0&#8243; custom_margin=\u00bb||||false|true\u00bb custom_padding=\u00bb||||false|true\u00bb][et_pb_column type=\u00bb1_4&#8243; _builder_version=\u00bb4.27.4&#8243; _module_preset=\u00bbdefault\u00bb global_colors_info=\u00bb{}\u00bb][et_pb_image src=\u00bbhttps:\/\/belong.ee\/wp-content\/uploads\/2024\/08\/Belong-circle-no-text-100.png\u00bb title_text=\u00bbPertenecer-circulo-sin-texto-100&#8243; align=\u00bbcenter\u00bb src_tablet=\u00bbhttps:\/\/belong.ee\/wp-content\/uploads\/2024\/08\/Belong-circle-no-text-100.png\u00bb src_phone=\u00bbhttps:\/\/belong.ee\/wp-content\/uploads\/2024\/08\/Belong-circle-no-text-100.png\u00bb src_last_edited=\u00bbon|tablet\u00bb _builder_version=\u00bb4.27.4&#8243; _module_preset=\u00bbdefault\u00bb custom_margin=\u00bb||||false|false\u00bb global_colors_info=\u00bb{}\u00bb][\/et_pb_image][\/et_pb_column][et_pb_column type=\u00bb1_4&#8243; _builder_version=\u00bb4.27.0&#8243; _module_preset=\u00bbdefault\u00bb global_colors_info=\u00bb{}\u00bb][et_pb_text _builder_version=\u00bb4.27.4&#8243; _module_preset=\u00bbdefault\u00bb text_text_color=\u00bbgcid-primary-color\u00bb text_font_size=\u00bb15px\u00bb header_3_line_height=\u00bb2em\u00bb text_orientation=\u00bbcenter\u00bb custom_padding=\u00bb0px|20px|0px|20px|true|true\u00bb text_font_size_tablet=\u00bb\u00bb text_font_size_phone=\u00bb\u00bb text_font_size_last_edited=\u00bbon|desktop\u00bb global_colors_info=\u00bb{%22gcid-primary-color%22:%91%22header_2_text_color%22,%22text_text_color%22%93}\u00bb]<\/p>\n<p><a href=\"mailto:info@belong-events.com\">info@belong-events.com<\/a><\/p>\n<p>+372 <span>56 933 900<br \/><\/span>Belong O\u00dc<\/p>\n<p>[\/et_pb_text][\/et_pb_column][et_pb_column type=\u00bb1_2&#8243; admin_label=\u00bbColumna\u00bb _builder_version=\u00bb4.27.0&#8243; _module_preset=\u00bbdefault\u00bb global_colors_info=\u00bb{}\u00bb][et_pb_text _builder_version=\u00bb4.27.4&#8243; _module_preset=\u00bbdefault\u00bb text_text_color=\u00bbgcid-primary-color\u00bb text_font_size=\u00bb16px\u00bb header_3_line_height=\u00bb2em\u00bb custom_padding=\u00bb0px|20px|0px|20px|true|true\u00bb text_font_size_tablet=\u00bb18px\u00bb global_colors_info=\u00bb{%22gcid-primary-color%22:%91%22header_2_text_color%22,%22text_text_color%22%93}\u00bb]<\/p>\n<p>NUESTRA MISI\u00d3N<br \/>Apoyamos los campos de la salud mental y el autodesarrollo, reuniendo a profesionales y a sus clientes en una comunidad inspiradora.<\/p>\n<p>[\/et_pb_text][\/et_pb_column][\/et_pb_row][\/et_pb_section]<\/p>\n","protected":false},"excerpt":{"rendered":"<p>Misi\u00f3nPor el bien de la integridad de la vida Nuestra misi\u00f3n es contribuir a los valores que apoyan la integridad de la vida. Para nosotros, esto significa integridad en tres contextos: personal, social y ecosist\u00e9mico. &nbsp; A nivel personal, avanzamos hacia la plenitud sanando nuestros puntos de dolor y estando m\u00e1s en contacto con nosotros [&hellip;]<\/p>\n","protected":false},"author":4,"featured_media":0,"parent":0,"menu_order":0,"comment_status":"closed","ping_status":"closed","template":"","meta":{"_et_pb_use_builder":"on","_et_pb_old_content":"","_et_gb_content_width":"","footnotes":""},"class_list":["post-27278","page","type-page","status-publish","hentry"],"_links":{"self":[{"href":"https:\/\/belong.ee\/es\/wp-json\/wp\/v2\/pages\/27278","targetHints":{"allow":["GET"]}}],"collection":[{"href":"https:\/\/belong.ee\/es\/wp-json\/wp\/v2\/pages"}],"about":[{"href":"https:\/\/belong.ee\/es\/wp-json\/wp\/v2\/types\/page"}],"author":[{"embeddable":true,"href":"https:\/\/belong.ee\/es\/wp-json\/wp\/v2\/users\/4"}],"replies":[{"embeddable":true,"href":"https:\/\/belong.ee\/es\/wp-json\/wp\/v2\/comments?post=27278"}],"version-history":[{"count":13,"href":"https:\/\/belong.ee\/es\/wp-json\/wp\/v2\/pages\/27278\/revisions"}],"predecessor-version":[{"id":28416,"href":"https:\/\/belong.ee\/es\/wp-json\/wp\/v2\/pages\/27278\/revisions\/28416"}],"wp:attachment":[{"href":"https:\/\/belong.ee\/es\/wp-json\/wp\/v2\/media?parent=27278"}],"curies":[{"name":"wp","href":"https:\/\/api.w.org\/{rel}","templated":true}]}}