{"id":27283,"date":"2025-01-13T16:43:10","date_gmt":"2025-01-13T14:43:10","guid":{"rendered":"https:\/\/belong-events.com\/pertenecer-al-kkk\/"},"modified":"2025-12-16T10:20:45","modified_gmt":"2025-12-16T08:20:45","slug":"pertenecer-al-kkk","status":"publish","type":"page","link":"https:\/\/belong.ee\/es\/pertenecer-al-kkk\/","title":{"rendered":"Belong KKK"},"content":{"rendered":"<p>[et_pb_section fb_built=\u00bb1&#8243; admin_label=\u00bbSection\u00bb _builder_version=\u00bb4.27.4&#8243; background_color=\u00bb#f7f7f7&#8243; custom_margin=\u00bb||||false|false\u00bb custom_padding=\u00bb5%||||false|false\u00bb custom_padding_tablet=\u00bb0px||0px|\u00bb transparent_background=\u00bboff\u00bb make_fullwidth=\u00bboff\u00bb use_custom_width=\u00bboff\u00bb width_unit=\u00bbon\u00bb global_colors_info=\u00bb{}\u00bb][et_pb_row _builder_version=\u00bb4.27.4&#8243; _module_preset=\u00bbdefault\u00bb global_colors_info=\u00bb{}\u00bb][et_pb_column type=\u00bb4_4&#8243; _builder_version=\u00bb4.16&#8243; _module_preset=\u00bbdefault\u00bb global_colors_info=\u00bb{}\u00bb][et_pb_text _builder_version=\u00bb4.27.4&#8243; _module_preset=\u00bbb5629d61-8761-48a4-843a-08bad35c28b0&#8243; locked=\u00bboff\u00bb global_colors_info=\u00bb{}\u00bb]<\/p>\n<h1 style=\"text-align: center;\">Preguntas m\u00e1s frecuentes<\/h1>\n<p>[\/et_pb_text][\/et_pb_column][\/et_pb_row][et_pb_row column_structure=\u00bb1_4,3_4&#8243; padding_mobile=\u00bbon\u00bb column_padding_mobile=\u00bbon\u00bb custom_padding_last_edited=\u00bbon|tablet\u00bb admin_label=\u00bbFila\u00bb _builder_version=\u00bb4.16&#8243; background_size=\u00bbinitial\u00bb background_position=\u00bbtop_left\u00bb background_repeat=\u00bbrepeat\u00bb custom_padding=\u00bb40px||0px|||\u00bb custom_padding_tablet=\u00bb90px||0px|\u00bb custom_padding_phone=\u00bb\u00bb make_fullwidth=\u00bboff\u00bb use_custom_width=\u00bboff\u00bb width_unit=\u00bbon\u00bb global_colors_info=\u00bb{}\u00bb][et_pb_column type=\u00bb1_4&#8243; _builder_version=\u00bb4.16&#8243; custom_padding=\u00bb|||\u00bb global_colors_info=\u00bb{}\u00bb custom_padding__hover=\u00bb|||\u00bb][et_pb_divider color=\u00bb#222222&#8243; divider_weight=\u00bb8&#8243; admin_label=\u00bbDivider\u00bb _builder_version=\u00bb4.16&#8243; height=\u00bb0px\u00bb hide_on_mobile=\u00bboff\u00bb global_colors_info=\u00bb{}\u00bb][\/et_pb_divider][et_pb_text admin_label=\u00bbText\u00bb _builder_version=\u00bb4.27.4&#8243; text_font=\u00bbOpen Sans|on|||\u00bb text_text_color=\u00bb#222222&#8243; text_font_size=\u00bb36px\u00bb text_line_height=\u00bb1.2em\u00bb background_size=\u00bbinitial\u00bb background_position=\u00bbtop_left\u00bb background_repeat=\u00bbrepeat\u00bb custom_margin=\u00bb-10px||0px|\u00bb custom_padding=\u00bb0px||0px|\u00bb text_font_size_tablet=\u00bb32px\u00bb text_font_size_phone=\u00bb\u00bb text_font_size_last_edited=\u00bbon|tablet\u00bb use_border_color=\u00bboff\u00bb border_color=\u00bb#ffffff\u00bb border_style=\u00bbsolid\u00bb global_colors_info=\u00bb{}\u00bb]<\/p>\n<p>General<\/p>\n<p>[\/et_pb_text][\/et_pb_column][et_pb_column type=\u00bb3_4&#8243; _builder_version=\u00bb4.16&#8243; custom_padding=\u00bb|||\u00bb global_colors_info=\u00bb{}\u00bb custom_padding__hover=\u00bb|||\u00bb][et_pb_divider color=\u00bb#222222&#8243; divider_weight=\u00bb4&#8243; admin_label=\u00bbDivider\u00bb _builder_version=\u00bb4.16&#8243; height=\u00bb0px\u00bb hide_on_mobile=\u00bboff\u00bb global_colors_info=\u00bb{}\u00bb][\/et_pb_divider][et_pb_toggle title=\u00bb\u00bfCu\u00e1l es la finalidad de Pertenecer?\u00bb admin_label=\u00bbToggle\u00bb _builder_version=\u00bb4.27.4&#8243; body_font=\u00bbOpen Sans||||\u00bb body_line_height=\u00bb1.6em\u00bb hover_enabled=\u00bb0&#8243; use_border_color=\u00bbon\u00bb border_color=\u00bb#f7f7f7&#8243; border_style=\u00bbsolid\u00bb global_colors_info=\u00bb{}\u00bb sticky_enabled=\u00bb0&#8243;]<\/p>\n<p>La visi\u00f3n de futuro de Belong es convertirse en una plataforma que apoye diferentes \u00e1reas del bienestar mental y el autodesarrollo. Adem\u00e1s de nuestro enfoque actual, queremos ampliar nuestro servicio e incorporar a la plataforma nuevas \u00e1reas como las terapias y el coaching. <\/p>\n<p>Nuestro objetivo es ofrecerte un entorno profesional y de confianza en el que puedas encontrar el m\u00e9todo y el especialista m\u00e1s adecuados a tus necesidades, ya sean constelaciones, terapia o cualquier otra pr\u00e1ctica.<\/p>\n<p>[\/et_pb_toggle][et_pb_divider color=\u00bb#222222&#8243; divider_weight=\u00bb4&#8243; admin_label=\u00bbDivider\u00bb _builder_version=\u00bb4.16&#8243; height=\u00bb0px\u00bb hide_on_mobile=\u00bboff\u00bb global_colors_info=\u00bb{}\u00bb][\/et_pb_divider][et_pb_toggle title=\u00bb\u00bfC\u00f3mo se beneficiar\u00e1 la asociaci\u00f3n profesional de trabajar con Belong?\u00bb admin_label=\u00bbToggle\u00bb _builder_version=\u00bb4.27.4&#8243; body_font=\u00bbOpen Sans||||\u00bb body_line_height=\u00bb1.6em\u00bb custom_padding=\u00bb30px|0px|2px|0px\u00bb hover_enabled=\u00bb0&#8243; use_border_color=\u00bbon\u00bb border_color=\u00bb#f7f7f7&#8243; border_style=\u00bbsolid\u00bb global_colors_info=\u00bb{}\u00bb sticky_enabled=\u00bb0&#8243;]<\/p>\n<p><span style=\"font-weight: 400;\">La cooperaci\u00f3n se basa en la asociaci\u00f3n estrat\u00e9gica y el apoyo constructivo mutuo. Nuestro objetivo no es competir, sino trabajar juntos hacia un objetivo com\u00fan: desarrollar y apoyar el sector. <\/span><\/p>\n<p><b>Contribuci\u00f3n y valor de la pertenencia a asociaciones profesionales:<\/b><\/p>\n<p><b>1. Aumentar la visibilidad y profesionalidad de la organizaci\u00f3n:<\/b><\/p>\n<p><span style=\"font-weight: 400;\">La representaci\u00f3n entre las organizaciones Belong, as\u00ed como en las p\u00e1ginas de afiliaci\u00f3n de la organizaci\u00f3n, ayuda a dar a conocer la organizaci\u00f3n.<\/span><\/p>\n<p><b>2. Funcionalidad adaptada a las necesidades de la asociaci\u00f3n profesional:<\/b><span> Desarrollaremos y mejoraremos la funcionalidad de la plataforma bas\u00e1ndonos en las recomendaciones y necesidades de las asociaciones profesionales.<\/span><\/p>\n<p><b>3. Simplificar el flujo de trabajo:<\/b><b><br \/><\/b><span style=\"font-weight: 400;\">Las organizaciones pueden simplificar sus flujos de trabajo utilizando la funcionalidad existente en nuestras p\u00e1ginas. Por ejemplo, la gesti\u00f3n de la afiliaci\u00f3n. <\/span><\/p>\n<p>[\/et_pb_toggle][et_pb_divider color=\u00bb#222222&#8243; divider_weight=\u00bb4&#8243; admin_label=\u00bbDivider\u00bb _builder_version=\u00bb4.16&#8243; height=\u00bb0px\u00bb hide_on_mobile=\u00bboff\u00bb global_colors_info=\u00bb{}\u00bb][\/et_pb_divider][et_pb_toggle title=\u00bb\u00bfC\u00f3mo se separan las zonas?\u00bb admin_label=\u00bbToggle\u00bb _builder_version=\u00bb4.27.4&#8243; body_font=\u00bbOpen Sans||||\u00bb body_line_height=\u00bb1.6em\u00bb custom_padding=\u00bb30px|0px|2px|0px\u00bb hover_enabled=\u00bb0&#8243; use_border_color=\u00bbon\u00bb border_color=\u00bb#f7f7f7&#8243; border_style=\u00bbsolid\u00bb global_colors_info=\u00bb{}\u00bb sticky_enabled=\u00bb0&#8243;]<\/p>\n<p><span style=\"font-weight: 400;\">Pertenecer a la plataforma Pertenecer es un principio fijo <\/span><b>Mantener las \u00e1reas separadas e independientes<\/b><span style=\"font-weight: 400;\">. <\/span> <\/p>\n<ol>\n<li><b>  Enfoque sectorial:<\/b><span style=\"font-weight: 400;\">  El enfoque profesional es importante tanto para los clientes como para los operadores, porque los operadores buscan clientes en su propio campo y los clientes saben qu\u00e9 operadores necesitan. Adem\u00e1s, un enfoque profesional da una visi\u00f3n clara de lo que ocurre en el campo. <\/span><\/li>\n<li><b>  Amplificar el impacto a todos los niveles:<\/b><\/li>\n<\/ol>\n<ul>\n<li style=\"font-weight: 400;\" aria-level=\"2\"><b>Asociaciones profesionales:<\/b><span style=\"font-weight: 400;\"> Pueden centrarse en los objetivos e iniciativas de su propio sector sin tener que competir con otros temas.<\/span><\/li>\n<li style=\"font-weight: 400;\" aria-level=\"2\"><b>Creadores:<\/b><span style=\"font-weight: 400;\"> Encuentran mayor visibilidad entre su p\u00fablico objetivo en su campo, reforzando su posici\u00f3n profesional.<\/span><\/li>\n<li style=\"font-weight: 400;\" aria-level=\"2\"><b>Clientes:<\/b><span style=\"font-weight: 400;\"> Los clientes tendr\u00e1n una visi\u00f3n c\u00f3moda de sus posibilidades para obtener el servicio que necesitan.<\/span><\/li>\n<\/ul>\n<ol start=\"3\">\n<li> <b> El objetivo es el apalancamiento, no la diluci\u00f3n:<\/b><span style=\"font-weight: 400;\"> Nuestra misi\u00f3n es reforzar la presencia y el impacto de cada sector, dej\u00e1ndoles brillar por derecho propio y con todo su potencial.<\/span><\/li>\n<\/ol>\n<p><span style=\"font-weight: 400;\">Belong no pretende ser una plataforma general donde se mezclen temas, sino <\/span><b>una herramienta centrada<\/b><span style=\"font-weight: 400;\">que cree valor y beneficios a largo plazo para cada una de las \u00e1reas que apoyamos.<\/span><\/p>\n<p><span style=\"font-weight: 400;\">Los dominios se separan por nombre de dominio, por ejemplo:<\/span><\/p>\n<ul>\n<li style=\"font-weight: 400;\" aria-level=\"1\"><b>constelaciones<\/b><span style=\"font-weight: 400;\">.belong-events.com<\/span><\/li>\n<li style=\"font-weight: 400;\" aria-level=\"1\"><b>terapia<\/b><span style=\"font-weight: 400;\">.belong-events.com<\/span><\/li>\n<li style=\"font-weight: 400;\" aria-level=\"1\"><b>entrenamiento<\/b><span style=\"font-weight: 400;\">.belong-events.com<\/span><\/li>\n<li style=\"font-weight: 400;\" aria-level=\"1\"><span style=\"font-weight: 400;\">etc<\/span><\/li>\n<\/ul>\n<p>[\/et_pb_toggle][et_pb_divider color=\u00bb#222222&#8243; divider_weight=\u00bb4&#8243; admin_label=\u00bbDivider\u00bb _builder_version=\u00bb4.16&#8243; height=\u00bb0px\u00bb hide_on_mobile=\u00bboff\u00bb global_colors_info=\u00bb{}\u00bb][\/et_pb_divider][et_pb_toggle title=\u00bb\u00bfC\u00f3mo puede Belong ayudar a aumentar la visibilidad?\u00bb admin_label=\u00bbToggle\u00bb _builder_version=\u00bb4.27.4&#8243; body_font=\u00bbOpen Sans||||\u00bb body_line_height=\u00bb1.6em\u00bb body_ul_line_height=\u00bb1.5em\u00bb custom_padding=\u00bb30px|0px|2px|0px\u00bb hover_enabled=\u00bb0&#8243; use_border_color=\u00bbon\u00bb border_color=\u00bb#f7f7f7&#8243; border_style=\u00bbsolid\u00bb global_colors_info=\u00bb{}\u00bb sticky_enabled=\u00bb0&#8243;]<\/p>\n<p><span style=\"font-weight: 400;\">Belong est\u00e1 dise\u00f1ado espec\u00edficamente para ayudar a los profesionales, eventos y servicios a destacar y llegar a un p\u00fablico m\u00e1s amplio. Nuestra estrategia se centra en aumentar la visibilidad mediante los siguientes factores clave: <\/span><\/p>\n<p><b>1. Visibilidad en las b\u00fasquedas<\/b><\/p>\n<p><span style=\"font-weight: 400;\">Los perfiles, eventos y servicios a\u00f1adidos a la plataforma est\u00e1n optimizados para los motores de b\u00fasqueda. Esto significa que Google y otros motores de b\u00fasqueda encontrar\u00e1n tu contenido m\u00e1s r\u00e1pidamente y lo clasificar\u00e1n mejor. <\/span><\/p>\n<p><span style=\"font-weight: 400;\">El contenido creado (textos, visuales) es compatible con los motores de b\u00fasqueda.<\/span><\/p>\n<p><b>2. Enfoque sectorial<\/b><\/p>\n<p><span style=\"font-weight: 400;\">Un enfoque m\u00e1s espec\u00edfico (es decir, sectorial) permite llegar mejor a los clientes en comparaci\u00f3n con las plataformas de eventos gen\u00e9ricas. Los clientes buscan espec\u00edficamente palabras clave en un campo concreto. <\/span><\/p>\n<p><b>3. Profesionalidad<\/b><\/p>\n<p><span style=\"font-weight: 400;\">Al construir la plataforma, nos hemos centrado principalmente en la profesionalidad, que es importante para todas las partes implicadas. Esto ayuda a crear una mayor credibilidad tanto entre los operadores como entre los clientes y, por tanto, resulta m\u00e1s atractivo. <\/span><\/p>\n<p><b>4. Trabajar juntos crea sinergias<\/b><\/p>\n<p><span style=\"font-weight: 400;\">Cada actor y evento publicado en la plataforma aporta atenci\u00f3n y beneficios a todo el sector y, al mismo tiempo, al actor y al evento. La experiencia demuestra que los colegas se fijan en tus eventos y los recomiendan a sus clientes, o a veces participan ellos mismos. <\/span><\/p>\n<p><b>5. Datos relacionados<\/b><\/p>\n<p><span style=\"font-weight: 400;\">Como la plataforma de Belong vincula estrechamente actores, acontecimientos, servicios y lugares, conduce constantemente al cliente a nuevos \u00abhallazgos\u00bb sobre el terreno.<\/span><\/p>\n<p><b>6. Esc\u00e1ner espacio-temporal<\/b><\/p>\n<p><span style=\"font-weight: 400;\">\u00danico en pertenecer <\/span><i><span style=\"font-weight: 400;\">esc\u00e1ner espacio-temporal<\/span><\/i><span style=\"font-weight: 400;\">  ayuda a los usuarios a encontrar eventos y servicios seg\u00fan su ubicaci\u00f3n y hora preferida. Esta funci\u00f3n no s\u00f3lo facilita las b\u00fasquedas en la plataforma, sino que tambi\u00e9n aumenta la visibilidad de tus actos y servicios a nivel regional. <\/span><\/p>\n<p><b>7. Oportunidades para compartir en redes sociales<\/b><\/p>\n<p><b>Compartir f\u00e1cilmente:<\/b><span style=\"font-weight: 400;\">  Todos los eventos y perfiles est\u00e1n optimizados para compartirlos f\u00e1cilmente en las redes sociales y otros canales, lo que a su vez aumenta tu alcance. Mejoramos constantemente nuestra integraci\u00f3n con las redes sociales para aumentar la visibilidad. <\/span><\/p>\n<p>[\/et_pb_toggle][et_pb_divider color=\u00bb#222222&#8243; divider_weight=\u00bb4&#8243; admin_label=\u00bbDivider\u00bb _builder_version=\u00bb4.16&#8243; height=\u00bb0px\u00bb hide_on_mobile=\u00bboff\u00bb global_colors_info=\u00bb{}\u00bb][\/et_pb_divider][\/et_pb_column][\/et_pb_row][et_pb_row column_structure=\u00bb1_4,3_4&#8243; padding_mobile=\u00bbon\u00bb column_padding_mobile=\u00bbon\u00bb custom_padding_last_edited=\u00bbon|tablet\u00bb admin_label=\u00bbFila\u00bb _builder_version=\u00bb4.16&#8243; background_size=\u00bbinitial\u00bb background_position=\u00bbtop_left\u00bb background_repeat=\u00bbrepeat\u00bb custom_padding=\u00bb128px||0px|\u00bb custom_padding_tablet=\u00bb90px||0px|\u00bb custom_padding_phone=\u00bb\u00bb make_fullwidth=\u00bboff\u00bb use_custom_width=\u00bboff\u00bb width_unit=\u00bbon\u00bb global_colors_info=\u00bb{}\u00bb][et_pb_column type=\u00bb1_4&#8243; _builder_version=\u00bb4.16&#8243; custom_padding=\u00bb|||\u00bb global_colors_info=\u00bb{}\u00bb custom_padding__hover=\u00bb|||\u00bb][et_pb_divider color=\u00bb#222222&#8243; divider_weight=\u00bb8&#8243; admin_label=\u00bbDivider\u00bb _builder_version=\u00bb4.27.4&#8243; height=\u00bb0px\u00bb hide_on_mobile=\u00bboff\u00bb global_colors_info=\u00bb{}\u00bb][\/et_pb_divider][et_pb_text admin_label=\u00bbText\u00bb _builder_version=\u00bb4.27.4&#8243; text_font=\u00bbOpen Sans|on|||\u00bb text_text_color=\u00bb#222222&#8243; text_font_size=\u00bb36px\u00bb text_line_height=\u00bb1.2em\u00bb background_size=\u00bbinitial\u00bb background_position=\u00bbtop_left\u00bb background_repeat=\u00bbrepeat\u00bb custom_margin=\u00bb-10px||0px|\u00bb custom_padding=\u00bb0px||0px|\u00bb text_font_size_tablet=\u00bb32px\u00bb text_font_size_phone=\u00bb\u00bb text_font_size_last_edited=\u00bbon|tablet\u00bb use_border_color=\u00bboff\u00bb border_color=\u00bb#ffffff\u00bb border_style=\u00bbsolid\u00bb global_colors_info=\u00bb{}\u00bb]<\/p>\n<p>Cuenta<\/p>\n<p>[\/et_pb_text][\/et_pb_column][et_pb_column type=\u00bb3_4&#8243; _builder_version=\u00bb4.16&#8243; custom_padding=\u00bb|||\u00bb global_colors_info=\u00bb{}\u00bb custom_padding__hover=\u00bb|||\u00bb][et_pb_divider color=\u00bb#222222&#8243; divider_weight=\u00bb4&#8243; admin_label=\u00bbDivider\u00bb _builder_version=\u00bb4.16&#8243; height=\u00bb0px\u00bb hide_on_mobile=\u00bboff\u00bb global_colors_info=\u00bb{}\u00bb][\/et_pb_divider][et_pb_toggle title=\u00bb\u00bfQu\u00e9 es gratis y qu\u00e9 es de pago en Pertenecer?\u00bb admin_label=\u00bbToggle\u00bb _builder_version=\u00bb4.27.4&#8243; title_level=\u00bbh3&#8243; title_font=\u00bb&#8211;et_global_heading_font|700|||||||\u00bb body_font=\u00bbOpen Sans||||\u00bb body_line_height=\u00bb1.6em\u00bb hover_enabled=\u00bb0&#8243; use_border_color=\u00bbon\u00bb border_color=\u00bb#f7f7f7&#8243; border_style=\u00bbsolid\u00bb global_colors_info=\u00bb{}\u00bb sticky_enabled=\u00bb0&#8243;]<\/p>\n<p><strong>Funciones gratuitas:<\/strong><\/p>\n<p><b>1. Navegar y buscar informaci\u00f3n en la plataforma:<\/b><\/p>\n<p><span style=\"font-weight: 400;\">Navegar y buscar informaci\u00f3n sobre eventos, servicios, profesionales, etc. en la plataforma es gratis para todos.<\/span><\/p>\n<p><b>2. Crea un perfil de usuario:<\/b><\/p>\n<p><span style=\"font-weight: 400;\">Cada usuario puede crear su propio perfil personal o profesional para aumentar su visibilidad y presentarse a clientes o socios potenciales.<\/span><\/p>\n<p><b>3. A\u00f1adir servicios:<\/b><\/p>\n<p><span style=\"font-weight: 400;\">Cada profesional puede crear y publicar su propia cartera de servicios.<\/span><\/p>\n<p><b>Funciones de pago:<\/b><\/p>\n<p><b>Crear y publicar eventos:<\/b><\/p>\n<p><span style=\"font-weight: 400;\">Los profesionales que deseen destacar sus eventos y servicios en la plataforma pagan una cuota mensual o anual. Esto incluye funciones adicionales como la optimizaci\u00f3n SEO y una mayor visibilidad. Se aplican acuerdos separados para las asociaciones profesionales cuando publican eventos.  <\/span><\/p>\n<p><b>Resumen<\/b><\/p>\n<p><span style=\"font-weight: 400;\">Todas las funciones gratuitas anteriores seguir\u00e1n siendo gratuitas a perpetuidad. Con el tiempo se a\u00f1adir\u00e1n funciones tanto gratuitas como de pago. Sin embargo, nuestro objetivo principal es a\u00f1adir funciones que no sean de pago.  <\/span><\/p>\n<p>[\/et_pb_toggle][et_pb_divider color=\u00bb#222222&#8243; divider_weight=\u00bb4&#8243; admin_label=\u00bbDivider\u00bb _builder_version=\u00bb4.16&#8243; height=\u00bb0px\u00bb hide_on_mobile=\u00bboff\u00bb global_colors_info=\u00bb{}\u00bb][\/et_pb_divider][et_pb_toggle title=\u00bb\u00bfPuedo darme de baja en cualquier momento?\u00bb admin_label=\u00bbToggle\u00bb _builder_version=\u00bb4.27.4&#8243; body_font=\u00bbOpen Sans||||\u00bb body_line_height=\u00bb1.6em\u00bb custom_padding=\u00bb30px|0px|2px|0px\u00bb use_border_color=\u00bbon\u00bb border_color=\u00bb#f7f7f7&#8243; border_style=\u00bbsolid\u00bb global_colors_info=\u00bb{}\u00bb]<\/p>\n<p>Los datos de cada usuario son de su propiedad y el usuario tiene derecho a darse de baja del servicio de pago o a eliminar completamente su cuenta en cualquier momento.<\/p>\n<p>[\/et_pb_toggle][et_pb_divider color=\u00bb#222222&#8243; divider_weight=\u00bb4&#8243; admin_label=\u00bbDivider\u00bb _builder_version=\u00bb4.16&#8243; height=\u00bb6px\u00bb hide_on_mobile=\u00bboff\u00bb global_colors_info=\u00bb{}\u00bb][\/et_pb_divider][\/et_pb_column][\/et_pb_row][et_pb_row admin_label=\u00bbFila\u00bb _builder_version=\u00bb4.16&#8243; background_size=\u00bbinitial\u00bb background_position=\u00bbtop_left\u00bb background_repeat=\u00bbrepeat\u00bb global_colors_info=\u00bb{}\u00bb][et_pb_column type=\u00bb4_4&#8243; _builder_version=\u00bb4.16&#8243; custom_padding=\u00bb|||\u00bb global_colors_info=\u00bb{}\u00bb custom_padding__hover=\u00bb|||\u00bb][\/et_pb_column][\/et_pb_row][\/et_pb_section][et_pb_section fb_built=\u00bb1&#8243; module_id=\u00bbponte en contacto con\u00bb _builder_version=\u00bb4.27.0&#8243; _module_preset=\u00bbdefault\u00bb background_color=\u00bb#464444&#8243; custom_padding=\u00bb4px||2px|||\u00bb global_module=\u00bb740&#8243; saved_tabs=\u00bball\u00bb global_colors_info=\u00bb{}\u00bb][et_pb_row column_structure=\u00bb1_3,1_3,1_3&#8243; _builder_version=\u00bb4.27.0&#8243; _module_preset=\u00bbdefault\u00bb global_colors_info=\u00bb{}\u00bb][et_pb_column type=\u00bb1_3&#8243; _builder_version=\u00bb4.27.0&#8243; _module_preset=\u00bbdefault\u00bb global_colors_info=\u00bb{}\u00bb][et_pb_image src=\u00bbhttps:\/\/belong.ee\/wp-content\/uploads\/2024\/08\/Belong-circle-no-text-100.png\u00bb title_text=\u00bbPertenecer-circulo-sin-texto-100&#8243; align=\u00bbcenter\u00bb src_tablet=\u00bb\u00bb src_phone=\u00bb\u00bb src_last_edited=\u00bbon|desktop\u00bb _builder_version=\u00bb4.27.0&#8243; _module_preset=\u00bbdefault\u00bb custom_margin=\u00bb||||false|false\u00bb global_colors_info=\u00bb{}\u00bb][\/et_pb_image][\/et_pb_column][et_pb_column type=\u00bb1_3&#8243; _builder_version=\u00bb4.27.0&#8243; _module_preset=\u00bbdefault\u00bb global_colors_info=\u00bb{}\u00bb][et_pb_text _builder_version=\u00bb4.27.0&#8243; _module_preset=\u00bbdefault\u00bb header_3_line_height=\u00bb2em\u00bb custom_padding=\u00bb0px|20px|0px|20px|true|true\u00bb global_colors_info=\u00bb{}\u00bb]<\/p>\n<p><a href=\"mailto:info@belong-events.com\">info@belong-events.com<\/a><\/p>\n<p>Tel: +372 <span>56 933 900<\/span><\/p>\n<p>Belong O\u00dc, n.\u00ba de registro 17031513<\/p>\n<p>[\/et_pb_text][\/et_pb_column][et_pb_column type=\u00bb1_3&#8243; _builder_version=\u00bb4.27.0&#8243; _module_preset=\u00bbdefault\u00bb global_colors_info=\u00bb{}\u00bb][et_pb_social_media_follow _builder_version=\u00bb4.27.0&#8243; _module_preset=\u00bbdefault\u00bb text_orientation=\u00bbcenter\u00bb custom_margin=\u00bb5%||||false|false\u00bb global_colors_info=\u00bb{}\u00bb][et_pb_social_media_follow_network social_network=\u00bbfacebook\u00bb url=\u00bbhttps:\/\/www.facebook.com\/BelongPlatform\u00bb _builder_version=\u00bb4.27.0&#8243; _module_preset=\u00bbdefault\u00bb background_color=\u00bb#464444&#8243; background_enable_color=\u00bbon\u00bb global_colors_info=\u00bb{}\u00bb follow_button=\u00bboff\u00bb url_new_window=\u00bbon\u00bb]facebook[\/et_pb_social_media_follow_network][\/et_pb_social_media_follow][\/et_pb_column][\/et_pb_row][\/et_pb_section]<\/p>\n","protected":false},"excerpt":{"rendered":"<p>Preguntas m\u00e1s frecuentesGeneralLa visi\u00f3n de futuro de Belong es convertirse en una plataforma que apoye diferentes \u00e1reas del bienestar mental y el autodesarrollo. Adem\u00e1s de nuestro enfoque actual, queremos ampliar nuestro servicio e incorporar a la plataforma nuevas \u00e1reas como las terapias y el coaching. Nuestro objetivo es ofrecerte un entorno profesional y de confianza [&hellip;]<\/p>\n","protected":false},"author":4,"featured_media":27286,"parent":0,"menu_order":0,"comment_status":"closed","ping_status":"closed","template":"","meta":{"_et_pb_use_builder":"on","_et_pb_old_content":"","_et_gb_content_width":"","footnotes":""},"class_list":["post-27283","page","type-page","status-publish","has-post-thumbnail","hentry"],"_links":{"self":[{"href":"https:\/\/belong.ee\/es\/wp-json\/wp\/v2\/pages\/27283","targetHints":{"allow":["GET"]}}],"collection":[{"href":"https:\/\/belong.ee\/es\/wp-json\/wp\/v2\/pages"}],"about":[{"href":"https:\/\/belong.ee\/es\/wp-json\/wp\/v2\/types\/page"}],"author":[{"embeddable":true,"href":"https:\/\/belong.ee\/es\/wp-json\/wp\/v2\/users\/4"}],"replies":[{"embeddable":true,"href":"https:\/\/belong.ee\/es\/wp-json\/wp\/v2\/comments?post=27283"}],"version-history":[{"count":7,"href":"https:\/\/belong.ee\/es\/wp-json\/wp\/v2\/pages\/27283\/revisions"}],"predecessor-version":[{"id":28579,"href":"https:\/\/belong.ee\/es\/wp-json\/wp\/v2\/pages\/27283\/revisions\/28579"}],"wp:featuredmedia":[{"embeddable":true,"href":"https:\/\/belong.ee\/es\/wp-json\/wp\/v2\/media\/27286"}],"wp:attachment":[{"href":"https:\/\/belong.ee\/es\/wp-json\/wp\/v2\/media?parent=27283"}],"curies":[{"name":"wp","href":"https:\/\/api.w.org\/{rel}","templated":true}]}}