{"id":27290,"date":"2023-01-24T14:15:06","date_gmt":"2023-01-24T12:15:06","guid":{"rendered":"https:\/\/belong-events.com\/aviso-de-privacidad-de-belong\/"},"modified":"2025-12-16T10:17:45","modified_gmt":"2025-12-16T08:17:45","slug":"aviso-de-privacidad-de-belong","status":"publish","type":"page","link":"https:\/\/belong.ee\/es\/aviso-de-privacidad-de-belong\/","title":{"rendered":"Aviso de privacidad de Belong"},"content":{"rendered":"<p>[et_pb_section fb_built=\u00bb1&#8243; _builder_version=\u00bb4.16&#8243; global_colors_info=\u00bb{}\u00bb][et_pb_row _builder_version=\u00bb4.16&#8243; background_size=\u00bbinitial\u00bb background_position=\u00bbtop_left\u00bb background_repeat=\u00bbrepeat\u00bb global_colors_info=\u00bb{}\u00bb][et_pb_column type=\u00bb4_4&#8243; _builder_version=\u00bb4.16&#8243; custom_padding=\u00bb|||\u00bb global_colors_info=\u00bb{}\u00bb custom_padding__hover=\u00bb|||\u00bb][et_pb_text _builder_version=\u00bb4.27.4&#8243; _module_preset=\u00bbb5629d61-8761-48a4-843a-08bad35c28b0&#8243; locked=\u00bboff\u00bb global_colors_info=\u00bb{}\u00bb]<\/p>\n<h1 style=\"text-align: center;\">Aviso de privacidad<\/h1>\n<p>[\/et_pb_text][et_pb_text _builder_version=\u00bb4.27.4&#8243; background_size=\u00bbinitial\u00bb background_position=\u00bbtop_left\u00bb background_repeat=\u00bbrepeat\u00bb hover_enabled=\u00bb0&#8243; global_colors_info=\u00bb{}\u00bb sticky_enabled=\u00bb0&#8243;]<\/p>\n<p><!-- divi:paragraph -->Cuando utilizas los servicios de Belong (tambi\u00e9n denominados nosotros y nos), nos conf\u00edas tus datos personales. Nos tomamos muy en serio la protecci\u00f3n de tus datos personales y s\u00f3lo los recabamos de ti en la medida necesaria para utilizar nuestros servicios. Procesamos los datos personales de acuerdo con el Reglamento General de Protecci\u00f3n de Datos de la UE (GDPR, EU 2016\/679), las instrucciones de la Inspecci\u00f3n de Protecci\u00f3n de Datos de Estonia y las leyes de la Rep\u00fablica de Estonia. Belong no procesa categor\u00edas especiales de datos personales tal y como se definen en el GDPR.   <\/p>\n<p><!-- \/divi:paragraph --><\/p>\n<p><!-- divi:paragraph -->En este Aviso de privacidad, explicamos por qu\u00e9 y c\u00f3mo recopilamos y procesamos datos personales.<\/p>\n<p><!-- \/divi:paragraph --><\/p>\n<p><!-- divi:paragraph --><strong>Controlador de datos<\/strong><\/p>\n<p><!-- \/divi:paragraph --><\/p>\n<p><!-- divi:paragraph -->Belong O\u00dc<br \/>Reg. N\u00ba: 17031513 <br \/><!-- divi:paragraph -->Correo electr\u00f3nico: info@belong-events.com<\/p>\n<p><!-- \/divi:paragraph --><\/p>\n<p><!-- \/divi:paragraph --><\/p>\n<p><!-- \/divi:paragraph --><\/p>\n<p><!-- divi:heading --><\/p>\n<h2 class=\"wp-block-heading\">\u00bfQu\u00e9 datos personales recogemos?<\/h2>\n<p><!-- \/divi:heading --><\/p>\n<p><!-- divi:paragraph -->Recogemos datos personales para prestarte nuestros servicios de las dos formas siguientes:<\/p>\n<p><!-- \/divi:paragraph --><\/p>\n<p><!-- divi:paragraph --><strong>1 Datos que t\u00fa mismo nos facilitas<\/strong><\/p>\n<p><!-- \/divi:paragraph --><\/p>\n<p><!-- divi:paragraph -->Cuando utilizas el servicio Pertenecer, nos proporcionas varios tipos de informaci\u00f3n personal: como tu direcci\u00f3n de correo electr\u00f3nico, n\u00famero de tel\u00e9fono, nombre de contacto, nombre de la empresa, informaci\u00f3n de facturaci\u00f3n, etc.<\/p>\n<p><!-- \/divi:paragraph --><\/p>\n<p><!-- divi:paragraph --><strong>2 Datos que recibimos de ti en funci\u00f3n de tu uso de nuestros servicios<\/strong><\/p>\n<p><!-- \/divi:paragraph --><\/p>\n<p><!-- divi:paragraph -->Adem\u00e1s, recogemos informaci\u00f3n sobre cu\u00e1les de nuestros servicios utilizas y c\u00f3mo los utilizas, por ejemplo, cuando visitas nuestro sitio web, registramos informaci\u00f3n al respecto. Recogemos la siguiente informaci\u00f3n sobre tu uso de nuestros servicios: <\/p>\n<p><!-- \/divi:paragraph --><\/p>\n<p><!-- divi:list --><\/p>\n<ul class=\"wp-block-list\">\n<ul class=\"wp-block-list\"><!-- divi:list-item --><\/ul>\n<\/ul>\n<ul>\n<li>Direcci\u00f3n de visita al sitio web, direcci\u00f3n IP, hora, informaci\u00f3n del navegador, etc.<\/li>\n<li><!-- \/divi:list-item -->Actividades de los usuarios registrados en la plataforma<!-- divi:list-item --><\/li>\n<\/ul>\n<p><!-- \/divi:list-item --><\/p>\n<p><!-- \/divi:list --><\/p>\n<p><!-- divi:heading --><\/p>\n<h2 class=\"wp-block-heading\">\u00bfPor qu\u00e9 recogemos y tratamos datos personales?<\/h2>\n<p><!-- \/divi:heading --><\/p>\n<p><!-- divi:paragraph -->El tratamiento de tus datos personales es necesario para la utilizaci\u00f3n de nuestros servicios, ya que sin tus datos personales no es posible prestarte el servicio que has solicitado ni cumplir las obligaciones asociadas al mismo. Utilizamos los datos recogidos para prestar, gestionar, mejorar y desarrollar nuevos servicios. <\/p>\n<p><!-- \/divi:paragraph --><\/p>\n<p><!-- divi:paragraph -->Recogemos y tratamos datos personales para los siguientes fines y con arreglo a las siguientes bases jur\u00eddicas:<\/p>\n<ul>\n<li>Para prestar un servicio a Belong, para cumplir una obligaci\u00f3n contractual contigo;<\/li>\n<li>Para enviarte el bolet\u00edn de Belong, te pedimos tu consentimiento, que siempre puedes retirar utilizando el enlace \u00abQuitarme del bolet\u00edn\u00bb que aparece al final del bolet\u00edn.<\/li>\n<\/ul>\n<p><!-- \/divi:paragraph --><\/p>\n<p><!-- divi:list --><\/p>\n<ul>\n<ul><!-- divi:list-item --><\/ul>\n<\/ul>\n<p><!-- \/divi:list-item --><\/p>\n<p><!-- divi:list-item --><\/p>\n<p><!-- \/divi:list-item --><\/p>\n<p><!-- \/divi:list --><\/p>\n<p><!-- divi:paragraph -->No utilizaremos tus datos personales para fines distintos de los establecidos en este Aviso de privacidad.<\/p>\n<p><!-- \/divi:paragraph --><\/p>\n<p><!-- divi:heading --><\/p>\n<h2>\u00bfA qui\u00e9n se transfieren los datos?<\/h2>\n<p><!-- \/divi:heading --><\/p>\n<p><!-- divi:paragraph -->Trataremos los datos personales que procesemos de forma confidencial y s\u00f3lo los revelaremos a otras personas o empresas (o destinatarios) en la medida necesaria para prestar el servicio.<\/p>\n<p><!-- \/divi:paragraph --><\/p>\n<p><!-- divi:paragraph -->No compartimos informaci\u00f3n personal con empresas, organizaciones y personas ajenas a nuestra actividad, salvo en las siguientes circunstancias:<\/p>\n<p><!-- \/divi:paragraph --><\/p>\n<p><!-- divi:list --><\/p>\n<ul>\n<ul><!-- divi:list-item --><\/ul>\n<li>Cuando utilizamos proveedores de servicios externos para que nos presten determinados servicios, como proveedores de alojamiento, proveedores de software de gesti\u00f3n de clientes, proveedores de servicios de marketing y proveedores de servicios de apoyo inform\u00e1tico, al prestar dichos servicios, estos proveedores de servicios externos pueden tener acceso a tus datos personales y\/o procesarlos. Exigimos a estos proveedores de servicios externos que apliquen y mantengan medidas de seguridad para garantizar la integridad y seguridad de tus datos personales. <!-- \/divi:list-item --><!-- divi:list-item --><\/li>\n<li>Sin el consentimiento de la persona afectada, los datos personales pueden transferirse a una autoridad o a una persona que tenga un derecho legal directo a hacerlo de acuerdo con la legislaci\u00f3n sobre protecci\u00f3n de datos.<\/li>\n<li>En caso de fusi\u00f3n o adquisici\u00f3n que implique a Belong, los datos personales pueden ser transferidos a terceros relacionados con la fusi\u00f3n o adquisici\u00f3n.<!-- divi:list-item --><!-- \/divi:list-item --><\/li>\n<\/ul>\n<p><!-- \/divi:list-item --><\/p>\n<p><!-- \/divi:list --><\/p>\n<p><!-- divi:heading --><\/p>\n<h2 class=\"wp-block-heading\">Transferencias de datos personales fuera de la Uni\u00f3n Europea y del EEE<\/h2>\n<p><!-- \/divi:heading --><\/p>\n<p><!-- divi:paragraph -->Procesamos los datos de los clientes dentro de la Uni\u00f3n Europea\/Espacio Econ\u00f3mico Europeo.<br \/>Si Belong necesita procesar datos personales fuera de la Uni\u00f3n Europea\/Espacio Econ\u00f3mico Europeo, s\u00f3lo lo haremos si existe una base legal para ello, por ejemplo, para cumplir una obligaci\u00f3n legal o con el consentimiento del cliente. Tambi\u00e9n aplicaremos las medidas de seguridad adecuadas: <\/p>\n<p><!-- \/divi:paragraph --><\/p>\n<p><!-- divi:list --><\/p>\n<ul class=\"wp-block-list\">\n<ul class=\"wp-block-list\"><!-- divi:list-item --><\/ul>\n<\/ul>\n<ul>\n<li>existe un contrato tipo de protecci\u00f3n de datos,<\/li>\n<li>el receptor dispone de c\u00f3digos de pr\u00e1cticas aprobados, certificados, etc;<\/li>\n<li><!-- \/divi:list-item -->existe un nivel adecuado de protecci\u00f3n de datos en el pa\u00eds donde se encuentra el destinatario, de conformidad con la Decisi\u00f3n de la Comisi\u00f3n Europea;<\/li>\n<li><!-- \/divi:list-item -->el destinatario est\u00e1 certificado conforme al Marco de Privacidad EE.UU.-UE.<!-- divi:list-item --><!-- divi:list-item --><!-- \/divi:list-item --><!-- divi:list-item --><\/li>\n<\/ul>\n<p><!-- \/divi:list-item --><\/p>\n<p><!-- \/divi:list --><\/p>\n<p><!-- divi:heading --><\/p>\n<h2 class=\"wp-block-heading\">Seguridad de los datos<\/h2>\n<p><!-- \/divi:heading --><\/p>\n<p><!-- divi:paragraph -->Utilizamos medidas organizativas y tecnol\u00f3gicas adecuadas para proteger tus datos contra el acceso no autorizado, la alteraci\u00f3n, la divulgaci\u00f3n o la violaci\u00f3n.<\/p>\n<p><!-- \/divi:paragraph --><\/p>\n<p><!-- divi:paragraph -->Para garantizar la seguridad de los datos:<\/p>\n<p><!-- \/divi:paragraph --><\/p>\n<p><!-- divi:list {\"ordered\":true} --><\/p>\n<ol>\n<ol><!-- divi:list-item --><\/ol>\n<\/ol>\n<ul>\n<li>Tratamos todos los datos personales como confidenciales. Nuestros empleados han firmado un acuerdo de confidencialidad y han recibido la formaci\u00f3n necesaria. <\/li>\n<li>Siempre que es posible, encriptamos los servicios utilizando SSL u otros m\u00e9todos con un nivel de seguridad similar.<\/li>\n<li>Restringimos el acceso a los datos personales concediendo acceso s\u00f3lo a aquellos empleados y contratistas que necesitan la informaci\u00f3n para procesarla, que est\u00e1n sujetos a estrictas obligaciones contractuales de confidencialidad y que pueden ser sancionados o despedidos si incumplen dichas obligaciones.<\/li>\n<li>Conservamos los datos personales en formato digital y no en papel para garantizar un control de acceso m\u00e1s r\u00e1pido y seguro.<\/li>\n<li>El repositorio de datos personales est\u00e1 protegido por las salvaguardias t\u00e9cnicas y organizativas inform\u00e1ticas necesarias. Existen normas de seguridad de la informaci\u00f3n y contratos adecuados con los proveedores de servicios. <!-- \/divi:list-item --><!-- divi:list-item --><\/li>\n<\/ul>\n<p><!-- \/divi:list-item --><\/p>\n<p><!-- \/divi:list --><\/p>\n<p><!-- divi:heading --><\/p>\n<h2 class=\"wp-block-heading\">\u00bfQu\u00e9 derechos tienes y c\u00f3mo puedes ejercerlos?  <\/h2>\n<p><!-- \/divi:heading --><\/p>\n<p><!-- divi:paragraph -->De acuerdo con el Reglamento General de Protecci\u00f3n de Datos, tienes derecho a:<\/p>\n<ul>\n<li>acceder a tus datos personales, es decir, preguntarnos qu\u00e9 datos tratamos sobre ti y obtener un extracto de esos datos;<\/li>\n<li>mejora tus datos;<\/li>\n<li>solicitar la supresi\u00f3n de tus datos. Si estamos tratando tus datos para cumplir una obligaci\u00f3n legal, no podremos eliminarlos antes del plazo legal; <\/li>\n<li>solicitar la restricci\u00f3n del tratamiento de tus datos personales;<\/li>\n<li>solicitar la transferencia de tus datos personales a otro responsable del tratamiento, siempre que sea tecnol\u00f3gicamente posible;<\/li>\n<li>retirar siempre el consentimiento para el tratamiento de datos personales. Para retirar tu consentimiento, utiliza el enlace <em>para darte de baja<\/em> o escr\u00edbenos a la direcci\u00f3n de correo electr\u00f3nico indicada en la secci\u00f3n de contacto. <\/li>\n<\/ul>\n<p><!-- \/divi:paragraph --><\/p>\n<p><!-- divi:list --><\/p>\n<ul class=\"wp-block-list\">\n<ul class=\"wp-block-list\"><!-- divi:list-item --><\/ul>\n<\/ul>\n<p><!-- \/divi:list-item --><\/p>\n<p><!-- divi:list-item --><\/p>\n<p><!-- \/divi:list-item --><\/p>\n<p><!-- divi:list-item --><\/p>\n<p><!-- \/divi:list-item --><\/p>\n<p><!-- divi:list-item --><\/p>\n<p><!-- \/divi:list-item --><\/p>\n<p><!-- divi:list-item --><\/p>\n<p><!-- \/divi:list-item --><\/p>\n<p><!-- divi:list-item --><\/p>\n<p><!-- \/divi:list-item --><\/p>\n<p><!-- \/divi:list --><\/p>\n<p><!-- divi:paragraph -->No elaboramos perfiles sobre la base de datos personales ni tomamos decisiones automatizadas.<\/p>\n<p><!-- \/divi:paragraph --><\/p>\n<p><!-- divi:paragraph -->Tenemos la obligaci\u00f3n legal de asegurarnos de que los datos personales s\u00f3lo lleguen a las personas sobre las que se recogen. Necesitamos identificarte de forma \u00fanica. Para ejercer tus derechos y presentar tu solicitud, ponte en contacto con nosotros como se indica en la secci\u00f3n (\u00abPonte en contacto con nosotros\u00bb).  <\/p>\n<p><!-- \/divi:paragraph --><\/p>\n<p><!-- divi:paragraph -->Ten en cuenta que s\u00f3lo puedes solicitar la supresi\u00f3n de tus datos personales, la limitaci\u00f3n del tratamiento, etc., si no estamos tratando tus datos para cumplir una obligaci\u00f3n contractual legal.<\/p>\n<p><!-- \/divi:paragraph --><\/p>\n<p><!-- divi:paragraph -->Si solicitas la restricci\u00f3n, suspensi\u00f3n o supresi\u00f3n del tratamiento de tus datos personales, esto puede dar lugar a una suspensi\u00f3n parcial o total de los servicios que te prestamos.<\/p>\n<p><!-- \/divi:paragraph --><\/p>\n<p><!-- divi:paragraph -->En caso de reclamaci\u00f3n, tienes derecho a presentar una queja ante la autoridad competente en materia de protecci\u00f3n de datos.<\/p>\n<p><!-- \/divi:paragraph --><\/p>\n<p><!-- divi:heading --><\/p>\n<h2 class=\"wp-block-heading\"><strong>\u00bfCu\u00e1nto tiempo conservamos tus datos personales?<\/strong><\/h2>\n<p><!-- \/divi:heading --><\/p>\n<p><!-- divi:paragraph -->Tus datos personales se conservar\u00e1n durante el tiempo que sea necesario para prestarte los servicios que hayas solicitado. Si los datos personales no se han utilizado durante 5 a\u00f1os consecutivos, eliminaremos tus datos personales o los haremos an\u00f3nimos, a menos que se apliquen requisitos legales de conservaci\u00f3n. <\/p>\n<p><!-- \/divi:paragraph --><\/p>\n<p><!-- divi:paragraph -->Los datos recogidos de forma an\u00f3nima se conservan indefinidamente.<\/p>\n<p><!-- \/divi:paragraph --><\/p>\n<p><!-- divi:heading --><\/p>\n<h2 class=\"wp-block-heading\"><strong>Cookies<\/strong><\/h2>\n<p><!-- \/divi:heading --><\/p>\n<p><!-- divi:paragraph -->En nuestro sitio web se utilizan las siguientes cookies:<\/p>\n<p><!-- \/divi:paragraph --><\/p>\n<p><!-- divi:table {\"hasFixedLayout\":false} --><\/p>\n<figure class=\"wp-block-table\">\n<table>\n<tbody>\n<tr>\n<td>Cookie<\/td>\n<td>Dominio<\/td>\n<td>Descripci\u00f3n<\/td>\n<td>Duraci\u00f3n<\/td>\n<td>Tipo<\/td>\n<\/tr>\n<tr>\n<td><\/td>\n<td>bigin.zoho.eu<\/td>\n<td>Sin descripci\u00f3n<\/td>\n<td>sesi\u00f3n<\/td>\n<td>Otros<\/td>\n<\/tr>\n<tr>\n<td>.de eventos<\/td>\n<td>.belong-events.com<\/td>\n<td>Google Analytics establece esta cookie para almacenar y contar las visitas a la p\u00e1gina.<\/td>\n<td>1 a\u00f1o 1 mes 4 d\u00edas<\/td>\n<td>Anal\u00edtica<\/td>\n<\/tr>\n<tr>\n<td>_ga<\/td>\n<td>.belong-events.com<\/td>\n<td>Google Analytics establece esta cookie para calcular los datos de visitantes, sesiones y campa\u00f1as y realizar un seguimiento del uso del sitio para el informe de an\u00e1lisis del sitio. La cookie almacena la informaci\u00f3n de forma an\u00f3nima y asigna un n\u00famero generado aleatoriamente para reconocer a los visitantes \u00fanicos. <\/td>\n<td>1 a\u00f1o 1 mes 4 d\u00edas<\/td>\n<td>Anal\u00edtica<\/td>\n<\/tr>\n<tr>\n<td>crmcsr<\/td>\n<td>bigin.zoho.eu<\/td>\n<td>No hay descripci\u00f3n disponible.<\/td>\n<td>sesi\u00f3n<\/td>\n<td>Otros<\/td>\n<\/tr>\n<tr>\n<td>8ca67a8fd9<\/td>\n<td>bigin.zoho.eu<\/td>\n<td>Sin descripci\u00f3n<\/td>\n<td>sesi\u00f3n<\/td>\n<td>Otros<\/td>\n<\/tr>\n<tr>\n<td>40c0b66dfe<\/td>\n<td>bigin.zoho.eu<\/td>\n<td>Sin descripci\u00f3n<\/td>\n<td>sesi\u00f3n<\/td>\n<td>Otros<\/td>\n<\/tr>\n<tr>\n<td>_zcsr_tmp<\/td>\n<td>bigin.zoho.eu<\/td>\n<td>Zoho establece esta cookie para la funci\u00f3n de inicio de sesi\u00f3n en el sitio web.<\/td>\n<td>sesi\u00f3n<\/td>\n<td>Funcional<\/td>\n<\/tr>\n<\/tbody>\n<\/table>\n<\/figure>\n<p><!-- \/divi:table --><\/p>\n<p><!-- divi:heading --><\/p>\n<h2 class=\"wp-block-heading\"><strong>Cambios en el Aviso de Privacidad<\/strong><\/h2>\n<p><!-- \/divi:heading --><\/p>\n<p><!-- divi:paragraph -->Al utilizar los servicios de Belong, has le\u00eddo estas condiciones. Nuestra Pol\u00edtica de Privacidad puede cambiar de vez en cuando. El Aviso de Privacidad publicado en esta p\u00e1gina es siempre la versi\u00f3n m\u00e1s actualizada.  <\/p>\n<p><!-- \/divi:paragraph --><\/p>\n<p><!-- divi:heading --><\/p>\n<h2 class=\"wp-block-heading\"><strong>Contacta con nosotros<\/strong><\/h2>\n<p><!-- \/divi:heading --><\/p>\n<p><!-- divi:paragraph -->Si tienes alguna pregunta sobre nuestro tratamiento de datos personales distintos de los expuestos en este Aviso de privacidad, ponte en contacto con nosotros:<\/p>\n<p><!-- \/divi:paragraph --><\/p>\n<p><!-- divi:paragraph --><a href=\"mailto:info@belong-events.com\">info@belong-events.com<\/a><\/p>\n<p><!-- \/divi:paragraph --><\/p>\n<p><!-- divi:paragraph -->\u00daltima modificaci\u00f3n: 4 dic 2025 <\/p>\n<p><!-- \/divi:paragraph --><\/p>\n<p><!-- divi:paragraph --><\/p>\n<p><!-- \/divi:paragraph --><\/p>\n<p>[\/et_pb_text][\/et_pb_column][\/et_pb_row][\/et_pb_section]<\/p>\n","protected":false},"excerpt":{"rendered":"<p>Aviso de privacidadCuando utilizas los servicios de Belong (tambi\u00e9n denominados nosotros y nos), nos conf\u00edas tus datos personales. Nos tomamos muy en serio la protecci\u00f3n de tus datos personales y s\u00f3lo los recabamos de ti en la medida necesaria para utilizar nuestros servicios. Procesamos los datos personales de acuerdo con el Reglamento General de Protecci\u00f3n [&hellip;]<\/p>\n","protected":false},"author":4,"featured_media":27282,"parent":0,"menu_order":0,"comment_status":"closed","ping_status":"closed","template":"","meta":{"_et_pb_use_builder":"on","_et_pb_old_content":"","_et_gb_content_width":"","footnotes":""},"class_list":["post-27290","page","type-page","status-publish","has-post-thumbnail","hentry"],"_links":{"self":[{"href":"https:\/\/belong.ee\/es\/wp-json\/wp\/v2\/pages\/27290","targetHints":{"allow":["GET"]}}],"collection":[{"href":"https:\/\/belong.ee\/es\/wp-json\/wp\/v2\/pages"}],"about":[{"href":"https:\/\/belong.ee\/es\/wp-json\/wp\/v2\/types\/page"}],"author":[{"embeddable":true,"href":"https:\/\/belong.ee\/es\/wp-json\/wp\/v2\/users\/4"}],"replies":[{"embeddable":true,"href":"https:\/\/belong.ee\/es\/wp-json\/wp\/v2\/comments?post=27290"}],"version-history":[{"count":13,"href":"https:\/\/belong.ee\/es\/wp-json\/wp\/v2\/pages\/27290\/revisions"}],"predecessor-version":[{"id":28412,"href":"https:\/\/belong.ee\/es\/wp-json\/wp\/v2\/pages\/27290\/revisions\/28412"}],"wp:featuredmedia":[{"embeddable":true,"href":"https:\/\/belong.ee\/es\/wp-json\/wp\/v2\/media\/27282"}],"wp:attachment":[{"href":"https:\/\/belong.ee\/es\/wp-json\/wp\/v2\/media?parent=27290"}],"curies":[{"name":"wp","href":"https:\/\/api.w.org\/{rel}","templated":true}]}}