{"id":27311,"date":"2025-01-07T18:03:58","date_gmt":"2025-01-07T16:03:58","guid":{"rendered":"https:\/\/belong-events.com\/en-que-se-diferencia-belong\/"},"modified":"2025-12-16T10:20:45","modified_gmt":"2025-12-16T08:20:45","slug":"en-que-se-diferencia-belong","status":"publish","type":"page","link":"https:\/\/belong.ee\/es\/en-que-se-diferencia-belong\/","title":{"rendered":"\u00bfEn qu\u00e9 se diferencia Belong?"},"content":{"rendered":"<p>[et_pb_section fb_built=\u00bb1&#8243; admin_label=\u00bbHeader\u00bb _builder_version=\u00bb4.16&#8243; _module_preset=\u00bbdefault\u00bb locked=\u00bboff\u00bb global_colors_info=\u00bb{}\u00bb][et_pb_row _builder_version=\u00bb4.27.4&#8243; _module_preset=\u00bbdefault\u00bb global_colors_info=\u00bb{}\u00bb][et_pb_column type=\u00bb4_4&#8243; _builder_version=\u00bb4.16&#8243; _module_preset=\u00bbdefault\u00bb global_colors_info=\u00bb{}\u00bb][et_pb_text _builder_version=\u00bb4.27.2&#8243; _module_preset=\u00bbb5629d61-8761-48a4-843a-08bad35c28b0&#8243; header_3_font=\u00bb&#8211;et_global_heading_font||||||||\u00bb header_3_line_height=\u00bb2em\u00bb custom_padding=\u00bb0px|20px|0px|20px|true|true\u00bb locked=\u00bboff\u00bb global_colors_info=\u00bb{}\u00bb]<\/p>\n<h1 style=\"text-align: center;\">\u00bfEn qu\u00e9 se diferencia Belong?<\/h1>\n<p>[\/et_pb_text][et_pb_text _builder_version=\u00bb4.27.4&#8243; _module_preset=\u00bba71a5122-3537-4d1b-aa15-649fe0057a23&#8243; header_3_font=\u00bb&#8211;et_global_heading_font||||||||\u00bb header_3_line_height=\u00bb2em\u00bb global_module=\u00bb1541&#8243; saved_tabs=\u00bball\u00bb locked=\u00bboff\u00bb global_colors_info=\u00bb{}\u00bb]<\/p>\n<p><span style=\"font-weight: 400;\">Belongi platvorm erineb teistest s\u00fcndmuseid n\u00e4itavatest platvormidest mitmes olulises aspektis nagu\u00a0<\/span><\/p>\n<ul>\n<li style=\"font-weight: 400;\" aria-level=\"1\"><span style=\"font-weight: 400;\">valdkondlik spetsialiseerumine\u00a0<\/span><\/li>\n<li style=\"font-weight: 400;\" aria-level=\"1\"><span style=\"font-weight: 400;\">innovaatiline \u201caeg-ruumi\u201d l\u00e4henemine<\/span><\/li>\n<li style=\"font-weight: 400;\" aria-level=\"1\"><span style=\"font-weight: 400;\">integreeritud \u00f6kos\u00fcsteem<\/span><\/li>\n<li style=\"font-weight: 400;\" aria-level=\"1\"><span style=\"font-weight: 400;\">kogukonna loomine ja professionaalide toetamine<\/span><\/li>\n<li style=\"font-weight: 400;\" aria-level=\"1\"><span style=\"font-weight: 400;\">elu terviklikkust toetav missioon ja v\u00e4\u00e4rtused<\/span><\/li>\n<li style=\"font-weight: 400;\" aria-level=\"1\"><span style=\"font-weight: 400;\">kohalik ja globaalne tasakaal<\/span><\/li>\n<\/ul>\n<p><span style=\"font-weight: 400;\">K\u00f5ik need omadused teevad Belongi platvormist s\u00fcgavalt fokusseeritud t\u00f6\u00f6riista vaimse heaolu valdkonnas.\u00a0<\/span><\/p>\n<p>Teised s\u00fcndmusteplatvormid v\u00f5tavad \u00fcldisema l\u00e4henemise, \u00fchendades mitmesugused valdkonnad \u00fchtsesse vaatesse, kus need sageli segunevad, mist\u00f5ttu on keeruline keskenduda konkreetsele teemale v\u00f5i valdkonnale.<\/p>\n<p>[\/et_pb_text][et_pb_text _builder_version=\u00bb4.27.4&#8243; _module_preset=\u00bba71a5122-3537-4d1b-aa15-649fe0057a23&#8243; locked=\u00bboff\u00bb global_colors_info=\u00bb{}\u00bb]<\/p>\n<h3>1. Especializaci\u00f3n sectorial<\/h3>\n<ul>\n<li style=\"font-weight: 400;\" aria-level=\"1\"><b>Eventos Belong:<\/b><span style=\"font-weight: 400;\">  Se centra en diferentes \u00e1reas del bienestar mental y el autodesarrollo, proporcionando una visi\u00f3n general profunda y centrada. La plataforma es ideal para organizadores y participantes en eventos de autodesarrollo y salud mental. <\/span><\/li>\n<li style=\"font-weight: 400;\" aria-level=\"1\"><b>Otras plataformas de eventos <\/b>(por ejemplo, <a href=\"https:\/\/www.eventbrite.com\/\" target=\"_blank\" rel=\"noopener\">Eventbrite<\/a>, <a href=\"https:\/\/www.meetup.com\/\" target=\"_blank\" rel=\"noopener\">Meetup<\/a>)<b>:<\/b><span style=\"font-weight: 400;\">  Plataformas con un enfoque general, que abarcan una amplia gama de categor\u00edas, como eventos empresariales, tecnolog\u00eda, m\u00fasica y ocio. A menudo falta profundidad y especializaci\u00f3n en \u00e1reas nicho. <\/span><\/li>\n<\/ul>\n<p>[\/et_pb_text][\/et_pb_column][\/et_pb_row][et_pb_row _builder_version=\u00bb4.27.4&#8243; _module_preset=\u00bbdefault\u00bb global_colors_info=\u00bb{}\u00bb][et_pb_column type=\u00bb4_4&#8243; _builder_version=\u00bb4.27.4&#8243; _module_preset=\u00bbdefault\u00bb global_colors_info=\u00bb{}\u00bb][et_pb_text _builder_version=\u00bb4.27.4&#8243; _module_preset=\u00bbf117a852-9ed3-4e7e-bbbb-0293ae077f1c\u00bb text_font=\u00bb&#8211;et_global_body_font|500|||||||\u00bb text_line_height=\u00bb1.9em\u00bb header_2_font_size=\u00bb26px\u00bb locked=\u00bboff\u00bb global_colors_info=\u00bb{%22gcid-primary-color%22:%91%22header_2_text_color%22%93}\u00bb]<\/p>\n<h3 style=\"text-align: center;\">Somos una plataforma de apoyo para todos los sectores<\/h3>\n<p>[\/et_pb_text][\/et_pb_column][\/et_pb_row][et_pb_row column_structure=\u00bb1_4,1_4,1_4,1_4&#8243; use_custom_gutter=\u00bbon\u00bb gutter_width=\u00bb2&#8243; _builder_version=\u00bb4.27.4&#8243; _module_preset=\u00bbdefault\u00bb module_alignment=\u00bbcenter\u00bb global_module=\u00bb1525&#8243; global_colors_info=\u00bb{}\u00bb][et_pb_column type=\u00bb1_4&#8243; _builder_version=\u00bb4.27.4&#8243; _module_preset=\u00bbdefault\u00bb global_colors_info=\u00bb{}\u00bb][et_pb_image src=\u00bbhttps:\/\/belong.ee\/wp-content\/uploads\/2024\/08\/konstellatsiooni-valdkond-avatud.jpg\u00bb title_text=\u00bbconstelaci\u00f3n de campo abierto\u00bb align=\u00bbcenter\u00bb _builder_version=\u00bb4.27.4&#8243; _module_preset=\u00bbdefault\u00bb global_colors_info=\u00bb{}\u00bb][\/et_pb_image][et_pb_text _builder_version=\u00bb4.27.0&#8243; _module_preset=\u00bbdefault\u00bb header_3_font=\u00bb&#8211;et_global_heading_font|700|||||||\u00bb header_3_text_align=\u00bbcenter\u00bb global_colors_info=\u00bb{}\u00bb]<\/p>\n<h3>Constelaci\u00f3n<\/h3>\n<p>[\/et_pb_text][\/et_pb_column][et_pb_column type=\u00bb1_4&#8243; _builder_version=\u00bb4.16&#8243; _module_preset=\u00bbdefault\u00bb global_colors_info=\u00bb{}\u00bb][et_pb_image src=\u00bbhttps:\/\/belong.ee\/wp-content\/uploads\/2024\/08\/psuhholoogia-valdkond.jpg\u00bb title_text=\u00bbcampo de la psicolog\u00eda\u00bb align=\u00bbcenter\u00bb _builder_version=\u00bb4.27.4&#8243; _module_preset=\u00bbdefault\u00bb global_colors_info=\u00bb{}\u00bb][\/et_pb_image][et_pb_text _builder_version=\u00bb4.27.4&#8243; _module_preset=\u00bbdefault\u00bb header_3_font=\u00bb&#8211;et_global_heading_font|700|||||||\u00bb header_3_text_align=\u00bbcenter\u00bb global_colors_info=\u00bb{}\u00bb]<\/p>\n<h3>Terapia<\/h3>\n<p>[\/et_pb_text][\/et_pb_column][et_pb_column type=\u00bb1_4&#8243; _builder_version=\u00bb4.16&#8243; _module_preset=\u00bbdefault\u00bb global_colors_info=\u00bb{}\u00bb][et_pb_image src=\u00bbhttps:\/\/belong.ee\/wp-content\/uploads\/2024\/08\/teraapia-valdkond-tulekul.jpg\u00bb title_text=\u00bbel futuro campo de la terapia\u00bb align=\u00bbcenter\u00bb _builder_version=\u00bb4.27.4&#8243; _module_preset=\u00bbdefault\u00bb global_colors_info=\u00bb{}\u00bb][\/et_pb_image][et_pb_text _builder_version=\u00bb4.27.4&#8243; _module_preset=\u00bbdefault\u00bb header_3_font=\u00bb&#8211;et_global_heading_font|700|||||||\u00bb header_3_text_align=\u00bbcenter\u00bb global_colors_info=\u00bb{}\u00bb]<\/p>\n<h3>Psicolog\u00eda<\/h3>\n<p>[\/et_pb_text][\/et_pb_column][et_pb_column type=\u00bb1_4&#8243; _builder_version=\u00bb4.16&#8243; _module_preset=\u00bbdefault\u00bb global_colors_info=\u00bb{}\u00bb][et_pb_image src=\u00bbhttps:\/\/belong.ee\/wp-content\/uploads\/2024\/08\/coaching-valdkond-tulekul.jpg\u00bb title_text=\u00bb\u00e1rea de entrenamiento pr\u00f3ximamente\u00bb align=\u00bbcenter\u00bb _builder_version=\u00bb4.27.4&#8243; _module_preset=\u00bbdefault\u00bb global_colors_info=\u00bb{}\u00bb][\/et_pb_image][et_pb_text _builder_version=\u00bb4.27.0&#8243; _module_preset=\u00bbdefault\u00bb header_3_font=\u00bb&#8211;et_global_heading_font|700|||||||\u00bb header_3_text_align=\u00bbcenter\u00bb global_colors_info=\u00bb{}\u00bb]<\/p>\n<h3>Coaching<\/h3>\n<p>[\/et_pb_text][\/et_pb_column][\/et_pb_row][et_pb_row _builder_version=\u00bb4.27.0&#8243; _module_preset=\u00bbdefault\u00bb global_colors_info=\u00bb{}\u00bb][et_pb_column type=\u00bb4_4&#8243; _builder_version=\u00bb4.16&#8243; _module_preset=\u00bbdefault\u00bb global_colors_info=\u00bb{}\u00bb][et_pb_text _builder_version=\u00bb4.27.4&#8243; _module_preset=\u00bba71a5122-3537-4d1b-aa15-649fe0057a23&#8243; locked=\u00bboff\u00bb global_colors_info=\u00bb{}\u00bb]<\/p>\n<p><span style=\"color: #333333; font-family: var(--et_global_heading_font),serif; font-size: 22px; font-weight: 600;\">2. Funci\u00f3n innovadora \u00abtiempo-espacio<\/span><\/p>\n<ul>\n<li style=\"font-weight: 400;\" aria-level=\"1\"><b>Eventos Belong:<\/b><span style=\"font-weight: 400;\">  La plataforma dispone de un \u00abnavegador espacio-temporal\u00bb \u00fanico, que permite al usuario establecer el periodo de tiempo y el \u00e1rea geogr\u00e1fica simult\u00e1neamente. Esta herramienta intuitiva hace que la b\u00fasqueda sea visual y f\u00e1cil de usar, proporcionando una visi\u00f3n precisa de los acontecimientos que se ajustan a las necesidades del usuario. <\/span><\/li>\n<li style=\"font-weight: 400;\" aria-level=\"1\"><b>Otras plataformas:<\/b><span style=\"font-weight: 400;\"> Aunque existen filtros de fecha y lugar, no hay una soluci\u00f3n de b\u00fasqueda gr\u00e1fica e intuitiva como Belong Events.<\/span><\/li>\n<\/ul>\n<h3>3. Ecosistema integrado<\/h3>\n<ul>\n<li style=\"font-weight: 400;\" aria-level=\"1\"><b>Eventos Belong:<\/b><span style=\"font-weight: 400;\">  La plataforma crea v\u00ednculos entre actos, servicios, actores y lugares. Por ejemplo, desde la p\u00e1gina del evento, puedes ver directamente el perfil del organizador, sus otros eventos y los servicios que ofrece. Este enfoque simplifica la experiencia del usuario y crea una visi\u00f3n hol\u00edstica de la zona.  <\/span><\/li>\n<li style=\"font-weight: 400;\" aria-level=\"1\"><b>Otras plataformas:<\/b><span style=\"font-weight: 400;\"> Se centran en mostrar eventos, pero a menudo no vinculan sistem\u00e1ticamente distintos datos, como los antecedentes del organizador o informaci\u00f3n relacionada con otras ofertas.<\/span><\/li>\n<\/ul>\n<h3>4. Crear comunidad y apoyar a los profesionales<\/h3>\n<ul>\n<li style=\"font-weight: 400;\" aria-level=\"1\"><b>Eventos Belong:<\/b><span style=\"font-weight: 400;\">  Trabajamos activamente con asociaciones profesionales del sector para apoyar a los profesionales proporcion\u00e1ndoles herramientas para ampliar la visibilidad y el alcance de su pr\u00e1ctica. La plataforma ayuda a encontrar clientes, socios y oportunidades de formaci\u00f3n.   <\/span><\/li>\n<li style=\"font-weight: 400;\" aria-level=\"1\"><b>Otras plataformas:<\/b><span style=\"font-weight: 400;\"> Aunque plataformas como Meetup fomentan la creaci\u00f3n de comunidades, no se centran en apoyar a los profesionales ni en abordar las necesidades espec\u00edficas del sector.<\/span><span><\/span><\/li>\n<\/ul>\n<p>[\/et_pb_text][\/et_pb_column][\/et_pb_row][et_pb_row column_structure=\u00bb1_2,1_2&#8243; _builder_version=\u00bb4.27.4&#8243; _module_preset=\u00bbdefault\u00bb background_color=\u00bb#d7eec5&#8243; custom_margin=\u00bb||||false|false\u00bb custom_padding=\u00bb|15px||15px|false|true\u00bb border_radii=\u00bboff|||10px|10px\u00bb global_colors_info=\u00bb{}\u00bb][et_pb_column type=\u00bb1_2&#8243; _builder_version=\u00bb4.27.4&#8243; _module_preset=\u00bbdefault\u00bb background_color=\u00bbRGBA(255,255,255,0)\u00bb custom_padding=\u00bb20px|20px|20px|20px|true|true\u00bb border_radii=\u00bbon|10px|10px|10px|10px\u00bb border_width_all=\u00bb1px\u00bb border_color_all=\u00bbgcid-secondary-color\u00bb global_colors_info=\u00bb{%22gcid-secondary-color%22:%91%22background_color%22,%22border_color_all%22%93}\u00bb][et_pb_text _builder_version=\u00bb4.27.4&#8243; _module_preset=\u00bba71a5122-3537-4d1b-aa15-649fe0057a23&#8243; text_line_height=\u00bb1.9em\u00bb text_orientation=\u00bbcenter\u00bb locked=\u00bboff\u00bb global_colors_info=\u00bb{}\u00bb]<\/p>\n<p>Colaboramos estrechamente con asociaciones profesionales sectoriales. En el \u00e1mbito de las constelaciones, nuestros socios son <\/p>\n<p><strong>Asociaci\u00f3n de Consteladores Profesionales de Estonia (EPKA)<\/strong><\/p>\n<p>[\/et_pb_text][\/et_pb_column][et_pb_column type=\u00bb1_2&#8243; _builder_version=\u00bb4.27.4&#8243; _module_preset=\u00bbdefault\u00bb background_color=\u00bbRGBA(255,255,255,0)\u00bb custom_padding=\u00bb20px|20px|20px|20px|true|true\u00bb border_radii=\u00bbon|10px|10px|10px|10px\u00bb border_width_all=\u00bb1px\u00bb border_color_all=\u00bbgcid-secondary-color\u00bb global_colors_info=\u00bb{%22gcid-secondary-color%22:%91%22border_color_all%22%93}\u00bb][et_pb_image src=\u00bbhttps:\/\/belong.ee\/wp-content\/uploads\/2023\/08\/epka-logo.png\u00bb alt=\u00bbLogotipo EPKA\u00bb title_text=\u00bbLogotipo EPKA\u00bb url=\u00bbhttps:\/\/epkaest.com\/\u00bb url_new_window=\u00bbon\u00bb _builder_version=\u00bb4.27.0&#8243; _module_preset=\u00bbdefault\u00bb background_color=\u00bb#FFFFFF\u00bb global_colors_info=\u00bb{}\u00bb][\/et_pb_image][\/et_pb_column][\/et_pb_row][et_pb_row _builder_version=\u00bb4.27.4&#8243; _module_preset=\u00bbdefault\u00bb global_colors_info=\u00bb{}\u00bb][et_pb_column type=\u00bb4_4&#8243; _builder_version=\u00bb4.27.4&#8243; _module_preset=\u00bbdefault\u00bb global_colors_info=\u00bb{}\u00bb][et_pb_text _builder_version=\u00bb4.27.4&#8243; _module_preset=\u00bba71a5122-3537-4d1b-aa15-649fe0057a23&#8243; locked=\u00bboff\u00bb global_colors_info=\u00bb{}\u00bb]<\/p>\n<h3>5. Misi\u00f3n y valores que apoyan la integridad de la vida<\/h3>\n<ul>\n<li style=\"font-weight: 400;\" aria-level=\"1\"><b>Eventos Belong:<\/b><span style=\"font-weight: 400;\">  La plataforma est\u00e1 dise\u00f1ada para apoyar la integridad de la vida y promover una comunidad de bienestar mental. El objetivo es abordar retos sectoriales espec\u00edficos, como la falta de visibilidad y colaboraci\u00f3n. <\/span><\/li>\n<li style=\"font-weight: 400;\" aria-level=\"1\"><b>Otras plataformas:<\/b><span style=\"font-weight: 400;\"> Por lo general, se centran en facilitar la organizaci\u00f3n de eventos y dar servicio a un amplio abanico de usuarios, sin una misi\u00f3n sectorial claramente definida.<\/span><\/li>\n<\/ul>\n<h3>6. Equilibrio local y global<\/h3>\n<ul>\n<li style=\"font-weight: 400;\" aria-level=\"1\"><b>Eventos Belong:<\/b><span style=\"font-weight: 400;\">  Apoya tanto los eventos locales como las comunidades conectadas globalmente. La profundidad regional y tem\u00e1tica permite una mejor adaptaci\u00f3n a las especificidades de cada regi\u00f3n y sector. <\/span><\/li>\n<li style=\"font-weight: 400;\" aria-level=\"1\"><b>Otras plataformas:<\/b><span> Ofrecen una amplia disponibilidad global, pero a menudo siguen siendo superficiales a la hora de abordar las necesidades locales y espec\u00edficas.<\/span><\/li>\n<\/ul>\n<p>[\/et_pb_text][\/et_pb_column][\/et_pb_row][et_pb_row module_id=\u00bbpohialused\u00bb _builder_version=\u00bb4.27.2&#8243; _module_preset=\u00bbdefault\u00bb global_colors_info=\u00bb{}\u00bb][et_pb_column type=\u00bb4_4&#8243; _builder_version=\u00bb4.27.2&#8243; _module_preset=\u00bbdefault\u00bb global_colors_info=\u00bb{}\u00bb][dsm_button button_one_text=\u00bbPlataforma abierta Belong\u00bb button_one_url=\u00bbhttps:\/\/constellations.belong-events.com\/et\u00bb button_one_url_new_window=\u00bbon\u00bb button_alignment=\u00bbcenter\u00bb _builder_version=\u00bb4.27.4&#8243; _module_preset=\u00bbdefault\u00bb custom_button_one=\u00bbon\u00bb button_one_text_size=\u00bb16px\u00bb button_one_border_width=\u00bb1px\u00bb button_one_letter_spacing=\u00bb0px\u00bb button_one_font=\u00bb&#8211;et_global_body_font||||||||\u00bb button_one_custom_margin=\u00bb||||false|false\u00bb button_one_custom_padding=\u00bb10px|28px|10px|28px|true|true\u00bb global_colors_info=\u00bb{}\u00bb][\/dsm_button][\/et_pb_column][\/et_pb_row][\/et_pb_section][et_pb_section fb_built=\u00bb1&#8243; module_id=\u00bbponte en contacto con\u00bb _builder_version=\u00bb4.27.0&#8243; _module_preset=\u00bbdefault\u00bb background_color=\u00bb#464444&#8243; custom_padding=\u00bb4px||2px|||\u00bb global_module=\u00bb740&#8243; saved_tabs=\u00bball\u00bb global_colors_info=\u00bb{}\u00bb][et_pb_row column_structure=\u00bb1_3,1_3,1_3&#8243; _builder_version=\u00bb4.27.0&#8243; _module_preset=\u00bbdefault\u00bb global_colors_info=\u00bb{}\u00bb][et_pb_column type=\u00bb1_3&#8243; _builder_version=\u00bb4.27.0&#8243; _module_preset=\u00bbdefault\u00bb global_colors_info=\u00bb{}\u00bb][et_pb_image src=\u00bbhttps:\/\/belong.ee\/wp-content\/uploads\/2024\/08\/Belong-circle-no-text-100.png\u00bb title_text=\u00bbPertenecer-circulo-sin-texto-100&#8243; align=\u00bbcenter\u00bb src_tablet=\u00bb\u00bb src_phone=\u00bb\u00bb src_last_edited=\u00bbon|desktop\u00bb _builder_version=\u00bb4.27.0&#8243; _module_preset=\u00bbdefault\u00bb custom_margin=\u00bb||||false|false\u00bb global_colors_info=\u00bb{}\u00bb][\/et_pb_image][\/et_pb_column][et_pb_column type=\u00bb1_3&#8243; _builder_version=\u00bb4.27.0&#8243; _module_preset=\u00bbdefault\u00bb global_colors_info=\u00bb{}\u00bb][et_pb_text _builder_version=\u00bb4.27.0&#8243; _module_preset=\u00bbdefault\u00bb header_3_line_height=\u00bb2em\u00bb custom_padding=\u00bb0px|20px|0px|20px|true|true\u00bb global_colors_info=\u00bb{}\u00bb]<\/p>\n<p><a href=\"mailto:info@belong-events.com\">info@belong-events.com<\/a><\/p>\n<p>Tel: +372 <span>56 933 900<\/span><\/p>\n<p>Belong O\u00dc, n.\u00ba de registro 17031513<\/p>\n<p>[\/et_pb_text][\/et_pb_column][et_pb_column type=\u00bb1_3&#8243; _builder_version=\u00bb4.27.0&#8243; _module_preset=\u00bbdefault\u00bb global_colors_info=\u00bb{}\u00bb][et_pb_social_media_follow _builder_version=\u00bb4.27.0&#8243; _module_preset=\u00bbdefault\u00bb text_orientation=\u00bbcenter\u00bb custom_margin=\u00bb5%||||false|false\u00bb global_colors_info=\u00bb{}\u00bb][et_pb_social_media_follow_network social_network=\u00bbfacebook\u00bb url=\u00bbhttps:\/\/www.facebook.com\/BelongPlatform\u00bb _builder_version=\u00bb4.27.0&#8243; _module_preset=\u00bbdefault\u00bb background_color=\u00bb#464444&#8243; background_enable_color=\u00bbon\u00bb global_colors_info=\u00bb{}\u00bb follow_button=\u00bboff\u00bb url_new_window=\u00bbon\u00bb]facebook[\/et_pb_social_media_follow_network][\/et_pb_social_media_follow][\/et_pb_column][\/et_pb_row][\/et_pb_section]<\/p>\n","protected":false},"excerpt":{"rendered":"<p>\u00bfEn qu\u00e9 se diferencia Belong?Belongi platvorm erineb teistest s\u00fcndmuseid n\u00e4itavatest platvormidest mitmes olulises aspektis nagu\u00a0 valdkondlik spetsialiseerumine\u00a0 innovaatiline \u201caeg-ruumi\u201d l\u00e4henemine integreeritud \u00f6kos\u00fcsteem kogukonna loomine ja professionaalide toetamine elu terviklikkust toetav missioon ja v\u00e4\u00e4rtused kohalik ja globaalne tasakaal K\u00f5ik need omadused teevad Belongi platvormist s\u00fcgavalt fokusseeritud t\u00f6\u00f6riista vaimse heaolu valdkonnas.\u00a0 Teised s\u00fcndmusteplatvormid v\u00f5tavad \u00fcldisema l\u00e4henemise, \u00fchendades [&hellip;]<\/p>\n","protected":false},"author":4,"featured_media":27282,"parent":0,"menu_order":0,"comment_status":"closed","ping_status":"closed","template":"","meta":{"_et_pb_use_builder":"on","_et_pb_old_content":"","_et_gb_content_width":"","footnotes":""},"class_list":["post-27311","page","type-page","status-publish","has-post-thumbnail","hentry"],"_links":{"self":[{"href":"https:\/\/belong.ee\/es\/wp-json\/wp\/v2\/pages\/27311","targetHints":{"allow":["GET"]}}],"collection":[{"href":"https:\/\/belong.ee\/es\/wp-json\/wp\/v2\/pages"}],"about":[{"href":"https:\/\/belong.ee\/es\/wp-json\/wp\/v2\/types\/page"}],"author":[{"embeddable":true,"href":"https:\/\/belong.ee\/es\/wp-json\/wp\/v2\/users\/4"}],"replies":[{"embeddable":true,"href":"https:\/\/belong.ee\/es\/wp-json\/wp\/v2\/comments?post=27311"}],"version-history":[{"count":4,"href":"https:\/\/belong.ee\/es\/wp-json\/wp\/v2\/pages\/27311\/revisions"}],"predecessor-version":[{"id":28583,"href":"https:\/\/belong.ee\/es\/wp-json\/wp\/v2\/pages\/27311\/revisions\/28583"}],"wp:featuredmedia":[{"embeddable":true,"href":"https:\/\/belong.ee\/es\/wp-json\/wp\/v2\/media\/27282"}],"wp:attachment":[{"href":"https:\/\/belong.ee\/es\/wp-json\/wp\/v2\/media?parent=27311"}],"curies":[{"name":"wp","href":"https:\/\/api.w.org\/{rel}","templated":true}]}}