{"id":27321,"date":"2025-12-04T09:58:09","date_gmt":"2025-12-04T07:58:09","guid":{"rendered":"https:\/\/belong-events.com\/pertenecer-al-codigo-etico-de-pertenecer\/"},"modified":"2025-12-16T10:17:28","modified_gmt":"2025-12-16T08:17:28","slug":"pertenecer-al-codigo-etico-de-pertenecer","status":"publish","type":"page","link":"https:\/\/belong.ee\/es\/pertenecer-al-codigo-etico-de-pertenecer\/","title":{"rendered":"Pertenecer al C\u00f3digo \u00c9tico de Pertenecer"},"content":{"rendered":"<p>[et_pb_section fb_built=\u00bb1&#8243; _builder_version=\u00bb4.27.4&#8243; _module_preset=\u00bbdefault\u00bb global_colors_info=\u00bb{}\u00bb][et_pb_row _builder_version=\u00bb4.27.4&#8243; _module_preset=\u00bbdefault\u00bb global_colors_info=\u00bb{}\u00bb][et_pb_column type=\u00bb4_4&#8243; _builder_version=\u00bb4.27.4&#8243; _module_preset=\u00bbdefault\u00bb global_colors_info=\u00bb{}\u00bb][et_pb_text _builder_version=\u00bb4.27.4&#8243; _module_preset=\u00bbb5629d61-8761-48a4-843a-08bad35c28b0&#8243; locked=\u00bboff\u00bb global_colors_info=\u00bb{}\u00bb]<\/p>\n<h1 style=\"text-align: center;\">C\u00f3digo \u00e9tico<\/h1>\n<p>[\/et_pb_text][et_pb_text _builder_version=\u00bb4.27.4&#8243; _module_preset=\u00bba71a5122-3537-4d1b-aa15-649fe0057a23&#8243; custom_padding=\u00bb0px|20px|0px|20px|true|true\u00bb hover_enabled=\u00bb0&#8243; locked=\u00bboff\u00bb global_colors_info=\u00bb{}\u00bb sticky_enabled=\u00bb0&#8243;]<\/p>\n<h2>Objetivo y alcance<\/h2>\n<p>El C\u00f3digo \u00c9tico de Belong establece principios y normas de conducta que garantizan un entorno seguro, respetuoso y profesional para todos los usuarios de la plataforma Belong: proveedores de servicios, clientes, socios y equipo de Belong. El C\u00f3digo se aplica a todos los entornos de Belong, as\u00ed como a los eventos organizados con la marca Belong o comercializados por Belong. <\/p>\n<h2>1. Valores de pertenencia<\/h2>\n<p>Los siguientes valores y principios gu\u00edan nuestras acciones:<\/p>\n<p><strong>Vivir para la integridad<\/strong>: apoyamos la integridad en las personas, las relaciones y las comunidades; vemos a las personas como parte de un ecosistema integrado.<\/p>\n<p><strong>Dignidad humana e igualdad<\/strong>: todo ser humano merece respeto, un trato justo y seguridad.<\/p>\n<p><strong>Inclusi\u00f3n y comunidad<\/strong>: crear una plataforma en la que se valoren las diferencias y la colaboraci\u00f3n sea la norma.<\/p>\n<p><strong>Profesionalidad y responsabilidad<\/strong>: actuamos dentro de los l\u00edmites de nuestra competencia, con integridad, transparencia y cuidado.<\/p>\n<p><strong>Protecci\u00f3n de datos<\/strong> &#8211; Respetamos la privacidad y tratamos los datos con cuidado y finalidad.<\/p>\n<h2>2. Definiciones<\/h2>\n<p><strong>Proveedor de Servicios<\/strong> &#8211; una persona u organizaci\u00f3n que proporciona servicios y\/o eventos en la Plataforma Pertenecer.<\/p>\n<p><strong>Cliente<\/strong>: persona interesada en un evento, que lo consume o que se inscribe en \u00e9l.<\/p>\n<p><strong>Evento<\/strong>: actividad p\u00fablica o privada (taller, formaci\u00f3n, conferencia, etc.) publicada en la plataforma Pertenecer.<\/p>\n<p>Informaci\u00f3n <strong>sensible<\/strong> &#8211; datos personales, incluidas categor\u00edas especiales de datos personales (salud f\u00edsica o mental, origen racial o \u00e9tnico, etc. informaci\u00f3n sensible a efectos de protecci\u00f3n de datos).<\/p>\n<h2>3. Principios generales<\/h2>\n<p><strong>Derechos humanos, autonom\u00eda e igualdad de trato.<\/strong>  No se discrimina a nadie por motivos de raza, lengua, nacionalidad, sexo, identidad de g\u00e9nero, orientaci\u00f3n sexual, edad, discapacidad, religi\u00f3n, creencias, situaci\u00f3n econ\u00f3mica o cualquier otra caracter\u00edstica.<\/p>\n<p><strong>Seguridad y prevenci\u00f3n de da\u00f1os.<\/strong>  Creamos un espacio psicol\u00f3gica y f\u00edsicamente seguro; las intervenciones son proporcionadas, no se presiona ni manipula a los participantes.<\/p>\n<p><strong>C\u00e9ntrate en la profesionalidad.  <\/strong>Belong apoya las normas de calidad profesional y fomenta la cooperaci\u00f3n con las asociaciones profesionales.<\/p>\n<p><strong>Comercializaci\u00f3n justa y transparencia.<\/strong>  El contenido y las promesas son coherentes; evitamos la sobreventa, la influencia oculta y las afirmaciones enga\u00f1osas.<\/p>\n<p><strong>Prevenci\u00f3n de conflictos de intereses.<\/strong>  Evitamos situaciones que puedan socavar la imparcialidad.<\/p>\n<h2>4. Normas para los proveedores de servicios<\/h2>\n<p>Belong espera que los Proveedores de Servicios cumplan su C\u00f3digo \u00c9tico profesional. Si el c\u00f3digo \u00e9tico profesional es m\u00e1s estricto, se seguir\u00e1 la norma m\u00e1s estricta. <\/p>\n<h3>Competencia y elucidaci\u00f3n de funciones<\/h3>\n<ul>\n<li aria-level=\"1\">Describe con veracidad tus cualificaciones, formaci\u00f3n y experiencia.<\/li>\n<li aria-level=\"1\">No ofrecer servicios sin la competencia adecuada; cooperar con otros profesionales y derivar al cliente cuando su problema lo requiera.<\/li>\n<\/ul>\n<h3>Confidencialidad y protecci\u00f3n de datos<\/h3>\n<ul>\n<li aria-level=\"1\">Recoger y procesar s\u00f3lo los datos necesarios; almacenar los datos de forma segura y establecer un periodo de conservaci\u00f3n razonable.<\/li>\n<li aria-level=\"1\">Garantizar el anonimato del cliente y no utilizar las historias o im\u00e1genes de los participantes en marketing sin el consentimiento del cliente.<\/li>\n<li aria-level=\"1\">Si es necesario, aclaraci\u00f3n de los casos en que la confidencialidad est\u00e1 sujeta a l\u00edmites legales (por ejemplo, amenaza para la vida\/salud, obligaci\u00f3n legal).<\/li>\n<li aria-level=\"1\">Las p\u00e1ginas personales y organizativas publicadas en la plataforma est\u00e1n dise\u00f1adas para favorecer la transparencia y la reutilizaci\u00f3n; deben crearse y modificarse respetando la veracidad, el respeto y la ley. En caso de abuso, Belong puede restringir el acceso. <\/li>\n<li aria-level=\"1\">Para obtener informaci\u00f3n m\u00e1s detallada sobre la privacidad, consulta el <a href=\"https:\/\/belong.ee\/es\/aviso-de-privacidad-de-belong\/\">Aviso de privacidad de Belong.<\/a><\/li>\n<\/ul>\n<h3>Seguridad y responsabilidad<\/h3>\n<ul>\n<li aria-level=\"1\">Evaluaci\u00f3n de riesgos (por ejemplo, crisis de salud mental, desencadenante de trauma, seguridad en la habitaci\u00f3n).<\/li>\n<li aria-level=\"1\">Suministro de informaci\u00f3n de seguimiento (incluidas las l\u00edneas directas de crisis).<\/li>\n<li aria-level=\"1\">Cuando se trabaja con menores, se requiere el consentimiento de los padres\/tutores y los principios de protecci\u00f3n de la infancia.<\/li>\n<\/ul>\n<h2>5. Derechos y obligaciones de los clientes<\/h2>\n<ul>\n<li aria-level=\"1\">Derecho a un espacio seguro, respetuoso y no discriminatorio.<\/li>\n<li aria-level=\"1\">Derecho a una informaci\u00f3n clara y a una elecci\u00f3n informada; derecho a retirarse de un servicio o acto.<\/li>\n<li aria-level=\"1\">Obligaci\u00f3n de mantener la confidencialidad acordada, de comunicarse respetuosamente, de seguir las normas del Proveedor.<\/li>\n<\/ul>\n<h2>6. Normas comunitarias y moderaci\u00f3n<\/h2>\n<p>Est\u00e1n prohibidos<\/p>\n<ul>\n<li>incitaci\u00f3n al odio, incitaci\u00f3n al odio, humillaci\u00f3n, amenazas, acoso mental;<\/li>\n<li>la \u00abresoluci\u00f3n\u00bb p\u00fablica de conflictos personales;<\/li>\n<li>difusi\u00f3n deliberada de informaci\u00f3n falsa;<\/li>\n<li>revelar informaci\u00f3n sensible de otra persona sin una base clara;<\/li>\n<li>fraude, venta encubierta, reclutamiento intrusivo;<\/li>\n<li>pornograf\u00eda y acoso sexual;<\/li>\n<li>actividades ilegales.<\/li>\n<\/ul>\n<p>Belong tiene derecho a eliminar contenido, suspender o cancelar una cuenta de usuario, suspender la visualizaci\u00f3n de un evento y notificar a socios\/autoridades si existe sospecha de infracci\u00f3n.<\/p>\n<h2>7. Tramitaci\u00f3n de denuncias e infracciones<\/h2>\n<p><strong>\u00bfDe qui\u00e9n recibimos las reclamaciones?<\/strong>  De todos los usuarios de la plataforma, de los socios y del p\u00fablico.<\/p>\n<p><strong>\u00bfC\u00f3mo reclamar?<\/strong>  Mediante formulario web o correo electr\u00f3nico; si es posible, adjunta capturas de pantalla, correspondencia, etc. referencias.<\/p>\n<p><strong>\u00bfC\u00f3mo gestionamos una queja?<\/strong>  Confirmaci\u00f3n inicial y evaluaci\u00f3n del riesgo; recopilaci\u00f3n de informaci\u00f3n y audiencia de la parte; decisi\u00f3n y acci\u00f3n (por ejemplo, advertencia, eliminaci\u00f3n de contenido, suspensi\u00f3n temporal de la cuenta, finalizaci\u00f3n de la cooperaci\u00f3n, eliminaci\u00f3n de la cuenta). En caso de infracciones graves o amenazas, implicaremos a las organizaciones asociadas o a las autoridades competentes. <\/p>\n<h2>8. Licencia \u00e9tica<\/h2>\n<p>Como usuario de la plataforma Belong, puedo confirmarlo:<\/p>\n<ul>\n<li aria-level=\"1\">He le\u00eddo y comprendo el C\u00f3digo \u00c9tico de Pertenencia;<\/li>\n<li aria-level=\"1\">Sigo el C\u00f3digo en mis actividades;<\/li>\n<li aria-level=\"1\">Entiendo que en caso de incumplimiento, Belong puede tomar medidas de moderaci\u00f3n y contractuales.<\/li>\n<\/ul>\n<p><em><\/em><\/p>\n<p><em>\u00daltima modificaci\u00f3n: 4 dic 2025 <\/em><br \/><em>Contacto para cuestiones \u00e9ticas: info@belong-events.com<\/em><\/p>\n<p>[\/et_pb_text][\/et_pb_column][\/et_pb_row][\/et_pb_section]<\/p>\n","protected":false},"excerpt":{"rendered":"<p>C\u00f3digo \u00e9ticoObjetivo y alcance El C\u00f3digo \u00c9tico de Belong establece principios y normas de conducta que garantizan un entorno seguro, respetuoso y profesional para todos los usuarios de la plataforma Belong: proveedores de servicios, clientes, socios y equipo de Belong. El C\u00f3digo se aplica a todos los entornos de Belong, as\u00ed como a los eventos [&hellip;]<\/p>\n","protected":false},"author":4,"featured_media":27282,"parent":0,"menu_order":0,"comment_status":"closed","ping_status":"closed","template":"","meta":{"_et_pb_use_builder":"on","_et_pb_old_content":"","_et_gb_content_width":"","footnotes":""},"class_list":["post-27321","page","type-page","status-publish","has-post-thumbnail","hentry"],"_links":{"self":[{"href":"https:\/\/belong.ee\/es\/wp-json\/wp\/v2\/pages\/27321","targetHints":{"allow":["GET"]}}],"collection":[{"href":"https:\/\/belong.ee\/es\/wp-json\/wp\/v2\/pages"}],"about":[{"href":"https:\/\/belong.ee\/es\/wp-json\/wp\/v2\/types\/page"}],"author":[{"embeddable":true,"href":"https:\/\/belong.ee\/es\/wp-json\/wp\/v2\/users\/4"}],"replies":[{"embeddable":true,"href":"https:\/\/belong.ee\/es\/wp-json\/wp\/v2\/comments?post=27321"}],"version-history":[{"count":4,"href":"https:\/\/belong.ee\/es\/wp-json\/wp\/v2\/pages\/27321\/revisions"}],"predecessor-version":[{"id":28380,"href":"https:\/\/belong.ee\/es\/wp-json\/wp\/v2\/pages\/27321\/revisions\/28380"}],"wp:featuredmedia":[{"embeddable":true,"href":"https:\/\/belong.ee\/es\/wp-json\/wp\/v2\/media\/27282"}],"wp:attachment":[{"href":"https:\/\/belong.ee\/es\/wp-json\/wp\/v2\/media?parent=27321"}],"curies":[{"name":"wp","href":"https:\/\/api.w.org\/{rel}","templated":true}]}}