{"id":27562,"date":"2023-01-24T14:15:06","date_gmt":"2023-01-24T12:15:06","guid":{"rendered":"https:\/\/belong-events.com\/belong-privatumo-pranesimas\/"},"modified":"2025-12-16T10:19:52","modified_gmt":"2025-12-16T08:19:52","slug":"belong-privatumo-pranesimas","status":"publish","type":"page","link":"https:\/\/belong.ee\/lt\/belong-privatumo-pranesimas\/","title":{"rendered":"&#8222;Belong&#8221; privatumo prane\u0161imas"},"content":{"rendered":"<p>[et_pb_section fb_built=&#8221;1&#8243; _builder_version=&#8221;4.16&#8243; global_colors_info=&#8221;{}&#8221;][et_pb_row _builder_version=&#8221;4.16&#8243; background_size=&#8221;initial&#8221; background_position=&#8221;top_left&#8221; background_repeat=&#8221;repeat&#8221; global_colors_info=&#8221;{}&#8221;][et_pb_column type=&#8221;4_4&#8243; _builder_version=&#8221;4.16&#8243; custom_padding=&#8221;|||&#8221; global_colors_info=&#8221;{}&#8221; custom_padding__hover=&#8221;|||&#8221;][et_pb_text _builder_version=&#8221;4.27.4&#8243; _module_preset=&#8221;b5629d61-8761-48a4-843a-08bad35c28b0&#8243; locked=&#8221;off&#8221; global_colors_info=&#8221;{}&#8221;]<\/p>\n<h1 style=\"text-align: center;\">Privatumo prane\u0161imas<\/h1>\n<p>[\/et_pb_text][et_pb_text _builder_version=&#8221;4.27.4&#8243; background_size=&#8221;initial&#8221; background_position=&#8221;top_left&#8221; background_repeat=&#8221;repeat&#8221; hover_enabled=&#8221;0&#8243; global_colors_info=&#8221;{}&#8221; sticky_enabled=&#8221;0&#8243;]<\/p>\n<p><!-- divi:paragraph -->Kai naudojat\u0117s &#8222;Belong&#8221; (taip pat vadinamos mes ir mums) paslaugomis, patikite mums savo asmens duomenis. Mes rimtai \u017ei\u016brime \u012f j\u016bs\u0173 asmenin\u0117s informacijos apsaug\u0105 ir renkame i\u0161 j\u016bs\u0173 j\u0105 tik tiek, kiek reikia m\u016bs\u0173 paslaugoms naudoti. Asmens duomenis tvarkome vadovaudamiesi ES Bendruoju duomen\u0173 apsaugos reglamentu (BDAR, ES 2016\/679), Estijos duomen\u0173 apsaugos inspekcijos nurodymais ir Estijos Respublikos \u012fstatymais. Belong netvarko speciali\u0173 kategorij\u0173 asmens duomen\u0173, kaip apibr\u0117\u017eta BDAR.   <\/p>\n<p><!-- \/divi:paragraph --><\/p>\n<p><!-- divi:paragraph -->\u0160iame privatumo prane\u0161ime paai\u0161kiname, kod\u0117l ir kaip renkame ir tvarkome asmens duomenis.<\/p>\n<p><!-- \/divi:paragraph --><\/p>\n<p><!-- divi:paragraph --><strong>Duomen\u0173 valdytojas<\/strong><\/p>\n<p><!-- \/divi:paragraph --><\/p>\n<p><!-- divi:paragraph -->Belong O\u00dc<br \/>Reg. Nr.: 17031513 <br \/><!-- divi:paragraph -->El. pa\u0161tas: info@belong-events.com<\/p>\n<p><!-- \/divi:paragraph --><\/p>\n<p><!-- \/divi:paragraph --><\/p>\n<p><!-- \/divi:paragraph --><\/p>\n<p><!-- divi:heading --><\/p>\n<h2 class=\"wp-block-heading\">Kokius asmens duomenis renkame?<\/h2>\n<p><!-- \/divi:heading --><\/p>\n<p><!-- divi:paragraph -->Asmens duomenis, kad gal\u0117tume jums teikti paslaugas, renkame \u0161iais dviem b\u016bdais:<\/p>\n<p><!-- \/divi:paragraph --><\/p>\n<p><!-- divi:paragraph --><strong>1 Duomenys, kuriuos mums pateikiate patys<\/strong><\/p>\n<p><!-- \/divi:paragraph --><\/p>\n<p><!-- divi:paragraph -->Kai naudojat\u0117s &#8222;Belong&#8221; paslauga, pateikiate mums \u012fvairi\u0173 tip\u0173 asmenin\u0119 informacij\u0105, pavyzd\u017eiui, el. pa\u0161to adres\u0105, telefono numer\u012f, kontaktin\u012f vard\u0105 ir pavard\u0119, \u012fmon\u0117s pavadinim\u0105, atsiskaitymo informacij\u0105 ir kt.<\/p>\n<p><!-- \/divi:paragraph --><\/p>\n<p><!-- divi:paragraph --><strong>2 Duomenys, kuriuos gauname i\u0161 j\u016bs\u0173, remdamiesi j\u016bs\u0173 naudojimusi m\u016bs\u0173 paslaugomis<\/strong><\/p>\n<p><!-- \/divi:paragraph --><\/p>\n<p><!-- divi:paragraph -->Be to, renkame informacij\u0105 apie tai, kokiomis m\u016bs\u0173 paslaugomis naudojat\u0117s ir kaip jomis naudojat\u0117s, pvz., kai lankot\u0117s m\u016bs\u0173 svetain\u0117je, \u012fra\u0161ome informacij\u0105 apie tai. Renkame toliau nurodyt\u0105 informacij\u0105 apie tai, kaip naudojat\u0117s m\u016bs\u0173 paslaugomis: <\/p>\n<p><!-- \/divi:paragraph --><\/p>\n<p><!-- divi:list --><\/p>\n<ul class=\"wp-block-list\">\n<ul class=\"wp-block-list\"><!-- divi:list-item --><\/ul>\n<\/ul>\n<ul>\n<li>apsilankymo svetain\u0117je adresas, IP adresas, laikas, nar\u0161ykl\u0117s informacija ir kt.<\/li>\n<li><!-- \/divi:list-item -->Prisijungusio naudotojo veikla platformoje<!-- divi:list-item --><\/li>\n<\/ul>\n<p><!-- \/divi:list-item --><\/p>\n<p><!-- \/divi:list --><\/p>\n<p><!-- divi:heading --><\/p>\n<h2 class=\"wp-block-heading\">Kod\u0117l renkame ir tvarkome asmens duomenis?<\/h2>\n<p><!-- \/divi:heading --><\/p>\n<p><!-- divi:paragraph -->J\u016bs\u0173 asmens duomenis tvarkyti b\u016btina, kad gal\u0117tum\u0117te naudotis m\u016bs\u0173 paslaugomis, nes be j\u016bs\u0173 asmens duomen\u0173 ne\u012fmanoma suteikti jums u\u017esakytos paslaugos ir \u012fvykdyti su paslauga susijusi\u0173 \u012fsipareigojim\u0173. Surinktus duomenis naudojame siekdami teikti, valdyti, tobulinti ir kurti naujas paslaugas. <\/p>\n<p><!-- \/divi:paragraph --><\/p>\n<p><!-- divi:paragraph -->Asmens duomenis renkame ir tvarkome \u0161iais tikslais ir \u0161iais teisiniais pagrindais:<\/p>\n<ul>\n<li>Nor\u0117dami teikti &#8222;Belong&#8221; paslaugas, vykdyti sutartinius \u012fsipareigojimus su jumis;<\/li>\n<li>Nor\u0117dami si\u0173sti jums &#8222;Belong&#8221; naujienlai\u0161k\u012f, pra\u0161ome j\u016bs\u0173 sutikimo, kur\u012f visada galite at\u0161aukti naudodami naujienlai\u0161kio apa\u010dioje esan\u010di\u0105 nuorod\u0105 &#8222;Pa\u0161alinti mane i\u0161 naujienlai\u0161kio&#8221;.<\/li>\n<\/ul>\n<p><!-- \/divi:paragraph --><\/p>\n<p><!-- divi:list --><\/p>\n<ul>\n<ul><!-- divi:list-item --><\/ul>\n<\/ul>\n<p><!-- \/divi:list-item --><\/p>\n<p><!-- divi:list-item --><\/p>\n<p><!-- \/divi:list-item --><\/p>\n<p><!-- \/divi:list --><\/p>\n<p><!-- divi:paragraph -->J\u016bs\u0173 asmenin\u0117s informacijos nenaudosime jokiais kitais tikslais, i\u0161skyrus nurodytus \u0161iame privatumo prane\u0161ime.<\/p>\n<p><!-- \/divi:paragraph --><\/p>\n<p><!-- divi:heading --><\/p>\n<h2>Kam perduodami duomenys?<\/h2>\n<p><!-- \/divi:heading --><\/p>\n<p><!-- divi:paragraph -->Tvarkomus asmens duomenis laikysime konfidencialiais ir atskleisime juos kitiems asmenims ar bendrov\u0117ms (arba gav\u0117jams) tik tiek, kiek b\u016btina paslaugai teikti.<\/p>\n<p><!-- \/divi:paragraph --><\/p>\n<p><!-- divi:paragraph -->Mes nesidalijame asmenine informacija su \u012fmon\u0117mis, organizacijomis ir asmenimis, nepriklausan\u010diais m\u016bs\u0173 verslui, i\u0161skyrus toliau nurodytus atvejus:<\/p>\n<p><!-- \/divi:paragraph --><\/p>\n<p><!-- divi:list --><\/p>\n<ul>\n<ul><!-- divi:list-item --><\/ul>\n<li>Kai tam tikroms paslaugoms teikti pasitelkiame i\u0161or\u0117s paslaug\u0173 teik\u0117jus, pavyzd\u017eiui, apgyvendinimo paslaug\u0173 teik\u0117jus, klient\u0173 valdymo programin\u0117s \u012frangos teik\u0117jus, rinkodaros paslaug\u0173 teik\u0117jus ir IT palaikymo paslaug\u0173 teik\u0117jus, teikiant tokias paslaugas \u0161ie i\u0161or\u0117s paslaug\u0173 teik\u0117jai gali tur\u0117ti prieig\u0105 prie j\u016bs\u0173 asmens duomen\u0173 ir (arba) juos tvarkyti. Reikalaujame, kad \u0161ie i\u0161or\u0117s paslaug\u0173 teik\u0117jai \u012fgyvendint\u0173 ir palaikyt\u0173 saugumo priemones, u\u017etikrinan\u010dias j\u016bs\u0173 asmens duomen\u0173 vientisum\u0105 ir saugum\u0105. <!-- \/divi:list-item --><!-- divi:list-item --><\/li>\n<li>Be atitinkamo asmens sutikimo asmens duomenys gali b\u016bti perduodami institucijai arba asmeniui, kuris turi tiesiogin\u0119 teisin\u0119 teis\u0119 tai daryti pagal duomen\u0173 apsaugos teis\u0117s aktus.<\/li>\n<li>\u012evykus &#8222;Belong&#8221; susijungimui ar \u012fsigijimui, asmens duomenys gali b\u016bti perduoti su susijungimu ar \u012fsigijimu susijusioms tre\u010diosioms \u0161alims.<!-- divi:list-item --><!-- \/divi:list-item --><\/li>\n<\/ul>\n<p><!-- \/divi:list-item --><\/p>\n<p><!-- \/divi:list --><\/p>\n<p><!-- divi:heading --><\/p>\n<h2 class=\"wp-block-heading\">Asmens duomen\u0173 perdavimas u\u017e Europos S\u0105jungos ir EEE rib\u0173<\/h2>\n<p><!-- \/divi:heading --><\/p>\n<p><!-- divi:paragraph -->Klient\u0173 duomenis tvarkome Europos S\u0105jungoje \/ Europos ekonomin\u0117je erdv\u0117je.<br \/>Jei &#8222;Belong&#8221; turi tvarkyti asmens duomenis u\u017e Europos S\u0105jungos \/ Europos ekonomin\u0117s erdv\u0117s rib\u0173, tai darysime tik tuo atveju, jei tam yra teisinis pagrindas, pvz., siekdami \u012fvykdyti teisin\u0119 prievol\u0119 arba gav\u0119 kliento sutikim\u0105. Taip pat \u012fgyvendinsime atitinkamas apsaugos priemones: <\/p>\n<p><!-- \/divi:paragraph --><\/p>\n<p><!-- divi:list --><\/p>\n<ul class=\"wp-block-list\">\n<ul class=\"wp-block-list\"><!-- divi:list-item --><\/ul>\n<\/ul>\n<ul>\n<li>yra standartin\u0117 duomen\u0173 apsaugos sutartis,<\/li>\n<li>gav\u0117jas turi patvirtintus praktikos kodeksus, sertifikatus ir kt;<\/li>\n<li><!-- \/divi:list-item -->\u0161alyje, kurioje yra duomen\u0173 gav\u0117jas, u\u017etikrinamas tinkamas duomen\u0173 apsaugos lygis pagal Europos Komisijos sprendim\u0105;<\/li>\n<li><!-- \/divi:list-item -->gav\u0117jas yra sertifikuotas pagal JAV ir ES privatumo sistem\u0105.<!-- divi:list-item --><!-- divi:list-item --><!-- \/divi:list-item --><!-- divi:list-item --><\/li>\n<\/ul>\n<p><!-- \/divi:list-item --><\/p>\n<p><!-- \/divi:list --><\/p>\n<p><!-- divi:heading --><\/p>\n<h2 class=\"wp-block-heading\">Duomen\u0173 saugumas<\/h2>\n<p><!-- \/divi:heading --><\/p>\n<p><!-- divi:paragraph -->Taikome tinkamas organizacines ir technologines priemones, kad apsaugotume j\u016bs\u0173 duomenis nuo neteis\u0117tos prieigos, pakeitimo, atskleidimo ar pa\u017eeidimo.<\/p>\n<p><!-- \/divi:paragraph --><\/p>\n<p><!-- divi:paragraph -->Duomen\u0173 saugumui u\u017etikrinti:<\/p>\n<p><!-- \/divi:paragraph --><\/p>\n<p><!-- divi:list {\"ordered\":true} --><\/p>\n<ol>\n<ol><!-- divi:list-item --><\/ol>\n<\/ol>\n<ul>\n<li>Visus asmens duomenis laikome konfidencialiais. M\u016bs\u0173 darbuotojai yra pasira\u0161\u0119 konfidencialumo sutart\u012f ir i\u0161klaus\u0119 reikiamus mokymus. <\/li>\n<li>Jei \u012fmanoma, \u0161ifruojame paslaugas naudodami SSL arba kitus pana\u0161aus saugumo lygio metodus.<\/li>\n<li>Apribojame prieig\u0105 prie asmens duomen\u0173, suteikdami prieig\u0105 tik tiems darbuotojams ir rangovams, kuriems informacija reikalinga jai tvarkyti, kuriems taikomi grie\u017eti sutartiniai konfidencialumo \u012fsipareigojimai ir kuriems gali b\u016bti taikomos sankcijos arba jie gali b\u016bti atleisti i\u0161 darbo, jei nesilaiko \u0161i\u0173 \u012fsipareigojim\u0173.<\/li>\n<li>Asmens duomenis saugome ne popieriuje, o skaitmeniniu formatu, kad u\u017etikrintume greitesn\u0119 ir saugesn\u0119 prieigos kontrol\u0119.<\/li>\n<li>Asmens duomen\u0173 saugykl\u0105 saugo b\u016btinos IT technin\u0117s ir organizacin\u0117s apsaugos priemon\u0117s. Taikomi informacijos saugumo standartai, su paslaug\u0173 teik\u0117jais sudarytos atitinkamos sutartys. <!-- \/divi:list-item --><!-- divi:list-item --><\/li>\n<\/ul>\n<p><!-- \/divi:list-item --><\/p>\n<p><!-- \/divi:list --><\/p>\n<p><!-- divi:heading --><\/p>\n<h2 class=\"wp-block-heading\">Kokias teises turite ir kaip jomis galite pasinaudoti?  <\/h2>\n<p><!-- \/divi:heading --><\/p>\n<p><!-- divi:paragraph -->Pagal Bendr\u0105j\u012f duomen\u0173 apsaugos reglament\u0105 turite teis\u0119:<\/p>\n<ul>\n<li>susipa\u017einti su savo asmens duomenimis, t. y. paklausti, kokius duomenis apie jus tvarkome, ir gauti \u0161i\u0173 duomen\u0173 i\u0161ra\u0161\u0105;<\/li>\n<li>pagerinti savo duomenis;<\/li>\n<li>pra\u0161yti i\u0161trinti j\u016bs\u0173 duomenis. Jei tvarkome j\u016bs\u0173 duomenis, kad \u012fvykdytume teisin\u0119 prievol\u0119, negal\u0117sime j\u0173 i\u0161trinti anks\u010diau, nei sueis teisinis terminas; <\/li>\n<li>pra\u0161yti apriboti j\u016bs\u0173 asmens duomen\u0173 tvarkym\u0105;<\/li>\n<li>pra\u0161yti perduoti j\u016bs\u0173 asmens duomenis kitam duomen\u0173 valdytojui, jei tai technologi\u0161kai \u012fmanoma;<\/li>\n<li>visada at\u0161aukti sutikim\u0105 tvarkyti asmens duomenis. Nor\u0117dami at\u0161aukti sutikim\u0105, naudokite <em>prenumeratos atsisakymo<\/em> nuorod\u0105 arba para\u0161ykite mums kontakt\u0173 skiltyje nurodytu el. pa\u0161to adresu. <\/li>\n<\/ul>\n<p><!-- \/divi:paragraph --><\/p>\n<p><!-- divi:list --><\/p>\n<ul class=\"wp-block-list\">\n<ul class=\"wp-block-list\"><!-- divi:list-item --><\/ul>\n<\/ul>\n<p><!-- \/divi:list-item --><\/p>\n<p><!-- divi:list-item --><\/p>\n<p><!-- \/divi:list-item --><\/p>\n<p><!-- divi:list-item --><\/p>\n<p><!-- \/divi:list-item --><\/p>\n<p><!-- divi:list-item --><\/p>\n<p><!-- \/divi:list-item --><\/p>\n<p><!-- divi:list-item --><\/p>\n<p><!-- \/divi:list-item --><\/p>\n<p><!-- divi:list-item --><\/p>\n<p><!-- \/divi:list-item --><\/p>\n<p><!-- \/divi:list --><\/p>\n<p><!-- divi:paragraph -->Mes nesudarin\u0117jame j\u016bs\u0173 profilio pagal asmens duomenis ir nepriimame joki\u0173 automatizuot\u0173 sprendim\u0173.<\/p>\n<p><!-- \/divi:paragraph --><\/p>\n<p><!-- divi:paragraph -->Esame teisi\u0161kai \u012fpareigoti u\u017etikrinti, kad asmens duomenys pasiekt\u0173 tik tuos asmenis, apie kuriuos jie renkami. Turime jus unikaliai identifikuoti. Nor\u0117dami pasinaudoti savo teis\u0117mis ir pateikti pra\u0161ym\u0105, susisiekite su mumis, kaip nurodyta skyriuje (&#8222;Susisiekite su mumis&#8221;).  <\/p>\n<p><!-- \/divi:paragraph --><\/p>\n<p><!-- divi:paragraph -->Atkreipkite d\u0117mes\u012f, kad pra\u0161yti i\u0161trinti savo asmens duomenis, apriboti j\u0173 tvarkym\u0105 ir t. t. galite tik tuo atveju, jei j\u016bs\u0173 duomen\u0173 netvarkome siekdami \u012fvykdyti teisin\u0119 sutartin\u0119 prievol\u0119.<\/p>\n<p><!-- \/divi:paragraph --><\/p>\n<p><!-- divi:paragraph -->Jei papra\u0161ysite apriboti, sustabdyti ar i\u0161trinti j\u016bs\u0173 asmens duomen\u0173 tvarkym\u0105, d\u0117l to gali b\u016bti i\u0161 dalies arba visi\u0161kai sustabdytas jums teikiam\u0173 paslaug\u0173 teikimas.<\/p>\n<p><!-- \/divi:paragraph --><\/p>\n<p><!-- divi:paragraph -->Skundo atveju turite teis\u0119 pateikti skund\u0105 kompetentingai duomen\u0173 apsaugos institucijai.<\/p>\n<p><!-- \/divi:paragraph --><\/p>\n<p><!-- divi:heading --><\/p>\n<h2 class=\"wp-block-heading\"><strong>Kiek laiko saugome j\u016bs\u0173 asmens duomenis?<\/strong><\/h2>\n<p><!-- \/divi:heading --><\/p>\n<p><!-- divi:paragraph -->J\u016bs\u0173 asmens duomenys bus saugomi tiek laiko, kiek tai bus b\u016btina norint suteikti jums u\u017esakytas paslaugas. Jei asmens duomenys nebuvo naudojami 5 metus i\u0161 eil\u0117s, mes i\u0161trinsime j\u016bs\u0173 asmens duomenis arba padarysime juos anonimi\u0161kus, i\u0161skyrus atvejus, kai taikomi teisiniai saugojimo reikalavimai. <\/p>\n<p><!-- \/divi:paragraph --><\/p>\n<p><!-- divi:paragraph -->Anonimine forma surinkti duomenys saugomi neribot\u0105 laik\u0105.<\/p>\n<p><!-- \/divi:paragraph --><\/p>\n<p><!-- divi:heading --><\/p>\n<h2 class=\"wp-block-heading\"><strong>Slapukai<\/strong><\/h2>\n<p><!-- \/divi:heading --><\/p>\n<p><!-- divi:paragraph -->M\u016bs\u0173 svetain\u0117je naudojami \u0161ie slapukai:<\/p>\n<p><!-- \/divi:paragraph --><\/p>\n<p><!-- divi:table {\"hasFixedLayout\":false} --><\/p>\n<figure class=\"wp-block-table\">\n<table>\n<tbody>\n<tr>\n<td>Slapukas<\/td>\n<td>Domenas<\/td>\n<td>Apra\u0161ymas<\/td>\n<td>Trukm\u0117<\/td>\n<td>Tipas<\/td>\n<\/tr>\n<tr>\n<td><\/td>\n<td>bigin.zoho.eu<\/td>\n<td>N\u0117ra apra\u0161ymo<\/td>\n<td>sesija<\/td>\n<td>Kita<\/td>\n<\/tr>\n<tr>\n<td>_ga_*<\/td>\n<td>.belong-events.com<\/td>\n<td>&#8222;Google Analytics&#8221; nustato \u0161\u012f slapuk\u0105, kad i\u0161saugot\u0173 ir suskai\u010diuot\u0173 puslapio per\u017ei\u016br\u0173 skai\u010di\u0173.<\/td>\n<td>1 metai 1 m\u0117nuo 4 dienos<\/td>\n<td>Analytics<\/td>\n<\/tr>\n<tr>\n<td>_ga<\/td>\n<td>.belong-events.com<\/td>\n<td>&#8222;Google Analytics&#8221; nustato \u0161\u012f slapuk\u0105 lankytoj\u0173, sesij\u0173 ir kampanij\u0173 duomenims apskai\u010diuoti ir svetain\u0117s naudojimui steb\u0117ti, kad b\u016bt\u0173 galima parengti svetain\u0117s analiz\u0117s ataskait\u0105. Slapukas saugo anonimin\u0119 informacij\u0105 ir unikaliems lankytojams atpa\u017einti priskiria atsitiktinai sugeneruot\u0105 numer\u012f. <\/td>\n<td>1 metai 1 m\u0117nuo 4 dienos<\/td>\n<td>Analiz\u0117<\/td>\n<\/tr>\n<tr>\n<td>crmcsr<\/td>\n<td>bigin.zoho.eu<\/td>\n<td>Apra\u0161ymo n\u0117ra.<\/td>\n<td>sesija<\/td>\n<td>Kita<\/td>\n<\/tr>\n<tr>\n<td>8ca67a8fd9<\/td>\n<td>bigin.zoho.eu<\/td>\n<td>N\u0117ra apra\u0161ymo<\/td>\n<td>sesija<\/td>\n<td>Kita<\/td>\n<\/tr>\n<tr>\n<td>40c0b66dfe<\/td>\n<td>bigin.zoho.eu<\/td>\n<td>N\u0117ra apra\u0161ymo<\/td>\n<td>sesija<\/td>\n<td>Kita<\/td>\n<\/tr>\n<tr>\n<td>_zcsr_tmp<\/td>\n<td>bigin.zoho.eu<\/td>\n<td>&#8222;Zoho&#8221; nustato \u0161\u012f slapuk\u0105 prisijungimo funkcijai svetain\u0117je.<\/td>\n<td>sesija<\/td>\n<td>Funkcinis<\/td>\n<\/tr>\n<\/tbody>\n<\/table>\n<\/figure>\n<p><!-- \/divi:table --><\/p>\n<p><!-- divi:heading --><\/p>\n<h2 class=\"wp-block-heading\"><strong>Privatumo prane\u0161imo pakeitimai<\/strong><\/h2>\n<p><!-- \/divi:heading --><\/p>\n<p><!-- divi:paragraph -->Naudodamiesi &#8222;Belong&#8221; paslaugomis, susipa\u017einote su \u0161iomis taisykl\u0117mis ir s\u0105lygomis. M\u016bs\u0173 privatumo politika kartais gali b\u016bti kei\u010diama. \u0160iame puslapyje skelbiamas privatumo prane\u0161imas visada yra naujausia versija.  <\/p>\n<p><!-- \/divi:paragraph --><\/p>\n<p><!-- divi:heading --><\/p>\n<h2 class=\"wp-block-heading\"><strong>Susisiekite su mumis<\/strong><\/h2>\n<p><!-- \/divi:heading --><\/p>\n<p><!-- divi:paragraph -->Jei turite klausim\u0173 d\u0117l kitokio nei \u0161iame privatumo prane\u0161ime nurodyto asmens duomen\u0173 tvarkymo, susisiekite su mumis:<\/p>\n<p><!-- \/divi:paragraph --><\/p>\n<p><!-- divi:paragraph --><a href=\"mailto:info@belong-events.com\">info@belong-events.com<\/a><\/p>\n<p><!-- \/divi:paragraph --><\/p>\n<p><!-- divi:paragraph -->Paskutin\u012f kart\u0105 pakeista: 2025 m. gruod\u017eio 4 d. <\/p>\n<p><!-- \/divi:paragraph --><\/p>\n<p><!-- divi:paragraph --><\/p>\n<p><!-- \/divi:paragraph --><\/p>\n<p>[\/et_pb_text][\/et_pb_column][\/et_pb_row][\/et_pb_section]<\/p>\n","protected":false},"excerpt":{"rendered":"<p>Privatumo prane\u0161imasKai naudojat\u0117s &#8222;Belong&#8221; (taip pat vadinamos mes ir mums) paslaugomis, patikite mums savo asmens duomenis. Mes rimtai \u017ei\u016brime \u012f j\u016bs\u0173 asmenin\u0117s informacijos apsaug\u0105 ir renkame i\u0161 j\u016bs\u0173 j\u0105 tik tiek, kiek reikia m\u016bs\u0173 paslaugoms naudoti. Asmens duomenis tvarkome vadovaudamiesi ES Bendruoju duomen\u0173 apsaugos reglamentu (BDAR, ES 2016\/679), Estijos duomen\u0173 apsaugos inspekcijos nurodymais ir Estijos [&hellip;]<\/p>\n","protected":false},"author":4,"featured_media":27563,"parent":0,"menu_order":0,"comment_status":"closed","ping_status":"closed","template":"","meta":{"_et_pb_use_builder":"on","_et_pb_old_content":"","_et_gb_content_width":"","footnotes":""},"class_list":["post-27562","page","type-page","status-publish","has-post-thumbnail","hentry"],"_links":{"self":[{"href":"https:\/\/belong.ee\/lt\/wp-json\/wp\/v2\/pages\/27562","targetHints":{"allow":["GET"]}}],"collection":[{"href":"https:\/\/belong.ee\/lt\/wp-json\/wp\/v2\/pages"}],"about":[{"href":"https:\/\/belong.ee\/lt\/wp-json\/wp\/v2\/types\/page"}],"author":[{"embeddable":true,"href":"https:\/\/belong.ee\/lt\/wp-json\/wp\/v2\/users\/4"}],"replies":[{"embeddable":true,"href":"https:\/\/belong.ee\/lt\/wp-json\/wp\/v2\/comments?post=27562"}],"version-history":[{"count":4,"href":"https:\/\/belong.ee\/lt\/wp-json\/wp\/v2\/pages\/27562\/revisions"}],"predecessor-version":[{"id":28553,"href":"https:\/\/belong.ee\/lt\/wp-json\/wp\/v2\/pages\/27562\/revisions\/28553"}],"wp:featuredmedia":[{"embeddable":true,"href":"https:\/\/belong.ee\/lt\/wp-json\/wp\/v2\/media\/27563"}],"wp:attachment":[{"href":"https:\/\/belong.ee\/lt\/wp-json\/wp\/v2\/media?parent=27562"}],"curies":[{"name":"wp","href":"https:\/\/api.w.org\/{rel}","templated":true}]}}