{"id":27692,"date":"2025-12-04T09:58:09","date_gmt":"2025-12-04T07:58:09","guid":{"rendered":"https:\/\/belong-events.com\/priklausymas-belonging-etikos-kodeksui\/"},"modified":"2025-12-16T10:18:48","modified_gmt":"2025-12-16T08:18:48","slug":"priklausymas-belonging-etikos-kodeksui","status":"publish","type":"page","link":"https:\/\/belong.ee\/lt\/priklausymas-belonging-etikos-kodeksui\/","title":{"rendered":"Priklausymas &#8222;Belonging&#8221; etikos kodeksui"},"content":{"rendered":"<p>[et_pb_section fb_built=&#8221;1&#8243; _builder_version=&#8221;4.27.4&#8243; _module_preset=&#8221;default&#8221; global_colors_info=&#8221;{}&#8221;][et_pb_row _builder_version=&#8221;4.27.4&#8243; _module_preset=&#8221;default&#8221; global_colors_info=&#8221;{}&#8221;][et_pb_column type=&#8221;4_4&#8243; _builder_version=&#8221;4.27.4&#8243; _module_preset=&#8221;default&#8221; global_colors_info=&#8221;{}&#8221;][et_pb_text _builder_version=&#8221;4.27.4&#8243; _module_preset=&#8221;b5629d61-8761-48a4-843a-08bad35c28b0&#8243; locked=&#8221;off&#8221; global_colors_info=&#8221;{}&#8221;]<\/p>\n<h1 style=\"text-align: center;\">Etikos kodeksas<\/h1>\n<p>[\/et_pb_text][et_pb_text _builder_version=&#8221;4.27.4&#8243; _module_preset=&#8221;a71a5122-3537-4d1b-aa15-649fe0057a23&#8243; custom_padding=&#8221;0px|20px|0px|20px|true|true&#8221; hover_enabled=&#8221;0&#8243; locked=&#8221;off&#8221; global_colors_info=&#8221;{}&#8221; sticky_enabled=&#8221;0&#8243;]<\/p>\n<h2>Tikslas ir taikymo sritis<\/h2>\n<p>&#8222;Belong&#8221; etikos kodekse i\u0161d\u0117styti principai ir elgesio standartai, u\u017etikrinantys saugi\u0105, pagarbi\u0105 ir profesionali\u0105 aplink\u0105 visiems &#8222;Belong&#8221; platformos naudotojams &#8211; paslaug\u0173 teik\u0117jams, klientams, partneriams ir &#8222;Belong&#8221; komandai. Kodeksas taikomas visose &#8222;Belong&#8221; aplinkose, taip pat renginiams, organizuojamiems su &#8222;Belong&#8221; prek\u0117s \u017eenklu arba parduodamiems &#8222;Belong&#8221;. <\/p>\n<h2>1. Priklausymo vertyb\u0117s<\/h2>\n<p>Savo veikloje vadovaujam\u0117s \u0161iomis vertyb\u0117mis ir principais:<\/p>\n<p><strong>Gyvenimas d\u0117l vientisumo<\/strong> &#8211; remiame \u017emoni\u0173, santyki\u0173 ir bendruomeni\u0173 vientisum\u0105; \u012f \u017emones \u017ei\u016brime kaip \u012f integruotos ekosistemos dal\u012f.<\/p>\n<p><strong>\u017dmogaus orumas ir lygyb\u0117<\/strong> &#8211; kiekvienas \u017emogus nusipelno pagarbos, s\u0105\u017einingo elgesio ir saugumo.<\/p>\n<p><strong>\u012etraukimas ir bendruomen\u0117<\/strong> &#8211; sukurti platform\u0105, kurioje skirtumai b\u016bt\u0173 vertinami, o bendradarbiavimas &#8211; \u012fprastas dalykas.<\/p>\n<p><strong>Profesionalumas ir atskaitomyb\u0117<\/strong> &#8211; veikiame pagal savo kompetencij\u0105, s\u0105\u017einingai, skaidriai ir r\u016bpestingai.<\/p>\n<p><strong>Duomen\u0173 apsauga<\/strong> &#8211; gerbiame privatum\u0105 ir su duomenimis elgiam\u0117s r\u016bpestingai ir tikslingai.<\/p>\n<h2>2. Apibr\u0117\u017eimai<\/h2>\n<p><strong>Paslaug\u0173 teik\u0117jas<\/strong> &#8211; asmuo arba organizacija, teikianti paslaugas ir (arba) organizuojanti renginius &#8222;Belonging&#8221; platformoje.<\/p>\n<p><strong>Klientas<\/strong> &#8211; asmuo, kuris domisi, vartoja arba registruojasi \u012f rengin\u012f.<\/p>\n<p><strong>Renginys<\/strong> &#8211; &#8222;Belong&#8221; platformoje paskelbta vie\u0161a arba privati veikla (seminaras, mokymai, paskaita ir pan.).<\/p>\n<p><strong>Jautri informacija<\/strong> &#8211; asmens duomenys, \u012fskaitant speciali\u0173 kategorij\u0173 asmens duomenis (fizin\u0117 ar psichin\u0117 sveikata, rasin\u0117 ar etnin\u0117 kilm\u0117 ir kt. jautri informacija duomen\u0173 apsaugos tikslais).<\/p>\n<h2>3. Bendrieji principai<\/h2>\n<p><strong>\u017dmogaus teis\u0117s, autonomija ir vienodas po\u017ei\u016bris.<\/strong>  Niekas nediskriminuojamas d\u0117l ras\u0117s, kalbos, tautyb\u0117s, lyties, lytin\u0117s tapatyb\u0117s, seksualin\u0117s orientacijos, am\u017eiaus, negalios, religijos, tik\u0117jimo, \u012fsitikinim\u0173, ekonomin\u0117s pad\u0117ties ar kit\u0173 savybi\u0173.<\/p>\n<p><strong>Saugumas ir \u017ealos prevencija.<\/strong>  Sukuriame psichologi\u0161kai ir fizi\u0161kai saugi\u0105 erdv\u0119; intervencijos yra proporcingos, dalyviams nedaromas spaudimas ir jais nemanipuliuojama.<\/p>\n<p><strong>D\u0117mesys profesionalumui.  <\/strong>&#8222;Belong&#8221; remia profesinius kokyb\u0117s standartus ir skatina bendradarbiavim\u0105 su profesin\u0117mis asociacijomis.<\/p>\n<p><strong>S\u0105\u017eininga rinkodara ir skaidrumas.<\/strong>  Turinys ir pa\u017eadai yra nuosekl\u016bs; vengiame perteklinio pardavimo, pasl\u0117ptos \u012ftakos ir klaidinan\u010di\u0173 teigini\u0173.<\/p>\n<p><strong>Interes\u0173 konflikt\u0173 prevencija.<\/strong>  Vengiame situacij\u0173, kurios gal\u0117t\u0173 pakenkti ne\u0161ali\u0161kumui.<\/p>\n<h2>4. Paslaug\u0173 teik\u0117j\u0173 standartai<\/h2>\n<p>&#8222;Belong&#8221; tikisi, kad Paslaug\u0173 teik\u0117jai laikysis jos profesin\u0117s etikos kodekso. Jei profesin\u0117s etikos kodeksas yra grie\u017etesnis, bus laikomasi grie\u017etesnio standarto. <\/p>\n<h3>Kompetencija ir vaidmens i\u0161ai\u0161kinimas<\/h3>\n<ul>\n<li aria-level=\"1\">Teisingai apib\u016bdinkite savo kvalifikacij\u0105, i\u0161silavinim\u0105 ir patirt\u012f.<\/li>\n<li aria-level=\"1\">Nesi\u016blyti paslaug\u0173 neturint atitinkamos kompetencijos; bendradarbiauti su kitais specialistais ir nukreipti klient\u0105, kai to reikalauja kliento problema.<\/li>\n<\/ul>\n<h3>Konfidencialumas ir duomen\u0173 apsauga<\/h3>\n<ul>\n<li aria-level=\"1\">rinkti ir tvarkyti tik b\u016btinus duomenis; saugiai saugoti duomenis ir nustatyti pagr\u012fst\u0105 saugojimo laikotarp\u012f.<\/li>\n<li aria-level=\"1\">u\u017etikrinti klient\u0173 anonimi\u0161kum\u0105 ir nenaudoti dalyvi\u0173 istorij\u0173 ar nuotrauk\u0173 rinkodaroje be j\u0173 sutikimo.<\/li>\n<li aria-level=\"1\">Jei reikia, paai\u0161kinti atvejus, kai konfidencialumui taikomi teisiniai apribojimai (pvz., gr\u0117sm\u0117 gyvybei \/ sveikatai, teisin\u0117 prievol\u0117).<\/li>\n<li aria-level=\"1\">Platformoje skelbiami asmeniniai ir organizacijos puslapiai skirti skaidrumui ir pakartotiniam naudojimui u\u017etikrinti; jie turi b\u016bti kuriami ir kei\u010diami laikantis teisingumo, pagarbos ir \u012fstatym\u0173. Piktnaud\u017eiavimo atveju &#8222;Belong&#8221; gali apriboti prieig\u0105. <\/li>\n<li aria-level=\"1\">I\u0161samesn\u0117s informacijos apie privatum\u0105 rasite &#8221; <a href=\"https:\/\/belong.ee\/lt\/belong-privatumo-pranesimas\/\">Belong&#8221; privatumo prane\u0161ime<\/a>.<\/li>\n<\/ul>\n<h3>Sauga ir atsakomyb\u0117<\/h3>\n<ul>\n<li aria-level=\"1\">Rizikos \u012fvertinimas (pvz., psichikos sveikatos kriz\u0117, traum\u0105 sukeliantis veiksnys, kambario saugumas).<\/li>\n<li aria-level=\"1\">tolesn\u0117s informacijos teikimas (\u012fskaitant kar\u0161t\u0105sias telefono linijas krizi\u0173 atvejais).<\/li>\n<li aria-level=\"1\">Dirbant su nepilname\u010diais, b\u016btinas t\u0117v\u0173 (glob\u0117j\u0173) sutikimas ir vaik\u0173 apsaugos principai.<\/li>\n<\/ul>\n<h2>5. Klient\u0173 teis\u0117s ir pareigos<\/h2>\n<ul>\n<li aria-level=\"1\">Teis\u0117 \u012f saugi\u0105, pagarbi\u0105 ir nediskriminuojan\u010di\u0105 erdv\u0119.<\/li>\n<li aria-level=\"1\">Teis\u0117 \u012f ai\u0161ki\u0105 informacij\u0105 ir s\u0105moning\u0105 pasirinkim\u0105; teis\u0117 atsisakyti paslaugos ar renginio.<\/li>\n<li aria-level=\"1\">\u012esipareigojimas i\u0161laikyti sutart\u0105 konfidencialum\u0105, bendrauti pagarbiai, laikytis paslaug\u0173 teik\u0117jo taisykli\u0173.<\/li>\n<\/ul>\n<h2>6. Bendruomen\u0117s taisykl\u0117s ir moderavimas<\/h2>\n<p>Draud\u017eiama<\/p>\n<ul>\n<li>neapykantos kurstymas, neapykantos kalbos, \u017eeminimas, grasinimai, psichologinis priekabiavimas;<\/li>\n<li>vie\u0161as asmenini\u0173 konflikt\u0173 &#8222;sprendimas&#8221;;<\/li>\n<li>ty\u010dinis melagingos informacijos skleidimas;<\/li>\n<li>atskleisti kito asmens neskelbtin\u0105 informacij\u0105 be ai\u0161kaus pagrindo;<\/li>\n<li>suk\u010diavimas, slaptas pardavimas, \u012fkyrus \u012fdarbinimas;<\/li>\n<li>pornografija ir seksualinis priekabiavimas;<\/li>\n<li>neteis\u0117ta veikla.<\/li>\n<\/ul>\n<p>&#8222;Belong&#8221; turi teis\u0119 pa\u0161alinti turin\u012f, sustabdyti arba panaikinti naudotojo paskyr\u0105, sustabdyti renginio rodym\u0105 ir informuoti partnerius \/ vald\u017eios institucijas, jei kyla \u012ftarim\u0173 d\u0117l pa\u017eeidimo.<\/p>\n<h2>7. Skund\u0173 ir pa\u017eeidim\u0173 nagrin\u0117jimas<\/h2>\n<p><strong>I\u0161 ko gauname skundus?<\/strong>  i\u0161 vis\u0173 platformos naudotoj\u0173, partneri\u0173 ir visuomen\u0117s.<\/p>\n<p><strong>Kaip pateikti skund\u0105?<\/strong>  Per interneto form\u0105 arba el. pa\u0161tu; jei \u012fmanoma, prid\u0117kite ekrano nuotrauk\u0173, susira\u0161in\u0117jimo ir kt. nuorod\u0173.<\/p>\n<p><strong>Kaip nagrin\u0117jame skundus?<\/strong>  Pirminis patvirtinimas ir rizikos vertinimas; informacijos rinkimas ir \u0161alies i\u0161klausymas; sprendimas ir veiksmai (pvz., \u012fsp\u0117jimas, turinio pa\u0161alinimas, laikinas paskyros sustabdymas, bendradarbiavimo nutraukimas, paskyros i\u0161trynimas). Rimt\u0173 pa\u017eeidim\u0173 ar gr\u0117smi\u0173 atveju pasitelksime organizacijas partneres arba kompetentingas institucijas. <\/p>\n<h2>8. Etikos licencija<\/h2>\n<p>Kaip &#8222;Belong&#8221; platformos naudotojas galiu tai patvirtinti:<\/p>\n<ul>\n<li aria-level=\"1\">Perskai\u010diau ir suprantu &#8222;Belonging&#8221; etikos kodeks\u0105;<\/li>\n<li aria-level=\"1\">Savo veikloje vadovaujuosi Kodeksu;<\/li>\n<li aria-level=\"1\">Suprantu, kad pa\u017eeidimo atveju &#8222;Belong&#8221; gali imtis moderavimo ir sutartini\u0173 priemoni\u0173.<\/li>\n<\/ul>\n<p><em><\/em><\/p>\n<p><em>Paskutin\u012f kart\u0105 pakeista: 2025 m. gruod\u017eio 4 d. <\/em><br \/><em>Kontaktinis asmuo etikos klausimais: info@belong-events.com<\/em><\/p>\n<p>[\/et_pb_text][\/et_pb_column][\/et_pb_row][\/et_pb_section]<\/p>\n","protected":false},"excerpt":{"rendered":"<p>Etikos kodeksasTikslas ir taikymo sritis &#8222;Belong&#8221; etikos kodekse i\u0161d\u0117styti principai ir elgesio standartai, u\u017etikrinantys saugi\u0105, pagarbi\u0105 ir profesionali\u0105 aplink\u0105 visiems &#8222;Belong&#8221; platformos naudotojams &#8211; paslaug\u0173 teik\u0117jams, klientams, partneriams ir &#8222;Belong&#8221; komandai. Kodeksas taikomas visose &#8222;Belong&#8221; aplinkose, taip pat renginiams, organizuojamiems su &#8222;Belong&#8221; prek\u0117s \u017eenklu arba parduodamiems &#8222;Belong&#8221;. 1. Priklausymo vertyb\u0117s Savo veikloje vadovaujam\u0117s \u0161iomis vertyb\u0117mis [&hellip;]<\/p>\n","protected":false},"author":4,"featured_media":27563,"parent":0,"menu_order":0,"comment_status":"closed","ping_status":"closed","template":"","meta":{"_et_pb_use_builder":"on","_et_pb_old_content":"","_et_gb_content_width":"","footnotes":""},"class_list":["post-27692","page","type-page","status-publish","has-post-thumbnail","hentry"],"_links":{"self":[{"href":"https:\/\/belong.ee\/lt\/wp-json\/wp\/v2\/pages\/27692","targetHints":{"allow":["GET"]}}],"collection":[{"href":"https:\/\/belong.ee\/lt\/wp-json\/wp\/v2\/pages"}],"about":[{"href":"https:\/\/belong.ee\/lt\/wp-json\/wp\/v2\/types\/page"}],"author":[{"embeddable":true,"href":"https:\/\/belong.ee\/lt\/wp-json\/wp\/v2\/users\/4"}],"replies":[{"embeddable":true,"href":"https:\/\/belong.ee\/lt\/wp-json\/wp\/v2\/comments?post=27692"}],"version-history":[{"count":10,"href":"https:\/\/belong.ee\/lt\/wp-json\/wp\/v2\/pages\/27692\/revisions"}],"predecessor-version":[{"id":28483,"href":"https:\/\/belong.ee\/lt\/wp-json\/wp\/v2\/pages\/27692\/revisions\/28483"}],"wp:featuredmedia":[{"embeddable":true,"href":"https:\/\/belong.ee\/lt\/wp-json\/wp\/v2\/media\/27563"}],"wp:attachment":[{"href":"https:\/\/belong.ee\/lt\/wp-json\/wp\/v2\/media?parent=27692"}],"curies":[{"name":"wp","href":"https:\/\/api.w.org\/{rel}","templated":true}]}}