{"id":27746,"date":"2025-01-13T16:43:10","date_gmt":"2025-01-13T14:43:10","guid":{"rendered":"https:\/\/belong-events.com\/priklauso-kkk\/"},"modified":"2025-12-16T10:18:46","modified_gmt":"2025-12-16T08:18:46","slug":"priklauso-kkk","status":"publish","type":"page","link":"https:\/\/belong.ee\/lt\/priklauso-kkk\/","title":{"rendered":"Belong KKK"},"content":{"rendered":"<p>[et_pb_section fb_built=&#8221;1&#8243; admin_label=&#8221;Section&#8221; _builder_version=&#8221;4.27.4&#8243; background_color=&#8221;#f7f7f7&#8243; custom_margin=&#8221;||||false|false&#8221; custom_padding=&#8221;5%||||false|false&#8221; custom_padding_tablet=&#8221;0px||0px|&#8221; transparent_background=&#8221;off&#8221; make_fullwidth=&#8221;off&#8221; use_custom_width=&#8221;off&#8221; width_unit=&#8221;on&#8221; global_colors_info=&#8221;{}&#8221;][et_pb_row _builder_version=&#8221;4.27.4&#8243; _module_preset=&#8221;default&#8221; global_colors_info=&#8221;{}&#8221;][et_pb_column type=&#8221;4_4&#8243; _builder_version=&#8221;4.16&#8243; _module_preset=&#8221;default&#8221; global_colors_info=&#8221;{}&#8221;][et_pb_text _builder_version=&#8221;4.27.4&#8243; _module_preset=&#8221;b5629d61-8761-48a4-843a-08bad35c28b0&#8243; locked=&#8221;off&#8221; global_colors_info=&#8221;{}&#8221;]<\/p>\n<h1 style=\"text-align: center;\">Da\u017eniausiai u\u017eduodami klausimai<\/h1>\n<p>[\/et_pb_text][\/et_pb_column][\/et_pb_row][et_pb_row column_structure=&#8221;1_4,3_4&#8243; padding_mobile=&#8221;on&#8221; column_padding_mobile=&#8221;on&#8221; custom_padding_last_edited=&#8221;on|tablet&#8221; admin_label=&#8221;Eilut\u0117&#8221; _builder_version=&#8221;4.16&#8243; background_size=&#8221;initial&#8221; background_position=&#8221;top_left&#8221; background_repeat=&#8221;repeat&#8221; custom_padding=&#8221;40px||0px|||&#8221; custom_padding_tablet=&#8221;90px||0px|&#8221; custom_padding_phone=&#8221;&#8221; make_fullwidth=&#8221;off&#8221; use_custom_width=&#8221;off&#8221; width_unit=&#8221;on&#8221; global_colors_info=&#8221;{}&#8221;][et_pb_column type=&#8221;1_4&#8243; _builder_version=&#8221;4.16&#8243; custom_padding=&#8221;|||&#8221; global_colors_info=&#8221;{}&#8221; custom_padding__hover=&#8221;|||&#8221;][et_pb_divider color=&#8221;#222222&#8243; divider_weight=&#8221;8&#8243; admin_label=&#8221;Divider&#8221; _builder_version=&#8221;4.16&#8243; height=&#8221;0px&#8221; hide_on_mobile=&#8221;off&#8221; global_colors_info=&#8221;{}&#8221;][\/et_pb_divider][et_pb_text admin_label=&#8221;Text&#8221; _builder_version=&#8221;4.27.4&#8243; text_font=&#8221;Open Sans|on|||&#8221; text_text_color=&#8221;#222222&#8243; text_font_size=&#8221;36px&#8221; text_line_height=&#8221;1.2em&#8221; background_size=&#8221;initial&#8221; background_position=&#8221;top_left&#8221; background_repeat=&#8221;repeat&#8221; custom_margin=&#8221;-10px||0px|&#8221; custom_padding=&#8221;0px||0px|&#8221; text_font_size_tablet=&#8221;32px&#8221; text_font_size_phone=&#8221;&#8221; text_font_size_last_edited=&#8221;on|tablet&#8221; use_border_color=&#8221;off&#8221; border_color=&#8221;#ffffff&#8221; border_style=&#8221;solid&#8221; global_colors_info=&#8221;{}&#8221;]<\/p>\n<p>Bendra<\/p>\n<p>[\/et_pb_text][\/et_pb_column][et_pb_column type=&#8221;3_4&#8243; _builder_version=&#8221;4.16&#8243; custom_padding=&#8221;|||&#8221; global_colors_info=&#8221;{}&#8221; custom_padding__hover=&#8221;|||&#8221;][et_pb_divider color=&#8221;#222222&#8243; divider_weight=&#8221;4&#8243; admin_label=&#8221;Divider&#8221; _builder_version=&#8221;4.16&#8243; height=&#8221;0px&#8221; hide_on_mobile=&#8221;off&#8221; global_colors_info=&#8221;{}&#8221;][\/et_pb_divider][et_pb_toggle title=&#8221;Koks &quot;Belong&quot; tikslas?&#8221; admin_label=&#8221;Toggle&#8221; _builder_version=&#8221;4.27.4&#8243; body_font=&#8221;Open Sans||||&#8221; body_line_height=&#8221;1.6em&#8221; hover_enabled=&#8221;0&#8243; use_border_color=&#8221;on&#8221; border_color=&#8221;#f7f7f7&#8243; border_style=&#8221;solid&#8221; global_colors_info=&#8221;{}&#8221; sticky_enabled=&#8221;0&#8243;]<\/p>\n<p>&#8222;Belong&#8221; ateities vizija &#8211; tapti platforma, padedan\u010dia \u012fvairiose psichin\u0117s gerov\u0117s ir saviugdos srityse. Be dabartinio d\u0117mesio, norime i\u0161pl\u0117sti savo paslaugas ir \u012ftraukti \u012f platform\u0105 naujas sritis, pavyzd\u017eiui, terapij\u0105 ir kou\u010ding\u0105. <\/p>\n<p>M\u016bs\u0173 tikslas &#8211; sukurti profesionali\u0105 ir patikim\u0105 aplink\u0105, kurioje gal\u0117tum\u0117te rasti geriausiai j\u016bs\u0173 poreikius atitinkant\u012f metod\u0105 ir specialist\u0105, nesvarbu, ar tai b\u016bt\u0173 konsteliacijos, ar terapija, ar kita praktika.<\/p>\n<p>[\/et_pb_toggle][et_pb_divider color=&#8221;#222222&#8243; divider_weight=&#8221;4&#8243; admin_label=&#8221;Divider&#8221; _builder_version=&#8221;4.16&#8243; height=&#8221;0px&#8221; hide_on_mobile=&#8221;off&#8221; global_colors_info=&#8221;{}&#8221;][\/et_pb_divider][et_pb_toggle title=&#8221;Koki\u0105 naud\u0105 profesinei asociacijai duos bendradarbiavimas su &quot;Belong&quot;?&#8221; admin_label=&#8221;Toggle&#8221; _builder_version=&#8221;4.27.4&#8243; body_font=&#8221;Open Sans||||&#8221; body_line_height=&#8221;1.6em&#8221; custom_padding=&#8221;30px|0px|2px|0px&#8221; hover_enabled=&#8221;0&#8243; use_border_color=&#8221;on&#8221; border_color=&#8221;#f7f7f7&#8243; border_style=&#8221;solid&#8221; global_colors_info=&#8221;{}&#8221; sticky_enabled=&#8221;0&#8243;]<\/p>\n<p><span style=\"font-weight: 400;\">Bendradarbiavimas grind\u017eiamas strategine partneryste ir abipuse konstruktyvia parama. M\u016bs\u0173 tikslas &#8211; ne konkuruoti, o dirbti kartu siekiant bendro tikslo &#8211; pl\u0117toti ir remti sektori\u0173. <\/span><\/p>\n<p><b>Priklausymo profesin\u0117ms asociacijoms ind\u0117lis ir vert\u0117:<\/b><\/p>\n<p><b>1. Organizacijos \u017einomumo ir profesionalumo didinimas:<\/b><\/p>\n<p><span style=\"font-weight: 400;\">Atstovavimas tarp &#8222;Belong&#8221; organizacij\u0173, taip pat organizacijos naryst\u0117s puslapiuose padeda didinti informuotum\u0105 apie organizacij\u0105.<\/span><\/p>\n<p><b>2. Profesin\u0117s asociacijos poreikiams pritaikytas funkcionalumas:<\/b><span> Mes pl\u0117tosime ir tobulinsime platformos funkcionalum\u0105 remdamiesi profesini\u0173 asociacij\u0173 rekomendacijomis ir poreikiais.<\/span><\/p>\n<p><b>3. Darbo eigos supaprastinimas:<\/b><b><br \/><\/b><span style=\"font-weight: 400;\">Organizacijos gali supaprastinti savo darbo eig\u0105 naudodamos esamas m\u016bs\u0173 puslapi\u0173 funkcijas. Pavyzd\u017eiui, naryst\u0117s valdymas. <\/span><\/p>\n<p>[\/et_pb_toggle][et_pb_divider color=&#8221;#222222&#8243; divider_weight=&#8221;4&#8243; admin_label=&#8221;Divider&#8221; _builder_version=&#8221;4.16&#8243; height=&#8221;0px&#8221; hide_on_mobile=&#8221;off&#8221; global_colors_info=&#8221;{}&#8221;][\/et_pb_divider][et_pb_toggle title=&#8221;Kaip atskiriamos sritys?&#8221; admin_label=&#8221;Toggle&#8221; _builder_version=&#8221;4.27.4&#8243; body_font=&#8221;Open Sans||||&#8221; body_line_height=&#8221;1.6em&#8221; custom_padding=&#8221;30px|0px|2px|0px&#8221; hover_enabled=&#8221;0&#8243; use_border_color=&#8221;on&#8221; border_color=&#8221;#f7f7f7&#8243; border_style=&#8221;solid&#8221; global_colors_info=&#8221;{}&#8221; sticky_enabled=&#8221;0&#8243;]<\/p>\n<p><span style=\"font-weight: 400;\">Priklausymas platformai &#8222;Belong&#8221; yra fiksuotas principas <\/span><b>Atskir\u0173 ir nepriklausom\u0173 sri\u010di\u0173 i\u0161laikymas<\/b><span style=\"font-weight: 400;\">. <\/span> <\/p>\n<ol>\n<li><b>  D\u0117mesys sektoriui:<\/b><span style=\"font-weight: 400;\">  Profesionalumas svarbus ir klientams, ir operatoriams, nes operatoriai ie\u0161ko klient\u0173 savo srityje, o klientai \u017eino, koki\u0173 operatori\u0173 jiems reikia. Be to, profesinis d\u0117mesys leid\u017eia ai\u0161kiai matyti, kas vyksta \u0161ioje srityje. <\/span><\/li>\n<li><b>  Poveikio didinimas visais lygmenimis:<\/b><\/li>\n<\/ol>\n<ul>\n<li style=\"font-weight: 400;\" aria-level=\"2\"><b>Profesin\u0117s asociacijos:<\/b><span style=\"font-weight: 400;\"> Gali sutelkti d\u0117mes\u012f \u012f savo sektoriaus tikslus ir iniciatyvas, nekonkuruodamos su kitomis temomis.<\/span><\/li>\n<li style=\"font-weight: 400;\" aria-level=\"2\"><b>Gamintojai:<\/b><span style=\"font-weight: 400;\"> Didesn\u012f matomum\u0105 savo srities tikslin\u0117je auditorijoje, taip sustiprindami savo profesines pozicijas.<\/span><\/li>\n<li style=\"font-weight: 400;\" aria-level=\"2\"><b>Klientai:<\/b><span style=\"font-weight: 400;\"> Klientai gal\u0117s patogiai ap\u017evelgti savo galimybes gauti reikiam\u0105 paslaug\u0105.<\/span><\/li>\n<\/ul>\n<ol start=\"3\">\n<li> <b> Tikslas &#8211; sverto poveikis, o ne skiedimas:<\/b><span style=\"font-weight: 400;\"> M\u016bs\u0173 misija &#8211; sustiprinti kiekvieno sektoriaus dalyvavim\u0105 ir poveik\u012f, leisti jiems atsiskleisti savaranki\u0161kai ir i\u0161naudoti vis\u0105 savo potencial\u0105.<\/span><\/li>\n<\/ol>\n<p><span style=\"font-weight: 400;\">&#8222;Belong&#8221; nesiekia b\u016bti bendra platforma, kurioje mai\u0161omos \u012fvairios temos, bet. <\/span><b>tikslinga priemon\u0117<\/b><span style=\"font-weight: 400;\">kuri sukuria vert\u0119 ir ilgalaik\u0119 naud\u0105 kiekvienai m\u016bs\u0173 remiamai sri\u010diai.<\/span><\/p>\n<p><span style=\"font-weight: 400;\">Domenai atskiriami domeno vardu, pvz:<\/span><\/p>\n<ul>\n<li style=\"font-weight: 400;\" aria-level=\"1\"><b>\u017evaig\u017edynai<\/b><span style=\"font-weight: 400;\">.belong-events.com<\/span><\/li>\n<li style=\"font-weight: 400;\" aria-level=\"1\"><b>terapija<\/b><span style=\"font-weight: 400;\">.belong-events.com<\/span><\/li>\n<li style=\"font-weight: 400;\" aria-level=\"1\"><b>kou\u010dingas<\/b><span style=\"font-weight: 400;\">.belong-events.com<\/span><\/li>\n<li style=\"font-weight: 400;\" aria-level=\"1\"><span style=\"font-weight: 400;\">ir t. t.<\/span><\/li>\n<\/ul>\n<p>[\/et_pb_toggle][et_pb_divider color=&#8221;#222222&#8243; divider_weight=&#8221;4&#8243; admin_label=&#8221;Divider&#8221; _builder_version=&#8221;4.16&#8243; height=&#8221;0px&#8221; hide_on_mobile=&#8221;off&#8221; global_colors_info=&#8221;{}&#8221;][\/et_pb_divider][et_pb_toggle title=&#8221;Kaip &quot;Belong&quot; gali pad\u0117ti padidinti matomum\u0105?&#8221; admin_label=&#8221;Toggle&#8221; _builder_version=&#8221;4.27.4&#8243; body_font=&#8221;Open Sans||||&#8221; body_line_height=&#8221;1.6em&#8221; body_ul_line_height=&#8221;1.5em&#8221; custom_padding=&#8221;30px|0px|2px|0px&#8221; hover_enabled=&#8221;0&#8243; use_border_color=&#8221;on&#8221; border_color=&#8221;#f7f7f7&#8243; border_style=&#8221;solid&#8221; global_colors_info=&#8221;{}&#8221; sticky_enabled=&#8221;0&#8243;]<\/p>\n<p><span style=\"font-weight: 400;\">&#8222;Belong&#8221; sukurta specialiai tam, kad pad\u0117t\u0173 specialistams, renginiams ir paslaugoms i\u0161siskirti ir pasiekti platesn\u0119 auditorij\u0105. M\u016bs\u0173 strategijoje daugiausia d\u0117mesio skiriama matomumui didinti pasitelkiant \u0161iuos pagrindinius veiksnius: <\/span><\/p>\n<p><b>1. Matomumas paie\u0161kose<\/b><\/p>\n<p><span style=\"font-weight: 400;\">\u012e platform\u0105 \u012ftraukti profiliai, \u012fvykiai ir paslaugos yra optimizuoti paie\u0161kos sistemoms. Tai rei\u0161kia, kad &#8222;Google&#8221; ir kitos paie\u0161kos sistemos grei\u010diau suras j\u016bs\u0173 turin\u012f ir u\u017eims auk\u0161tesn\u0119 viet\u0105. <\/span><\/p>\n<p><span style=\"font-weight: 400;\">Sukurtas turinys (tekstai, vaizdin\u0117 med\u017eiaga) yra pritaikytas paie\u0161kos sistemoms.<\/span><\/p>\n<p><b>2. D\u0117mesys sektoriui<\/b><\/p>\n<p><span style=\"font-weight: 400;\">Konkretesnis (t. y. konkretaus sektoriaus) d\u0117mesys leid\u017eia geriau pasiekti klientus, palyginti su bendromis rengini\u0173 platformomis. Klientai ie\u0161ko konkre\u010diai tam tikros srities rakta\u017eod\u017ei\u0173. <\/span><\/p>\n<p><b>3. Profesionalumas<\/b><\/p>\n<p><span style=\"font-weight: 400;\">Kurdami platform\u0105 daugiausia d\u0117mesio skyr\u0117me profesionalumui, kuris svarbus visoms dalyvaujan\u010dioms \u0161alims. Tai padeda sukurti didesn\u012f pasitik\u0117jim\u0105 tiek tarp operatori\u0173, tiek tarp klient\u0173, tod\u0117l yra patrauklesn\u0117. <\/span><\/p>\n<p><b>4. Bendras darbas sukuria sinergij\u0105<\/b><\/p>\n<p><span style=\"font-weight: 400;\">Kiekvienas platformoje skelbiamas veik\u0117jas ir renginys atkreipia d\u0117mes\u012f ir teikia naudos visam sektoriui, o kartu ir pa\u010diam veik\u0117jui bei renginiui. Patirtis rodo, kad kolegos pastebi j\u016bs\u0173 renginius ir rekomenduoja juos savo klientams, o kartais ir patys juose dalyvauja. <\/span><\/p>\n<p><b>5. Susij\u0119 duomenys<\/b><\/p>\n<p><span style=\"font-weight: 400;\">Kadangi &#8222;Belong&#8221; platforma glaud\u017eiai susieja veik\u0117jus, \u012fvykius, paslaugas ir vietas, ji nuolat veda klientus prie nauj\u0173 &#8222;radini\u0173&#8221; \u0161ioje srityje.<\/span><\/p>\n<p><b>6. Laiko erdv\u0117s skeneris<\/b><\/p>\n<p><span style=\"font-weight: 400;\">Unikalu priklausyti <\/span><i><span style=\"font-weight: 400;\">laiko ir erdv\u0117s skeneris<\/span><\/i><span style=\"font-weight: 400;\">  padeda naudotojams rasti renginius ir paslaugas pagal j\u0173 buvimo viet\u0105 ir pageidaujam\u0105 laik\u0105. \u0160i funkcija ne tik palengvina paie\u0161k\u0105 platformoje, bet ir padidina j\u016bs\u0173 rengini\u0173 ir paslaug\u0173 matomum\u0105 regioniniu lygmeniu. <\/span><\/p>\n<p><b>7. Dalijimosi socialiniuose tinkluose galimyb\u0117s<\/b><\/p>\n<p><b>Lengvas dalijimasis:<\/b><span style=\"font-weight: 400;\">  Visi renginiai ir profiliai optimizuoti taip, kad juos b\u016bt\u0173 galima lengvai bendrinti socialin\u0117je \u017einiasklaidoje ir kituose kanaluose, o tai savo ruo\u017etu padidina j\u016bs\u0173 pasiekiamum\u0105. Nuolat tobuliname integracij\u0105 su socialine \u017einiasklaida, kad padidintume matomum\u0105. <\/span><\/p>\n<p>[\/et_pb_toggle][et_pb_divider color=&#8221;#222222&#8243; divider_weight=&#8221;4&#8243; admin_label=&#8221;Divider&#8221; _builder_version=&#8221;4.16&#8243; height=&#8221;0px&#8221; hide_on_mobile=&#8221;off&#8221; global_colors_info=&#8221;{}&#8221;][\/et_pb_divider][\/et_pb_column][\/et_pb_row][et_pb_row column_structure=&#8221;1_4,3_4&#8243; padding_mobile=&#8221;on&#8221; column_padding_mobile=&#8221;on&#8221; custom_padding_last_edited=&#8221;on|tablet&#8221; admin_label=&#8221;Eilut\u0117&#8221; _builder_version=&#8221;4.16&#8243; background_size=&#8221;initial&#8221; background_position=&#8221;top_left&#8221; background_repeat=&#8221;repeat&#8221; custom_padding=&#8221;128px||0px|&#8221; custom_padding_tablet=&#8221;90px||0px|&#8221; custom_padding_phone=&#8221;&#8221; make_fullwidth=&#8221;off&#8221; use_custom_width=&#8221;off&#8221; width_unit=&#8221;on&#8221; global_colors_info=&#8221;{}&#8221;][et_pb_column type=&#8221;1_4&#8243; _builder_version=&#8221;4.16&#8243; custom_padding=&#8221;|||&#8221; global_colors_info=&#8221;{}&#8221; custom_padding__hover=&#8221;|||&#8221;][et_pb_divider color=&#8221;#222222&#8243; divider_weight=&#8221;8&#8243; admin_label=&#8221;Divider&#8221; _builder_version=&#8221;4.27.4&#8243; height=&#8221;0px&#8221; hide_on_mobile=&#8221;off&#8221; global_colors_info=&#8221;{}&#8221;][\/et_pb_divider][et_pb_text admin_label=&#8221;Text&#8221; _builder_version=&#8221;4.27.4&#8243; text_font=&#8221;Open Sans|on|||&#8221; text_text_color=&#8221;#222222&#8243; text_font_size=&#8221;36px&#8221; text_line_height=&#8221;1.2em&#8221; background_size=&#8221;initial&#8221; background_position=&#8221;top_left&#8221; background_repeat=&#8221;repeat&#8221; custom_margin=&#8221;-10px||0px|&#8221; custom_padding=&#8221;0px||0px|&#8221; text_font_size_tablet=&#8221;32px&#8221; text_font_size_phone=&#8221;&#8221; text_font_size_last_edited=&#8221;on|tablet&#8221; use_border_color=&#8221;off&#8221; border_color=&#8221;#ffffff&#8221; border_style=&#8221;solid&#8221; global_colors_info=&#8221;{}&#8221;]<\/p>\n<p>S\u0105skaita<\/p>\n<p>[\/et_pb_text][\/et_pb_column][et_pb_column type=&#8221;3_4&#8243; _builder_version=&#8221;4.16&#8243; custom_padding=&#8221;|||&#8221; global_colors_info=&#8221;{}&#8221; custom_padding__hover=&#8221;|||&#8221;][et_pb_divider color=&#8221;#222222&#8243; divider_weight=&#8221;4&#8243; admin_label=&#8221;Divider&#8221; _builder_version=&#8221;4.16&#8243; height=&#8221;0px&#8221; hide_on_mobile=&#8221;off&#8221; global_colors_info=&#8221;{}&#8221;][\/et_pb_divider][et_pb_toggle title=&#8221;Kas &quot;Belong&quot; yra nemokama ir kas mokama?&#8221; admin_label=&#8221;Toggle&#8221; _builder_version=&#8221;4.27.4&#8243; title_level=&#8221;h3&#8243; title_font=&#8221;&#8211;et_global_heading_font|700|||||||&#8221; body_font=&#8221;Open Sans||||&#8221; body_line_height=&#8221;1.6em&#8221; hover_enabled=&#8221;0&#8243; use_border_color=&#8221;on&#8221; border_color=&#8221;#f7f7f7&#8243; border_style=&#8221;solid&#8221; global_colors_info=&#8221;{}&#8221; sticky_enabled=&#8221;0&#8243;]<\/p>\n<p><strong>Nemokamos funkcijos:<\/strong><\/p>\n<p><b>1. Informacijos nar\u0161ymas ir paie\u0161ka platformoje:<\/b><\/p>\n<p><span style=\"font-weight: 400;\">Informacijos apie renginius, paslaugas, specialistus ir kt. nar\u0161ymas ir paie\u0161ka platformoje yra nemokama visiems.<\/span><\/p>\n<p><b>2. Sukurkite naudotojo profil\u012f:<\/b><\/p>\n<p><span style=\"font-weight: 400;\">Kiekvienas naudotojas gali susikurti savo asmenin\u012f arba profesin\u012f profil\u012f, kad b\u016bt\u0173 geriau matomas ir prisistatyt\u0173 potencialiems klientams ar partneriams.<\/span><\/p>\n<p><b>3. Paslaug\u0173 prid\u0117jimas:<\/b><\/p>\n<p><span style=\"font-weight: 400;\">Kiekvienas specialistas gali sukurti ir paskelbti savo paslaug\u0173 portfel\u012f.<\/span><\/p>\n<p><b>Mokamos funkcijos:<\/b><\/p>\n<p><b>\u012evyki\u0173 k\u016brimas ir skelbimas:<\/b><\/p>\n<p><span style=\"font-weight: 400;\">Specialistai, norintys platformoje skelbti savo renginius ir paslaugas, moka m\u0117nesin\u012f arba metin\u012f mokest\u012f. Tai apima papildomas funkcijas, pavyzd\u017eiui, SEO optimizavim\u0105 ir didesn\u012f matomum\u0105. Skelbiant renginius profesin\u0117ms asociacijoms taikomos atskiros sutartys.  <\/span><\/p>\n<p><b>Santrauka<\/b><\/p>\n<p><span style=\"font-weight: 400;\">Visos pirmiau i\u0161vardytos nemokamos funkcijos i\u0161lieka nemokamos neribot\u0105 laik\u0105. Laikui b\u0117gant bus prid\u0117ta ir nemokam\u0173, ir mokam\u0173 funkcij\u0173. Ta\u010diau daugiausia d\u0117mesio skiriame nemokamoms funkcijoms prid\u0117ti.  <\/span><\/p>\n<p>[\/et_pb_toggle][et_pb_divider color=&#8221;#222222&#8243; divider_weight=&#8221;4&#8243; admin_label=&#8221;Divider&#8221; _builder_version=&#8221;4.16&#8243; height=&#8221;0px&#8221; hide_on_mobile=&#8221;off&#8221; global_colors_info=&#8221;{}&#8221;][\/et_pb_divider][et_pb_toggle title=&#8221;Ar galiu bet kada atsisakyti?&#8221; admin_label=&#8221;Toggle&#8221; _builder_version=&#8221;4.27.4&#8243; body_font=&#8221;Open Sans||||&#8221; body_line_height=&#8221;1.6em&#8221; custom_padding=&#8221;30px|0px|2px|0px&#8221; use_border_color=&#8221;on&#8221; border_color=&#8221;#f7f7f7&#8243; border_style=&#8221;solid&#8221; global_colors_info=&#8221;{}&#8221;]<\/p>\n<p>Kiekvieno naudotojo duomenys priklauso jam pa\u010diam ir naudotojas turi teis\u0119 bet kada atsisakyti mokamos paslaugos arba visi\u0161kai i\u0161trinti savo paskyr\u0105.<\/p>\n<p>[\/et_pb_toggle][et_pb_divider color=&#8221;#222222&#8243; divider_weight=&#8221;4&#8243; admin_label=&#8221;Divider&#8221; _builder_version=&#8221;4.16&#8243; height=&#8221;6px&#8221; hide_on_mobile=&#8221;off&#8221; global_colors_info=&#8221;{}&#8221;][\/et_pb_divider][\/et_pb_column][\/et_pb_row][et_pb_row admin_label=&#8221;Eilut\u0117&#8221; _builder_version=&#8221;4.16&#8243; background_size=&#8221;initial&#8221; background_position=&#8221;top_left&#8221; background_repeat=&#8221;repeat&#8221; global_colors_info=&#8221;{}&#8221;][et_pb_column type=&#8221;4_4&#8243; _builder_version=&#8221;4.16&#8243; custom_padding=&#8221;|||&#8221; global_colors_info=&#8221;{}&#8221; custom_padding__hover=&#8221;|||&#8221;][\/et_pb_column][\/et_pb_row][\/et_pb_section][et_pb_section fb_built=&#8221;1&#8243; module_id=&#8221;susisiekite su&#8221; _builder_version=&#8221;4.27.0&#8243; _module_preset=&#8221;default&#8221; background_color=&#8221;#464444&#8243; custom_padding=&#8221;4px||2px|||&#8221; global_module=&#8221;740&#8243; saved_tabs=&#8221;all&#8221; global_colors_info=&#8221;{}&#8221;][et_pb_row column_structure=&#8221;1_3,1_3,1_3&#8243; _builder_version=&#8221;4.27.0&#8243; _module_preset=&#8221;default&#8221; global_colors_info=&#8221;{}&#8221;][et_pb_column type=&#8221;1_3&#8243; _builder_version=&#8221;4.27.0&#8243; _module_preset=&#8221;default&#8221; global_colors_info=&#8221;{}&#8221;][et_pb_image src=&#8221;https:\/\/belong.ee\/wp-content\/uploads\/2024\/08\/Belong-circle-no-text-100.png&#8221; title_text=&#8221;Belong-circle-no-text-100&#8243; align=&#8221;center&#8221; src_tablet=&#8221;&#8221; src_phone=&#8221;&#8221; src_last_edited=&#8221;on|desktop&#8221; _builder_version=&#8221;4.27.0&#8243; _module_preset=&#8221;default&#8221; custom_margin=&#8221;||||false|false&#8221; global_colors_info=&#8221;{}&#8221;][\/et_pb_image][\/et_pb_column][et_pb_column type=&#8221;1_3&#8243; _builder_version=&#8221;4.27.0&#8243; _module_preset=&#8221;default&#8221; global_colors_info=&#8221;{}&#8221;][et_pb_text _builder_version=&#8221;4.27.0&#8243; _module_preset=&#8221;default&#8221; header_3_line_height=&#8221;2em&#8221; custom_padding=&#8221;0px|20px|0px|20px|true|true&#8221; global_colors_info=&#8221;{}&#8221;]<\/p>\n<p><a href=\"mailto:info@belong-events.com\">info@belong-events.com<\/a><\/p>\n<p>Tel.: +372 <span>56 933 900<\/span><\/p>\n<p>Belong O\u00dc, reg. Nr. 17031513<\/p>\n<p>[\/et_pb_text][\/et_pb_column][et_pb_column type=&#8221;1_3&#8243; _builder_version=&#8221;4.27.0&#8243; _module_preset=&#8221;default&#8221; global_colors_info=&#8221;{}&#8221;][et_pb_social_media_follow _builder_version=&#8221;4.27.0&#8243; _module_preset=&#8221;default&#8221; text_orientation=&#8221;center&#8221; custom_margin=&#8221;5%||||false|false&#8221; global_colors_info=&#8221;{}&#8221;][et_pb_social_media_follow_network social_network=&#8221;facebook&#8221; url=&#8221;https:\/\/www.facebook.com\/BelongPlatform&#8221; _builder_version=&#8221;4.27.0&#8243; _module_preset=&#8221;default&#8221; background_color=&#8221;#464444&#8243; background_enable_color=&#8221;on&#8221; global_colors_info=&#8221;{}&#8221; follow_button=&#8221;off&#8221; url_new_window=&#8221;on&#8221;]facebook[\/et_pb_social_media_follow_network][\/et_pb_social_media_follow][\/et_pb_column][\/et_pb_row][\/et_pb_section]<\/p>\n","protected":false},"excerpt":{"rendered":"<p>Da\u017eniausiai u\u017eduodami klausimaiBendra&#8221;Belong&#8221; ateities vizija &#8211; tapti platforma, padedan\u010dia \u012fvairiose psichin\u0117s gerov\u0117s ir saviugdos srityse. Be dabartinio d\u0117mesio, norime i\u0161pl\u0117sti savo paslaugas ir \u012ftraukti \u012f platform\u0105 naujas sritis, pavyzd\u017eiui, terapij\u0105 ir kou\u010ding\u0105. M\u016bs\u0173 tikslas &#8211; sukurti profesionali\u0105 ir patikim\u0105 aplink\u0105, kurioje gal\u0117tum\u0117te rasti geriausiai j\u016bs\u0173 poreikius atitinkant\u012f metod\u0105 ir specialist\u0105, nesvarbu, ar tai b\u016bt\u0173 konsteliacijos, [&hellip;]<\/p>\n","protected":false},"author":4,"featured_media":27747,"parent":0,"menu_order":0,"comment_status":"closed","ping_status":"closed","template":"","meta":{"_et_pb_use_builder":"on","_et_pb_old_content":"","_et_gb_content_width":"","footnotes":""},"class_list":["post-27746","page","type-page","status-publish","has-post-thumbnail","hentry"],"_links":{"self":[{"href":"https:\/\/belong.ee\/lt\/wp-json\/wp\/v2\/pages\/27746","targetHints":{"allow":["GET"]}}],"collection":[{"href":"https:\/\/belong.ee\/lt\/wp-json\/wp\/v2\/pages"}],"about":[{"href":"https:\/\/belong.ee\/lt\/wp-json\/wp\/v2\/types\/page"}],"author":[{"embeddable":true,"href":"https:\/\/belong.ee\/lt\/wp-json\/wp\/v2\/users\/4"}],"replies":[{"embeddable":true,"href":"https:\/\/belong.ee\/lt\/wp-json\/wp\/v2\/comments?post=27746"}],"version-history":[{"count":10,"href":"https:\/\/belong.ee\/lt\/wp-json\/wp\/v2\/pages\/27746\/revisions"}],"predecessor-version":[{"id":28498,"href":"https:\/\/belong.ee\/lt\/wp-json\/wp\/v2\/pages\/27746\/revisions\/28498"}],"wp:featuredmedia":[{"embeddable":true,"href":"https:\/\/belong.ee\/lt\/wp-json\/wp\/v2\/media\/27747"}],"wp:attachment":[{"href":"https:\/\/belong.ee\/lt\/wp-json\/wp\/v2\/media?parent=27746"}],"curies":[{"name":"wp","href":"https:\/\/api.w.org\/{rel}","templated":true}]}}