{"id":27760,"date":"2025-01-07T18:03:58","date_gmt":"2025-01-07T16:03:58","guid":{"rendered":"https:\/\/belong-events.com\/kuo-belong-skiriasi\/"},"modified":"2025-12-16T10:18:56","modified_gmt":"2025-12-16T08:18:56","slug":"kuo-belong-skiriasi","status":"publish","type":"page","link":"https:\/\/belong.ee\/lt\/kuo-belong-skiriasi\/","title":{"rendered":"Kuo &#8222;Belong&#8221; skiriasi?"},"content":{"rendered":"<p>[et_pb_section fb_built=&#8221;1&#8243; admin_label=&#8221;Header&#8221; _builder_version=&#8221;4.16&#8243; _module_preset=&#8221;default&#8221; locked=&#8221;off&#8221; global_colors_info=&#8221;{}&#8221;][et_pb_row _builder_version=&#8221;4.27.4&#8243; _module_preset=&#8221;default&#8221; global_colors_info=&#8221;{}&#8221;][et_pb_column type=&#8221;4_4&#8243; _builder_version=&#8221;4.16&#8243; _module_preset=&#8221;default&#8221; global_colors_info=&#8221;{}&#8221;][et_pb_text _builder_version=&#8221;4.27.2&#8243; _module_preset=&#8221;b5629d61-8761-48a4-843a-08bad35c28b0&#8243; header_3_font=&#8221;&#8211;et_global_heading_font||||||||&#8221; header_3_line_height=&#8221;2em&#8221; custom_padding=&#8221;0px|20px|0px|20px|true|true&#8221; locked=&#8221;off&#8221; global_colors_info=&#8221;{}&#8221;]<\/p>\n<h1 style=\"text-align: center;\">Kuo &#8222;Belong&#8221; skiriasi?<\/h1>\n<p>[\/et_pb_text][et_pb_text _builder_version=&#8221;4.27.4&#8243; _module_preset=&#8221;a71a5122-3537-4d1b-aa15-649fe0057a23&#8243; header_3_font=&#8221;&#8211;et_global_heading_font||||||||&#8221; header_3_line_height=&#8221;2em&#8221; global_module=&#8221;1541&#8243; saved_tabs=&#8221;all&#8221; locked=&#8221;off&#8221; global_colors_info=&#8221;{}&#8221;]<\/p>\n<p><span style=\"font-weight: 400;\">Belongi platvorm erineb teistest s\u00fcndmuseid n\u00e4itavatest platvormidest mitmes olulises aspektis nagu\u00a0<\/span><\/p>\n<ul>\n<li style=\"font-weight: 400;\" aria-level=\"1\"><span style=\"font-weight: 400;\">valdkondlik spetsialiseerumine\u00a0<\/span><\/li>\n<li style=\"font-weight: 400;\" aria-level=\"1\"><span style=\"font-weight: 400;\">innovaatiline \u201caeg-ruumi\u201d l\u00e4henemine<\/span><\/li>\n<li style=\"font-weight: 400;\" aria-level=\"1\"><span style=\"font-weight: 400;\">integreeritud \u00f6kos\u00fcsteem<\/span><\/li>\n<li style=\"font-weight: 400;\" aria-level=\"1\"><span style=\"font-weight: 400;\">kogukonna loomine ja professionaalide toetamine<\/span><\/li>\n<li style=\"font-weight: 400;\" aria-level=\"1\"><span style=\"font-weight: 400;\">elu terviklikkust toetav missioon ja v\u00e4\u00e4rtused<\/span><\/li>\n<li style=\"font-weight: 400;\" aria-level=\"1\"><span style=\"font-weight: 400;\">kohalik ja globaalne tasakaal<\/span><\/li>\n<\/ul>\n<p><span style=\"font-weight: 400;\">K\u00f5ik need omadused teevad Belongi platvormist s\u00fcgavalt fokusseeritud t\u00f6\u00f6riista vaimse heaolu valdkonnas.\u00a0<\/span><\/p>\n<p>Teised s\u00fcndmusteplatvormid v\u00f5tavad \u00fcldisema l\u00e4henemise, \u00fchendades mitmesugused valdkonnad \u00fchtsesse vaatesse, kus need sageli segunevad, mist\u00f5ttu on keeruline keskenduda konkreetsele teemale v\u00f5i valdkonnale.<\/p>\n<p>[\/et_pb_text][et_pb_text _builder_version=&#8221;4.27.4&#8243; _module_preset=&#8221;a71a5122-3537-4d1b-aa15-649fe0057a23&#8243; locked=&#8221;off&#8221; global_colors_info=&#8221;{}&#8221;]<\/p>\n<h3>1. Sektori\u0173 specializacija<\/h3>\n<ul>\n<li style=\"font-weight: 400;\" aria-level=\"1\"><b>Belong Events:<\/b><span style=\"font-weight: 400;\">  D\u0117mesys sutelkiamas \u012f \u012fvairias psichin\u0117s gerov\u0117s ir saviugdos sritis, suteikiant i\u0161sami\u0105 ir tiksling\u0105 ap\u017evalg\u0105. \u0160i platforma idealiai tinka saviugdos ir psichikos sveikatos rengini\u0173 organizatoriams ir dalyviams. <\/span><\/li>\n<li style=\"font-weight: 400;\" aria-level=\"1\"><b>Kitos rengini\u0173 platformos <\/b>(pvz., <a href=\"https:\/\/www.eventbrite.com\/\" target=\"_blank\" rel=\"noopener\">&#8222;Eventbrite&#8221;<\/a>, &#8221; <a href=\"https:\/\/www.meetup.com\/\" target=\"_blank\" rel=\"noopener\">Meetup&#8221;<\/a>)<b>:<\/b><span style=\"font-weight: 400;\">  Bendro pob\u016bd\u017eio platformos, apiman\u010dios \u012fvairias kategorijas, pavyzd\u017eiui, verslo renginius, technologijas, muzik\u0105 ir laisvalaik\u012f. Da\u017enai tr\u016bksta gilumo ir specializacijos ni\u0161in\u0117se srityse. <\/span><\/li>\n<\/ul>\n<p>[\/et_pb_text][\/et_pb_column][\/et_pb_row][et_pb_row _builder_version=&#8221;4.27.4&#8243; _module_preset=&#8221;default&#8221; global_colors_info=&#8221;{}&#8221;][et_pb_column type=&#8221;4_4&#8243; _builder_version=&#8221;4.27.4&#8243; _module_preset=&#8221;default&#8221; global_colors_info=&#8221;{}&#8221;][et_pb_text _builder_version=&#8221;4.27.4&#8243; _module_preset=&#8221;f117a852-9ed3-4e7e-bbbb-0293ae077f1c&#8221; text_font=&#8221;&#8211;et_global_body_font|500|||||||&#8221; text_line_height=&#8221;1.9em&#8221; header_2_font_size=&#8221;26px&#8221; locked=&#8221;off&#8221; global_colors_info=&#8221;{%22gcid-primary-color%22:%91%22header_2_text_color%22%93}&#8221;]<\/p>\n<h3 style=\"text-align: center;\">Esame paramos platforma kiekvienam sektoriui<\/h3>\n<p>[\/et_pb_text][\/et_pb_column][\/et_pb_row][et_pb_row column_structure=&#8221;1_4,1_4,1_4,1_4&#8243; use_custom_gutter=&#8221;on&#8221; gutter_width=&#8221;2&#8243; _builder_version=&#8221;4.27.4&#8243; _module_preset=&#8221;default&#8221; module_alignment=&#8221;center&#8221; global_module=&#8221;1525&#8243; global_colors_info=&#8221;{}&#8221;][et_pb_column type=&#8221;1_4&#8243; _builder_version=&#8221;4.27.4&#8243; _module_preset=&#8221;default&#8221; global_colors_info=&#8221;{}&#8221;][et_pb_image src=&#8221;https:\/\/belong.ee\/wp-content\/uploads\/2024\/08\/konstellatsiooni-valdkond-avatud.jpg&#8221; title_text=&#8221;atviro lauko \u017evaig\u017edynas&#8221; align=&#8221;center&#8221; _builder_version=&#8221;4.27.4&#8243; _module_preset=&#8221;default&#8221; global_colors_info=&#8221;{}&#8221;][\/et_pb_image][et_pb_text _builder_version=&#8221;4.27.0&#8243; _module_preset=&#8221;default&#8221; header_3_font=&#8221;&#8211;et_global_heading_font|700|||||||&#8221; header_3_text_align=&#8221;center&#8221; global_colors_info=&#8221;{}&#8221;]<\/p>\n<h3>\u017dvaig\u017edynas<\/h3>\n<p>[\/et_pb_text][\/et_pb_column][et_pb_column type=&#8221;1_4&#8243; _builder_version=&#8221;4.16&#8243; _module_preset=&#8221;default&#8221; global_colors_info=&#8221;{}&#8221;][et_pb_image src=&#8221;https:\/\/belong.ee\/wp-content\/uploads\/2024\/08\/psuhholoogia-valdkond.jpg&#8221; title_text=&#8221;psichologijos sritis&#8221; align=&#8221;center&#8221; _builder_version=&#8221;4.27.4&#8243; _module_preset=&#8221;default&#8221; global_colors_info=&#8221;{}&#8221;][\/et_pb_image][et_pb_text _builder_version=&#8221;4.27.4&#8243; _module_preset=&#8221;default&#8221; header_3_font=&#8221;&#8211;et_global_heading_font|700|||||||&#8221; header_3_text_align=&#8221;center&#8221; global_colors_info=&#8221;{}&#8221;]<\/p>\n<h3>Terapija<\/h3>\n<p>[\/et_pb_text][\/et_pb_column][et_pb_column type=&#8221;1_4&#8243; _builder_version=&#8221;4.16&#8243; _module_preset=&#8221;default&#8221; global_colors_info=&#8221;{}&#8221;][et_pb_image src=&#8221;https:\/\/belong.ee\/wp-content\/uploads\/2024\/08\/teraapia-valdkond-tulekul.jpg&#8221; title_text=&#8221;b\u016bsima terapijos sritis&#8221; align=&#8221;center&#8221; _builder_version=&#8221;4.27.4&#8243; _module_preset=&#8221;default&#8221; global_colors_info=&#8221;{}&#8221;][\/et_pb_image][et_pb_text _builder_version=&#8221;4.27.4&#8243; _module_preset=&#8221;default&#8221; header_3_font=&#8221;&#8211;et_global_heading_font|700|||||||&#8221; header_3_text_align=&#8221;center&#8221; global_colors_info=&#8221;{}&#8221;]<\/p>\n<h3>Psichologija<\/h3>\n<p>[\/et_pb_text][\/et_pb_column][et_pb_column type=&#8221;1_4&#8243; _builder_version=&#8221;4.16&#8243; _module_preset=&#8221;default&#8221; global_colors_info=&#8221;{}&#8221;][et_pb_image src=&#8221;https:\/\/belong.ee\/wp-content\/uploads\/2024\/08\/coaching-valdkond-tulekul.jpg&#8221; title_text=&#8221;netrukus atsiras treneri\u0173 zona&#8221; align=&#8221;center&#8221; _builder_version=&#8221;4.27.4&#8243; _module_preset=&#8221;default&#8221; global_colors_info=&#8221;{}&#8221;][\/et_pb_image][et_pb_text _builder_version=&#8221;4.27.0&#8243; _module_preset=&#8221;default&#8221; header_3_font=&#8221;&#8211;et_global_heading_font|700|||||||&#8221; header_3_text_align=&#8221;center&#8221; global_colors_info=&#8221;{}&#8221;]<\/p>\n<h3>Treniravimas<\/h3>\n<p>[\/et_pb_text][\/et_pb_column][\/et_pb_row][et_pb_row _builder_version=&#8221;4.27.0&#8243; _module_preset=&#8221;default&#8221; global_colors_info=&#8221;{}&#8221;][et_pb_column type=&#8221;4_4&#8243; _builder_version=&#8221;4.16&#8243; _module_preset=&#8221;default&#8221; global_colors_info=&#8221;{}&#8221;][et_pb_text _builder_version=&#8221;4.27.4&#8243; _module_preset=&#8221;a71a5122-3537-4d1b-aa15-649fe0057a23&#8243; locked=&#8221;off&#8221; global_colors_info=&#8221;{}&#8221;]<\/p>\n<p><span style=\"color: #333333; font-family: var(--et_global_heading_font),serif; font-size: 22px; font-weight: 600;\">2. Naujovi\u0161ka &#8222;laiko ir erdv\u0117s&#8221; funkcija<\/span><\/p>\n<ul>\n<li style=\"font-weight: 400;\" aria-level=\"1\"><b>Belong Events:<\/b><span style=\"font-weight: 400;\">  Platformoje yra unikali &#8222;laiko ir erdv\u0117s nar\u0161ykl\u0117&#8221;, leid\u017eianti naudotojui vienu metu nustatyti laikotarp\u012f ir geografin\u0119 teritorij\u0105. \u0160is intuityvus \u012frankis paie\u0161k\u0105 padaro vizuali\u0105 ir paprast\u0105 naudoti, tod\u0117l galima tiksliai matyti naudotojo poreikius atitinkan\u010dius \u012fvykius. <\/span><\/li>\n<li style=\"font-weight: 400;\" aria-level=\"1\"><b>Kitos platformos:<\/b><span style=\"font-weight: 400;\"> N\u0117ra grafinio ir intuityvaus paie\u0161kos sprendimo, kaip &#8222;Belong Events&#8221;.<\/span><\/li>\n<\/ul>\n<h3>3. Integruota ekosistema<\/h3>\n<ul>\n<li style=\"font-weight: 400;\" aria-level=\"1\"><b>Belong Events:<\/b><span style=\"font-weight: 400;\">  Platformoje sukuriami ry\u0161iai tarp rengini\u0173, paslaug\u0173, veik\u0117j\u0173 ir viet\u0173. Pavyzd\u017eiui, renginio puslapyje galite tiesiogiai per\u017ei\u016br\u0117ti organizatoriaus profil\u012f, kitus jo renginius ir si\u016blomas paslaugas. Toks po\u017ei\u016bris supaprastina naudotojo patirt\u012f ir sukuria holistin\u012f vietov\u0117s vaizd\u0105.  <\/span><\/li>\n<li style=\"font-weight: 400;\" aria-level=\"1\"><b>Kitos platformos:<\/b><span style=\"font-weight: 400;\"> Kitos platformos: daugiausia d\u0117mesio skiria rengini\u0173 rodymui, ta\u010diau da\u017enai sistemingai nesusieja \u012fvairi\u0173 duomen\u0173, pvz., organizatoriaus duomen\u0173 ar informacijos, susijusios su kitais pasi\u016blymais.<\/span><\/li>\n<\/ul>\n<h3>4. Bendruomen\u0117s k\u016brimas ir specialist\u0173 r\u0117mimas<\/h3>\n<ul>\n<li style=\"font-weight: 400;\" aria-level=\"1\"><b>Belong Events:<\/b><span style=\"font-weight: 400;\">  Aktyviai bendradarbiaujame su \u0161ios srities profesin\u0117mis asociacijomis, kad pad\u0117tume specialistams, suteikdami jiems priemones, padedan\u010dias didinti j\u0173 praktikos matomum\u0105 ir pasiekiamum\u0105. Platforma padeda rasti klient\u0173, partneri\u0173 ir mokymo galimybi\u0173.   <\/span><\/li>\n<li style=\"font-weight: 400;\" aria-level=\"1\"><b>Kitos platformos:<\/b><span style=\"font-weight: 400;\"> Nors tokios platformos, kaip &#8222;Meetup&#8221;, skatina bendruomen\u0117s k\u016brim\u0105si, jose tr\u016bksta d\u0117mesio profesional\u0173 r\u0117mimui ir konkretaus sektoriaus poreiki\u0173 tenkinimui.<\/span><span><\/span><\/li>\n<\/ul>\n<p>[\/et_pb_text][\/et_pb_column][\/et_pb_row][et_pb_row column_structure=&#8221;1_2,1_2&#8243; _builder_version=&#8221;4.27.4&#8243; _module_preset=&#8221;default&#8221; background_color=&#8221;#d7eec5&#8243; custom_margin=&#8221;||||false|false&#8221; custom_padding=&#8221;|15px||15px|false|true&#8221; border_radii=&#8221;off|||10px|10px&#8221; global_colors_info=&#8221;{}&#8221;][et_pb_column type=&#8221;1_2&#8243; _builder_version=&#8221;4.27.4&#8243; _module_preset=&#8221;default&#8221; background_color=&#8221;RGBA(255,255,255,0)&#8221; custom_padding=&#8221;20px|20px|20px|20px|true|true&#8221; border_radii=&#8221;on|10px|10px|10px|10px&#8221; border_width_all=&#8221;1px&#8221; border_color_all=&#8221;gcid-secondary-color&#8221; global_colors_info=&#8221;{%22gcid-secondary-color%22:%91%22background_color%22,%22border_color_all%22%93}&#8221;][et_pb_text _builder_version=&#8221;4.27.4&#8243; _module_preset=&#8221;a71a5122-3537-4d1b-aa15-649fe0057a23&#8243; text_line_height=&#8221;1.9em&#8221; text_orientation=&#8221;center&#8221; locked=&#8221;off&#8221; global_colors_info=&#8221;{}&#8221;]<\/p>\n<p>Glaud\u017eiai bendradarbiaujame su sektori\u0173 profesin\u0117mis asociacijomis. M\u016bs\u0173 partneriai \u017evaig\u017edyn\u0173 srityje yra <\/p>\n<p><strong>Estijos profesionali\u0173 \u017evaig\u017edinink\u0173 asociacija (EPKA)<\/strong><\/p>\n<p>[\/et_pb_text][\/et_pb_column][et_pb_column type=&#8221;1_2&#8243; _builder_version=&#8221;4.27.4&#8243; _module_preset=&#8221;default&#8221; background_color=&#8221;RGBA(255,255,255,0)&#8221; custom_padding=&#8221;20px|20px|20px|20px|true|true&#8221; border_radii=&#8221;on|10px|10px|10px|10px&#8221; border_width_all=&#8221;1px&#8221; border_color_all=&#8221;gcid-secondary-color&#8221; global_colors_info=&#8221;{%22gcid-secondary-color%22:%91%22border_color_all%22%93}&#8221;][et_pb_image src=&#8221;https:\/\/belong.ee\/wp-content\/uploads\/2023\/08\/epka-logo.png&#8221; alt=&#8221;EPKA logotipas&#8221; title_text=&#8221;EPKA logotipas&#8221; url=&#8221;https:\/\/epkaest.com\/&#8221; url_new_window=&#8221;on&#8221; _builder_version=&#8221;4.27.0&#8243; _module_preset=&#8221;default&#8221; background_color=&#8221;#FFFFFF&#8221; global_colors_info=&#8221;{}&#8221;][\/et_pb_image][\/et_pb_column][\/et_pb_row][et_pb_row _builder_version=&#8221;4.27.4&#8243; _module_preset=&#8221;default&#8221; global_colors_info=&#8221;{}&#8221;][et_pb_column type=&#8221;4_4&#8243; _builder_version=&#8221;4.27.4&#8243; _module_preset=&#8221;default&#8221; global_colors_info=&#8221;{}&#8221;][et_pb_text _builder_version=&#8221;4.27.4&#8243; _module_preset=&#8221;a71a5122-3537-4d1b-aa15-649fe0057a23&#8243; locked=&#8221;off&#8221; global_colors_info=&#8221;{}&#8221;]<\/p>\n<h3>5. Misija ir vertyb\u0117s, palaikan\u010dios gyvenimo vientisum\u0105<\/h3>\n<ul>\n<li style=\"font-weight: 400;\" aria-level=\"1\"><b>Belong Events:<\/b><span style=\"font-weight: 400;\">  \u0160i platforma sukurta siekiant palaikyti gyvenimo vientisum\u0105 ir skatinti psichin\u0117s gerov\u0117s bendruomen\u0119. Siekiama spr\u0119sti konkre\u010dias sektoriaus problemas, tokias kaip matomumo ir bendradarbiavimo tr\u016bkumas. <\/span><\/li>\n<li style=\"font-weight: 400;\" aria-level=\"1\"><b>Kitos platformos:<\/b><span style=\"font-weight: 400;\"> Kitos platformos: paprastai orientuojasi \u012f rengini\u0173 organizavimo palengvinim\u0105 ir aptarnavim\u0105 \u012fvairi\u0173 naudotoj\u0173, netur\u0117damos ai\u0161kiai apibr\u0117\u017etos sektorin\u0117s misijos.<\/span><\/li>\n<\/ul>\n<h3>6. Vietin\u0117 ir visuotin\u0117 pusiausvyra<\/h3>\n<ul>\n<li style=\"font-weight: 400;\" aria-level=\"1\"><b>Belong Events:<\/b><span style=\"font-weight: 400;\">  Remia ir vietinius renginius, ir pasauliniu mastu susietas bendruomenes. Regioninis ir teminis gylis leid\u017eia geriau prisitaikyti prie kiekvieno regiono ir sektoriaus ypatum\u0173. <\/span><\/li>\n<li style=\"font-weight: 400;\" aria-level=\"1\"><b>Kitos platformos:<\/b><span> \u0160ios platformos yra pla\u010diai prieinamos visame pasaulyje, ta\u010diau da\u017enai pavir\u0161utini\u0161kai tenkina vietinius ir specifinius poreikius.<\/span><\/li>\n<\/ul>\n<p>[\/et_pb_text][\/et_pb_column][\/et_pb_row][et_pb_row module_id=&#8221;pohialused&#8221; _builder_version=&#8221;4.27.2&#8243; _module_preset=&#8221;default&#8221; global_colors_info=&#8221;{}&#8221;][et_pb_column type=&#8221;4_4&#8243; _builder_version=&#8221;4.27.2&#8243; _module_preset=&#8221;default&#8221; global_colors_info=&#8221;{}&#8221;][dsm_button button_one_text=&#8221;Atvira &quot;Belong&quot; platforma&#8221; button_one_url=&#8221;https:\/\/constellations.belong-events.com\/et&#8221; button_one_url_new_window=&#8221;on&#8221; button_alignment=&#8221;center&#8221; _builder_version=&#8221;4.27.4&#8243; _module_preset=&#8221;default&#8221; custom_button_one=&#8221;on&#8221; button_one_text_size=&#8221;16px&#8221; button_one_border_width=&#8221;1px&#8221; button_one_letter_spacing=&#8221;0px&#8221; button_one_font=&#8221;&#8211;et_global_body_font||||||||&#8221; button_one_custom_margin=&#8221;||||false|false&#8221; button_one_custom_padding=&#8221;10px|28px|10px|28px|true|true&#8221; global_colors_info=&#8221;{}&#8221;][\/dsm_button][\/et_pb_column][\/et_pb_row][\/et_pb_section][et_pb_section fb_built=&#8221;1&#8243; module_id=&#8221;susisiekite su&#8221; _builder_version=&#8221;4.27.0&#8243; _module_preset=&#8221;default&#8221; background_color=&#8221;#464444&#8243; custom_padding=&#8221;4px||2px|||&#8221; global_module=&#8221;740&#8243; saved_tabs=&#8221;all&#8221; global_colors_info=&#8221;{}&#8221;][et_pb_row column_structure=&#8221;1_3,1_3,1_3&#8243; _builder_version=&#8221;4.27.0&#8243; _module_preset=&#8221;default&#8221; global_colors_info=&#8221;{}&#8221;][et_pb_column type=&#8221;1_3&#8243; _builder_version=&#8221;4.27.0&#8243; _module_preset=&#8221;default&#8221; global_colors_info=&#8221;{}&#8221;][et_pb_image src=&#8221;https:\/\/belong.ee\/wp-content\/uploads\/2024\/08\/Belong-circle-no-text-100.png&#8221; title_text=&#8221;Belong-circle-no-text-100&#8243; align=&#8221;center&#8221; src_tablet=&#8221;&#8221; src_phone=&#8221;&#8221; src_last_edited=&#8221;on|desktop&#8221; _builder_version=&#8221;4.27.0&#8243; _module_preset=&#8221;default&#8221; custom_margin=&#8221;||||false|false&#8221; global_colors_info=&#8221;{}&#8221;][\/et_pb_image][\/et_pb_column][et_pb_column type=&#8221;1_3&#8243; _builder_version=&#8221;4.27.0&#8243; _module_preset=&#8221;default&#8221; global_colors_info=&#8221;{}&#8221;][et_pb_text _builder_version=&#8221;4.27.0&#8243; _module_preset=&#8221;default&#8221; header_3_line_height=&#8221;2em&#8221; custom_padding=&#8221;0px|20px|0px|20px|true|true&#8221; global_colors_info=&#8221;{}&#8221;]<\/p>\n<p><a href=\"mailto:info@belong-events.com\">info@belong-events.com<\/a><\/p>\n<p>Tel.: +372 <span>56 933 900<\/span><\/p>\n<p>Belong O\u00dc, reg. Nr. 17031513<\/p>\n<p>[\/et_pb_text][\/et_pb_column][et_pb_column type=&#8221;1_3&#8243; _builder_version=&#8221;4.27.0&#8243; _module_preset=&#8221;default&#8221; global_colors_info=&#8221;{}&#8221;][et_pb_social_media_follow _builder_version=&#8221;4.27.0&#8243; _module_preset=&#8221;default&#8221; text_orientation=&#8221;center&#8221; custom_margin=&#8221;5%||||false|false&#8221; global_colors_info=&#8221;{}&#8221;][et_pb_social_media_follow_network social_network=&#8221;facebook&#8221; url=&#8221;https:\/\/www.facebook.com\/BelongPlatform&#8221; _builder_version=&#8221;4.27.0&#8243; _module_preset=&#8221;default&#8221; background_color=&#8221;#464444&#8243; background_enable_color=&#8221;on&#8221; global_colors_info=&#8221;{}&#8221; follow_button=&#8221;off&#8221; url_new_window=&#8221;on&#8221;]facebook[\/et_pb_social_media_follow_network][\/et_pb_social_media_follow][\/et_pb_column][\/et_pb_row][\/et_pb_section]<\/p>\n","protected":false},"excerpt":{"rendered":"<p>Kuo &#8222;Belong&#8221; skiriasi?Belongi platvorm erineb teistest s\u00fcndmuseid n\u00e4itavatest platvormidest mitmes olulises aspektis nagu\u00a0 valdkondlik spetsialiseerumine\u00a0 innovaatiline \u201caeg-ruumi\u201d l\u00e4henemine integreeritud \u00f6kos\u00fcsteem kogukonna loomine ja professionaalide toetamine elu terviklikkust toetav missioon ja v\u00e4\u00e4rtused kohalik ja globaalne tasakaal K\u00f5ik need omadused teevad Belongi platvormist s\u00fcgavalt fokusseeritud t\u00f6\u00f6riista vaimse heaolu valdkonnas.\u00a0 Teised s\u00fcndmusteplatvormid v\u00f5tavad \u00fcldisema l\u00e4henemise, \u00fchendades mitmesugused valdkonnad [&hellip;]<\/p>\n","protected":false},"author":4,"featured_media":27563,"parent":0,"menu_order":0,"comment_status":"closed","ping_status":"closed","template":"","meta":{"_et_pb_use_builder":"on","_et_pb_old_content":"","_et_gb_content_width":"","footnotes":""},"class_list":["post-27760","page","type-page","status-publish","has-post-thumbnail","hentry"],"_links":{"self":[{"href":"https:\/\/belong.ee\/lt\/wp-json\/wp\/v2\/pages\/27760","targetHints":{"allow":["GET"]}}],"collection":[{"href":"https:\/\/belong.ee\/lt\/wp-json\/wp\/v2\/pages"}],"about":[{"href":"https:\/\/belong.ee\/lt\/wp-json\/wp\/v2\/types\/page"}],"author":[{"embeddable":true,"href":"https:\/\/belong.ee\/lt\/wp-json\/wp\/v2\/users\/4"}],"replies":[{"embeddable":true,"href":"https:\/\/belong.ee\/lt\/wp-json\/wp\/v2\/comments?post=27760"}],"version-history":[{"count":12,"href":"https:\/\/belong.ee\/lt\/wp-json\/wp\/v2\/pages\/27760\/revisions"}],"predecessor-version":[{"id":28529,"href":"https:\/\/belong.ee\/lt\/wp-json\/wp\/v2\/pages\/27760\/revisions\/28529"}],"wp:featuredmedia":[{"embeddable":true,"href":"https:\/\/belong.ee\/lt\/wp-json\/wp\/v2\/media\/27563"}],"wp:attachment":[{"href":"https:\/\/belong.ee\/lt\/wp-json\/wp\/v2\/media?parent=27760"}],"curies":[{"name":"wp","href":"https:\/\/api.w.org\/{rel}","templated":true}]}}