{"id":27766,"date":"2024-08-13T12:18:18","date_gmt":"2024-08-13T10:18:18","guid":{"rendered":"https:\/\/belong-events.com\/musu-istorija\/"},"modified":"2025-12-16T10:18:56","modified_gmt":"2025-12-16T08:18:56","slug":"musu-istorija","status":"publish","type":"page","link":"https:\/\/belong.ee\/lt\/musu-istorija\/","title":{"rendered":"M\u016bs\u0173 istorija"},"content":{"rendered":"<p>[et_pb_section fb_built=&#8221;1&#8243; _builder_version=&#8221;4.27.0&#8243; _module_preset=&#8221;default&#8221; global_colors_info=&#8221;{}&#8221;][et_pb_row _builder_version=&#8221;4.27.0&#8243; _module_preset=&#8221;default&#8221; global_colors_info=&#8221;{}&#8221;][et_pb_column type=&#8221;4_4&#8243; _builder_version=&#8221;4.27.0&#8243; _module_preset=&#8221;default&#8221; global_colors_info=&#8221;{}&#8221;][et_pb_text _builder_version=&#8221;4.27.0&#8243; _module_preset=&#8221;b5629d61-8761-48a4-843a-08bad35c28b0&#8243; locked=&#8221;off&#8221; global_colors_info=&#8221;{}&#8221;]<\/p>\n<h1 style=\"text-align: center;\">Misija<\/h1>\n<p>[\/et_pb_text][et_pb_text _builder_version=&#8221;4.27.0&#8243; _module_preset=&#8221;b5629d61-8761-48a4-843a-08bad35c28b0&#8243; text_orientation=&#8221;center&#8221; locked=&#8221;off&#8221; global_colors_info=&#8221;{}&#8221;]<\/p>\n<h2>Gyvenimo vientisumo labui<\/h2>\n<h2><\/h2>\n<p>[\/et_pb_text][et_pb_text _builder_version=&#8221;4.27.0&#8243; _module_preset=&#8221;a71a5122-3537-4d1b-aa15-649fe0057a23&#8243; text_font_size_tablet=&#8221;&#8221; text_font_size_phone=&#8221;&#8221; text_font_size_last_edited=&#8221;on|desktop&#8221; locked=&#8221;off&#8221; global_colors_info=&#8221;{}&#8221;]<\/p>\n<p style=\"text-align: left;\">M\u016bs\u0173 misija &#8211; prisid\u0117ti prie vertybi\u0173, kurios palaiko gyvenimo vientisum\u0105, puosel\u0117jimo.<\/p>\n<p>Mums tai rei\u0161kia vientisum\u0105 trijuose kontekstuose: asmeniniame, visuomeniniame ir (arba) socialiniame bei ekosisteminiame.<\/p>\n<p>&nbsp;<\/p>\n<ul>\n<li data-list=\"bullet\">Asmeniniu lygmeniu siekiame pilnatv\u0117s, nes gydome savo skausmo vietas ir labiau bendraujame su savimi.<\/li>\n<li data-list=\"bullet\">Visuomen\u0117s ir (arba) socialinis aspektas gydo per asmenin\u012f gydym\u0105 ir kei\u010diant visuomen\u0117s \u012fsitikinimus.<\/li>\n<li data-list=\"bullet\">Ekosistemos vientisumas priklauso nuo to, kaip mes suvokiame save kaip jos dal\u012f.<\/li>\n<\/ul>\n<p>[\/et_pb_text][\/et_pb_column][\/et_pb_row][et_pb_row _builder_version=&#8221;4.21.0&#8243; _module_preset=&#8221;default&#8221; global_colors_info=&#8221;{}&#8221;][et_pb_column type=&#8221;4_4&#8243; _builder_version=&#8221;4.21.0&#8243; _module_preset=&#8221;default&#8221; global_colors_info=&#8221;{}&#8221;][et_pb_text _builder_version=&#8221;4.27.0&#8243; _module_preset=&#8221;b5629d61-8761-48a4-843a-08bad35c28b0&#8243; locked=&#8221;off&#8221; global_colors_info=&#8221;{}&#8221;]<\/p>\n<h1 style=\"text-align: center;\">M\u016bs\u0173 istorija<\/h1>\n<p>[\/et_pb_text][et_pb_text _builder_version=&#8221;4.27.0&#8243; _module_preset=&#8221;a71a5122-3537-4d1b-aa15-649fe0057a23&#8243; text_line_height=&#8221;1.9em&#8221; locked=&#8221;off&#8221; global_colors_info=&#8221;{}&#8221;]<\/p>\n<p>Mat\u0117me, kad vienoje srityje klientai turi rasti vykdytojus, o vykdytojai &#8211; klientus. Tur\u0117dami ankstesn\u0117s patirties \u017einiatinklio dizaino ir rengini\u0173 platformos valdymo srityje, kaip sprendim\u0105 mat\u0117me konkre\u010diai sri\u010diai skirt\u0105 rengini\u0173 laiko ir erdv\u0117s per\u017ei\u016br\u0105. Supratome, kad tai yra universalus sprendimas, nepriklausomai nuo sektoriaus, geografijos ar kalbos.  <\/p>\n<p>Atsi\u017evelgdama \u012f tai, &#8222;Belong Events&#8221; siekia <strong>pateikti konkre\u010diam sektoriui skirt\u0105 geografin\u012f rengini\u0173 \u017eem\u0117lap\u012f, atspindint\u012f<\/strong> klientams, besimokantiesiems ir specialistams skirt\u0105 veikl\u0105. Be to, norime prisid\u0117ti prie vertybi\u0173, kurios palaiko gyvenimo visum\u0105, kad gyvenimas \u0161ioje planetoje b\u016bt\u0173 malonus mums visiems. <\/p>\n<p>Mus sieja bendras socialinis interesas kurti ir pl\u0117toti ma\u017eesnes ir didesnes bendruomen\u0117s grupes. Dirbame su \u017emon\u0117mis, kurie bendruomen\u0117s platform\u0105 laiko nauj\u0173 sprendim\u0173 ir geresni\u0173 veiksm\u0173 galimybe. <\/p>\n<p>[\/et_pb_text][\/et_pb_column][\/et_pb_row][et_pb_row column_structure=&#8221;1_2,1_2&#8243; use_custom_gutter=&#8221;on&#8221; gutter_width=&#8221;2&#8243; _builder_version=&#8221;4.27.2&#8243; _module_preset=&#8221;default&#8221; global_colors_info=&#8221;{}&#8221;][et_pb_column type=&#8221;1_2&#8243; _builder_version=&#8221;4.22.2&#8243; _module_preset=&#8221;default&#8221; global_colors_info=&#8221;{}&#8221;][et_pb_image src=&#8221;https:\/\/belong.ee\/wp-content\/uploads\/2024\/08\/Profile-Ragnar-Kurm.jpg&#8221; title_text=&#8221;Ragnar Kurm&#8221; _builder_version=&#8221;4.27.0&#8243; _module_preset=&#8221;default&#8221; global_colors_info=&#8221;{}&#8221;][\/et_pb_image][et_pb_text _builder_version=&#8221;4.27.0&#8243; _module_preset=&#8221;default&#8221; header_2_text_color=&#8221;#000000&#8243; header_2_font_size=&#8221;26px&#8221; custom_padding=&#8221;|||5%|false|false&#8221; global_colors_info=&#8221;{}&#8221;]<\/p>\n<h2>Ragnar Kurm<\/h2>\n<p>[\/et_pb_text][et_pb_text _builder_version=&#8221;4.27.0&#8243; _module_preset=&#8221;default&#8221; text_text_color=&#8221;#000000&#8243; custom_margin=&#8221;||0px||false|false&#8221; custom_padding=&#8221;|||5%|false|false&#8221; global_colors_info=&#8221;{%22gcid-4721c02e-63da-4985-9f86-80b98bb29c52%22:%91%93}&#8221;]<\/p>\n<p>Turiu entuziazmo organizuoti renginius, plat\u0173 IT \u017eini\u0173 baga\u017e\u0105 ir nor\u0105 padaryti gyvenim\u0105 gerinan\u010dias vertybes prieinamesnes. Tai buvo \u012fkv\u0117pimas ir pagrindinis akstinas sukurti &#8222;Belong Events&#8221; platform\u0105. <\/p>\n<p>[\/et_pb_text][\/et_pb_column][et_pb_column type=&#8221;1_2&#8243; _builder_version=&#8221;4.16&#8243; _module_preset=&#8221;default&#8221; global_colors_info=&#8221;{}&#8221;][et_pb_image src=&#8221;https:\/\/belong.ee\/wp-content\/uploads\/2024\/08\/Profile-Merle-Randlepp.jpg&#8221; title_text=&#8221;Merle Randlepp&#8221; _builder_version=&#8221;4.27.0&#8243; _module_preset=&#8221;default&#8221; global_colors_info=&#8221;{}&#8221;][\/et_pb_image][et_pb_text _builder_version=&#8221;4.27.0&#8243; _module_preset=&#8221;default&#8221; header_2_text_color=&#8221;#000000&#8243; header_2_font_size=&#8221;26px&#8221; custom_padding=&#8221;|||5%|false|false&#8221; global_colors_info=&#8221;{}&#8221;]<\/p>\n<h2>Merle Randlepp<\/h2>\n<p>[\/et_pb_text][et_pb_text _builder_version=&#8221;4.27.0&#8243; _module_preset=&#8221;default&#8221; text_text_color=&#8221;#000000&#8243; custom_margin=&#8221;||0px||false|false&#8221; custom_padding=&#8221;|||5%|false|false&#8221; global_colors_info=&#8221;{%22gcid-4721c02e-63da-4985-9f86-80b98bb29c52%22:%91%93}&#8221;]<\/p>\n<p>Vis\u0105 gyvenim\u0105 dirbau technologij\u0173 sektoriuje ir mane visada \u017eav\u0117jo \u017emogaus ir ma\u0161inos santykis tiek dabartyje, tiek ateityje.<\/p>\n<p>Noriu, kad technologijos kuo geriau tarnaut\u0173 \u017emon\u0117ms ir pad\u0117t\u0173 mums tapti sveikesne ir stipresne visuomene visoje planetoje.<\/p>\n<p>[\/et_pb_text][\/et_pb_column][\/et_pb_row][\/et_pb_section][et_pb_section fb_built=&#8221;1&#8243; admin_label=&#8221;Section&#8221; module_id=&#8221;susisiekite su&#8221; _builder_version=&#8221;4.27.4&#8243; _module_preset=&#8221;default&#8221; background_color=&#8221;#464444&#8243; custom_padding=&#8221;4px||2px|||&#8221; hover_enabled=&#8221;0&#8243; global_module=&#8221;740&#8243; saved_tabs=&#8221;all&#8221; global_colors_info=&#8221;{}&#8221; sticky_enabled=&#8221;0&#8243;][et_pb_row column_structure=&#8221;1_4,1_4,1_2&#8243; admin_label=&#8221;Eilut\u0117&#8221; _builder_version=&#8221;4.27.4&#8243; _module_preset=&#8221;default&#8221; width=&#8221;auto&#8221; width_tablet=&#8221;&#8221; width_phone=&#8221;&#8221; width_last_edited=&#8221;on|desktop&#8221; hover_enabled=&#8221;0&#8243; global_colors_info=&#8221;{}&#8221; sticky_enabled=&#8221;0&#8243; custom_margin=&#8221;||||false|true&#8221; custom_padding=&#8221;||||false|true&#8221;][et_pb_column type=&#8221;1_4&#8243; _builder_version=&#8221;4.27.4&#8243; _module_preset=&#8221;default&#8221; global_colors_info=&#8221;{}&#8221;][et_pb_image src=&#8221;https:\/\/belong.ee\/wp-content\/uploads\/2024\/08\/Belong-circle-no-text-100.png&#8221; title_text=&#8221;Belong-circle-no-text-100&#8243; align=&#8221;center&#8221; src_tablet=&#8221;https:\/\/belong.ee\/wp-content\/uploads\/2024\/08\/Belong-circle-no-text-100.png&#8221; src_phone=&#8221;https:\/\/belong.ee\/wp-content\/uploads\/2024\/08\/Belong-circle-no-text-100.png&#8221; src_last_edited=&#8221;on|tablet&#8221; _builder_version=&#8221;4.27.4&#8243; _module_preset=&#8221;default&#8221; custom_margin=&#8221;||||false|false&#8221; global_colors_info=&#8221;{}&#8221;][\/et_pb_image][\/et_pb_column][et_pb_column type=&#8221;1_4&#8243; _builder_version=&#8221;4.27.0&#8243; _module_preset=&#8221;default&#8221; global_colors_info=&#8221;{}&#8221;][et_pb_text _builder_version=&#8221;4.27.4&#8243; _module_preset=&#8221;default&#8221; text_text_color=&#8221;gcid-primary-color&#8221; text_font_size=&#8221;15px&#8221; header_3_line_height=&#8221;2em&#8221; text_orientation=&#8221;center&#8221; custom_padding=&#8221;0px|20px|0px|20px|true|true&#8221; text_font_size_tablet=&#8221;&#8221; text_font_size_phone=&#8221;&#8221; text_font_size_last_edited=&#8221;on|desktop&#8221; global_colors_info=&#8221;{%22gcid-primary-color%22:%91%22header_2_text_color%22,%22text_text_color%22%93}&#8221;]<\/p>\n<p><a href=\"mailto:info@belong-events.com\">info@belong-events.com<\/a><\/p>\n<p>+372 <span>56 933 900<br \/><\/span>Belong O\u00dc<\/p>\n<p>[\/et_pb_text][\/et_pb_column][et_pb_column type=&#8221;1_2&#8243; admin_label=&#8221;Stulpelis&#8221; _builder_version=&#8221;4.27.0&#8243; _module_preset=&#8221;default&#8221; global_colors_info=&#8221;{}&#8221;][et_pb_text _builder_version=&#8221;4.27.4&#8243; _module_preset=&#8221;default&#8221; text_text_color=&#8221;gcid-primary-color&#8221; text_font_size=&#8221;16px&#8221; header_3_line_height=&#8221;2em&#8221; custom_padding=&#8221;0px|20px|0px|20px|true|true&#8221; text_font_size_tablet=&#8221;18px&#8221; global_colors_info=&#8221;{%22gcid-primary-color%22:%91%22header_2_text_color%22,%22text_text_color%22%93}&#8221;]<\/p>\n<p>M\u016aS\u0172 MISIJA<br \/>Remiame psichikos sveikatos ir saviugdos sritis, suburdami specialistus ir j\u0173 klientus \u012f \u012fkvepian\u010di\u0105 bendruomen\u0119.<\/p>\n<p>[\/et_pb_text][\/et_pb_column][\/et_pb_row][\/et_pb_section]<\/p>\n","protected":false},"excerpt":{"rendered":"<p>MisijaGyvenimo vientisumo labui M\u016bs\u0173 misija &#8211; prisid\u0117ti prie vertybi\u0173, kurios palaiko gyvenimo vientisum\u0105, puosel\u0117jimo. Mums tai rei\u0161kia vientisum\u0105 trijuose kontekstuose: asmeniniame, visuomeniniame ir (arba) socialiniame bei ekosisteminiame. &nbsp; Asmeniniu lygmeniu siekiame pilnatv\u0117s, nes gydome savo skausmo vietas ir labiau bendraujame su savimi. Visuomen\u0117s ir (arba) socialinis aspektas gydo per asmenin\u012f gydym\u0105 ir kei\u010diant visuomen\u0117s \u012fsitikinimus. [&hellip;]<\/p>\n","protected":false},"author":4,"featured_media":0,"parent":0,"menu_order":0,"comment_status":"closed","ping_status":"closed","template":"","meta":{"_et_pb_use_builder":"on","_et_pb_old_content":"","_et_gb_content_width":"","footnotes":""},"class_list":["post-27766","page","type-page","status-publish","hentry"],"_links":{"self":[{"href":"https:\/\/belong.ee\/lt\/wp-json\/wp\/v2\/pages\/27766","targetHints":{"allow":["GET"]}}],"collection":[{"href":"https:\/\/belong.ee\/lt\/wp-json\/wp\/v2\/pages"}],"about":[{"href":"https:\/\/belong.ee\/lt\/wp-json\/wp\/v2\/types\/page"}],"author":[{"embeddable":true,"href":"https:\/\/belong.ee\/lt\/wp-json\/wp\/v2\/users\/4"}],"replies":[{"embeddable":true,"href":"https:\/\/belong.ee\/lt\/wp-json\/wp\/v2\/comments?post=27766"}],"version-history":[{"count":3,"href":"https:\/\/belong.ee\/lt\/wp-json\/wp\/v2\/pages\/27766\/revisions"}],"predecessor-version":[{"id":28530,"href":"https:\/\/belong.ee\/lt\/wp-json\/wp\/v2\/pages\/27766\/revisions\/28530"}],"wp:attachment":[{"href":"https:\/\/belong.ee\/lt\/wp-json\/wp\/v2\/media?parent=27766"}],"curies":[{"name":"wp","href":"https:\/\/api.w.org\/{rel}","templated":true}]}}