{"id":27566,"date":"2023-01-24T14:15:06","date_gmt":"2023-01-24T12:15:06","guid":{"rendered":"https:\/\/belong-events.com\/belong-pazinojums-par-konfidencialitati\/"},"modified":"2025-12-16T10:19:52","modified_gmt":"2025-12-16T08:19:52","slug":"belong-pazinojums-par-konfidencialitati","status":"publish","type":"page","link":"https:\/\/belong.ee\/lv\/belong-pazinojums-par-konfidencialitati\/","title":{"rendered":"Belong pazi\u0146ojums par konfidencialit\u0101ti"},"content":{"rendered":"<p>[et_pb_section fb_built=&#8221;1&#8243; _builder_version=&#8221;4.16&#8243; global_colors_info=&#8221;{}&#8221;][et_pb_row _builder_version=&#8221;4.16&#8243; background_size=&#8221;initial&#8221; background_position=&#8221;top_left&#8221; background_repeat=&#8221;repeat&#8221; global_colors_info=&#8221;{}&#8221;][et_pb_column type=&#8221;4_4&#8243; _builder_version=&#8221;4.16&#8243; custom_padding=&#8221;|||&#8221; global_colors_info=&#8221;{}&#8221; custom_padding__hover=&#8221;|||&#8221;][et_pb_text _builder_version=&#8221;4.27.4&#8243; _module_preset=&#8221;b5629d61-8761-48a4-843a-08bad35c28b0&#8243; locked=&#8221;off&#8221; global_colors_info=&#8221;{}&#8221;]<\/p>\n<h1 style=\"text-align: center;\">Pazi\u0146ojums par konfidencialit\u0101ti<\/h1>\n<p>[\/et_pb_text][et_pb_text _builder_version=&#8221;4.27.4&#8243; background_size=&#8221;initial&#8221; background_position=&#8221;top_left&#8221; background_repeat=&#8221;repeat&#8221; hover_enabled=&#8221;0&#8243; global_colors_info=&#8221;{}&#8221; sticky_enabled=&#8221;0&#8243;]<\/p>\n<p><!-- divi:paragraph -->Kad izmantojat Belong (saukts ar\u012b m\u0113s un mums) pakalpojumus, j\u016bs uzticat mums savus personas datus. M\u0113s nopietni uztveram j\u016bsu personas datu aizsardz\u012bbu un v\u0101cam tos no jums tikai t\u0101d\u0101 apjom\u0101, kas nepiecie\u0161ams m\u016bsu pakalpojumu izmanto\u0161anai. M\u0113s apstr\u0101d\u0101jam personas datus saska\u0146\u0101 ar ES Visp\u0101r\u012bgo datu aizsardz\u012bbas regulu (GDPR, ES 2016\/679), Igaunijas Datu aizsardz\u012bbas inspekcijas nor\u0101d\u012bjumiem un Igaunijas Republikas ties\u012bbu aktiem. Belong neapstr\u0101d\u0101 \u012bpa\u0161as personas datu kategorijas, k\u0101 noteikts VDAR.   <\/p>\n<p><!-- \/divi:paragraph --><\/p>\n<p><!-- divi:paragraph -->\u0160aj\u0101 pazi\u0146ojum\u0101 par konfidencialit\u0101ti m\u0113s izskaidrojam, k\u0101p\u0113c un k\u0101 m\u0113s v\u0101cam un apstr\u0101d\u0101jam personas datus.<\/p>\n<p><!-- \/divi:paragraph --><\/p>\n<p><!-- divi:paragraph --><strong>Datu p\u0101rzinis<\/strong><\/p>\n<p><!-- \/divi:paragraph --><\/p>\n<p><!-- divi:paragraph -->Belong O\u00dc<br \/>Re\u0123. Nr.: 17031513 <br \/><!-- divi:paragraph -->E-pasts: info@belong-events.com<\/p>\n<p><!-- \/divi:paragraph --><\/p>\n<p><!-- \/divi:paragraph --><\/p>\n<p><!-- \/divi:paragraph --><\/p>\n<p><!-- divi:heading --><\/p>\n<h2 class=\"wp-block-heading\">K\u0101dus personas datus m\u0113s v\u0101cam?<\/h2>\n<p><!-- \/divi:heading --><\/p>\n<p><!-- divi:paragraph -->Lai sniegtu jums savus pakalpojumus, m\u0113s v\u0101cam personas datus \u0161\u0101dos divos veidos:<\/p>\n<p><!-- \/divi:paragraph --><\/p>\n<p><!-- divi:paragraph --><strong>1 Dati, kurus j\u016bs pats mums sniedzat<\/strong><\/p>\n<p><!-- \/divi:paragraph --><\/p>\n<p><!-- divi:paragraph -->Kad izmantojat Belong pakalpojumu, j\u016bs sniedzat mums da\u017e\u0101da veida personisko inform\u0101ciju, piem\u0113ram, savu e-pasta adresi, t\u0101lru\u0146a numuru, kontaktpersonas v\u0101rdu, uz\u0146\u0113muma nosaukumu, nor\u0113\u0137inu inform\u0101ciju u. c.<\/p>\n<p><!-- \/divi:paragraph --><\/p>\n<p><!-- divi:paragraph --><strong>2 Dati, ko sa\u0146emam no jums, pamatojoties uz to, ka j\u016bs izmantojat m\u016bsu pakalpojumus<\/strong><\/p>\n<p><!-- \/divi:paragraph --><\/p>\n<p><!-- divi:paragraph -->Turkl\u0101t m\u0113s apkopojam inform\u0101ciju par to, kurus m\u016bsu pakalpojumus izmantojat un k\u0101 tos izmantojat, piem\u0113ram, kad apmekl\u0113jat m\u016bsu vietni, m\u0113s re\u0123istr\u0113jam inform\u0101ciju par to. M\u0113s apkopojam \u0161\u0101du inform\u0101ciju par to, k\u0101 j\u016bs izmantojat m\u016bsu pakalpojumus: <\/p>\n<p><!-- \/divi:paragraph --><\/p>\n<p><!-- divi:list --><\/p>\n<ul class=\"wp-block-list\">\n<ul class=\"wp-block-list\"><!-- divi:list-item --><\/ul>\n<\/ul>\n<ul>\n<li>T\u012bmek\u013ca vietnes apmekl\u0113juma adrese, IP adrese, laiks, p\u0101rl\u016bkprogrammas inform\u0101cija utt.<\/li>\n<li><!-- \/divi:list-item -->Piesl\u0113gt\u0101 lietot\u0101ja darb\u012bbas platform\u0101<!-- divi:list-item --><\/li>\n<\/ul>\n<p><!-- \/divi:list-item --><\/p>\n<p><!-- \/divi:list --><\/p>\n<p><!-- divi:heading --><\/p>\n<h2 class=\"wp-block-heading\">K\u0101p\u0113c m\u0113s v\u0101cam un apstr\u0101d\u0101jam personas datus?<\/h2>\n<p><!-- \/divi:heading --><\/p>\n<p><!-- divi:paragraph -->J\u016bsu personas datu apstr\u0101de ir nepiecie\u0161ama, lai izmantotu m\u016bsu pakalpojumus, jo bez j\u016bsu personas datiem nav iesp\u0113jams sniegt jums piepras\u012bto pakalpojumu un izpild\u012bt ar pakalpojumu saist\u012btos pien\u0101kumus. M\u0113s izmantojam sav\u0101ktos datus, lai sniegtu, p\u0101rvald\u012btu, uzlabotu un att\u012bst\u012btu jaunus pakalpojumus. <\/p>\n<p><!-- \/divi:paragraph --><\/p>\n<p><!-- divi:paragraph -->M\u0113s v\u0101cam un apstr\u0101d\u0101jam personas datus \u0161\u0101dos nol\u016bkos un uz \u0161\u0101diem juridiskajiem pamatiem:<\/p>\n<ul>\n<li>lai sniegtu pakalpojumus Belong, izpild\u012btu ar jums nosl\u0113gt\u0101 l\u012bguma saist\u012bbas;<\/li>\n<li>Lai nos\u016bt\u012btu jums Belong bi\u013cetenu, m\u0113s l\u016bdzam j\u016bsu piekri\u0161anu, kuru vienm\u0113r var atsaukt, izmantojot saiti &#8220;No\u0146emt mani no bi\u013cetena&#8221;, kas atrodas bi\u013cetena apak\u0161\u0101.<\/li>\n<\/ul>\n<p><!-- \/divi:paragraph --><\/p>\n<p><!-- divi:list --><\/p>\n<ul>\n<ul><!-- divi:list-item --><\/ul>\n<\/ul>\n<p><!-- \/divi:list-item --><\/p>\n<p><!-- divi:list-item --><\/p>\n<p><!-- \/divi:list-item --><\/p>\n<p><!-- \/divi:list --><\/p>\n<p><!-- divi:paragraph -->M\u0113s neizmantosim j\u016bsu personisko inform\u0101ciju citiem m\u0113r\u0137iem, iz\u0146emot tos, kas izkl\u0101st\u012bti \u0161aj\u0101 Pazi\u0146ojum\u0101 par konfidencialit\u0101ti.<\/p>\n<p><!-- \/divi:paragraph --><\/p>\n<p><!-- divi:heading --><\/p>\n<h2>Kam tiek p\u0101rs\u016bt\u012bti dati?<\/h2>\n<p><!-- \/divi:heading --><\/p>\n<p><!-- divi:paragraph -->Personas datus, kurus apstr\u0101d\u0101jam, uzskat\u012bsim par konfidenci\u0101liem un izpaud\u012bsim tos cit\u0101m person\u0101m vai uz\u0146\u0113mumiem (vai sa\u0146\u0113m\u0113jiem) tikai t\u0101d\u0101 apjom\u0101, kas nepiecie\u0161ams pakalpojuma snieg\u0161anai.<\/p>\n<p><!-- \/divi:paragraph --><\/p>\n<p><!-- divi:paragraph -->M\u0113s nedal\u0101mies ar personisko inform\u0101ciju ar uz\u0146\u0113mumiem, organiz\u0101cij\u0101m un priv\u0101tperson\u0101m \u0101rpus m\u016bsu uz\u0146\u0113muma, iz\u0146emot \u0161\u0101dus gad\u012bjumus:<\/p>\n<p><!-- \/divi:paragraph --><\/p>\n<p><!-- divi:list --><\/p>\n<ul>\n<ul><!-- divi:list-item --><\/ul>\n<li>Ja m\u0113s izmantojam \u0101r\u0113jo pakalpojumu sniedz\u0113jus, lai sniegtu mums noteiktus pakalpojumus, piem\u0113ram, izmitin\u0101\u0161anas pakalpojumu sniedz\u0113jus, klientu p\u0101rvald\u012bbas programmat\u016bras nodro\u0161in\u0101t\u0101jus, m\u0101rketinga pakalpojumu sniedz\u0113jus un IT atbalsta pakalpojumu sniedz\u0113jus, sniedzot \u0161\u0101dus pakalpojumus, \u0161iem \u0101r\u0113jo pakalpojumu sniedz\u0113jiem var b\u016bt piek\u013cuve j\u016bsu personas datiem un\/vai tie var tikt apstr\u0101d\u0101ti. M\u0113s piepras\u0101m, lai \u0161ie \u0101r\u0113jo pakalpojumu sniedz\u0113ji ievie\u0161 un uztur dro\u0161\u012bbas pas\u0101kumus, kas nodro\u0161ina j\u016bsu personas datu integrit\u0101ti un dro\u0161\u012bbu. <!-- \/divi:list-item --><!-- divi:list-item --><\/li>\n<li>Bez attiec\u012bg\u0101s personas piekri\u0161anas personas datus var nos\u016bt\u012bt iest\u0101dei vai personai, kurai ir tie\u0161as juridiskas ties\u012bbas to dar\u012bt saska\u0146\u0101 ar datu aizsardz\u012bbas ties\u012bbu aktiem.<\/li>\n<li>Uz\u0146\u0113muma Belong apvieno\u0161an\u0101s vai ieg\u0101des gad\u012bjum\u0101 personas dati var tikt nodoti tre\u0161aj\u0101m person\u0101m, kas saist\u012btas ar apvieno\u0161anos vai ieg\u0101di.<!-- divi:list-item --><!-- \/divi:list-item --><\/li>\n<\/ul>\n<p><!-- \/divi:list-item --><\/p>\n<p><!-- \/divi:list --><\/p>\n<p><!-- divi:heading --><\/p>\n<h2 class=\"wp-block-heading\">Personas datu nos\u016bt\u012b\u0161ana \u0101rpus Eiropas Savien\u012bbas un EEZ<\/h2>\n<p><!-- \/divi:heading --><\/p>\n<p><!-- divi:paragraph -->M\u0113s apstr\u0101d\u0101jam klientu datus Eiropas Savien\u012bb\u0101\/Eiropas Ekonomikas zon\u0101.<br \/>Ja Belong ir nepiecie\u0161ams apstr\u0101d\u0101t personas datus \u0101rpus Eiropas Savien\u012bbas\/Eiropas Ekonomikas zonas, m\u0113s to dar\u012bsim tikai tad, ja tam b\u016bs juridisks pamats, piem\u0113ram, lai izpild\u012btu juridisku pien\u0101kumu vai ar klienta piekri\u0161anu. M\u0113s ar\u012b \u012bstenosim atbilsto\u0161us dro\u0161\u012bbas pas\u0101kumus: <\/p>\n<p><!-- \/divi:paragraph --><\/p>\n<p><!-- divi:list --><\/p>\n<ul class=\"wp-block-list\">\n<ul class=\"wp-block-list\"><!-- divi:list-item --><\/ul>\n<\/ul>\n<ul>\n<li>ir standarta datu aizsardz\u012bbas l\u012bgums,<\/li>\n<li>sa\u0146\u0113m\u0113jam ir apstiprin\u0101ti prakses kodeksi, sertifik\u0101ti utt;<\/li>\n<li><!-- \/divi:list-item -->valst\u012b, kur\u0101 atrodas sa\u0146\u0113m\u0113js, ir pien\u0101c\u012bgs datu aizsardz\u012bbas l\u012bmenis saska\u0146\u0101 ar Eiropas Komisijas l\u0113mumu;<\/li>\n<li><!-- \/divi:list-item -->sa\u0146\u0113m\u0113js ir sertific\u0113ts saska\u0146\u0101 ar ASV un ES Priv\u0101tuma aizsardz\u012bbas sist\u0113mu.<!-- divi:list-item --><!-- divi:list-item --><!-- \/divi:list-item --><!-- divi:list-item --><\/li>\n<\/ul>\n<p><!-- \/divi:list-item --><\/p>\n<p><!-- \/divi:list --><\/p>\n<p><!-- divi:heading --><\/p>\n<h2 class=\"wp-block-heading\">Datu dro\u0161\u012bba<\/h2>\n<p><!-- \/divi:heading --><\/p>\n<p><!-- divi:paragraph -->M\u0113s izmantojam atbilsto\u0161us organizatoriskus un tehnolo\u0123iskus pas\u0101kumus, lai aizsarg\u0101tu j\u016bsu datus pret nesankcion\u0113tu piek\u013cuvi, izmai\u0146\u0101m, izpau\u0161anu vai p\u0101rk\u0101pumiem.<\/p>\n<p><!-- \/divi:paragraph --><\/p>\n<p><!-- divi:paragraph -->Lai nodro\u0161in\u0101tu datu dro\u0161\u012bbu:<\/p>\n<p><!-- \/divi:paragraph --><\/p>\n<p><!-- divi:list {\"ordered\":true} --><\/p>\n<ol>\n<ol><!-- divi:list-item --><\/ol>\n<\/ol>\n<ul>\n<li>M\u0113s uzskat\u0101m visus personas datus par konfidenci\u0101liem. M\u016bsu darbinieki ir parakst\u012bju\u0161i konfidencialit\u0101tes l\u012bgumu un sa\u0146\u0113mu\u0161i nepiecie\u0161amo apm\u0101c\u012bbu. <\/li>\n<li>Ja iesp\u0113jams, m\u0113s \u0161ifr\u0113jam pakalpojumus, izmantojot SSL vai citas metodes ar l\u012bdz\u012bgu dro\u0161\u012bbas l\u012bmeni.<\/li>\n<li>M\u0113s ierobe\u017eojam piek\u013cuvi personas datiem, pie\u0161\u0137irot piek\u013cuvi tikai tiem darbiniekiem un l\u012bgumdarbiniekiem, kuriem \u0161\u012b inform\u0101cija ir nepiecie\u0161ama, lai to apstr\u0101d\u0101tu, uz kuriem attiecas stingras l\u012bgum\u0101 noteikt\u0101s konfidencialit\u0101tes saist\u012bbas un kuriem var piem\u0113rot sankcijas vai izbeigt darba attiec\u012bbas, ja vi\u0146i neiev\u0113ro \u0161\u012bs saist\u012bbas.<\/li>\n<li>Lai nodro\u0161in\u0101tu \u0101tr\u0101ku un dro\u0161\u0101ku piek\u013cuves kontroli, personas datus glab\u0101jam nevis pap\u012bra form\u0101t\u0101, bet gan digit\u0101l\u0101 form\u0101t\u0101.<\/li>\n<li>Personas datu kr\u0101tuvi aizsarg\u0101 nepiecie\u0161amie IT tehniskie un organizatoriskie dro\u0161\u012bbas pas\u0101kumi. Ir ieviesti inform\u0101cijas dro\u0161\u012bbas standarti, un ar pakalpojumu sniedz\u0113jiem ir nosl\u0113gti atbilsto\u0161i l\u012bgumi. <!-- \/divi:list-item --><!-- divi:list-item --><\/li>\n<\/ul>\n<p><!-- \/divi:list-item --><\/p>\n<p><!-- \/divi:list --><\/p>\n<p><!-- divi:heading --><\/p>\n<h2 class=\"wp-block-heading\">K\u0101das ties\u012bbas jums ir un k\u0101 j\u016bs varat t\u0101s izmantot?  <\/h2>\n<p><!-- \/divi:heading --><\/p>\n<p><!-- divi:paragraph -->Saska\u0146\u0101 ar Visp\u0101r\u012bgo datu aizsardz\u012bbas regulu jums ir ties\u012bbas:<\/p>\n<ul>\n<li>piek\u013c\u016bt saviem personas datiem, t. i., jaut\u0101t mums, k\u0101dus datus par jums apstr\u0101d\u0101jam, un sa\u0146emt \u0161o datu izrakstu;<\/li>\n<li>uzlabot datus;<\/li>\n<li>piepras\u012bt savu datu dz\u0113\u0161anu. Ja m\u0113s apstr\u0101d\u0101jam j\u016bsu datus, lai izpild\u012btu juridisku pien\u0101kumu, m\u0113s nevar\u0113sim tos dz\u0113st pirms likum\u0101 noteikt\u0101 termi\u0146a; <\/li>\n<li>piepras\u012bt ierobe\u017eot j\u016bsu personas datu apstr\u0101di;<\/li>\n<li>piepras\u012bt savu personas datu p\u0101rs\u016bt\u012b\u0161anu citam p\u0101rzinim, ja tas ir tehnolo\u0123iski iesp\u0113jams;<\/li>\n<li>vienm\u0113r atsaukt piekri\u0161anu personas datu apstr\u0101dei. Lai atsauktu savu piekri\u0161anu, izmantojiet <em>atsauk\u0161anas<\/em> saiti vai rakstiet mums uz e-pasta adresi, kas nor\u0101d\u012bta sada\u013c\u0101 &#8220;Sazin\u0101ties ar mums&#8221;. <\/li>\n<\/ul>\n<p><!-- \/divi:paragraph --><\/p>\n<p><!-- divi:list --><\/p>\n<ul class=\"wp-block-list\">\n<ul class=\"wp-block-list\"><!-- divi:list-item --><\/ul>\n<\/ul>\n<p><!-- \/divi:list-item --><\/p>\n<p><!-- divi:list-item --><\/p>\n<p><!-- \/divi:list-item --><\/p>\n<p><!-- divi:list-item --><\/p>\n<p><!-- \/divi:list-item --><\/p>\n<p><!-- divi:list-item --><\/p>\n<p><!-- \/divi:list-item --><\/p>\n<p><!-- divi:list-item --><\/p>\n<p><!-- \/divi:list-item --><\/p>\n<p><!-- divi:list-item --><\/p>\n<p><!-- \/divi:list-item --><\/p>\n<p><!-- \/divi:list --><\/p>\n<p><!-- divi:paragraph -->M\u0113s neveidojam j\u016bsu profilu, pamatojoties uz personas datiem, un nepie\u0146emam nek\u0101dus automatiz\u0113tus l\u0113mumus.<\/p>\n<p><!-- \/divi:paragraph --><\/p>\n<p><!-- divi:paragraph -->Mums ir juridisks pien\u0101kums nodro\u0161in\u0101t, lai personas dati non\u0101ktu tikai pie t\u0101m person\u0101m, par kur\u0101m tie tiek v\u0101kti. Mums ir nepiecie\u0161ams j\u016bs unik\u0101li identific\u0113t. Lai izmantotu savas ties\u012bbas un iesniegtu piepras\u012bjumu, l\u016bdzu, sazinieties ar mums, k\u0101 nor\u0101d\u012bts sada\u013c\u0101 (&#8220;Sazinieties ar mums&#8221;).  <\/p>\n<p><!-- \/divi:paragraph --><\/p>\n<p><!-- divi:paragraph -->L\u016bdzu, \u0146emiet v\u0113r\u0101, ka j\u016bs varat piepras\u012bt savu personas datu dz\u0113\u0161anu, apstr\u0101des ierobe\u017eo\u0161anu utt. tikai tad, ja m\u0113s neapstr\u0101d\u0101jam j\u016bsu datus, lai izpild\u012btu juridiskas l\u012bgumsaist\u012bbas.<\/p>\n<p><!-- \/divi:paragraph --><\/p>\n<p><!-- divi:paragraph -->Ja piepras\u0101t ierobe\u017eot, aptur\u0113t vai dz\u0113st savu personas datu apstr\u0101di, tas var izrais\u012bt da\u013c\u0113ju vai piln\u012bgu jums sniegto pakalpojumu p\u0101rtrauk\u0161anu.<\/p>\n<p><!-- \/divi:paragraph --><\/p>\n<p><!-- divi:paragraph -->S\u016bdz\u012bbas gad\u012bjum\u0101 jums ir ties\u012bbas iesniegt s\u016bdz\u012bbu kompetentajai datu aizsardz\u012bbas iest\u0101dei.<\/p>\n<p><!-- \/divi:paragraph --><\/p>\n<p><!-- divi:heading --><\/p>\n<h2 class=\"wp-block-heading\"><strong>Cik ilgi m\u0113s glab\u0101jam j\u016bsu personas datus?<\/strong><\/h2>\n<p><!-- \/divi:heading --><\/p>\n<p><!-- divi:paragraph -->J\u016bsu personas dati tiks glab\u0101ti tik ilgi, cik nepiecie\u0161ams, lai sniegtu jums piepras\u012btos pakalpojumus. Ja personas dati nav izmantoti 5 gadus p\u0113c k\u0101rtas, m\u0113s dz\u0113s\u012bsim j\u016bsu personas datus vai padar\u012bsim j\u016bsu personas datus anon\u012bmus, ja vien nav piem\u0113rojamas juridiskas datu glab\u0101\u0161anas pras\u012bbas. <\/p>\n<p><!-- \/divi:paragraph --><\/p>\n<p><!-- divi:paragraph -->Anonimiz\u0113t\u0101 veid\u0101 sav\u0101ktie dati tiek glab\u0101ti neierobe\u017eotu laiku.<\/p>\n<p><!-- \/divi:paragraph --><\/p>\n<p><!-- divi:heading --><\/p>\n<h2 class=\"wp-block-heading\"><strong>S\u012bkfaili<\/strong><\/h2>\n<p><!-- \/divi:heading --><\/p>\n<p><!-- divi:paragraph -->M\u016bsu vietn\u0113 tiek izmantotas \u0161\u0101das s\u012bkdatnes:<\/p>\n<p><!-- \/divi:paragraph --><\/p>\n<p><!-- divi:table {\"hasFixedLayout\":false} --><\/p>\n<figure class=\"wp-block-table\">\n<table>\n<tbody>\n<tr>\n<td>S\u012bkfaili<\/td>\n<td>Dom\u0113ns<\/td>\n<td>Apraksts<\/td>\n<td>Ilgums<\/td>\n<td>Tips<\/td>\n<\/tr>\n<tr>\n<td><\/td>\n<td>bigin.zoho.eu<\/td>\n<td>Nav apraksta<\/td>\n<td>sesija<\/td>\n<td>Citi<\/td>\n<\/tr>\n<tr>\n<td>_ga_*<\/td>\n<td>.belong-events.com<\/td>\n<td>Google Analytics nosaka \u0161o s\u012bkfailu, lai saglab\u0101tu un saskait\u012btu lapu skat\u012bjumus.<\/td>\n<td>1 gads 1 m\u0113nesis 4 dienas<\/td>\n<td>Analytics<\/td>\n<\/tr>\n<tr>\n<td>_ga<\/td>\n<td>.belong-events.com<\/td>\n<td>Google Analytics nosaka \u0161o s\u012bkfailu, lai apr\u0113\u0137in\u0101tu apmekl\u0113t\u0101ju, sesiju un kampa\u0146u datus un izsekotu vietnes lietojumu vietnes anal\u012bzes p\u0101rskatam. S\u012bkfails saglab\u0101 inform\u0101ciju anon\u012bmi un unik\u0101lo apmekl\u0113t\u0101ju atpaz\u012b\u0161anai pie\u0161\u0137ir nejau\u0161i \u0123ener\u0113tu numuru. <\/td>\n<td>1 gads 1 m\u0113nesis 4 dienas<\/td>\n<td>Anal\u012btika<\/td>\n<\/tr>\n<tr>\n<td>crmcsr<\/td>\n<td>bigin.zoho.eu<\/td>\n<td>Apraksts nav pieejams.<\/td>\n<td>sesija<\/td>\n<td>Citi<\/td>\n<\/tr>\n<tr>\n<td>8ca67a8fd9<\/td>\n<td>bigin.zoho.eu<\/td>\n<td>Nav apraksta<\/td>\n<td>sesija<\/td>\n<td>Citi<\/td>\n<\/tr>\n<tr>\n<td>40c0b66dfe<\/td>\n<td>bigin.zoho.eu<\/td>\n<td>Nav apraksta<\/td>\n<td>sesija<\/td>\n<td>Citi<\/td>\n<\/tr>\n<tr>\n<td>_zcsr_tmp<\/td>\n<td>bigin.zoho.eu<\/td>\n<td>Zoho nosaka \u0161o s\u012bkfailu pieteik\u0161an\u0101s funkcijai t\u012bmek\u013ca vietn\u0113.<\/td>\n<td>sesija<\/td>\n<td>Funkcion\u0101lais<\/td>\n<\/tr>\n<\/tbody>\n<\/table>\n<\/figure>\n<p><!-- \/divi:table --><\/p>\n<p><!-- divi:heading --><\/p>\n<h2 class=\"wp-block-heading\"><strong>Konfidencialit\u0101tes pazi\u0146ojuma izmai\u0146as<\/strong><\/h2>\n<p><!-- \/divi:heading --><\/p>\n<p><!-- divi:paragraph -->Izmantojot Belong pakalpojumus, j\u016bs esat izlas\u012bjis \u0161os noteikumus un nosac\u012bjumus. M\u016bsu konfidencialit\u0101tes politika laiku pa laikam var main\u012bties. \u0160aj\u0101 lap\u0101 public\u0113tais pazi\u0146ojums par konfidencialit\u0101ti vienm\u0113r ir visjaun\u0101k\u0101 versija.  <\/p>\n<p><!-- \/divi:paragraph --><\/p>\n<p><!-- divi:heading --><\/p>\n<h2 class=\"wp-block-heading\"><strong>Sazinieties ar mums<\/strong><\/h2>\n<p><!-- \/divi:heading --><\/p>\n<p><!-- divi:paragraph -->Ja jums ir k\u0101di jaut\u0101jumi par m\u016bsu veikto personas datu apstr\u0101di, kas nav izkl\u0101st\u012bti \u0161aj\u0101 Pazi\u0146ojum\u0101 par konfidencialit\u0101ti, l\u016bdzu, sazinieties ar mums:<\/p>\n<p><!-- \/divi:paragraph --><\/p>\n<p><!-- divi:paragraph --><a href=\"mailto:info@belong-events.com\">info@belong-events.com<\/a><\/p>\n<p><!-- \/divi:paragraph --><\/p>\n<p><!-- divi:paragraph -->P\u0113d\u0113jo reizi redi\u0123\u0113ts: 4 Dec 2025 <\/p>\n<p><!-- \/divi:paragraph --><\/p>\n<p><!-- divi:paragraph --><\/p>\n<p><!-- \/divi:paragraph --><\/p>\n<p>[\/et_pb_text][\/et_pb_column][\/et_pb_row][\/et_pb_section]<\/p>\n","protected":false},"excerpt":{"rendered":"<p>Pazi\u0146ojums par konfidencialit\u0101tiKad izmantojat Belong (saukts ar\u012b m\u0113s un mums) pakalpojumus, j\u016bs uzticat mums savus personas datus. M\u0113s nopietni uztveram j\u016bsu personas datu aizsardz\u012bbu un v\u0101cam tos no jums tikai t\u0101d\u0101 apjom\u0101, kas nepiecie\u0161ams m\u016bsu pakalpojumu izmanto\u0161anai. M\u0113s apstr\u0101d\u0101jam personas datus saska\u0146\u0101 ar ES Visp\u0101r\u012bgo datu aizsardz\u012bbas regulu (GDPR, ES 2016\/679), Igaunijas Datu aizsardz\u012bbas inspekcijas [&hellip;]<\/p>\n","protected":false},"author":4,"featured_media":27569,"parent":0,"menu_order":0,"comment_status":"closed","ping_status":"closed","template":"","meta":{"_et_pb_use_builder":"on","_et_pb_old_content":"","_et_gb_content_width":"","footnotes":""},"class_list":["post-27566","page","type-page","status-publish","has-post-thumbnail","hentry"],"_links":{"self":[{"href":"https:\/\/belong.ee\/lv\/wp-json\/wp\/v2\/pages\/27566","targetHints":{"allow":["GET"]}}],"collection":[{"href":"https:\/\/belong.ee\/lv\/wp-json\/wp\/v2\/pages"}],"about":[{"href":"https:\/\/belong.ee\/lv\/wp-json\/wp\/v2\/types\/page"}],"author":[{"embeddable":true,"href":"https:\/\/belong.ee\/lv\/wp-json\/wp\/v2\/users\/4"}],"replies":[{"embeddable":true,"href":"https:\/\/belong.ee\/lv\/wp-json\/wp\/v2\/comments?post=27566"}],"version-history":[{"count":4,"href":"https:\/\/belong.ee\/lv\/wp-json\/wp\/v2\/pages\/27566\/revisions"}],"predecessor-version":[{"id":28549,"href":"https:\/\/belong.ee\/lv\/wp-json\/wp\/v2\/pages\/27566\/revisions\/28549"}],"wp:featuredmedia":[{"embeddable":true,"href":"https:\/\/belong.ee\/lv\/wp-json\/wp\/v2\/media\/27569"}],"wp:attachment":[{"href":"https:\/\/belong.ee\/lv\/wp-json\/wp\/v2\/media?parent=27566"}],"curies":[{"name":"wp","href":"https:\/\/api.w.org\/{rel}","templated":true}]}}