{"id":27586,"date":"2024-08-13T12:18:18","date_gmt":"2024-08-13T10:18:18","guid":{"rendered":"https:\/\/belong-events.com\/musu-stasts\/"},"modified":"2025-12-16T10:18:56","modified_gmt":"2025-12-16T08:18:56","slug":"musu-stasts","status":"publish","type":"page","link":"https:\/\/belong.ee\/lv\/musu-stasts\/","title":{"rendered":"M\u016bsu st\u0101sts"},"content":{"rendered":"<p>[et_pb_section fb_built=&#8221;1&#8243; _builder_version=&#8221;4.27.0&#8243; _module_preset=&#8221;default&#8221; global_colors_info=&#8221;{}&#8221;][et_pb_row _builder_version=&#8221;4.27.0&#8243; _module_preset=&#8221;default&#8221; global_colors_info=&#8221;{}&#8221;][et_pb_column type=&#8221;4_4&#8243; _builder_version=&#8221;4.27.0&#8243; _module_preset=&#8221;default&#8221; global_colors_info=&#8221;{}&#8221;][et_pb_text _builder_version=&#8221;4.27.0&#8243; _module_preset=&#8221;b5629d61-8761-48a4-843a-08bad35c28b0&#8243; locked=&#8221;off&#8221; global_colors_info=&#8221;{}&#8221;]<\/p>\n<h1 style=\"text-align: center;\">Misija<\/h1>\n<p>[\/et_pb_text][et_pb_text _builder_version=&#8221;4.27.0&#8243; _module_preset=&#8221;b5629d61-8761-48a4-843a-08bad35c28b0&#8243; text_orientation=&#8221;center&#8221; locked=&#8221;off&#8221; global_colors_info=&#8221;{}&#8221;]<\/p>\n<h2>Dz\u012bves integrit\u0101tes lab\u0101<\/h2>\n<h2><\/h2>\n<p>[\/et_pb_text][et_pb_text _builder_version=&#8221;4.27.0&#8243; _module_preset=&#8221;a71a5122-3537-4d1b-aa15-649fe0057a23&#8243; text_font_size_tablet=&#8221;&#8221; text_font_size_phone=&#8221;&#8221; text_font_size_last_edited=&#8221;on|desktop&#8221; locked=&#8221;off&#8221; global_colors_info=&#8221;{}&#8221;]<\/p>\n<p style=\"text-align: left;\">M\u016bsu misija ir veicin\u0101t v\u0113rt\u012bbas, kas atbalsta dz\u012bves integrit\u0101ti.<\/p>\n<p>Mums tas noz\u012bm\u0113 integrit\u0101ti tr\u012bs kontekstos: personiskaj\u0101, soci\u0101laj\u0101\/soci\u0101laj\u0101 un ekosist\u0113mas.<\/p>\n<p>&nbsp;<\/p>\n<ul>\n<li data-list=\"bullet\">Person\u012bgaj\u0101 l\u012bmen\u012b m\u0113s virz\u0101mies uz piln\u012bbu, dziedinot savus s\u0101pju punktus un vair\u0101k kontakt\u0113joties ar sevi.<\/li>\n<li data-list=\"bullet\">Sabiedriskais\/soci\u0101lais aspekts dziedina caur person\u012bgo dziedin\u0101\u0161anu, k\u0101 ar\u012b mainot sabiedr\u012bbas uzskatus.<\/li>\n<li data-list=\"bullet\">Ekosist\u0113mas integrit\u0101ti nosaka tas, k\u0101 m\u0113s sevi uztveram k\u0101 t\u0101s da\u013cu.<\/li>\n<\/ul>\n<p>[\/et_pb_text][\/et_pb_column][\/et_pb_row][et_pb_row _builder_version=&#8221;4.21.0&#8243; _module_preset=&#8221;default&#8221; global_colors_info=&#8221;{}&#8221;][et_pb_column type=&#8221;4_4&#8243; _builder_version=&#8221;4.21.0&#8243; _module_preset=&#8221;default&#8221; global_colors_info=&#8221;{}&#8221;][et_pb_text _builder_version=&#8221;4.27.0&#8243; _module_preset=&#8221;b5629d61-8761-48a4-843a-08bad35c28b0&#8243; locked=&#8221;off&#8221; global_colors_info=&#8221;{}&#8221;]<\/p>\n<h1 style=\"text-align: center;\">M\u016bsu st\u0101sts<\/h1>\n<p>[\/et_pb_text][et_pb_text _builder_version=&#8221;4.27.0&#8243; _module_preset=&#8221;a71a5122-3537-4d1b-aa15-649fe0057a23&#8243; text_line_height=&#8221;1.9em&#8221; locked=&#8221;off&#8221; global_colors_info=&#8221;{}&#8221;]<\/p>\n<p>M\u0113s redz\u0113j\u0101m, ka vien\u0101 jom\u0101 klientiem ir gr\u016bti atrast izpild\u012bt\u0101jus un izpild\u012bt\u0101jiem &#8211; klientus. \u0145emot v\u0113r\u0101 iepriek\u0161\u0113jo pieredzi t\u012bmek\u013ca dizaina un pas\u0101kumu platformu p\u0101rvald\u012bbas jom\u0101, k\u0101 risin\u0101jumu saskat\u012bj\u0101m jomai specifisku pas\u0101kumu laika un telpas skat\u012bt\u0101ju. M\u0113s saprat\u0101m, ka tas ir univers\u0101ls risin\u0101jums neatkar\u012bgi no nozares, \u0123eogr\u0101fijas vai valodas.  <\/p>\n<p>\u0145emot v\u0113r\u0101, Belong Events m\u0113r\u0137is ir <strong>nodro\u0161in\u0101t nozarei atbilsto\u0161u \u0123eogr\u0101fisko pas\u0101kumu karti, atspogu\u013cojot<\/strong> gan klientiem, gan studentiem un profesion\u0101\u013ciem paredz\u0113t\u0101s aktivit\u0101tes. Turkl\u0101t m\u0113s v\u0113lamies veicin\u0101t v\u0113rt\u012bbas, kas atbalsta dz\u012bves integrit\u0101ti, lai dz\u012bve uz \u0161\u012bs plan\u0113tas b\u016btu pat\u012bkama mums visiem. <\/p>\n<p>Mums ir kop\u012bga soci\u0101l\u0101 interese veidot un att\u012bst\u012bt maz\u0101kas un liel\u0101kas kopienas grupas. M\u0113s sadarbojamies ar cilv\u0113kiem, kuri kopienas platformu uzskata par iesp\u0113ju rast jaunus risin\u0101jumus un uzlabot r\u012bc\u012bbu. <\/p>\n<p>[\/et_pb_text][\/et_pb_column][\/et_pb_row][et_pb_row column_structure=&#8221;1_2,1_2&#8243; use_custom_gutter=&#8221;on&#8221; gutter_width=&#8221;2&#8243; _builder_version=&#8221;4.27.2&#8243; _module_preset=&#8221;default&#8221; global_colors_info=&#8221;{}&#8221;][et_pb_column type=&#8221;1_2&#8243; _builder_version=&#8221;4.22.2&#8243; _module_preset=&#8221;default&#8221; global_colors_info=&#8221;{}&#8221;][et_pb_image src=&#8221;https:\/\/belong.ee\/wp-content\/uploads\/2024\/08\/Profile-Ragnar-Kurm.jpg&#8221; title_text=&#8221;Ragnars Kurms&#8221; _builder_version=&#8221;4.27.0&#8243; _module_preset=&#8221;default&#8221; global_colors_info=&#8221;{}&#8221;][\/et_pb_image][et_pb_text _builder_version=&#8221;4.27.0&#8243; _module_preset=&#8221;default&#8221; header_2_text_color=&#8221;#000000&#8243; header_2_font_size=&#8221;26px&#8221; custom_padding=&#8221;|||5%|false|false&#8221; global_colors_info=&#8221;{}&#8221;]<\/p>\n<h2>Ragnars Kurms<\/h2>\n<p>[\/et_pb_text][et_pb_text _builder_version=&#8221;4.27.0&#8243; _module_preset=&#8221;default&#8221; text_text_color=&#8221;#000000&#8243; custom_margin=&#8221;||0px||false|false&#8221; custom_padding=&#8221;|||5%|false|false&#8221; global_colors_info=&#8221;{%22gcid-4721c02e-63da-4985-9f86-80b98bb29c52%22:%91%93}&#8221;]<\/p>\n<p>Man piem\u012bt entuziasms organiz\u0113t pas\u0101kumus, pla\u0161a IT pieredze un v\u0113lme padar\u012bt pieejam\u0101kas dz\u012bvespriec\u012bgas v\u0113rt\u012bbas. Tas bija iedvesmas avots un galvenais stimuls Belong Events platformas izveidei. <\/p>\n<p>[\/et_pb_text][\/et_pb_column][et_pb_column type=&#8221;1_2&#8243; _builder_version=&#8221;4.16&#8243; _module_preset=&#8221;default&#8221; global_colors_info=&#8221;{}&#8221;][et_pb_image src=&#8221;https:\/\/belong.ee\/wp-content\/uploads\/2024\/08\/Profile-Merle-Randlepp.jpg&#8221; title_text=&#8221;Merle Randlepp&#8221; _builder_version=&#8221;4.27.0&#8243; _module_preset=&#8221;default&#8221; global_colors_info=&#8221;{}&#8221;][\/et_pb_image][et_pb_text _builder_version=&#8221;4.27.0&#8243; _module_preset=&#8221;default&#8221; header_2_text_color=&#8221;#000000&#8243; header_2_font_size=&#8221;26px&#8221; custom_padding=&#8221;|||5%|false|false&#8221; global_colors_info=&#8221;{}&#8221;]<\/p>\n<h2>Merle Randlepp<\/h2>\n<p>[\/et_pb_text][et_pb_text _builder_version=&#8221;4.27.0&#8243; _module_preset=&#8221;default&#8221; text_text_color=&#8221;#000000&#8243; custom_margin=&#8221;||0px||false|false&#8221; custom_padding=&#8221;|||5%|false|false&#8221; global_colors_info=&#8221;{%22gcid-4721c02e-63da-4985-9f86-80b98bb29c52%22:%91%93}&#8221;]<\/p>\n<p>Visu m\u016b\u017eu esmu str\u0101d\u0101jis tehnolo\u0123iju nozar\u0113, un mani vienm\u0113r ir fascin\u0113ju\u0161as attiec\u012bbas starp cilv\u0113ku un ma\u0161\u012bnu gan tagadn\u0113, gan n\u0101kotn\u0113.<\/p>\n<p>Es v\u0113los, lai tehnolo\u0123ijas kalpotu cilv\u0113kiem vislab\u0101kaj\u0101 iesp\u0113jamaj\u0101 veid\u0101 un pal\u012bdz\u0113tu mums k\u013c\u016bt par vesel\u012bg\u0101ku un sp\u0113c\u012bg\u0101ku sabiedr\u012bbu vis\u0101 pasaul\u0113.<\/p>\n<p>[\/et_pb_text][\/et_pb_column][\/et_pb_row][\/et_pb_section][et_pb_section fb_built=&#8221;1&#8243; admin_label=&#8221;Section&#8221; module_id=&#8221;sazin\u0101ties ar&#8221; _builder_version=&#8221;4.27.4&#8243; _module_preset=&#8221;default&#8221; background_color=&#8221;#464444&#8243; custom_padding=&#8221;4px||2px|||&#8221; hover_enabled=&#8221;0&#8243; global_module=&#8221;740&#8243; saved_tabs=&#8221;all&#8221; global_colors_info=&#8221;{}&#8221; sticky_enabled=&#8221;0&#8243;][et_pb_row column_structure=&#8221;1_4,1_4,1_2&#8243; admin_label=&#8221;Rinda&#8221; _builder_version=&#8221;4.27.4&#8243; _module_preset=&#8221;default&#8221; width=&#8221;auto&#8221; width_tablet=&#8221;&#8221; width_phone=&#8221;&#8221; width_last_edited=&#8221;on|desktop&#8221; hover_enabled=&#8221;0&#8243; global_colors_info=&#8221;{}&#8221; sticky_enabled=&#8221;0&#8243; custom_margin=&#8221;||||false|true&#8221; custom_padding=&#8221;||||false|true&#8221;][et_pb_column type=&#8221;1_4&#8243; _builder_version=&#8221;4.27.4&#8243; _module_preset=&#8221;default&#8221; global_colors_info=&#8221;{}&#8221;][et_pb_image src=&#8221;https:\/\/belong.ee\/wp-content\/uploads\/2024\/08\/Belong-circle-no-text-100.png&#8221; title_text=&#8221;Belong-circle-no-text-100&#8243; align=&#8221;center&#8221; src_tablet=&#8221;https:\/\/belong.ee\/wp-content\/uploads\/2024\/08\/Belong-circle-no-text-100.png&#8221; src_phone=&#8221;https:\/\/belong.ee\/wp-content\/uploads\/2024\/08\/Belong-circle-no-text-100.png&#8221; src_last_edited=&#8221;on|tablet&#8221; _builder_version=&#8221;4.27.4&#8243; _module_preset=&#8221;default&#8221; custom_margin=&#8221;||||false|false&#8221; global_colors_info=&#8221;{}&#8221;][\/et_pb_image][\/et_pb_column][et_pb_column type=&#8221;1_4&#8243; _builder_version=&#8221;4.27.0&#8243; _module_preset=&#8221;default&#8221; global_colors_info=&#8221;{}&#8221;][et_pb_text _builder_version=&#8221;4.27.4&#8243; _module_preset=&#8221;default&#8221; text_text_color=&#8221;gcid-primary-color&#8221; text_font_size=&#8221;15px&#8221; header_3_line_height=&#8221;2em&#8221; text_orientation=&#8221;center&#8221; custom_padding=&#8221;0px|20px|0px|20px|true|true&#8221; text_font_size_tablet=&#8221;&#8221; text_font_size_phone=&#8221;&#8221; text_font_size_last_edited=&#8221;on|desktop&#8221; global_colors_info=&#8221;{%22gcid-primary-color%22:%91%22header_2_text_color%22,%22text_text_color%22%93}&#8221;]<\/p>\n<p><a href=\"mailto:info@belong-events.com\">info@belong-events.com<\/a><\/p>\n<p>+372 <span>56 933 900<br \/><\/span>Belong O\u00dc<\/p>\n<p>[\/et_pb_text][\/et_pb_column][et_pb_column type=&#8221;1_2&#8243; admin_label=&#8221;Kolonna&#8221; _builder_version=&#8221;4.27.0&#8243; _module_preset=&#8221;default&#8221; global_colors_info=&#8221;{}&#8221;][et_pb_text _builder_version=&#8221;4.27.4&#8243; _module_preset=&#8221;default&#8221; text_text_color=&#8221;gcid-primary-color&#8221; text_font_size=&#8221;16px&#8221; header_3_line_height=&#8221;2em&#8221; custom_padding=&#8221;0px|20px|0px|20px|true|true&#8221; text_font_size_tablet=&#8221;18px&#8221; global_colors_info=&#8221;{%22gcid-primary-color%22:%91%22header_2_text_color%22,%22text_text_color%22%93}&#8221;]<\/p>\n<p>M\u016aSU MISIJA<br \/>M\u0113s atbalst\u0101m gar\u012bg\u0101s vesel\u012bbas un pa\u0161att\u012bst\u012bbas jomas, apvienojot profesion\u0101\u013cus un vi\u0146u klientus iedvesmojo\u0161\u0101 kopien\u0101.<\/p>\n<p>[\/et_pb_text][\/et_pb_column][\/et_pb_row][\/et_pb_section]<\/p>\n","protected":false},"excerpt":{"rendered":"<p>MisijaDz\u012bves integrit\u0101tes lab\u0101 M\u016bsu misija ir veicin\u0101t v\u0113rt\u012bbas, kas atbalsta dz\u012bves integrit\u0101ti. Mums tas noz\u012bm\u0113 integrit\u0101ti tr\u012bs kontekstos: personiskaj\u0101, soci\u0101laj\u0101\/soci\u0101laj\u0101 un ekosist\u0113mas. &nbsp; Person\u012bgaj\u0101 l\u012bmen\u012b m\u0113s virz\u0101mies uz piln\u012bbu, dziedinot savus s\u0101pju punktus un vair\u0101k kontakt\u0113joties ar sevi. Sabiedriskais\/soci\u0101lais aspekts dziedina caur person\u012bgo dziedin\u0101\u0161anu, k\u0101 ar\u012b mainot sabiedr\u012bbas uzskatus. Ekosist\u0113mas integrit\u0101ti nosaka tas, k\u0101 m\u0113s [&hellip;]<\/p>\n","protected":false},"author":4,"featured_media":0,"parent":0,"menu_order":0,"comment_status":"closed","ping_status":"closed","template":"","meta":{"_et_pb_use_builder":"on","_et_pb_old_content":"","_et_gb_content_width":"","footnotes":""},"class_list":["post-27586","page","type-page","status-publish","hentry"],"_links":{"self":[{"href":"https:\/\/belong.ee\/lv\/wp-json\/wp\/v2\/pages\/27586","targetHints":{"allow":["GET"]}}],"collection":[{"href":"https:\/\/belong.ee\/lv\/wp-json\/wp\/v2\/pages"}],"about":[{"href":"https:\/\/belong.ee\/lv\/wp-json\/wp\/v2\/types\/page"}],"author":[{"embeddable":true,"href":"https:\/\/belong.ee\/lv\/wp-json\/wp\/v2\/users\/4"}],"replies":[{"embeddable":true,"href":"https:\/\/belong.ee\/lv\/wp-json\/wp\/v2\/comments?post=27586"}],"version-history":[{"count":4,"href":"https:\/\/belong.ee\/lv\/wp-json\/wp\/v2\/pages\/27586\/revisions"}],"predecessor-version":[{"id":28526,"href":"https:\/\/belong.ee\/lv\/wp-json\/wp\/v2\/pages\/27586\/revisions\/28526"}],"wp:attachment":[{"href":"https:\/\/belong.ee\/lv\/wp-json\/wp\/v2\/media?parent=27586"}],"curies":[{"name":"wp","href":"https:\/\/api.w.org\/{rel}","templated":true}]}}