{"id":27687,"date":"2025-12-04T09:58:09","date_gmt":"2025-12-04T07:58:09","guid":{"rendered":"https:\/\/belong-events.com\/piederiba-etikas-kodeksam-belonging\/"},"modified":"2025-12-16T10:18:48","modified_gmt":"2025-12-16T08:18:48","slug":"piederiba-etikas-kodeksam-belonging","status":"publish","type":"page","link":"https:\/\/belong.ee\/lv\/piederiba-etikas-kodeksam-belonging\/","title":{"rendered":"Pieder\u012bba \u0112tikas kodeksam Belonging"},"content":{"rendered":"<p>[et_pb_section fb_built=&#8221;1&#8243; _builder_version=&#8221;4.27.4&#8243; _module_preset=&#8221;default&#8221; global_colors_info=&#8221;{}&#8221;][et_pb_row _builder_version=&#8221;4.27.4&#8243; _module_preset=&#8221;default&#8221; global_colors_info=&#8221;{}&#8221;][et_pb_column type=&#8221;4_4&#8243; _builder_version=&#8221;4.27.4&#8243; _module_preset=&#8221;default&#8221; global_colors_info=&#8221;{}&#8221;][et_pb_text _builder_version=&#8221;4.27.4&#8243; _module_preset=&#8221;b5629d61-8761-48a4-843a-08bad35c28b0&#8243; locked=&#8221;off&#8221; global_colors_info=&#8221;{}&#8221;]<\/p>\n<h1 style=\"text-align: center;\">\u0112tikas kodekss<\/h1>\n<p>[\/et_pb_text][et_pb_text _builder_version=&#8221;4.27.4&#8243; _module_preset=&#8221;a71a5122-3537-4d1b-aa15-649fe0057a23&#8243; custom_padding=&#8221;0px|20px|0px|20px|true|true&#8221; hover_enabled=&#8221;0&#8243; locked=&#8221;off&#8221; global_colors_info=&#8221;{}&#8221; sticky_enabled=&#8221;0&#8243;]<\/p>\n<h2>M\u0113r\u0137is un darb\u012bbas joma<\/h2>\n<p>Belong \u0112tikas kodekss nosaka principus un uzved\u012bbas standartus, kas nodro\u0161ina dro\u0161u, cie\u0146pilnu un profesion\u0101lu vidi visiem Belong platformas lietot\u0101jiem &#8211; pakalpojumu sniedz\u0113jiem, klientiem, partneriem un Belong komandai. Kodekss attiecas uz visu Belong vidi, k\u0101 ar\u012b uz pas\u0101kumiem, kas tiek organiz\u0113ti ar Belong z\u012bmolu vai kurus Belong pied\u0101v\u0101 tirg\u016b. <\/p>\n<h2>1. Pieder\u012bbas v\u0113rt\u012bbas<\/h2>\n<p>M\u016bsu darb\u012bbas pamat\u0101 ir \u0161\u0101das v\u0113rt\u012bbas un principi:<\/p>\n<p><strong>Dz\u012bve integrit\u0101tes lab\u0101<\/strong> &#8211; m\u0113s atbalst\u0101m integrit\u0101ti cilv\u0113kos, attiec\u012bb\u0101s un kopien\u0101s; m\u0113s uztveram cilv\u0113kus k\u0101 da\u013cu no integr\u0113tas ekosist\u0113mas.<\/p>\n<p><strong>Cilv\u0113ka cie\u0146a un vienl\u012bdz\u012bba<\/strong> &#8211; ikviens cilv\u0113ks ir peln\u012bjis cie\u0146u, taisn\u012bgu attieksmi un dro\u0161\u012bbu.<\/p>\n<p><strong>Iek\u013caujo\u0161ums un kopiena<\/strong> &#8211; platformas izveide, kur\u0101 tiek nov\u0113rt\u0113tas at\u0161\u0137ir\u012bbas un sadarb\u012bba ir norma.<\/p>\n<p><strong>Profesion\u0101lisms un atbild\u012bba<\/strong> &#8211; m\u0113s darbojamies savas kompetences robe\u017e\u0101s, godpr\u0101t\u012bgi, p\u0101rredzami un r\u016bp\u012bgi.<\/p>\n<p><strong>Datu aizsardz\u012bba<\/strong> &#8211; m\u0113s cien\u0101m priv\u0101tumu un apstr\u0101d\u0101jam datus r\u016bp\u012bgi un m\u0113r\u0137tiec\u012bgi.<\/p>\n<h2>2. Defin\u012bcijas<\/h2>\n<p><strong>Pakalpojumu sniedz\u0113js<\/strong> &#8211; persona vai organiz\u0101cija, kas sniedz pakalpojumus un\/vai organiz\u0113 pas\u0101kumus Belonging platform\u0101.<\/p>\n<p><strong>Klients<\/strong> &#8211; persona, kas interes\u0113jas par k\u0101du pas\u0101kumu, to pat\u0113r\u0113 vai re\u0123istr\u0113jas pas\u0101kumam.<\/p>\n<p><strong>Pas\u0101kums<\/strong> &#8211; publisks vai priv\u0101ts pas\u0101kums (semin\u0101rs, apm\u0101c\u012bba, lekcija u. c.), kas public\u0113ts Belong platform\u0101.<\/p>\n<p><strong>Sensit\u012bva inform\u0101cija<\/strong> &#8211; personas dati, tostarp \u012bpa\u0161as personas datu kategorijas (fizisk\u0101 vai gar\u012bg\u0101 vesel\u012bba, rase vai etnisk\u0101 izcelsme u. c. sensit\u012bva inform\u0101cija datu aizsardz\u012bbas nol\u016bkos).<\/p>\n<h2>3. Visp\u0101r\u012bgi principi<\/h2>\n<p><strong>Cilv\u0113kties\u012bbas, autonomija un vienl\u012bdz\u012bga attieksme.<\/strong>  Neviens netiek diskrimin\u0113ts rases, valodas, taut\u012bbas, dzimuma, dzimumidentit\u0101tes, seksu\u0101l\u0101s orient\u0101cijas, vecuma, invalidit\u0101tes, reli\u0123ijas, p\u0101rliec\u012bbas, ekonomisk\u0101 st\u0101vok\u013ca vai citu paz\u012bmju d\u0113\u013c.<\/p>\n<p><strong>Dro\u0161\u012bba un kait\u0113juma nov\u0113r\u0161ana.<\/strong>  M\u0113s rad\u0101m psiholo\u0123iski un fiziski dro\u0161u telpu; iejauk\u0161an\u0101s ir sam\u0113r\u012bga, uz dal\u012bbniekiem netiek izdar\u012bts spiediens vai manipul\u0113ts.<\/p>\n<p><strong>Koncentr\u0113jieties uz profesionalit\u0101ti.  <\/strong>Belong atbalsta profesion\u0101los kvalit\u0101tes standartus un veicina sadarb\u012bbu ar profesion\u0101laj\u0101m asoci\u0101cij\u0101m.<\/p>\n<p><strong>God\u012bgs m\u0101rketings un p\u0101rredzam\u012bba.<\/strong>  Saturs un sol\u012bjumi ir konsekventi; m\u0113s izvair\u0101mies no p\u0101rsp\u012bl\u0113t\u012bbas, sl\u0113ptas ietekmes un maldino\u0161iem apgalvojumiem.<\/p>\n<p><strong>Intere\u0161u konfliktu nov\u0113r\u0161ana.<\/strong>  M\u0113s izvair\u0101mies no situ\u0101cij\u0101m, kas var\u0113tu apdraud\u0113t objektivit\u0101ti.<\/p>\n<h2>4. Standarti pakalpojumu sniedz\u0113jiem<\/h2>\n<p>Belong sagaida, ka Pakalpojumu sniedz\u0113ji iev\u0113ros t\u0101s profesion\u0101l\u0101s \u0113tikas kodeksu. Ja profesion\u0101l\u0101s \u0113tikas kodekss ir stingr\u0101ks, tiks iev\u0113rots stingr\u0101kais standarts. <\/p>\n<h3>Kompetence un lomu noskaidro\u0161ana<\/h3>\n<ul>\n<li aria-level=\"1\">Patiesi raksturojiet savu kvalifik\u0101ciju, izgl\u012bt\u012bbu un pieredzi.<\/li>\n<li aria-level=\"1\">Nepied\u0101v\u0101t pakalpojumus bez atbilsto\u0161as kompetences; sadarboties ar citiem speci\u0101listiem un nos\u016bt\u012bt klientu, ja klienta probl\u0113ma to prasa.<\/li>\n<\/ul>\n<h3>Konfidencialit\u0101te un datu aizsardz\u012bba<\/h3>\n<ul>\n<li aria-level=\"1\">v\u0101kt un apstr\u0101d\u0101t tikai nepiecie\u0161amos datus; dro\u0161i uzglab\u0101t datus un noteikt sapr\u0101t\u012bgu glab\u0101\u0161anas termi\u0146u.<\/li>\n<li aria-level=\"1\">Klientu anonimit\u0101tes nodro\u0161in\u0101\u0161ana un dal\u012bbnieku st\u0101stu vai att\u0113lu neizmanto\u0161ana m\u0101rketing\u0101 bez klientu piekri\u0161anas.<\/li>\n<li aria-level=\"1\">Vajadz\u012bbas gad\u012bjum\u0101 skaidrojumi par gad\u012bjumiem, kad konfidencialit\u0101te ir pak\u013cauta juridiskiem ierobe\u017eojumiem (piem\u0113ram, dz\u012bv\u012bbas\/vesel\u012bbas apdraud\u0113jums, juridisks pien\u0101kums).<\/li>\n<li aria-level=\"1\">Platform\u0101 public\u0113t\u0101s personisk\u0101s un organiz\u0101cijas lapas ir izstr\u0101d\u0101tas, lai atbalst\u012btu p\u0101rredzam\u012bbu un atkalizmantojam\u012bbu; t\u0101s ir j\u0101veido un j\u0101maina, iev\u0113rojot patiesumu, cie\u0146u un ties\u012bbu aktus. \u013baunpr\u0101t\u012bgas izmanto\u0161anas gad\u012bjum\u0101 Belong var ierobe\u017eot piek\u013cuvi. <\/li>\n<li aria-level=\"1\">S\u012bk\u0101ku inform\u0101ciju par konfidencialit\u0101ti skatiet <a href=\"https:\/\/belong.ee\/lv\/belong-pazinojums-par-konfidencialitati\/\">Belong pazi\u0146ojum\u0101 par konfidencialit\u0101ti<\/a>.<\/li>\n<\/ul>\n<h3>Dro\u0161\u012bba un atbild\u012bba<\/h3>\n<ul>\n<li aria-level=\"1\">Riska nov\u0113rt\u0113jums (piem\u0113ram, gar\u012bg\u0101s vesel\u012bbas kr\u012bze, traumas izrais\u012bt\u0101js, telpas dro\u0161\u012bba).<\/li>\n<li aria-level=\"1\">Inform\u0101cijas snieg\u0161ana par turpm\u0101ko r\u012bc\u012bbu (tostarp kr\u012bzes pal\u012bdz\u012bbas t\u0101lru\u0146i).<\/li>\n<li aria-level=\"1\">Str\u0101d\u0101jot ar nepilngad\u012bgajiem, ir nepiecie\u0161ama vec\u0101ku\/aizbild\u0146u piekri\u0161ana un b\u0113rnu aizsardz\u012bbas principi.<\/li>\n<\/ul>\n<h2>5. Klientu ties\u012bbas un pien\u0101kumi<\/h2>\n<ul>\n<li aria-level=\"1\">Ties\u012bbas uz dro\u0161u, cie\u0146pilnu un nediskrimin\u0113jo\u0161u telpu.<\/li>\n<li aria-level=\"1\">Ties\u012bbas uz skaidru inform\u0101ciju un apzin\u0101tu izv\u0113li; ties\u012bbas atteikties no pakalpojuma vai pas\u0101kuma.<\/li>\n<li aria-level=\"1\">Pien\u0101kums iev\u0113rot nol\u012bgto konfidencialit\u0101ti, sazin\u0101ties ar cie\u0146u, iev\u0113rot pakalpojumu sniedz\u0113ja noteikumus.<\/li>\n<\/ul>\n<h2>6. Kopienas noteikumi un moder\u0113\u0161ana<\/h2>\n<p>Aizliegts<\/p>\n<ul>\n<li>naida kurin\u0101\u0161ana, naida runa, pazemo\u0161ana, draudi, psiholo\u0123iska vaj\u0101\u0161ana;<\/li>\n<li>personisko konfliktu publiska &#8220;atrisin\u0101\u0161ana&#8221;;<\/li>\n<li>apzin\u0101ta nepatiesas inform\u0101cijas izplat\u012b\u0161ana;<\/li>\n<li>citas personas sensit\u012bvas inform\u0101cijas izpau\u0161ana bez skaidra pamatojuma;<\/li>\n<li>kr\u0101p\u0161ana, slepena p\u0101rdo\u0161ana, uzm\u0101c\u012bga verv\u0113\u0161ana;<\/li>\n<li>pornogr\u0101fija un seksu\u0101la uzm\u0101k\u0161an\u0101s;<\/li>\n<li>nelikum\u012bgas darb\u012bbas.<\/li>\n<\/ul>\n<p>Belong ir ties\u012bbas dz\u0113st saturu, aptur\u0113t vai sl\u0113gt lietot\u0101ja kontu, aptur\u0113t notikuma demonstr\u0113\u0161anu un pazi\u0146ot partneriem\/iest\u0101d\u0113m, ja ir aizdomas par p\u0101rk\u0101pumu.<\/p>\n<h2>7. S\u016bdz\u012bbu un p\u0101rk\u0101pumu izskat\u012b\u0161ana<\/h2>\n<p><strong>No k\u0101 m\u0113s sa\u0146emam s\u016bdz\u012bbas?<\/strong>  No visiem platformas lietot\u0101jiem, partneriem un sabiedr\u012bbas.<\/p>\n<p><strong>K\u0101 iesniegt s\u016bdz\u012bbu?<\/strong>  Izmantojot t\u012bmek\u013ca veidlapu vai e-pastu; ja iesp\u0113jams, pievienojiet ekr\u0101n\u0161\u0101vi\u0146us, saraksti u. c. atsauces.<\/p>\n<p><strong>K\u0101 m\u0113s izskat\u0101m s\u016bdz\u012bbas?<\/strong>  S\u0101kotn\u0113jais apstiprin\u0101jums un riska nov\u0113rt\u0113jums; inform\u0101cijas apkopo\u0161ana un puses uzklaus\u012b\u0161ana; l\u0113mums un r\u012bc\u012bba (piem\u0113ram, br\u012bdin\u0101jums, satura dz\u0113\u0161ana, konta pagaidu aptur\u0113\u0161ana, sadarb\u012bbas p\u0101rtrauk\u0161ana, konta dz\u0113\u0161ana). Nopietnu p\u0101rk\u0101pumu vai draudu gad\u012bjum\u0101 m\u0113s iesaist\u012bsim partnerorganiz\u0101cijas vai kompetent\u0101s iest\u0101des. <\/p>\n<h2>8. \u0112tikas licence<\/h2>\n<p>K\u0101 platformas Belong lietot\u0101js varu to apstiprin\u0101t:<\/p>\n<ul>\n<li aria-level=\"1\">Esmu izlas\u012bjis un sapratu Belonging \u0112tikas kodeksu;<\/li>\n<li aria-level=\"1\">Sav\u0101s darb\u012bb\u0101s es iev\u0113roju Kodeksu;<\/li>\n<li aria-level=\"1\">Es saprotu, ka p\u0101rk\u0101puma gad\u012bjum\u0101 Belong var veikt m\u0113ren\u012bbas un l\u012bgumiskus pas\u0101kumus.<\/li>\n<\/ul>\n<p><em><\/em><\/p>\n<p><em>P\u0113d\u0113jo reizi redi\u0123\u0113ts: 4 Dec 2025 <\/em><br \/><em>Kontaktpersona \u0113tikas jaut\u0101jumos: info@belong-events.com<\/em><\/p>\n<p>[\/et_pb_text][\/et_pb_column][\/et_pb_row][\/et_pb_section]<\/p>\n","protected":false},"excerpt":{"rendered":"<p>\u0112tikas kodekssM\u0113r\u0137is un darb\u012bbas joma Belong \u0112tikas kodekss nosaka principus un uzved\u012bbas standartus, kas nodro\u0161ina dro\u0161u, cie\u0146pilnu un profesion\u0101lu vidi visiem Belong platformas lietot\u0101jiem &#8211; pakalpojumu sniedz\u0113jiem, klientiem, partneriem un Belong komandai. Kodekss attiecas uz visu Belong vidi, k\u0101 ar\u012b uz pas\u0101kumiem, kas tiek organiz\u0113ti ar Belong z\u012bmolu vai kurus Belong pied\u0101v\u0101 tirg\u016b. 1. Pieder\u012bbas [&hellip;]<\/p>\n","protected":false},"author":4,"featured_media":27569,"parent":0,"menu_order":0,"comment_status":"closed","ping_status":"closed","template":"","meta":{"_et_pb_use_builder":"on","_et_pb_old_content":"","_et_gb_content_width":"","footnotes":""},"class_list":["post-27687","page","type-page","status-publish","has-post-thumbnail","hentry"],"_links":{"self":[{"href":"https:\/\/belong.ee\/lv\/wp-json\/wp\/v2\/pages\/27687","targetHints":{"allow":["GET"]}}],"collection":[{"href":"https:\/\/belong.ee\/lv\/wp-json\/wp\/v2\/pages"}],"about":[{"href":"https:\/\/belong.ee\/lv\/wp-json\/wp\/v2\/types\/page"}],"author":[{"embeddable":true,"href":"https:\/\/belong.ee\/lv\/wp-json\/wp\/v2\/users\/4"}],"replies":[{"embeddable":true,"href":"https:\/\/belong.ee\/lv\/wp-json\/wp\/v2\/comments?post=27687"}],"version-history":[{"count":12,"href":"https:\/\/belong.ee\/lv\/wp-json\/wp\/v2\/pages\/27687\/revisions"}],"predecessor-version":[{"id":28476,"href":"https:\/\/belong.ee\/lv\/wp-json\/wp\/v2\/pages\/27687\/revisions\/28476"}],"wp:featuredmedia":[{"embeddable":true,"href":"https:\/\/belong.ee\/lv\/wp-json\/wp\/v2\/media\/27569"}],"wp:attachment":[{"href":"https:\/\/belong.ee\/lv\/wp-json\/wp\/v2\/media?parent=27687"}],"curies":[{"name":"wp","href":"https:\/\/api.w.org\/{rel}","templated":true}]}}