{"id":27741,"date":"2025-01-13T16:43:10","date_gmt":"2025-01-13T14:43:10","guid":{"rendered":"https:\/\/belong-events.com\/piederet-kkk\/"},"modified":"2025-12-16T10:18:46","modified_gmt":"2025-12-16T08:18:46","slug":"piederet-kkk","status":"publish","type":"page","link":"https:\/\/belong.ee\/lv\/piederet-kkk\/","title":{"rendered":"Belong KKK"},"content":{"rendered":"<p>[et_pb_section fb_built=&#8221;1&#8243; admin_label=&#8221;Section&#8221; _builder_version=&#8221;4.27.4&#8243; background_color=&#8221;#f7f7f7&#8243; custom_margin=&#8221;||||false|false&#8221; custom_padding=&#8221;5%||||false|false&#8221; custom_padding_tablet=&#8221;0px||0px|&#8221; transparent_background=&#8221;off&#8221; make_fullwidth=&#8221;off&#8221; use_custom_width=&#8221;off&#8221; width_unit=&#8221;on&#8221; global_colors_info=&#8221;{}&#8221;][et_pb_row _builder_version=&#8221;4.27.4&#8243; _module_preset=&#8221;default&#8221; global_colors_info=&#8221;{}&#8221;][et_pb_column type=&#8221;4_4&#8243; _builder_version=&#8221;4.16&#8243; _module_preset=&#8221;default&#8221; global_colors_info=&#8221;{}&#8221;][et_pb_text _builder_version=&#8221;4.27.4&#8243; _module_preset=&#8221;b5629d61-8761-48a4-843a-08bad35c28b0&#8243; locked=&#8221;off&#8221; global_colors_info=&#8221;{}&#8221;]<\/p>\n<h1 style=\"text-align: center;\">Bie\u017e\u0101k uzdotie jaut\u0101jumi<\/h1>\n<p>[\/et_pb_text][\/et_pb_column][\/et_pb_row][et_pb_row column_structure=&#8221;1_4,3_4&#8243; padding_mobile=&#8221;on&#8221; column_padding_mobile=&#8221;on&#8221; custom_padding_last_edited=&#8221;on|tablet&#8221; admin_label=&#8221;Rinda&#8221; _builder_version=&#8221;4.16&#8243; background_size=&#8221;initial&#8221; background_position=&#8221;top_left&#8221; background_repeat=&#8221;repeat&#8221; custom_padding=&#8221;40px||0px|||&#8221; custom_padding_tablet=&#8221;90px||0px|&#8221; custom_padding_phone=&#8221;&#8221; make_fullwidth=&#8221;off&#8221; use_custom_width=&#8221;off&#8221; width_unit=&#8221;on&#8221; global_colors_info=&#8221;{}&#8221;][et_pb_column type=&#8221;1_4&#8243; _builder_version=&#8221;4.16&#8243; custom_padding=&#8221;|||&#8221; global_colors_info=&#8221;{}&#8221; custom_padding__hover=&#8221;|||&#8221;][et_pb_divider color=&#8221;#222222&#8243; divider_weight=&#8221;8&#8243; admin_label=&#8221;Divider&#8221; _builder_version=&#8221;4.16&#8243; height=&#8221;0px&#8221; hide_on_mobile=&#8221;off&#8221; global_colors_info=&#8221;{}&#8221;][\/et_pb_divider][et_pb_text admin_label=&#8221;Text&#8221; _builder_version=&#8221;4.27.4&#8243; text_font=&#8221;Open Sans|on|||&#8221; text_text_color=&#8221;#222222&#8243; text_font_size=&#8221;36px&#8221; text_line_height=&#8221;1.2em&#8221; background_size=&#8221;initial&#8221; background_position=&#8221;top_left&#8221; background_repeat=&#8221;repeat&#8221; custom_margin=&#8221;-10px||0px|&#8221; custom_padding=&#8221;0px||0px|&#8221; text_font_size_tablet=&#8221;32px&#8221; text_font_size_phone=&#8221;&#8221; text_font_size_last_edited=&#8221;on|tablet&#8221; use_border_color=&#8221;off&#8221; border_color=&#8221;#ffffff&#8221; border_style=&#8221;solid&#8221; global_colors_info=&#8221;{}&#8221;]<\/p>\n<p>Visp\u0101r\u012bgi<\/p>\n<p>[\/et_pb_text][\/et_pb_column][et_pb_column type=&#8221;3_4&#8243; _builder_version=&#8221;4.16&#8243; custom_padding=&#8221;|||&#8221; global_colors_info=&#8221;{}&#8221; custom_padding__hover=&#8221;|||&#8221;][et_pb_divider color=&#8221;#222222&#8243; divider_weight=&#8221;4&#8243; admin_label=&#8221;Divider&#8221; _builder_version=&#8221;4.16&#8243; height=&#8221;0px&#8221; hide_on_mobile=&#8221;off&#8221; global_colors_info=&#8221;{}&#8221;][\/et_pb_divider][et_pb_toggle title=&#8221;K\u0101ds ir Belong m\u0113r\u0137is?&#8221; admin_label=&#8221;Toggle&#8221; _builder_version=&#8221;4.27.4&#8243; body_font=&#8221;Open Sans||||&#8221; body_line_height=&#8221;1.6em&#8221; hover_enabled=&#8221;0&#8243; use_border_color=&#8221;on&#8221; border_color=&#8221;#f7f7f7&#8243; border_style=&#8221;solid&#8221; global_colors_info=&#8221;{}&#8221; sticky_enabled=&#8221;0&#8243;]<\/p>\n<p>Belong n\u0101kotnes v\u012bzija ir k\u013c\u016bt par platformu, kas atbalsta da\u017e\u0101das gar\u012bg\u0101s labkl\u0101j\u012bbas un pa\u0161att\u012bst\u012bbas jomas. Papildus m\u016bsu pa\u0161reiz\u0113jam m\u0113r\u0137im m\u0113s v\u0113lamies papla\u0161in\u0101t savus pakalpojumus un ieviest platform\u0101 jaunas jomas, piem\u0113ram, terapiju un kou\u010dingu. <\/p>\n<p>M\u016bsu m\u0113r\u0137is ir nodro\u0161in\u0101t profesion\u0101lu un uzticamu vidi, kur\u0101 j\u016bs varat atrast metodi un speci\u0101listu, kas vislab\u0101k atbilst j\u016bsu vajadz\u012bb\u0101m, neatkar\u012bgi no t\u0101, vai t\u0101s ir konstel\u0101cijas, terapija vai k\u0101da cita prakse.<\/p>\n<p>[\/et_pb_toggle][et_pb_divider color=&#8221;#222222&#8243; divider_weight=&#8221;4&#8243; admin_label=&#8221;Divider&#8221; _builder_version=&#8221;4.16&#8243; height=&#8221;0px&#8221; hide_on_mobile=&#8221;off&#8221; global_colors_info=&#8221;{}&#8221;][\/et_pb_divider][et_pb_toggle title=&#8221;K\u0101dus ieguvumus profesion\u0101l\u0101 asoci\u0101cija g\u016bs no sadarb\u012bbas ar Belong?&#8221; admin_label=&#8221;Toggle&#8221; _builder_version=&#8221;4.27.4&#8243; body_font=&#8221;Open Sans||||&#8221; body_line_height=&#8221;1.6em&#8221; custom_padding=&#8221;30px|0px|2px|0px&#8221; hover_enabled=&#8221;0&#8243; use_border_color=&#8221;on&#8221; border_color=&#8221;#f7f7f7&#8243; border_style=&#8221;solid&#8221; global_colors_info=&#8221;{}&#8221; sticky_enabled=&#8221;0&#8243;]<\/p>\n<p><span style=\"font-weight: 400;\">Sadarb\u012bbas pamat\u0101 ir strat\u0113\u0123iska partner\u012bba un savstarp\u0113js konstrukt\u012bvs atbalsts. M\u016bsu m\u0113r\u0137is ir nevis konkur\u0113t, bet str\u0101d\u0101t kop\u0101, lai sasniegtu kop\u012bgu m\u0113r\u0137i &#8211; att\u012bst\u012bt un atbalst\u012bt nozari. <\/span><\/p>\n<p><b>Pieder\u012bbas ieguld\u012bjums un v\u0113rt\u012bba profesion\u0101laj\u0101s apvien\u012bb\u0101s:<\/b><\/p>\n<p><b>1. Organiz\u0101cijas atpaz\u012bstam\u012bbas un profesionalit\u0101tes palielin\u0101\u0161ana:<\/b><\/p>\n<p><span style=\"font-weight: 400;\">P\u0101rst\u0101v\u012bba starp Belong organiz\u0101cij\u0101m, k\u0101 ar\u012b organiz\u0101cijas biedru lap\u0101s pal\u012bdz veicin\u0101t inform\u0113t\u012bbu par organiz\u0101ciju.<\/span><\/p>\n<p><b>2. Profesion\u0101l\u0101s asoci\u0101cijas vajadz\u012bb\u0101m piel\u0101gota funkcionalit\u0101te:<\/b><span> M\u0113s izstr\u0101d\u0101sim un pilnveidosim platformas funkcionalit\u0101ti, pamatojoties uz profesion\u0101lo asoci\u0101ciju ieteikumiem un vajadz\u012bb\u0101m.<\/span><\/p>\n<p><b>3. Darba pl\u016bsmas vienk\u0101r\u0161o\u0161ana:<\/b><b><br \/><\/b><span style=\"font-weight: 400;\">Organiz\u0101cijas var vienk\u0101r\u0161ot savas darba pl\u016bsmas, izmantojot m\u016bsu lap\u0101s eso\u0161o funkcionalit\u0101ti. Piem\u0113ram, dal\u012bbas p\u0101rvald\u012bba. <\/span><\/p>\n<p>[\/et_pb_toggle][et_pb_divider color=&#8221;#222222&#8243; divider_weight=&#8221;4&#8243; admin_label=&#8221;Divider&#8221; _builder_version=&#8221;4.16&#8243; height=&#8221;0px&#8221; hide_on_mobile=&#8221;off&#8221; global_colors_info=&#8221;{}&#8221;][\/et_pb_divider][et_pb_toggle title=&#8221;K\u0101 ir nodal\u012btas zonas?&#8221; admin_label=&#8221;Toggle&#8221; _builder_version=&#8221;4.27.4&#8243; body_font=&#8221;Open Sans||||&#8221; body_line_height=&#8221;1.6em&#8221; custom_padding=&#8221;30px|0px|2px|0px&#8221; hover_enabled=&#8221;0&#8243; use_border_color=&#8221;on&#8221; border_color=&#8221;#f7f7f7&#8243; border_style=&#8221;solid&#8221; global_colors_info=&#8221;{}&#8221; sticky_enabled=&#8221;0&#8243;]<\/p>\n<p><span style=\"font-weight: 400;\">Pieder\u012bba platformai Belong ir nemain\u012bgs princips. <\/span><b>Nodal\u012btu un neatkar\u012bgu jomu saglab\u0101\u0161ana<\/b><span style=\"font-weight: 400;\">. <\/span> <\/p>\n<ol>\n<li><b>  Nozaru specializ\u0101cija:<\/b><span style=\"font-weight: 400;\">  Gan klientiem, gan operatoriem ir svar\u012bga profesion\u0101l\u0101 orient\u0101cija, jo operatori mekl\u0113 klientus sav\u0101 jom\u0101, bet klienti zina, kuri operatori vi\u0146iem ir vajadz\u012bgi. Turkl\u0101t profesion\u0101l\u0101 orient\u0101cija sniedz skaidru p\u0101rskatu par to, kas notiek attiec\u012bgaj\u0101 jom\u0101. <\/span><\/li>\n<li><b>  Ietekmes pastiprin\u0101\u0161ana visos l\u012bme\u0146os:<\/b><\/li>\n<\/ol>\n<ul>\n<li style=\"font-weight: 400;\" aria-level=\"2\"><b>Profesion\u0101l\u0101s asoci\u0101cijas:<\/b><span style=\"font-weight: 400;\"> Var koncentr\u0113ties uz savas nozares m\u0113r\u0137iem un iniciat\u012bv\u0101m, nekonkur\u0113jot ar cit\u0101m t\u0113m\u0101m.<\/span><\/li>\n<li style=\"font-weight: 400;\" aria-level=\"2\"><b>Ra\u017eot\u0101ji:<\/b><span style=\"font-weight: 400;\"> Liel\u0101ka atpaz\u012bstam\u012bba vi\u0146u m\u0113r\u0137auditorijas vid\u016b sav\u0101 jom\u0101, nostiprinot vi\u0146u profesion\u0101lo poz\u012bciju.<\/span><\/li>\n<li style=\"font-weight: 400;\" aria-level=\"2\"><b>Klienti:<\/b><span style=\"font-weight: 400;\"> Klienti var\u0113s \u0113rti p\u0101rskat\u012bt savas iesp\u0113jas sa\u0146emt nepiecie\u0161amo pakalpojumu.<\/span><\/li>\n<\/ul>\n<ol start=\"3\">\n<li> <b> M\u0113r\u0137is ir sviras efekts, nevis v\u0113rt\u012bbas samazin\u0101\u0161ana:<\/b><span style=\"font-weight: 400;\"> M\u016bsu misija ir stiprin\u0101t katras nozares kl\u0101tb\u016btni un ietekmi, \u013caujot t\u0101m izcelties pa\u0161\u0101m par sevi un piln\u012bb\u0101 izmantot savu potenci\u0101lu.<\/span><\/li>\n<\/ol>\n<p><span style=\"font-weight: 400;\">Belong m\u0113r\u0137is nav k\u013c\u016bt par visp\u0101r\u0113ju platformu, kur\u0101 t\u0113mas ir jauktas, bet gan. <\/span><b>m\u0113r\u0137tiec\u012bgs r\u012bks<\/b><span style=\"font-weight: 400;\">kas rada v\u0113rt\u012bbu un ilgtermi\u0146a ieguvumus katrai no jom\u0101m, kuras m\u0113s atbalst\u0101m.<\/span><\/p>\n<p><span style=\"font-weight: 400;\">Dom\u0113ni ir atdal\u012bti ar dom\u0113na nosaukumu, piem\u0113ram:<\/span><\/p>\n<ul>\n<li style=\"font-weight: 400;\" aria-level=\"1\"><b>zvaigzn\u0101ji<\/b><span style=\"font-weight: 400;\">.belong-events.com<\/span><\/li>\n<li style=\"font-weight: 400;\" aria-level=\"1\"><b>terapija<\/b><span style=\"font-weight: 400;\">.belong-events.com<\/span><\/li>\n<li style=\"font-weight: 400;\" aria-level=\"1\"><b>kou\u010dings<\/b><span style=\"font-weight: 400;\">.belong-events.com<\/span><\/li>\n<li style=\"font-weight: 400;\" aria-level=\"1\"><span style=\"font-weight: 400;\">utt.<\/span><\/li>\n<\/ul>\n<p>[\/et_pb_toggle][et_pb_divider color=&#8221;#222222&#8243; divider_weight=&#8221;4&#8243; admin_label=&#8221;Divider&#8221; _builder_version=&#8221;4.16&#8243; height=&#8221;0px&#8221; hide_on_mobile=&#8221;off&#8221; global_colors_info=&#8221;{}&#8221;][\/et_pb_divider][et_pb_toggle title=&#8221;K\u0101 Belong var pal\u012bdz\u0113t palielin\u0101t redzam\u012bbu?&#8221; admin_label=&#8221;Toggle&#8221; _builder_version=&#8221;4.27.4&#8243; body_font=&#8221;Open Sans||||&#8221; body_line_height=&#8221;1.6em&#8221; body_ul_line_height=&#8221;1.5em&#8221; custom_padding=&#8221;30px|0px|2px|0px&#8221; hover_enabled=&#8221;0&#8243; use_border_color=&#8221;on&#8221; border_color=&#8221;#f7f7f7&#8243; border_style=&#8221;solid&#8221; global_colors_info=&#8221;{}&#8221; sticky_enabled=&#8221;0&#8243;]<\/p>\n<p><span style=\"font-weight: 400;\">Belong ir \u012bpa\u0161i izstr\u0101d\u0101ts, lai pal\u012bdz\u0113tu profesion\u0101\u013ciem, pas\u0101kumiem un pakalpojumiem izcelties un sasniegt pla\u0161\u0101ku auditoriju. M\u016bsu strat\u0113\u0123ija ir v\u0113rsta uz atpaz\u012bstam\u012bbas palielin\u0101\u0161anu, izmantojot \u0161\u0101dus galvenos faktorus: <\/span><\/p>\n<p><b>1. Redzam\u012bba mekl\u0113\u0161an\u0101<\/b><\/p>\n<p><span style=\"font-weight: 400;\">Platform\u0101 pievienotie profili, notikumi un pakalpojumi ir optimiz\u0113ti mekl\u0113t\u0101jprogramm\u0101m. Tas noz\u012bm\u0113, ka Google un citas mekl\u0113t\u0101jprogrammas j\u016bsu saturu atrad\u012bs \u0101tr\u0101k un ierindos augst\u0101k. <\/span><\/p>\n<p><span style=\"font-weight: 400;\">Izveidotais saturs (teksti, vizu\u0101lie materi\u0101li) ir piem\u0113rots mekl\u0113t\u0101jprogramm\u0101m.<\/span><\/p>\n<p><b>2. Nozaru specializ\u0101cija<\/b><\/p>\n<p><span style=\"font-weight: 400;\">Konkr\u0113t\u0101ka (t. i., konkr\u0113tajai nozarei specifiska) orient\u0101cija \u013cauj lab\u0101k sasniegt klientus sal\u012bdzin\u0101jum\u0101 ar visp\u0101r\u012bg\u0101m pas\u0101kumu platform\u0101m. Klienti \u012bpa\u0161i mekl\u0113 atsl\u0113gv\u0101rdus konkr\u0113t\u0101 jom\u0101. <\/span><\/p>\n<p><b>3. Profesion\u0101lisms<\/b><\/p>\n<p><span style=\"font-weight: 400;\">Veidojot platformu, m\u0113s galvenok\u0101rt koncentr\u0113j\u0101mies uz profesionalit\u0101ti, kas ir svar\u012bgi vis\u0101m iesaist\u012btaj\u0101m pus\u0113m. Tas pal\u012bdz rad\u012bt pla\u0161\u0101ku uzticam\u012bbu gan operatoru, gan klientu vid\u016b un t\u0101d\u0113j\u0101di ir pievilc\u012bg\u0101ks. <\/span><\/p>\n<p><b>4. Sadarb\u012bba rada siner\u0123iju<\/b><\/p>\n<p><span style=\"font-weight: 400;\">Katrs platform\u0101 public\u0113tais aktieris un notikums piev\u0113r\u0161 uzman\u012bbu un sniedz labumu visai nozarei un vienlaikus ar\u012b pa\u0161am aktierim un notikumam. Pieredze r\u0101da, ka kol\u0113\u0123i pamana j\u016bsu pas\u0101kumus un iesaka tos saviem klientiem vai da\u017ek\u0101rt pa\u0161i tajos piedal\u0101s. <\/span><\/p>\n<p><b>5. Saist\u012btie dati<\/b><\/p>\n<p><span style=\"font-weight: 400;\">T\u0101 k\u0101 Belong platforma cie\u0161i saista dal\u012bbniekus, notikumus, pakalpojumus un atra\u0161an\u0101s vietas, t\u0101 past\u0101v\u012bgi ved klientus pie jauniem &#8220;atradumiem&#8221; \u0161aj\u0101 jom\u0101.<\/span><\/p>\n<p><b>6. Laika un telpas skeneris<\/b><\/p>\n<p><span style=\"font-weight: 400;\">Unik\u0101li pieder\u0113t <\/span><i><span style=\"font-weight: 400;\">laika un telpas skeneris<\/span><\/i><span style=\"font-weight: 400;\">  pal\u012bdz lietot\u0101jiem atrast notikumus un pakalpojumus p\u0113c atra\u0161an\u0101s vietas un v\u0113lam\u0101 laika. \u0160\u012b funkcija ne tikai atvieglo mekl\u0113\u0161anu platform\u0101, bet ar\u012b palielina j\u016bsu pas\u0101kumu un pakalpojumu redzam\u012bbu re\u0123ion\u0101l\u0101 l\u012bmen\u012b. <\/span><\/p>\n<p><b>7. Soci\u0101l\u0101s koplieto\u0161anas iesp\u0113jas<\/b><\/p>\n<p><b>Viegla kop\u012bgo\u0161ana:<\/b><span style=\"font-weight: 400;\">  Visi notikumi un profili ir optimiz\u0113ti, lai tos var\u0113tu viegli kop\u012bgot soci\u0101lajos pla\u0161sazi\u0146as l\u012bdzek\u013cos un citos kan\u0101los, kas savuk\u0101rt palielina j\u016bsu sasniedzam\u012bbu. M\u0113s past\u0101v\u012bgi uzlabojam integr\u0101ciju ar soci\u0101lajiem pla\u0161sazi\u0146as l\u012bdzek\u013ciem, lai palielin\u0101tu redzam\u012bbu. <\/span><\/p>\n<p>[\/et_pb_toggle][et_pb_divider color=&#8221;#222222&#8243; divider_weight=&#8221;4&#8243; admin_label=&#8221;Divider&#8221; _builder_version=&#8221;4.16&#8243; height=&#8221;0px&#8221; hide_on_mobile=&#8221;off&#8221; global_colors_info=&#8221;{}&#8221;][\/et_pb_divider][\/et_pb_column][\/et_pb_row][et_pb_row column_structure=&#8221;1_4,3_4&#8243; padding_mobile=&#8221;on&#8221; column_padding_mobile=&#8221;on&#8221; custom_padding_last_edited=&#8221;on|tablet&#8221; admin_label=&#8221;Rinda&#8221; _builder_version=&#8221;4.16&#8243; background_size=&#8221;initial&#8221; background_position=&#8221;top_left&#8221; background_repeat=&#8221;repeat&#8221; custom_padding=&#8221;128px||0px|&#8221; custom_padding_tablet=&#8221;90px||0px|&#8221; custom_padding_phone=&#8221;&#8221; make_fullwidth=&#8221;off&#8221; use_custom_width=&#8221;off&#8221; width_unit=&#8221;on&#8221; global_colors_info=&#8221;{}&#8221;][et_pb_column type=&#8221;1_4&#8243; _builder_version=&#8221;4.16&#8243; custom_padding=&#8221;|||&#8221; global_colors_info=&#8221;{}&#8221; custom_padding__hover=&#8221;|||&#8221;][et_pb_divider color=&#8221;#222222&#8243; divider_weight=&#8221;8&#8243; admin_label=&#8221;Divider&#8221; _builder_version=&#8221;4.27.4&#8243; height=&#8221;0px&#8221; hide_on_mobile=&#8221;off&#8221; global_colors_info=&#8221;{}&#8221;][\/et_pb_divider][et_pb_text admin_label=&#8221;Text&#8221; _builder_version=&#8221;4.27.4&#8243; text_font=&#8221;Open Sans|on|||&#8221; text_text_color=&#8221;#222222&#8243; text_font_size=&#8221;36px&#8221; text_line_height=&#8221;1.2em&#8221; background_size=&#8221;initial&#8221; background_position=&#8221;top_left&#8221; background_repeat=&#8221;repeat&#8221; custom_margin=&#8221;-10px||0px|&#8221; custom_padding=&#8221;0px||0px|&#8221; text_font_size_tablet=&#8221;32px&#8221; text_font_size_phone=&#8221;&#8221; text_font_size_last_edited=&#8221;on|tablet&#8221; use_border_color=&#8221;off&#8221; border_color=&#8221;#ffffff&#8221; border_style=&#8221;solid&#8221; global_colors_info=&#8221;{}&#8221;]<\/p>\n<p>Konts<\/p>\n<p>[\/et_pb_text][\/et_pb_column][et_pb_column type=&#8221;3_4&#8243; _builder_version=&#8221;4.16&#8243; custom_padding=&#8221;|||&#8221; global_colors_info=&#8221;{}&#8221; custom_padding__hover=&#8221;|||&#8221;][et_pb_divider color=&#8221;#222222&#8243; divider_weight=&#8221;4&#8243; admin_label=&#8221;Divider&#8221; _builder_version=&#8221;4.16&#8243; height=&#8221;0px&#8221; hide_on_mobile=&#8221;off&#8221; global_colors_info=&#8221;{}&#8221;][\/et_pb_divider][et_pb_toggle title=&#8221;Kas ir bezmaksas un kas ir maksas pakalpojum\u0101 Belong?&#8221; admin_label=&#8221;Toggle&#8221; _builder_version=&#8221;4.27.4&#8243; title_level=&#8221;h3&#8243; title_font=&#8221;&#8211;et_global_heading_font|700|||||||&#8221; body_font=&#8221;Open Sans||||&#8221; body_line_height=&#8221;1.6em&#8221; hover_enabled=&#8221;0&#8243; use_border_color=&#8221;on&#8221; border_color=&#8221;#f7f7f7&#8243; border_style=&#8221;solid&#8221; global_colors_info=&#8221;{}&#8221; sticky_enabled=&#8221;0&#8243;]<\/p>\n<p><strong>Bezmaksas funkcijas:<\/strong><\/p>\n<p><b>1. Inform\u0101cijas p\u0101rl\u016bko\u0161ana un mekl\u0113\u0161ana platform\u0101:<\/b><\/p>\n<p><span style=\"font-weight: 400;\">Inform\u0101cijas p\u0101rl\u016bko\u0161ana un mekl\u0113\u0161ana par notikumiem, pakalpojumiem, profesion\u0101\u013ciem u. c. platform\u0101 ikvienam ir bez maksas.<\/span><\/p>\n<p><b>2. Izveidojiet lietot\u0101ja profilu:<\/b><\/p>\n<p><span style=\"font-weight: 400;\">Katrs lietot\u0101js var izveidot savu person\u012bgo vai profesion\u0101lo profilu, lai palielin\u0101tu redzam\u012bbu un iepaz\u012bstin\u0101tu ar sevi potenci\u0101los klientus vai partnerus.<\/span><\/p>\n<p><b>3. Pakalpojumu pievieno\u0161ana:<\/b><\/p>\n<p><span style=\"font-weight: 400;\">Katrs profesion\u0101lis var izveidot un public\u0113t savu pakalpojumu portfolio.<\/span><\/p>\n<p><b>Maksas funkcijas:<\/b><\/p>\n<p><b>Notikumu izveide un public\u0113\u0161ana:<\/b><\/p>\n<p><span style=\"font-weight: 400;\">Profesion\u0101\u013ci, kas v\u0113las platform\u0101 izcelt savus pas\u0101kumus un pakalpojumus, maks\u0101 m\u0113ne\u0161a vai gada maksu. Tas ietver papildu funkcijas, piem\u0113ram, SEO optimiz\u0101ciju un liel\u0101ku redzam\u012bbu. Profesion\u0101laj\u0101m apvien\u012bb\u0101m, public\u0113jot pas\u0101kumus, tiek piem\u0113roti atsevi\u0161\u0137i l\u012bgumi.  <\/span><\/p>\n<p><b>Kopsavilkums<\/b><\/p>\n<p><span style=\"font-weight: 400;\">Visas iepriek\u0161 min\u0113t\u0101s bezmaksas funkcijas ir bezmaksas beztermi\u0146a. Laika gait\u0101 tiks pievienotas gan bezmaksas, gan maksas funkcijas. Tom\u0113r m\u0113s galvenok\u0101rt koncentr\u0113jamies uz maksas funkciju pievieno\u0161anu.  <\/span><\/p>\n<p>[\/et_pb_toggle][et_pb_divider color=&#8221;#222222&#8243; divider_weight=&#8221;4&#8243; admin_label=&#8221;Divider&#8221; _builder_version=&#8221;4.16&#8243; height=&#8221;0px&#8221; hide_on_mobile=&#8221;off&#8221; global_colors_info=&#8221;{}&#8221;][\/et_pb_divider][et_pb_toggle title=&#8221;Vai es varu jebkur\u0101 laik\u0101 atteikties?&#8221; admin_label=&#8221;Toggle&#8221; _builder_version=&#8221;4.27.4&#8243; body_font=&#8221;Open Sans||||&#8221; body_line_height=&#8221;1.6em&#8221; custom_padding=&#8221;30px|0px|2px|0px&#8221; use_border_color=&#8221;on&#8221; border_color=&#8221;#f7f7f7&#8243; border_style=&#8221;solid&#8221; global_colors_info=&#8221;{}&#8221;]<\/p>\n<p>Katra lietot\u0101ja dati ir vi\u0146a pa\u0161a dati, un lietot\u0101jam ir ties\u012bbas jebkur\u0101 laik\u0101 atteikties no maksas pakalpojuma vai piln\u012bb\u0101 dz\u0113st savu kontu.<\/p>\n<p>[\/et_pb_toggle][et_pb_divider color=&#8221;#222222&#8243; divider_weight=&#8221;4&#8243; admin_label=&#8221;Divider&#8221; _builder_version=&#8221;4.16&#8243; height=&#8221;6px&#8221; hide_on_mobile=&#8221;off&#8221; global_colors_info=&#8221;{}&#8221;][\/et_pb_divider][\/et_pb_column][\/et_pb_row][et_pb_row admin_label=&#8221;Rinda&#8221; _builder_version=&#8221;4.16&#8243; background_size=&#8221;initial&#8221; background_position=&#8221;top_left&#8221; background_repeat=&#8221;repeat&#8221; global_colors_info=&#8221;{}&#8221;][et_pb_column type=&#8221;4_4&#8243; _builder_version=&#8221;4.16&#8243; custom_padding=&#8221;|||&#8221; global_colors_info=&#8221;{}&#8221; custom_padding__hover=&#8221;|||&#8221;][\/et_pb_column][\/et_pb_row][\/et_pb_section][et_pb_section fb_built=&#8221;1&#8243; module_id=&#8221;sazin\u0101ties ar&#8221; _builder_version=&#8221;4.27.0&#8243; _module_preset=&#8221;default&#8221; background_color=&#8221;#464444&#8243; custom_padding=&#8221;4px||2px|||&#8221; global_module=&#8221;740&#8243; saved_tabs=&#8221;all&#8221; global_colors_info=&#8221;{}&#8221;][et_pb_row column_structure=&#8221;1_3,1_3,1_3&#8243; _builder_version=&#8221;4.27.0&#8243; _module_preset=&#8221;default&#8221; global_colors_info=&#8221;{}&#8221;][et_pb_column type=&#8221;1_3&#8243; _builder_version=&#8221;4.27.0&#8243; _module_preset=&#8221;default&#8221; global_colors_info=&#8221;{}&#8221;][et_pb_image src=&#8221;https:\/\/belong.ee\/wp-content\/uploads\/2024\/08\/Belong-circle-no-text-100.png&#8221; title_text=&#8221;Belong-circle-no-text-100&#8243; align=&#8221;center&#8221; src_tablet=&#8221;&#8221; src_phone=&#8221;&#8221; src_last_edited=&#8221;on|desktop&#8221; _builder_version=&#8221;4.27.0&#8243; _module_preset=&#8221;default&#8221; custom_margin=&#8221;||||false|false&#8221; global_colors_info=&#8221;{}&#8221;][\/et_pb_image][\/et_pb_column][et_pb_column type=&#8221;1_3&#8243; _builder_version=&#8221;4.27.0&#8243; _module_preset=&#8221;default&#8221; global_colors_info=&#8221;{}&#8221;][et_pb_text _builder_version=&#8221;4.27.0&#8243; _module_preset=&#8221;default&#8221; header_3_line_height=&#8221;2em&#8221; custom_padding=&#8221;0px|20px|0px|20px|true|true&#8221; global_colors_info=&#8221;{}&#8221;]<\/p>\n<p><a href=\"mailto:info@belong-events.com\">info@belong-events.com<\/a><\/p>\n<p>T\u0101lrunis: +372 <span>56 933 900<\/span><\/p>\n<p>Belong O\u00dc, re\u0123. nr. 17031513<\/p>\n<p>[\/et_pb_text][\/et_pb_column][et_pb_column type=&#8221;1_3&#8243; _builder_version=&#8221;4.27.0&#8243; _module_preset=&#8221;default&#8221; global_colors_info=&#8221;{}&#8221;][et_pb_social_media_follow _builder_version=&#8221;4.27.0&#8243; _module_preset=&#8221;default&#8221; text_orientation=&#8221;center&#8221; custom_margin=&#8221;5%||||false|false&#8221; global_colors_info=&#8221;{}&#8221;][et_pb_social_media_follow_network social_network=&#8221;facebook&#8221; url=&#8221;https:\/\/www.facebook.com\/BelongPlatform&#8221; _builder_version=&#8221;4.27.0&#8243; _module_preset=&#8221;default&#8221; background_color=&#8221;#464444&#8243; background_enable_color=&#8221;on&#8221; global_colors_info=&#8221;{}&#8221; follow_button=&#8221;off&#8221; url_new_window=&#8221;on&#8221;]facebook[\/et_pb_social_media_follow_network][\/et_pb_social_media_follow][\/et_pb_column][\/et_pb_row][\/et_pb_section]<\/p>\n","protected":false},"excerpt":{"rendered":"<p>Bie\u017e\u0101k uzdotie jaut\u0101jumiVisp\u0101r\u012bgiBelong n\u0101kotnes v\u012bzija ir k\u013c\u016bt par platformu, kas atbalsta da\u017e\u0101das gar\u012bg\u0101s labkl\u0101j\u012bbas un pa\u0161att\u012bst\u012bbas jomas. Papildus m\u016bsu pa\u0161reiz\u0113jam m\u0113r\u0137im m\u0113s v\u0113lamies papla\u0161in\u0101t savus pakalpojumus un ieviest platform\u0101 jaunas jomas, piem\u0113ram, terapiju un kou\u010dingu. M\u016bsu m\u0113r\u0137is ir nodro\u0161in\u0101t profesion\u0101lu un uzticamu vidi, kur\u0101 j\u016bs varat atrast metodi un speci\u0101listu, kas vislab\u0101k atbilst j\u016bsu vajadz\u012bb\u0101m, [&hellip;]<\/p>\n","protected":false},"author":4,"featured_media":27743,"parent":0,"menu_order":0,"comment_status":"closed","ping_status":"closed","template":"","meta":{"_et_pb_use_builder":"on","_et_pb_old_content":"","_et_gb_content_width":"","footnotes":""},"class_list":["post-27741","page","type-page","status-publish","has-post-thumbnail","hentry"],"_links":{"self":[{"href":"https:\/\/belong.ee\/lv\/wp-json\/wp\/v2\/pages\/27741","targetHints":{"allow":["GET"]}}],"collection":[{"href":"https:\/\/belong.ee\/lv\/wp-json\/wp\/v2\/pages"}],"about":[{"href":"https:\/\/belong.ee\/lv\/wp-json\/wp\/v2\/types\/page"}],"author":[{"embeddable":true,"href":"https:\/\/belong.ee\/lv\/wp-json\/wp\/v2\/users\/4"}],"replies":[{"embeddable":true,"href":"https:\/\/belong.ee\/lv\/wp-json\/wp\/v2\/comments?post=27741"}],"version-history":[{"count":12,"href":"https:\/\/belong.ee\/lv\/wp-json\/wp\/v2\/pages\/27741\/revisions"}],"predecessor-version":[{"id":28490,"href":"https:\/\/belong.ee\/lv\/wp-json\/wp\/v2\/pages\/27741\/revisions\/28490"}],"wp:featuredmedia":[{"embeddable":true,"href":"https:\/\/belong.ee\/lv\/wp-json\/wp\/v2\/media\/27743"}],"wp:attachment":[{"href":"https:\/\/belong.ee\/lv\/wp-json\/wp\/v2\/media?parent=27741"}],"curies":[{"name":"wp","href":"https:\/\/api.w.org\/{rel}","templated":true}]}}