{"id":27753,"date":"2025-01-07T18:03:58","date_gmt":"2025-01-07T16:03:58","guid":{"rendered":"https:\/\/belong-events.com\/ar-ko-atskiras-belong\/"},"modified":"2025-12-16T10:18:46","modified_gmt":"2025-12-16T08:18:46","slug":"ar-ko-atskiras-belong","status":"publish","type":"page","link":"https:\/\/belong.ee\/lv\/ar-ko-atskiras-belong\/","title":{"rendered":"Ar ko at\u0161\u0137iras Belong?"},"content":{"rendered":"<p>[et_pb_section fb_built=&#8221;1&#8243; admin_label=&#8221;Header&#8221; _builder_version=&#8221;4.16&#8243; _module_preset=&#8221;default&#8221; locked=&#8221;off&#8221; global_colors_info=&#8221;{}&#8221;][et_pb_row _builder_version=&#8221;4.27.4&#8243; _module_preset=&#8221;default&#8221; global_colors_info=&#8221;{}&#8221;][et_pb_column type=&#8221;4_4&#8243; _builder_version=&#8221;4.16&#8243; _module_preset=&#8221;default&#8221; global_colors_info=&#8221;{}&#8221;][et_pb_text _builder_version=&#8221;4.27.2&#8243; _module_preset=&#8221;b5629d61-8761-48a4-843a-08bad35c28b0&#8243; header_3_font=&#8221;&#8211;et_global_heading_font||||||||&#8221; header_3_line_height=&#8221;2em&#8221; custom_padding=&#8221;0px|20px|0px|20px|true|true&#8221; locked=&#8221;off&#8221; global_colors_info=&#8221;{}&#8221;]<\/p>\n<h1 style=\"text-align: center;\">Ar ko at\u0161\u0137iras Belong?<\/h1>\n<p>[\/et_pb_text][et_pb_text _builder_version=&#8221;4.27.4&#8243; _module_preset=&#8221;a71a5122-3537-4d1b-aa15-649fe0057a23&#8243; header_3_font=&#8221;&#8211;et_global_heading_font||||||||&#8221; header_3_line_height=&#8221;2em&#8221; global_module=&#8221;1541&#8243; saved_tabs=&#8221;all&#8221; locked=&#8221;off&#8221; global_colors_info=&#8221;{}&#8221;]<\/p>\n<p><span style=\"font-weight: 400;\">Belongi platvorm erineb teistest s\u00fcndmuseid n\u00e4itavatest platvormidest mitmes olulises aspektis nagu\u00a0<\/span><\/p>\n<ul>\n<li style=\"font-weight: 400;\" aria-level=\"1\"><span style=\"font-weight: 400;\">valdkondlik spetsialiseerumine\u00a0<\/span><\/li>\n<li style=\"font-weight: 400;\" aria-level=\"1\"><span style=\"font-weight: 400;\">innovaatiline \u201caeg-ruumi\u201d l\u00e4henemine<\/span><\/li>\n<li style=\"font-weight: 400;\" aria-level=\"1\"><span style=\"font-weight: 400;\">integreeritud \u00f6kos\u00fcsteem<\/span><\/li>\n<li style=\"font-weight: 400;\" aria-level=\"1\"><span style=\"font-weight: 400;\">kogukonna loomine ja professionaalide toetamine<\/span><\/li>\n<li style=\"font-weight: 400;\" aria-level=\"1\"><span style=\"font-weight: 400;\">elu terviklikkust toetav missioon ja v\u00e4\u00e4rtused<\/span><\/li>\n<li style=\"font-weight: 400;\" aria-level=\"1\"><span style=\"font-weight: 400;\">kohalik ja globaalne tasakaal<\/span><\/li>\n<\/ul>\n<p><span style=\"font-weight: 400;\">K\u00f5ik need omadused teevad Belongi platvormist s\u00fcgavalt fokusseeritud t\u00f6\u00f6riista vaimse heaolu valdkonnas.\u00a0<\/span><\/p>\n<p>Teised s\u00fcndmusteplatvormid v\u00f5tavad \u00fcldisema l\u00e4henemise, \u00fchendades mitmesugused valdkonnad \u00fchtsesse vaatesse, kus need sageli segunevad, mist\u00f5ttu on keeruline keskenduda konkreetsele teemale v\u00f5i valdkonnale.<\/p>\n<p>[\/et_pb_text][et_pb_text _builder_version=&#8221;4.27.4&#8243; _module_preset=&#8221;a71a5122-3537-4d1b-aa15-649fe0057a23&#8243; locked=&#8221;off&#8221; global_colors_info=&#8221;{}&#8221;]<\/p>\n<h3>1. Nozaru specializ\u0101cija<\/h3>\n<ul>\n<li style=\"font-weight: 400;\" aria-level=\"1\"><b>Belong Notikumi:<\/b><span style=\"font-weight: 400;\">  Koncentr\u0113jas uz da\u017e\u0101d\u0101m gar\u012bg\u0101s labkl\u0101j\u012bbas un pa\u0161att\u012bst\u012bbas jom\u0101m, sniedzot padzi\u013cin\u0101tu un m\u0113r\u0137tiec\u012bgu p\u0101rskatu. Platforma ir ide\u0101li piem\u0113rota pa\u0161att\u012bst\u012bbas un gar\u012bg\u0101s vesel\u012bbas pas\u0101kumu organizatoriem un dal\u012bbniekiem. <\/span><\/li>\n<li style=\"font-weight: 400;\" aria-level=\"1\"><b>Citas pas\u0101kumu platformas <\/b>(piem\u0113ram, <a href=\"https:\/\/www.eventbrite.com\/\" target=\"_blank\" rel=\"noopener\">Eventbrite<\/a>, <a href=\"https:\/\/www.meetup.com\/\" target=\"_blank\" rel=\"noopener\">Meetup<\/a>)<b>:<\/b><span style=\"font-weight: 400;\">  Platformas ar visp\u0101r\u0113ju ievirzi, kas aptver pla\u0161u kategoriju kl\u0101stu, piem\u0113ram, biznesa notikumus, tehnolo\u0123ijas, m\u016bziku un izklaidi. Ni\u0161as jom\u0101s bie\u017ei vien tr\u016bkst dzi\u013cuma un specializ\u0101cijas. <\/span><\/li>\n<\/ul>\n<p>[\/et_pb_text][\/et_pb_column][\/et_pb_row][et_pb_row _builder_version=&#8221;4.27.4&#8243; _module_preset=&#8221;default&#8221; global_colors_info=&#8221;{}&#8221;][et_pb_column type=&#8221;4_4&#8243; _builder_version=&#8221;4.27.4&#8243; _module_preset=&#8221;default&#8221; global_colors_info=&#8221;{}&#8221;][et_pb_text _builder_version=&#8221;4.27.4&#8243; _module_preset=&#8221;f117a852-9ed3-4e7e-bbbb-0293ae077f1c&#8221; text_font=&#8221;&#8211;et_global_body_font|500|||||||&#8221; text_line_height=&#8221;1.9em&#8221; header_2_font_size=&#8221;26px&#8221; locked=&#8221;off&#8221; global_colors_info=&#8221;{%22gcid-primary-color%22:%91%22header_2_text_color%22%93}&#8221;]<\/p>\n<h3 style=\"text-align: center;\">M\u0113s esam atbalsta platforma vis\u0101m nozar\u0113m<\/h3>\n<p>[\/et_pb_text][\/et_pb_column][\/et_pb_row][et_pb_row column_structure=&#8221;1_4,1_4,1_4,1_4&#8243; use_custom_gutter=&#8221;on&#8221; gutter_width=&#8221;2&#8243; _builder_version=&#8221;4.27.4&#8243; _module_preset=&#8221;default&#8221; module_alignment=&#8221;center&#8221; global_module=&#8221;1525&#8243; global_colors_info=&#8221;{}&#8221;][et_pb_column type=&#8221;1_4&#8243; _builder_version=&#8221;4.27.4&#8243; _module_preset=&#8221;default&#8221; global_colors_info=&#8221;{}&#8221;][et_pb_image src=&#8221;https:\/\/belong.ee\/wp-content\/uploads\/2024\/08\/konstellatsiooni-valdkond-avatud.jpg&#8221; title_text=&#8221;atkl\u0101t\u0101 lauka zvaigzn\u0101js&#8221; align=&#8221;center&#8221; _builder_version=&#8221;4.27.4&#8243; _module_preset=&#8221;default&#8221; global_colors_info=&#8221;{}&#8221;][\/et_pb_image][et_pb_text _builder_version=&#8221;4.27.0&#8243; _module_preset=&#8221;default&#8221; header_3_font=&#8221;&#8211;et_global_heading_font|700|||||||&#8221; header_3_text_align=&#8221;center&#8221; global_colors_info=&#8221;{}&#8221;]<\/p>\n<h3>Konstel\u0101cija<\/h3>\n<p>[\/et_pb_text][\/et_pb_column][et_pb_column type=&#8221;1_4&#8243; _builder_version=&#8221;4.16&#8243; _module_preset=&#8221;default&#8221; global_colors_info=&#8221;{}&#8221;][et_pb_image src=&#8221;https:\/\/belong.ee\/wp-content\/uploads\/2024\/08\/psuhholoogia-valdkond.jpg&#8221; title_text=&#8221;psiholo\u0123ijas joma&#8221; align=&#8221;center&#8221; _builder_version=&#8221;4.27.4&#8243; _module_preset=&#8221;default&#8221; global_colors_info=&#8221;{}&#8221;][\/et_pb_image][et_pb_text _builder_version=&#8221;4.27.4&#8243; _module_preset=&#8221;default&#8221; header_3_font=&#8221;&#8211;et_global_heading_font|700|||||||&#8221; header_3_text_align=&#8221;center&#8221; global_colors_info=&#8221;{}&#8221;]<\/p>\n<h3>Terapija<\/h3>\n<p>[\/et_pb_text][\/et_pb_column][et_pb_column type=&#8221;1_4&#8243; _builder_version=&#8221;4.16&#8243; _module_preset=&#8221;default&#8221; global_colors_info=&#8221;{}&#8221;][et_pb_image src=&#8221;https:\/\/belong.ee\/wp-content\/uploads\/2024\/08\/teraapia-valdkond-tulekul.jpg&#8221; title_text=&#8221;gaid\u0101m\u0101 terapijas joma&#8221; align=&#8221;center&#8221; _builder_version=&#8221;4.27.4&#8243; _module_preset=&#8221;default&#8221; global_colors_info=&#8221;{}&#8221;][\/et_pb_image][et_pb_text _builder_version=&#8221;4.27.4&#8243; _module_preset=&#8221;default&#8221; header_3_font=&#8221;&#8211;et_global_heading_font|700|||||||&#8221; header_3_text_align=&#8221;center&#8221; global_colors_info=&#8221;{}&#8221;]<\/p>\n<h3>Psiholo\u0123ija<\/h3>\n<p>[\/et_pb_text][\/et_pb_column][et_pb_column type=&#8221;1_4&#8243; _builder_version=&#8221;4.16&#8243; _module_preset=&#8221;default&#8221; global_colors_info=&#8221;{}&#8221;][et_pb_image src=&#8221;https:\/\/belong.ee\/wp-content\/uploads\/2024\/08\/coaching-valdkond-tulekul.jpg&#8221; title_text=&#8221;dr\u012bzum\u0101 gaid\u0101ma kou\u010dinga zona&#8221; align=&#8221;center&#8221; _builder_version=&#8221;4.27.4&#8243; _module_preset=&#8221;default&#8221; global_colors_info=&#8221;{}&#8221;][\/et_pb_image][et_pb_text _builder_version=&#8221;4.27.0&#8243; _module_preset=&#8221;default&#8221; header_3_font=&#8221;&#8211;et_global_heading_font|700|||||||&#8221; header_3_text_align=&#8221;center&#8221; global_colors_info=&#8221;{}&#8221;]<\/p>\n<h3>Kou\u010dings<\/h3>\n<p>[\/et_pb_text][\/et_pb_column][\/et_pb_row][et_pb_row _builder_version=&#8221;4.27.0&#8243; _module_preset=&#8221;default&#8221; global_colors_info=&#8221;{}&#8221;][et_pb_column type=&#8221;4_4&#8243; _builder_version=&#8221;4.16&#8243; _module_preset=&#8221;default&#8221; global_colors_info=&#8221;{}&#8221;][et_pb_text _builder_version=&#8221;4.27.4&#8243; _module_preset=&#8221;a71a5122-3537-4d1b-aa15-649fe0057a23&#8243; locked=&#8221;off&#8221; global_colors_info=&#8221;{}&#8221;]<\/p>\n<p><span style=\"color: #333333; font-family: var(--et_global_heading_font),serif; font-size: 22px; font-weight: 600;\">2. Inovat\u012bva &#8220;laika un telpas&#8221; funkcija<\/span><\/p>\n<ul>\n<li style=\"font-weight: 400;\" aria-level=\"1\"><b>Belong Notikumi:<\/b><span style=\"font-weight: 400;\">  Platformai ir unik\u0101ls &#8220;laika un telpas p\u0101rl\u016bks&#8221;, kas \u013cauj lietot\u0101jam vienlaic\u012bgi iestat\u012bt laika periodu un \u0123eogr\u0101fisko apgabalu. \u0160is intuit\u012bvais r\u012bks padara mekl\u0113\u0161anu vizu\u0101lu un viegli lietojamu, nodro\u0161inot prec\u012bzu p\u0101rskatu par notikumiem, kas atbilst lietot\u0101ja vajadz\u012bb\u0101m. <\/span><\/li>\n<li style=\"font-weight: 400;\" aria-level=\"1\"><b>Citas platformas:<\/b><span style=\"font-weight: 400;\"> Lai gan ir pieejami datuma un atra\u0161an\u0101s vietas filtri, nav t\u0101da grafiska un intuit\u012bva mekl\u0113\u0161anas risin\u0101juma k\u0101 Belong Events.<\/span><\/li>\n<\/ul>\n<h3>3. Integr\u0113ta ekosist\u0113ma<\/h3>\n<ul>\n<li style=\"font-weight: 400;\" aria-level=\"1\"><b>Belong Notikumi:<\/b><span style=\"font-weight: 400;\">  Platforma veido saiknes starp notikumiem, pakalpojumiem, dal\u012bbniekiem un viet\u0101m. Piem\u0113ram, pas\u0101kuma lap\u0101 var tie\u0161i apskat\u012bt organizatora profilu, citus pas\u0101kumus un pied\u0101v\u0101tos pakalpojumus. \u0160\u0101da pieeja vienk\u0101r\u0161o lietot\u0101ja pieredzi un rada holistisku priek\u0161statu par teritoriju.  <\/span><\/li>\n<li style=\"font-weight: 400;\" aria-level=\"1\"><b>Citas platformas:<\/b><span style=\"font-weight: 400;\"> T\u0101s koncentr\u0113jas uz notikumu atspogu\u013co\u0161anu, bet bie\u017ei vien sistem\u0101tiski nesaista da\u017e\u0101dus datus, piem\u0113ram, organizatoru priek\u0161v\u0113sturi vai inform\u0101ciju, kas saist\u012bta ar citiem pied\u0101v\u0101jumiem.<\/span><\/li>\n<\/ul>\n<h3>4. Veidot kopienu un atbalst\u012bt profesion\u0101\u013cus<\/h3>\n<ul>\n<li style=\"font-weight: 400;\" aria-level=\"1\"><b>Belong Notikumi:<\/b><span style=\"font-weight: 400;\">  M\u0113s akt\u012bvi sadarbojamies ar nozares profesion\u0101laj\u0101m asoci\u0101cij\u0101m, lai atbalst\u012btu profesion\u0101\u013cus, nodro\u0161inot r\u012bkus, kas \u013cauj papla\u0161in\u0101t vi\u0146u prakses atpaz\u012bstam\u012bbu un sasniedzam\u012bbu. Platforma pal\u012bdz atrast klientus, partnerus un apm\u0101c\u012bbas iesp\u0113jas.   <\/span><\/li>\n<li style=\"font-weight: 400;\" aria-level=\"1\"><b>Citas platformas:<\/b><span style=\"font-weight: 400;\"> Lai gan t\u0101das platformas k\u0101 Meetup veicina kopienas veido\u0161anu, taj\u0101s tr\u016bkst koncentr\u0113\u0161an\u0101s uz atbalstu profesion\u0101\u013ciem un nozares specifisko vajadz\u012bbu risin\u0101\u0161anu.<\/span><span><\/span><\/li>\n<\/ul>\n<p>[\/et_pb_text][\/et_pb_column][\/et_pb_row][et_pb_row column_structure=&#8221;1_2,1_2&#8243; _builder_version=&#8221;4.27.4&#8243; _module_preset=&#8221;default&#8221; background_color=&#8221;#d7eec5&#8243; custom_margin=&#8221;||||false|false&#8221; custom_padding=&#8221;|15px||15px|false|true&#8221; border_radii=&#8221;off|||10px|10px&#8221; global_colors_info=&#8221;{}&#8221;][et_pb_column type=&#8221;1_2&#8243; _builder_version=&#8221;4.27.4&#8243; _module_preset=&#8221;default&#8221; background_color=&#8221;RGBA(255,255,255,0)&#8221; custom_padding=&#8221;20px|20px|20px|20px|true|true&#8221; border_radii=&#8221;on|10px|10px|10px|10px&#8221; border_width_all=&#8221;1px&#8221; border_color_all=&#8221;gcid-secondary-color&#8221; global_colors_info=&#8221;{%22gcid-secondary-color%22:%91%22background_color%22,%22border_color_all%22%93}&#8221;][et_pb_text _builder_version=&#8221;4.27.4&#8243; _module_preset=&#8221;a71a5122-3537-4d1b-aa15-649fe0057a23&#8243; text_line_height=&#8221;1.9em&#8221; text_orientation=&#8221;center&#8221; locked=&#8221;off&#8221; global_colors_info=&#8221;{}&#8221;]<\/p>\n<p>M\u0113s cie\u0161i sadarbojamies ar nozaru profesion\u0101laj\u0101m asoci\u0101cij\u0101m. Konstel\u0101ciju jom\u0101 m\u016bsu partneri ir \u0161\u0101di. <\/p>\n<p><strong>Igaunijas Profesion\u0101lo konstelatoru asoci\u0101cija (EPKA)<\/strong><\/p>\n<p>[\/et_pb_text][\/et_pb_column][et_pb_column type=&#8221;1_2&#8243; _builder_version=&#8221;4.27.4&#8243; _module_preset=&#8221;default&#8221; background_color=&#8221;RGBA(255,255,255,0)&#8221; custom_padding=&#8221;20px|20px|20px|20px|true|true&#8221; border_radii=&#8221;on|10px|10px|10px|10px&#8221; border_width_all=&#8221;1px&#8221; border_color_all=&#8221;gcid-secondary-color&#8221; global_colors_info=&#8221;{%22gcid-secondary-color%22:%91%22border_color_all%22%93}&#8221;][et_pb_image src=&#8221;https:\/\/belong.ee\/wp-content\/uploads\/2023\/08\/epka-logo.png&#8221; alt=&#8221;EPKA logotips&#8221; title_text=&#8221;EPKA logotips&#8221; url=&#8221;https:\/\/epkaest.com\/&#8221; url_new_window=&#8221;on&#8221; _builder_version=&#8221;4.27.0&#8243; _module_preset=&#8221;default&#8221; background_color=&#8221;#FFFFFF&#8221; global_colors_info=&#8221;{}&#8221;][\/et_pb_image][\/et_pb_column][\/et_pb_row][et_pb_row _builder_version=&#8221;4.27.4&#8243; _module_preset=&#8221;default&#8221; global_colors_info=&#8221;{}&#8221;][et_pb_column type=&#8221;4_4&#8243; _builder_version=&#8221;4.27.4&#8243; _module_preset=&#8221;default&#8221; global_colors_info=&#8221;{}&#8221;][et_pb_text _builder_version=&#8221;4.27.4&#8243; _module_preset=&#8221;a71a5122-3537-4d1b-aa15-649fe0057a23&#8243; locked=&#8221;off&#8221; global_colors_info=&#8221;{}&#8221;]<\/p>\n<h3>5. Misija un v\u0113rt\u012bbas, kas atbalsta dz\u012bves integrit\u0101ti.<\/h3>\n<ul>\n<li style=\"font-weight: 400;\" aria-level=\"1\"><b>Belong Notikumi:<\/b><span style=\"font-weight: 400;\">  Platforma ir izstr\u0101d\u0101ta, lai atbalst\u012btu dz\u012bves integrit\u0101ti un veicin\u0101tu gar\u012bg\u0101s labkl\u0101j\u012bbas kopienu. M\u0113r\u0137is ir risin\u0101t konkr\u0113tas nozares probl\u0113mas, piem\u0113ram, atpaz\u012bstam\u012bbas un sadarb\u012bbas tr\u016bkumu. <\/span><\/li>\n<li style=\"font-weight: 400;\" aria-level=\"1\"><b>Citas platformas:<\/b><span style=\"font-weight: 400;\"> Platformas: parasti koncentr\u0113jas uz pas\u0101kumu organiz\u0113\u0161anas atvieglo\u0161anu un kalpo pla\u0161am lietot\u0101ju lokam, bez skaidri defin\u0113tas nozares misijas.<\/span><\/li>\n<\/ul>\n<h3>6. Viet\u0113jais un glob\u0101lais l\u012bdzsvars<\/h3>\n<ul>\n<li style=\"font-weight: 400;\" aria-level=\"1\"><b>Belong Notikumi:<\/b><span style=\"font-weight: 400;\">  Atbalsta gan viet\u0113jos pas\u0101kumus, gan glob\u0101li saist\u012btas kopienas. Re\u0123ion\u0101lais un tematiskais dzi\u013cums \u013cauj lab\u0101k piel\u0101goties katra re\u0123iona un nozares specifikai. <\/span><\/li>\n<li style=\"font-weight: 400;\" aria-level=\"1\"><b>Citas platformas:<\/b><span> T\u0101s pied\u0101v\u0101 pla\u0161u glob\u0101lo pieejam\u012bbu, bet bie\u017ei vien virspus\u0113ji risina viet\u0113j\u0101s un specifisk\u0101s vajadz\u012bbas.<\/span><\/li>\n<\/ul>\n<p>[\/et_pb_text][\/et_pb_column][\/et_pb_row][et_pb_row module_id=&#8221;pohialused&#8221; _builder_version=&#8221;4.27.2&#8243; _module_preset=&#8221;default&#8221; global_colors_info=&#8221;{}&#8221;][et_pb_column type=&#8221;4_4&#8243; _builder_version=&#8221;4.27.2&#8243; _module_preset=&#8221;default&#8221; global_colors_info=&#8221;{}&#8221;][dsm_button button_one_text=&#8221;Atv\u0113rt Belong platformu&#8221; button_one_url=&#8221;https:\/\/constellations.belong-events.com\/et&#8221; button_one_url_new_window=&#8221;on&#8221; button_alignment=&#8221;center&#8221; _builder_version=&#8221;4.27.4&#8243; _module_preset=&#8221;default&#8221; custom_button_one=&#8221;on&#8221; button_one_text_size=&#8221;16px&#8221; button_one_border_width=&#8221;1px&#8221; button_one_letter_spacing=&#8221;0px&#8221; button_one_font=&#8221;&#8211;et_global_body_font||||||||&#8221; button_one_custom_margin=&#8221;||||false|false&#8221; button_one_custom_padding=&#8221;10px|28px|10px|28px|true|true&#8221; global_colors_info=&#8221;{}&#8221;][\/dsm_button][\/et_pb_column][\/et_pb_row][\/et_pb_section][et_pb_section fb_built=&#8221;1&#8243; module_id=&#8221;sazin\u0101ties ar&#8221; _builder_version=&#8221;4.27.0&#8243; _module_preset=&#8221;default&#8221; background_color=&#8221;#464444&#8243; custom_padding=&#8221;4px||2px|||&#8221; global_module=&#8221;740&#8243; saved_tabs=&#8221;all&#8221; global_colors_info=&#8221;{}&#8221;][et_pb_row column_structure=&#8221;1_3,1_3,1_3&#8243; _builder_version=&#8221;4.27.0&#8243; _module_preset=&#8221;default&#8221; global_colors_info=&#8221;{}&#8221;][et_pb_column type=&#8221;1_3&#8243; _builder_version=&#8221;4.27.0&#8243; _module_preset=&#8221;default&#8221; global_colors_info=&#8221;{}&#8221;][et_pb_image src=&#8221;https:\/\/belong.ee\/wp-content\/uploads\/2024\/08\/Belong-circle-no-text-100.png&#8221; title_text=&#8221;Belong-circle-no-text-100&#8243; align=&#8221;center&#8221; src_tablet=&#8221;&#8221; src_phone=&#8221;&#8221; src_last_edited=&#8221;on|desktop&#8221; _builder_version=&#8221;4.27.0&#8243; _module_preset=&#8221;default&#8221; custom_margin=&#8221;||||false|false&#8221; global_colors_info=&#8221;{}&#8221;][\/et_pb_image][\/et_pb_column][et_pb_column type=&#8221;1_3&#8243; _builder_version=&#8221;4.27.0&#8243; _module_preset=&#8221;default&#8221; global_colors_info=&#8221;{}&#8221;][et_pb_text _builder_version=&#8221;4.27.0&#8243; _module_preset=&#8221;default&#8221; header_3_line_height=&#8221;2em&#8221; custom_padding=&#8221;0px|20px|0px|20px|true|true&#8221; global_colors_info=&#8221;{}&#8221;]<\/p>\n<p><a href=\"mailto:info@belong-events.com\">info@belong-events.com<\/a><\/p>\n<p>T\u0101lrunis: +372 <span>56 933 900<\/span><\/p>\n<p>Belong O\u00dc, re\u0123. nr. 17031513<\/p>\n<p>[\/et_pb_text][\/et_pb_column][et_pb_column type=&#8221;1_3&#8243; _builder_version=&#8221;4.27.0&#8243; _module_preset=&#8221;default&#8221; global_colors_info=&#8221;{}&#8221;][et_pb_social_media_follow _builder_version=&#8221;4.27.0&#8243; _module_preset=&#8221;default&#8221; text_orientation=&#8221;center&#8221; custom_margin=&#8221;5%||||false|false&#8221; global_colors_info=&#8221;{}&#8221;][et_pb_social_media_follow_network social_network=&#8221;facebook&#8221; url=&#8221;https:\/\/www.facebook.com\/BelongPlatform&#8221; _builder_version=&#8221;4.27.0&#8243; _module_preset=&#8221;default&#8221; background_color=&#8221;#464444&#8243; background_enable_color=&#8221;on&#8221; global_colors_info=&#8221;{}&#8221; follow_button=&#8221;off&#8221; url_new_window=&#8221;on&#8221;]facebook[\/et_pb_social_media_follow_network][\/et_pb_social_media_follow][\/et_pb_column][\/et_pb_row][\/et_pb_section]<\/p>\n","protected":false},"excerpt":{"rendered":"<p>Ar ko at\u0161\u0137iras Belong?Belongi platvorm erineb teistest s\u00fcndmuseid n\u00e4itavatest platvormidest mitmes olulises aspektis nagu\u00a0 valdkondlik spetsialiseerumine\u00a0 innovaatiline \u201caeg-ruumi\u201d l\u00e4henemine integreeritud \u00f6kos\u00fcsteem kogukonna loomine ja professionaalide toetamine elu terviklikkust toetav missioon ja v\u00e4\u00e4rtused kohalik ja globaalne tasakaal K\u00f5ik need omadused teevad Belongi platvormist s\u00fcgavalt fokusseeritud t\u00f6\u00f6riista vaimse heaolu valdkonnas.\u00a0 Teised s\u00fcndmusteplatvormid v\u00f5tavad \u00fcldisema l\u00e4henemise, \u00fchendades mitmesugused [&hellip;]<\/p>\n","protected":false},"author":4,"featured_media":27569,"parent":0,"menu_order":0,"comment_status":"closed","ping_status":"closed","template":"","meta":{"_et_pb_use_builder":"on","_et_pb_old_content":"","_et_gb_content_width":"","footnotes":""},"class_list":["post-27753","page","type-page","status-publish","has-post-thumbnail","hentry"],"_links":{"self":[{"href":"https:\/\/belong.ee\/lv\/wp-json\/wp\/v2\/pages\/27753","targetHints":{"allow":["GET"]}}],"collection":[{"href":"https:\/\/belong.ee\/lv\/wp-json\/wp\/v2\/pages"}],"about":[{"href":"https:\/\/belong.ee\/lv\/wp-json\/wp\/v2\/types\/page"}],"author":[{"embeddable":true,"href":"https:\/\/belong.ee\/lv\/wp-json\/wp\/v2\/users\/4"}],"replies":[{"embeddable":true,"href":"https:\/\/belong.ee\/lv\/wp-json\/wp\/v2\/comments?post=27753"}],"version-history":[{"count":3,"href":"https:\/\/belong.ee\/lv\/wp-json\/wp\/v2\/pages\/27753\/revisions"}],"predecessor-version":[{"id":28507,"href":"https:\/\/belong.ee\/lv\/wp-json\/wp\/v2\/pages\/27753\/revisions\/28507"}],"wp:featuredmedia":[{"embeddable":true,"href":"https:\/\/belong.ee\/lv\/wp-json\/wp\/v2\/media\/27569"}],"wp:attachment":[{"href":"https:\/\/belong.ee\/lv\/wp-json\/wp\/v2\/media?parent=27753"}],"curies":[{"name":"wp","href":"https:\/\/api.w.org\/{rel}","templated":true}]}}